{"id":994,"date":"2022-11-22T10:52:41","date_gmt":"2022-11-22T09:52:41","guid":{"rendered":"https:\/\/revela-t.cat\/2025\/?page_id=994"},"modified":"2024-01-03T09:40:46","modified_gmt":"2024-01-03T08:40:46","slug":"2014-fra","status":"publish","type":"page","link":"https:\/\/revela-t.cat\/2025\/2014-fra\/","title":{"rendered":"FRA &#8211; 2014"},"content":{"rendered":"<p>[et_pb_section fb_built=&#8221;1&#8243; module_class=&#8221;body-content&#8221; _builder_version=&#8221;4.19.5&#8243; _module_preset=&#8221;default&#8221; width=&#8221;1500px&#8221; max_width=&#8221;100%&#8221; module_alignment=&#8221;center&#8221; custom_margin=&#8221;||0px||false|false&#8221; custom_padding=&#8221;48px||34px||false|false&#8221; locked=&#8221;off&#8221; global_colors_info=&#8221;{}&#8221;][et_pb_row _builder_version=&#8221;4.19.5&#8243; _module_preset=&#8221;default&#8221; width=&#8221;100%&#8221; max_width=&#8221;2560px&#8221; custom_margin=&#8221;0px|0px|0px|0px|false|false&#8221; custom_padding=&#8221;0px|0px|0px|0px|false|false&#8221; global_colors_info=&#8221;{}&#8221;][et_pb_column type=&#8221;4_4&#8243; _builder_version=&#8221;4.19.4&#8243; _module_preset=&#8221;default&#8221; global_colors_info=&#8221;{}&#8221;][et_pb_text module_class=&#8221;title&#8221; _builder_version=&#8221;4.20.2&#8243; _module_preset=&#8221;default&#8221; text_text_color=&#8221;#000000&#8243; custom_margin=&#8221;||||false|false&#8221; custom_padding=&#8221;||10px||false|false&#8221; custom_css_main_element=&#8221;@media (max-width: 2000px) {||.body-content {||  width: calc(100vw &#8211; 80px);||  margin: 0 40px 0 40px;||}||}&#8221; border_width_bottom=&#8221;1px&#8221; border_color_bottom=&#8221;#000000&#8243; global_colors_info=&#8221;{}&#8221;]<\/p>\n<h1><span style=\"color: #000000;\"><strong>Revela&#8217;t 2014: La deuxi\u00e8me \u00e9dition<\/strong><\/span><\/h1>\n<p>[\/et_pb_text][\/et_pb_column][\/et_pb_row][\/et_pb_section][et_pb_section fb_built=&#8221;1&#8243; module_class=&#8221;body-content&#8221; _builder_version=&#8221;4.19.5&#8243; _module_preset=&#8221;default&#8221; width=&#8221;1500px&#8221; max_width=&#8221;100%&#8221; module_alignment=&#8221;center&#8221; custom_margin=&#8221;0px|0px|0px||false|false&#8221; custom_padding=&#8221;0px|0px|180px|0px|false|false&#8221; locked=&#8221;off&#8221; global_colors_info=&#8221;{}&#8221;][et_pb_row use_custom_gutter=&#8221;on&#8221; gutter_width=&#8221;1&#8243; _builder_version=&#8221;4.19.5&#8243; _module_preset=&#8221;default&#8221; width=&#8221;900px&#8221; max_width=&#8221;100%&#8221; module_alignment=&#8221;left&#8221; custom_margin=&#8221;0px||0px|0px|false|false&#8221; custom_padding=&#8221;0px||45px|0px|false|false&#8221; locked=&#8221;off&#8221; global_colors_info=&#8221;{}&#8221;][et_pb_column type=&#8221;4_4&#8243; _builder_version=&#8221;4.19.4&#8243; _module_preset=&#8221;default&#8221; global_colors_info=&#8221;{}&#8221;][et_pb_text module_class=&#8221;text&#8221; _builder_version=&#8221;4.23.4&#8243; _module_preset=&#8221;default&#8221; width=&#8221;100%&#8221; max_width=&#8221;100%&#8221; custom_margin=&#8221;||-2px|0px|false|false&#8221; custom_padding=&#8221;|||0px|false|false&#8221; hover_enabled=&#8221;0&#8243; locked=&#8221;off&#8221; global_colors_info=&#8221;{}&#8221; sticky_enabled=&#8221;0&#8243;]<\/p>\n<p><span style=\"color: #808080;\"><a href=\"https:\/\/revela-t.cat\/2025\/fr\/accueil-2023\/\" target=\"_blank\" rel=\"noopener\" style=\"color: #808080;\">2023<\/a> \/ <a href=\"https:\/\/revela-t.cat\/2025\/fr\/2022-fra\/\" target=\"_blank\" rel=\"noopener\" style=\"color: #808080;\">2022<\/a> \/ <a href=\"https:\/\/revela-t.cat\/2025\/fr\/2021-fra\/\" target=\"_blank\" rel=\"noopener\" style=\"color: #808080;\">2021<\/a>\u00a0\/ <a href=\"https:\/\/revela-t.cat\/2025\/fr\/2020-fra\/\" target=\"_blank\" rel=\"noopener\" style=\"color: #808080;\">2020<\/a> \/ <a href=\"https:\/\/revela-t.cat\/2025\/fr\/2019-fra\/\" target=\"_blank\" rel=\"noopener\" style=\"color: #808080;\">2019<\/a> \/ <a href=\"https:\/\/revela-t.cat\/2025\/fr\/2018-fra\/\" target=\"_blank\" rel=\"noopener\" style=\"color: #808080;\">2018<\/a> \/\u00a0<a href=\"https:\/\/revela-t.cat\/2025\/fr\/2017-fra\/\" target=\"_blank\" rel=\"noopener\" style=\"color: #808080;\">2017<\/a><a href=\"https:\/\/revela-t.cat\/2025\/fr\/2016-fra\/\" style=\"color: #808080;\"><\/a> \/ <a href=\"https:\/\/revela-t.cat\/2025\/fr\/2016-fra\/\" target=\"_blank\" rel=\"noopener\" style=\"color: #808080;\">2016<\/a> \/ <a href=\"https:\/\/revela-t.cat\/2025\/fr\/2015-fra\/\" target=\"_blank\" rel=\"noopener\" style=\"color: #808080;\">2015<\/a> \/ <strong>2014<a href=\"https:\/\/revela-t.cat\/2025\/fr\/2014-fra\/\" style=\"color: #808080;\"><\/a> <\/strong>\/ <a href=\"https:\/\/revela-t.cat\/2025\/fr\/2013-fra\/\" target=\"_blank\" rel=\"noopener\" style=\"color: #808080;\">2013<\/a><\/span><\/p>\n<p>[\/et_pb_text][\/et_pb_column][\/et_pb_row][et_pb_row column_structure=&#8221;3_5,2_5&#8243; use_custom_gutter=&#8221;on&#8221; gutter_width=&#8221;2&#8243; _builder_version=&#8221;4.19.5&#8243; _module_preset=&#8221;default&#8221; width=&#8221;100%&#8221; max_width=&#8221;100%&#8221; module_alignment=&#8221;left&#8221; custom_padding=&#8221;0px||0px|||&#8221; global_colors_info=&#8221;{}&#8221;][et_pb_column type=&#8221;3_5&#8243; _builder_version=&#8221;4.19.5&#8243; _module_preset=&#8221;default&#8221; global_colors_info=&#8221;{}&#8221;][et_pb_text module_class=&#8221;text&#8221; _builder_version=&#8221;4.20.2&#8243; _module_preset=&#8221;default&#8221; width=&#8221;900px&#8221; max_width=&#8221;100%&#8221; module_alignment=&#8221;left&#8221; custom_margin=&#8221;|||0px|false|false&#8221; custom_padding=&#8221;||45px|0px|false|false&#8221; custom_css_main_element=&#8221;margin-right: 20px;&#8221; global_colors_info=&#8221;{}&#8221;]Apr\u00e8s avoir clos la premi\u00e8re \u00e9dition, nous avons re\u00e7u des courriels nous f\u00e9licitant pour l\u2019initiative et du pari que nous avions entrepris, tout en nous encourageant \u00e0 renouveler l&#8217;exp\u00e9rience pour une seconde \u00e9dition. Nombreux sont les messages relatant les sentiments que nous avions nous-m\u00eame ressentis, attestant l&#8217;attente d&#8217;un \u00e9v\u00e9nement comme celui-ci et le plaisir de faire partie d&#8217;une communaut\u00e9 de passionn\u00e9s, rassembl\u00e9s gr\u00e2ce \u00e0 un \u00e9v\u00e9nement de ce genre.<\/p>\n<p>Nous nous laissons m\u00eame \u00e0 penser que Revela&#8217;t est devenu un petit grain de sable pour le nouveau <strong>boom de la photographie analogique<\/strong>.<\/p>\n<p>Il n&#8217;est pas question ici de parler de nostalgie, mais de mettre en avant un processus de cr\u00e9ation diff\u00e9rent, compos\u00e9 d&#8217;\u00e9tapes qui offrent chaque fois des sensations et d\u00e9voilent des visuels nouveaux pour une m\u00eame image et pour le plaisir des yeux et des mains de l&#8217;artiste. Nous voil\u00e0 repartis pour une nouvelle \u00e9dition.<\/p>\n<p>La r\u00e9putation de la premi\u00e8re \u00e9dition nous pr\u00e9c\u00e8de et ce n&#8217;est que par l&#8217;interm\u00e9diaire du bouche-\u00e0-oreille que nous recevons les candidatures des artistes, ainsi que la venue de sp\u00e9cialistes, experts, passionn\u00e9s et artistes.<\/p>\n<p>Gr\u00e2ce \u00e0 la visite surprise de nombreux grands photographes et d\u2019une autre personnalit\u00e9 m\u00e9diatique, notre motivation s&#8217;est vue \u00e0 son maximum pour concevoir l&#8217;\u00e9dition suivante avec une envergure encore plus grande.[\/et_pb_text][et_pb_accordion open_toggle_background_color=&#8221;#FFFFFF&#8221; closed_toggle_text_color=&#8221;#000000&#8243; closed_toggle_background_color=&#8221;#FFFFFF&#8221; toggle_icon=&#8221;&#x4c;||divi||400&#8243; icon_color=&#8221;#000000&#8243; use_icon_font_size=&#8221;on&#8221; icon_font_size=&#8221;30px&#8221; icon_color_last_edited=&#8221;off|desktop&#8221; module_class=&#8221;t&#8221; _builder_version=&#8221;4.20.2&#8243; _module_preset=&#8221;default&#8221; toggle_font=&#8221;|600|||||||&#8221; closed_toggle_text_align=&#8221;left&#8221; body_font_size=&#8221;16px&#8221; custom_margin=&#8221;0px||0px||false|false&#8221; custom_padding=&#8221;0px||0px||false|false&#8221; border_width_all=&#8221;0px&#8221; locked=&#8221;off&#8221; global_colors_info=&#8221;{}&#8221;][et_pb_accordion_item title=&#8221;Expositions&#8221; open=&#8221;on&#8221; _builder_version=&#8221;4.20.2&#8243; _module_preset=&#8221;default&#8221; custom_margin=&#8221;0px|||0px|false|false&#8221; custom_padding=&#8221;0px|||0px|false|false&#8221; border_width_bottom=&#8221;1px&#8221; border_color_bottom=&#8221;#000000&#8243; global_colors_info=&#8221;{}&#8221;]<\/p>\n<p><span style=\"color: #000000;\"><strong><\/strong><\/span><\/p>\n<p><span style=\"color: #000000;\">Le public a pu sillonner entre 20 expositions d&#8217;artistes \u00e9mergents et de 30 micro-expositions dans les magasins de la commune.<span class=\"font-151547\" style=\"font-family: inherit; font-weight: normal;\"><\/span><\/span><span style=\"font-family: inherit; font-weight: normal; color: #000000;\"><\/span><\/p>\n<p><span style=\"color: #000000;\">Nous profitons d\u2019espaces tels que le b\u00e2timent o\u00f9 se trouve la biblioth\u00e8que actuelle, qui \u00e9tait encore en construction. Et nous avons \u00e9galement eu 30 petites expositions dans les magasins de la municipalit\u00e9.<\/span><\/p>\n<p><span style=\"font-family: inherit; font-weight: normal; color: #000000;\"><span class=\"font-151547\"><strong>Andrei Farcasanu,<\/strong>\u00a0<em>Mindscapes.\u00a0<\/em><\/span><strong>Berta Vicente,\u00a0<\/strong><em>Retratos.\u00a0<\/em><strong><span class=\"font-151547\">Ca l\u2019Isidret edicions (Aleix Plademunt,<\/span><\/strong><span class=\"font-151547\"><strong>\u00a0Roger Guaus y Juan Diego Valera),<\/strong><\/span><em><span class=\"font-151547\">\u00a0Movimientos del suelo.\u00a0<\/span><\/em><strong>Colecci\u00f3n Valid Foto BCN y Tagomago,\u00a0<\/strong><em>Piezas selectas.\u00a0<\/em><strong>Colectivo Hablando en Plata,\u00a0<\/strong><em>Exposici\u00f3n Hablando en Plata III.\u00a0<\/em><strong>Daniel Samanns<\/strong>,\u00a0<em>Portraits (Wet Plate collodion).\u00a0<\/em><strong>Daniel S. \u00c0lvarez,<\/strong>\u00a0<em>\u00c1lbum.\u00a0<\/em><strong>Ignasi L\u00f3pez,\u00a0<\/strong><i>Vacaciones\u00a0<\/i>y\u00a0<i>Sport Places.\u00a0<\/i><strong>Josep Maria Ribas Prous,<\/strong>\u00a0<em>En elogio al \u00abArte Povera fotogr\u00e1fico.\u00a0<\/em><strong>Josep Guiol\u00e0,\u00a0<\/strong><em>Foto- s\u00edntesis , abstracciones y expresiones.\u00a0<\/em><strong>Lea Tyrallov\u00e1,<\/strong>\u00a0<em>\u00b4Ja \u2013 Ty \u2013 My \u2013 Oni\u00b4.\u00a0<\/em><strong>Lola Montserrat,<\/strong>\u00a0<em>Zoo\u2019z.\u00a0<\/em><strong>Montse L\u00f3pez,<\/strong>\u00a0\u00a0<em>\u00cdtaca<\/em>.\u00a0<strong>Paola de Grenet,<\/strong>\u00a0<em>A dog\u2019s life.\u00a0<\/em><strong>Ram\u00f3n Casanova &amp; Jorge Egea\u00a0<\/strong><em>Luminograf\u00edas<\/em>.\u00a0<strong>Rom\u00e1n Y\u00f1\u00e1n,<\/strong>\u00a0<em>Series Familiares.\u00a0<\/em><strong>Salva L\u00f3pez,\u00a0<\/strong><em>Roig 26.\u00a0<\/em><strong>Salvi Dan\u00e9s,\u00a0<\/strong><em>Blackcelona.\u00a0<\/em><strong>Xose Gago,<\/strong>\u00a0<em>un alquimista de la fotograf\u00eda.<\/em><\/span><\/p>\n<p><span style=\"text-decoration: underline; color: #000000; font-family: inherit; font-weight: normal;\"><em>Microexpositions<\/em><\/span><\/p>\n<p><span style=\"text-decoration: underline; color: #000000; font-family: inherit; font-weight: normal;\"><em><\/em><\/span><\/p>\n<div class=\"sixteen columns row teasers portfolio\">\n<div class=\"rowwrap\">\n<div>\n<div class=\"sixteen columns row teasers portfolio\">\n<div class=\"rowwrap\">\n<div><span class=\"font-151547\" style=\"font-family: inherit; font-weight: normal; color: #000000;\">C\u2019\u00e9tait une belle initiative qui impliquait 30 artistes et 30 entreprises, ce qui est devenu un surmenage et les maux de t\u00eate \u00e9taient tellement nombreux que nous l\u2019avons \u00e9cart\u00e9e pour les \u00e9ditions suivantes.\u00a0<\/span><\/div>\n<\/div>\n<\/div>\n<div class=\"sixteen columns row teasers portfolio\">\n<div class=\"rowwrap\">\n<div><\/div>\n<p><span style=\"font-family: inherit; font-weight: normal; color: #000000;\"><span class=\"font-151547\"><strong>Alek Levasgani<\/strong><em>\u00a0Roser selecci\u00f3 de carns;<\/em>\u00a0<strong>Alek Levasgani\u00a0<\/strong><\/span><span class=\"font-151547\"><em>Nuova perruqueria unisex;\u00a0<\/em><strong>S\u00f3nsoles Mart\u00edn<\/strong>\u00a0<\/span><em><span class=\"font-151547\">Perruqueria Ca l\u2019Alfaro;\u00a0<\/span><\/em><span class=\"font-151547\"><strong>Rita Puig-Serra<\/strong><\/span>\u00a0<span class=\"font-151547\"><em>Foto-Optica;\u00a0<\/em><strong>Jos\u00e9 M. Magano\u00a0<\/strong><\/span><span class=\"font-151547\"><em>Finques Miralles;\u00a0<\/em><strong>Alice Zaccaria\u00a0<\/strong><\/span><em><span class=\"font-151547\">Patric perruqueria masculina;\u00a0<\/span><\/em><span class=\"font-151547\"><strong>Clara Cort\u00e9s\u00a0<\/strong><em>Piella est\u00e8tica;\u00a0<\/em><strong>Frederic Navarro\u00a0<\/strong><\/span><span class=\"font-151547\"><em>Pastisseria Joan;\u00a0<\/em><strong>Antonio Villar\u00a0<\/strong><\/span><span class=\"font-151547\"><em>Electrodom\u00e8stics i Regals Imma Baylach;<\/em>\u00a0<strong>Claudia Cebri\u00e1n\u00a0<\/strong><\/span><em><span class=\"font-151547\">Matilde Regals i Joies;\u00a0<\/span><\/em><strong><span class=\"font-151547\">Ivan Caponio\u00a0<\/span><\/strong><span class=\"font-151547\"><em>Ma&amp;Do<\/em><strong>;<\/strong>\u00a0<\/span><span class=\"font-151547\"><strong>Lu\u00eds Rabanal<\/strong><em>\u00a0Pastisseria Maria Teresa;<\/em><strong>\u00a0Jos\u00e9 Manuel Madrona\u00a0<\/strong><\/span><em><span class=\"font-151547\">Roba infantil i juvenil Chic\u2019s;\u00a0<\/span><\/em><span class=\"font-151547\"><strong>Oriol Mas\u00a0<\/strong><\/span><em><span class=\"font-151547\">Boutique Bianca;\u00a0<\/span><\/em><span class=\"font-151547\"><strong>Aran Rodr\u00edguez\u00a0<\/strong><\/span><span class=\"font-151547\"><em>Trendy Imatge perruqueria unisex<\/em>;\u00a0<strong>Diego P\u00e9rez\u00a0<\/strong><\/span><em><span class=\"font-151547\">El Vestidor de l\u2019Espe;<\/span><\/em><span class=\"font-151547\"><strong>\u00a0Isabel Val\u00a0<\/strong><\/span><span class=\"font-151547\"><strong>P<\/strong><em>erfumeria L\u2019Aromer;\u00a0<\/em><strong>Las chicas de Talbot<\/strong>\u00a0<\/span><em><span class=\"font-151547\">L\u2019Artemisa;\u00a0<\/span><\/em><span class=\"font-151547\"><strong>Paula Arbeola\u00a0<\/strong><\/span><em><span class=\"font-151547\">Merceria Nuri;\u00a0<\/span><\/em><span class=\"font-151547\"><strong>Jos\u00e9 Manuel Madrona\u00a0<\/strong><\/span><em><span class=\"font-151547\">Llaminadures Dol\u00e7aina;\u00a0<\/span><\/em><span class=\"font-151547\"><strong>Antoine Khidichian\u00a0<\/strong><\/span><em><span class=\"font-151547\">Peixateria Guinot;\u00a0<\/span><\/em><span class=\"font-151547\"><strong>Llu\u00eds Rabanal\u00a0<\/strong><\/span><em><span class=\"font-151547\">Pastisseria Forn Can Cros; Dani Amor\u00f3s\u00a0<\/span><span class=\"font-151547\">Farm\u00e0cia de Dalt;\u00a0<\/span><\/em><span class=\"font-151547\"><strong>Mario Bonardo\u00a0<\/strong><\/span><em><span class=\"font-151547\">Flors Pujol.<\/span><\/em><\/span><\/p>\n<\/div>\n<\/div>\n<\/div>\n<\/div>\n<\/div>\n<p>&nbsp;<\/p>\n<p>[\/et_pb_accordion_item][et_pb_accordion_item title=&#8221;Programme&#8221; _builder_version=&#8221;4.20.2&#8243; _module_preset=&#8221;default&#8221; custom_margin=&#8221;0px|||0px|false|false&#8221; custom_padding=&#8221;0px|||0px|false|false&#8221; border_width_bottom=&#8221;1px&#8221; border_color_bottom=&#8221;#000000&#8243; global_colors_info=&#8221;{}&#8221; open=&#8221;off&#8221;]<span style=\"color: #000000;\"><\/span><\/p>\n<p><span style=\"color: #000000;\"><span class=\"font-555555\"><a class=\"link\" href=\"https:\/\/revela-t.cat\/2025\/2022\/wp-content\/uploads\/2020\/03\/Revelat14-Cataleg-VI.pdf\" style=\"color: #000000;\">Dans ce lien<\/a>\u00a0<\/span>vous pouvez t\u00e9l\u00e9charger le programme manuel et le r\u00e9sum\u00e9 des expositions de cette \u00e9dition.<\/span>[\/et_pb_accordion_item][et_pb_accordion_item title=&#8221;Vid\u00e9o r\u00e9sum\u00e9&#8221; _builder_version=&#8221;4.20.2&#8243; _module_preset=&#8221;default&#8221; custom_margin=&#8221;0px|||0px|false|false&#8221; custom_padding=&#8221;0px|||0px|false|false&#8221; border_width_bottom=&#8221;1px&#8221; border_color_bottom=&#8221;#000000&#8243; global_colors_info=&#8221;{}&#8221; open=&#8221;off&#8221;]<\/p>\n<p>&nbsp;<\/p>\n<div style=\"width: 1080px;\" class=\"wp-video\"><video class=\"wp-video-shortcode\" id=\"video-994-1\" width=\"1080\" height=\"608\" preload=\"metadata\" controls=\"controls\"><source type=\"video\/mp4\" src=\"https:\/\/revela-t.cat\/2025\/wp-content\/uploads\/2022\/11\/Resum_Festival_Revelat_2014.mp4?_=1\" \/><a href=\"https:\/\/revela-t.cat\/2025\/wp-content\/uploads\/2022\/11\/Resum_Festival_Revelat_2014.mp4\">https:\/\/revela-t.cat\/2025\/wp-content\/uploads\/2022\/11\/Resum_Festival_Revelat_2014.mp4<\/a><\/video><\/div>\n<p>[\/et_pb_accordion_item][\/et_pb_accordion][\/et_pb_column][et_pb_column type=&#8221;2_5&#8243; _builder_version=&#8221;4.19.5&#8243; _module_preset=&#8221;default&#8221; global_colors_info=&#8221;{}&#8221;][et_pb_image src=&#8221;https:\/\/revela-t.cat\/2025\/wp-content\/uploads\/2022\/11\/2014.png&#8221; title_text=&#8221;2014&#8243; force_fullwidth=&#8221;on&#8221; _builder_version=&#8221;4.19.0&#8243; _module_preset=&#8221;default&#8221; global_colors_info=&#8221;{}&#8221;][\/et_pb_image][\/et_pb_column][\/et_pb_row][\/et_pb_section]<\/p>\n","protected":false},"excerpt":{"rendered":"<p>Revela&#8217;t 2014: La deuxi\u00e8me \u00e9dition2023 \/ 2022 \/ 2021\u00a0\/ 2020 \/ 2019 \/ 2018 \/\u00a02017 \/ 2016 \/ 2015 \/ 2014 \/ 2013Apr\u00e8s avoir clos la premi\u00e8re \u00e9dition, nous avons re\u00e7u des courriels nous f\u00e9licitant pour l\u2019initiative et du pari que nous avions entrepris, tout en nous encourageant \u00e0 renouveler l&#8217;exp\u00e9rience pour une seconde \u00e9dition. [&hellip;]<\/p>\n","protected":false},"author":3,"featured_media":0,"parent":0,"menu_order":0,"comment_status":"closed","ping_status":"closed","template":"","meta":{"_et_pb_use_builder":"on","_et_pb_old_content":"","_et_gb_content_width":"","om_disable_all_campaigns":false,"footnotes":""},"class_list":["post-994","page","type-page","status-publish","hentry"],"aioseo_notices":[],"_links":{"self":[{"href":"https:\/\/revela-t.cat\/2025\/wp-json\/wp\/v2\/pages\/994","targetHints":{"allow":["GET"]}}],"collection":[{"href":"https:\/\/revela-t.cat\/2025\/wp-json\/wp\/v2\/pages"}],"about":[{"href":"https:\/\/revela-t.cat\/2025\/wp-json\/wp\/v2\/types\/page"}],"author":[{"embeddable":true,"href":"https:\/\/revela-t.cat\/2025\/wp-json\/wp\/v2\/users\/3"}],"replies":[{"embeddable":true,"href":"https:\/\/revela-t.cat\/2025\/wp-json\/wp\/v2\/comments?post=994"}],"version-history":[{"count":0,"href":"https:\/\/revela-t.cat\/2025\/wp-json\/wp\/v2\/pages\/994\/revisions"}],"wp:attachment":[{"href":"https:\/\/revela-t.cat\/2025\/wp-json\/wp\/v2\/media?parent=994"}],"curies":[{"name":"wp","href":"https:\/\/api.w.org\/{rel}","templated":true}]}}