{"id":991,"date":"2022-12-13T11:11:14","date_gmt":"2022-12-13T10:11:14","guid":{"rendered":"https:\/\/revela-t.cat\/2025\/?page_id=991"},"modified":"2024-01-03T09:38:29","modified_gmt":"2024-01-03T08:38:29","slug":"2013-fra","status":"publish","type":"page","link":"https:\/\/revela-t.cat\/2025\/2013-fra\/","title":{"rendered":"FRA &#8211; 2013"},"content":{"rendered":"<p>[et_pb_section fb_built=&#8221;1&#8243; module_class=&#8221;body-content&#8221; _builder_version=&#8221;4.19.5&#8243; _module_preset=&#8221;default&#8221; width=&#8221;1500px&#8221; max_width=&#8221;100%&#8221; module_alignment=&#8221;center&#8221; custom_margin=&#8221;||0px||false|false&#8221; custom_padding=&#8221;48px||34px||false|false&#8221; locked=&#8221;off&#8221; global_colors_info=&#8221;{}&#8221;][et_pb_row _builder_version=&#8221;4.19.5&#8243; _module_preset=&#8221;default&#8221; width=&#8221;100%&#8221; max_width=&#8221;2560px&#8221; custom_margin=&#8221;0px|0px|0px|0px|false|false&#8221; custom_padding=&#8221;0px|0px|0px|0px|false|false&#8221; global_colors_info=&#8221;{}&#8221;][et_pb_column type=&#8221;4_4&#8243; _builder_version=&#8221;4.19.4&#8243; _module_preset=&#8221;default&#8221; global_colors_info=&#8221;{}&#8221;][et_pb_text module_class=&#8221;title&#8221; _builder_version=&#8221;4.20.2&#8243; _module_preset=&#8221;default&#8221; text_text_color=&#8221;#000000&#8243; custom_margin=&#8221;||||false|false&#8221; custom_padding=&#8221;||10px||false|false&#8221; custom_css_main_element=&#8221;@media (max-width: 2000px) {||.body-content {||  width: calc(100vw &#8211; 80px);||  margin: 0 40px 0 40px;||}||}&#8221; border_width_bottom=&#8221;1px&#8221; border_color_bottom=&#8221;#000000&#8243; global_colors_info=&#8221;{}&#8221;]<\/p>\n<h1><span style=\"color: #000000;\"><strong>Revela&#8217;t 2013: La premi\u00e8re \u00e9dition<\/strong><\/span><\/h1>\n<p>[\/et_pb_text][\/et_pb_column][\/et_pb_row][\/et_pb_section][et_pb_section fb_built=&#8221;1&#8243; module_class=&#8221;body-content&#8221; _builder_version=&#8221;4.19.5&#8243; _module_preset=&#8221;default&#8221; width=&#8221;1500px&#8221; max_width=&#8221;100%&#8221; module_alignment=&#8221;center&#8221; custom_margin=&#8221;0px|0px|0px||false|false&#8221; custom_padding=&#8221;0px|0px|180px|0px|false|false&#8221; locked=&#8221;off&#8221; global_colors_info=&#8221;{}&#8221;][et_pb_row use_custom_gutter=&#8221;on&#8221; gutter_width=&#8221;1&#8243; _builder_version=&#8221;4.19.5&#8243; _module_preset=&#8221;default&#8221; width=&#8221;900px&#8221; max_width=&#8221;100%&#8221; module_alignment=&#8221;left&#8221; custom_margin=&#8221;0px||0px|0px|false|false&#8221; custom_padding=&#8221;0px||45px|0px|false|false&#8221; locked=&#8221;off&#8221; global_colors_info=&#8221;{}&#8221;][et_pb_column type=&#8221;4_4&#8243; _builder_version=&#8221;4.19.4&#8243; _module_preset=&#8221;default&#8221; global_colors_info=&#8221;{}&#8221;][et_pb_text module_class=&#8221;text&#8221; _builder_version=&#8221;4.23.4&#8243; _module_preset=&#8221;default&#8221; width=&#8221;100%&#8221; max_width=&#8221;100%&#8221; custom_margin=&#8221;||-2px|0px|false|false&#8221; custom_padding=&#8221;|||0px|false|false&#8221; hover_enabled=&#8221;0&#8243; locked=&#8221;off&#8221; global_colors_info=&#8221;{}&#8221; sticky_enabled=&#8221;0&#8243;]<\/p>\n<p><span style=\"color: #808080;\"><a href=\"https:\/\/revela-t.cat\/2025\/fr\/accueil-2023\/\" target=\"_blank\" rel=\"noopener\" style=\"color: #808080;\">2023<\/a> \/ <a href=\"https:\/\/revela-t.cat\/2025\/fr\/2022-fra\/\" target=\"_blank\" rel=\"noopener\" style=\"color: #808080;\">2022<\/a> \/ <a href=\"https:\/\/revela-t.cat\/2025\/fr\/2021-fra\/\" target=\"_blank\" rel=\"noopener\" style=\"color: #808080;\">2021<\/a>\u00a0\/ <a href=\"https:\/\/revela-t.cat\/2025\/fr\/2020-fra\/\" target=\"_blank\" rel=\"noopener\" style=\"color: #808080;\">2020<\/a> \/ <a href=\"https:\/\/revela-t.cat\/2025\/fr\/2019-fra\/\" target=\"_blank\" rel=\"noopener\" style=\"color: #808080;\">2019<\/a> \/ <a href=\"https:\/\/revela-t.cat\/2025\/fr\/2018-fra\/\" target=\"_blank\" rel=\"noopener\" style=\"color: #808080;\">2018<\/a> \/\u00a0<a href=\"https:\/\/revela-t.cat\/2025\/fr\/2017-fra\/\" target=\"_blank\" rel=\"noopener\" style=\"color: #808080;\">2017<\/a><a href=\"https:\/\/revela-t.cat\/2025\/fr\/2016-fra\/\" style=\"color: #808080;\"><\/a> \/ <a href=\"https:\/\/revela-t.cat\/2025\/fr\/2016-fra\/\" target=\"_blank\" rel=\"noopener\" style=\"color: #808080;\">2016<\/a> \/ <a href=\"https:\/\/revela-t.cat\/2025\/fr\/2015-fra\/\" target=\"_blank\" rel=\"noopener\" style=\"color: #808080;\">2015<\/a> \/ <a href=\"https:\/\/revela-t.cat\/2025\/fr\/2014-fra\/\" target=\"_blank\" rel=\"noopener\" style=\"color: #808080;\">2014<\/a>\u00a0\/ <strong>2013<\/strong><\/span><\/p>\n<p>[\/et_pb_text][\/et_pb_column][\/et_pb_row][et_pb_row column_structure=&#8221;3_5,2_5&#8243; use_custom_gutter=&#8221;on&#8221; gutter_width=&#8221;2&#8243; _builder_version=&#8221;4.19.5&#8243; _module_preset=&#8221;default&#8221; width=&#8221;100%&#8221; max_width=&#8221;100%&#8221; module_alignment=&#8221;left&#8221; custom_padding=&#8221;0px||0px|||&#8221; global_colors_info=&#8221;{}&#8221;][et_pb_column type=&#8221;3_5&#8243; _builder_version=&#8221;4.19.5&#8243; _module_preset=&#8221;default&#8221; global_colors_info=&#8221;{}&#8221;][et_pb_text module_class=&#8221;text&#8221; _builder_version=&#8221;4.20.2&#8243; _module_preset=&#8221;default&#8221; width=&#8221;900px&#8221; max_width=&#8221;100%&#8221; module_alignment=&#8221;left&#8221; custom_margin=&#8221;|||0px|false|false&#8221; custom_padding=&#8221;||45px|0px|false|false&#8221; custom_css_main_element=&#8221;margin-right: 20px;&#8221; global_colors_info=&#8221;{}&#8221;]<\/p>\n<div class=\"uncode_text_column\">\n<p>Le festival Revela\u2019t a vu le jour pour c\u00e9l\u00e9brer l\u2019anniversaire d\u2019un site Web, <strong>espaifotografic.cat,<\/strong> qui a connu son heure de gloire avec le boom de la photographie num\u00e9rique.<\/p>\n<p>Le num\u00e9rique ne remplace pas l&#8217;analogique, elle vient offrir de nouvelles opportunit\u00e9s de capturer une image, sans \u00e9touffer cette technique. Nous est ainsi venue l&#8217;id\u00e9e de cr\u00e9er une rencontre o\u00f9 la photographie analogique serait le protagoniste. En tant qu\u2019amoureux des techniques originales et en particulier du collodion humide, nous avons contact\u00e9 <strong>Quinn Jacobson<\/strong>, l\u2019un des photographes analogiques les plus reconnus \u00e0 l\u2019heure actuelle. Nous lui proposions d&#8217;exposer lors de notre projet, qui n&#8217;\u00e9tait encore \u00e0 l&#8217;\u00e9poque qu&#8217;un simple embryon du Revela&#8217;t actuel. Incroyable, il nous r\u00e9pond, et par l&#8217;affirmative\u202f!\u00a0<\/p>\n<p>S&#8217;ensuit un incroyable effet boule de neige. En apprenant la pr\u00e9sence de Quinn, un autre grand photographe et ami \u00e0 lui, <strong>Josep Maria Ribas Prous<\/strong>, nous contacte. Une nouvelle exposition est conclue avec lui. Puis six autres, cl\u00f4tur\u00e9es par deux ateliers, l\u2019un sur la photographie au st\u00e9nop\u00e9 avec\u00a0<strong>Ilan Wolf\u00a0<\/strong>et un autre avec notre cher<strong> Eduardo Mome\u00f1e et Jos\u00e9 Manuel Navia.<\/strong><\/p>\n<p>Une \u00e9dition qui n\u2019a dur\u00e9 qu\u2019un week-end, une belle exp\u00e9rience qui n\u2019a pas tard\u00e9 \u00e0 porter ses fruits.<\/p>\n<\/div>\n<p>[\/et_pb_text][et_pb_accordion open_toggle_background_color=&#8221;#FFFFFF&#8221; closed_toggle_text_color=&#8221;#000000&#8243; closed_toggle_background_color=&#8221;#FFFFFF&#8221; toggle_icon=&#8221;&#x4c;||divi||400&#8243; icon_color=&#8221;#000000&#8243; use_icon_font_size=&#8221;on&#8221; icon_font_size=&#8221;30px&#8221; icon_color_last_edited=&#8221;off|desktop&#8221; module_class=&#8221;t&#8221; _builder_version=&#8221;4.20.2&#8243; _module_preset=&#8221;default&#8221; toggle_font=&#8221;|600|||||||&#8221; closed_toggle_text_align=&#8221;left&#8221; body_font_size=&#8221;16px&#8221; custom_margin=&#8221;0px||0px||false|false&#8221; custom_padding=&#8221;0px||0px||false|false&#8221; border_width_all=&#8221;0px&#8221; locked=&#8221;off&#8221; global_colors_info=&#8221;{}&#8221;][et_pb_accordion_item title=&#8221;Expositions&#8221; open=&#8221;on&#8221; _builder_version=&#8221;4.20.2&#8243; _module_preset=&#8221;default&#8221; custom_margin=&#8221;0px|||0px|false|false&#8221; custom_padding=&#8221;0px|||0px|false|false&#8221; border_width_bottom=&#8221;1px&#8221; border_color_bottom=&#8221;#000000&#8243; global_colors_info=&#8221;{}&#8221;]<\/p>\n<p><span style=\"color: #000000;\"><strong><\/strong><\/span><\/p>\n<p><span style=\"color: #000000;\"><strong>Faust\u00ed Lluci\u00e0,<\/strong>\u00a0<em>Bot\u00e1nica urbana.\u00a0<\/em><strong>Hanna Jarzabeck,<\/strong>\u00a0<em>Lesbians &amp; much more.\u00a0<\/em><strong>Miquel \u00c0ngel P\u00e9rez,<\/strong>\u00a0<em>Nudus.\u00a0<\/em><strong>Pablo Lerma,<\/strong>\u00a0<em>Related Time.\u00a0<\/em><strong>Colectiva,<\/strong>\u00a0<em>Hablando en Plata.\u00a0<\/em><strong>Colecci\u00f3n<\/strong>\u00a0<strong>J. M. Ribas Prous<\/strong>\u00a0y\u00a0<strong>Lloren\u00e7 Herrera,\u00a0<\/strong><em>USA tintypes\/ferrotypes western time (circa 1856\/1880).\u00a0<\/em><b>Colecci\u00f3n Ram\u00f3n Rod\u00f3,<\/b>\u00a0<em>Exposici\u00f3n de c\u00e1maras fotogr\u00e1ficas antiguas.\u00a0<\/em><b>Centre Excursionista de Catalunya CEC,<\/b>\u00a0<em>Autocromos, fotografia en color de principios del s. XX.<\/em><\/span><\/p>\n<p>[\/et_pb_accordion_item][et_pb_accordion_item title=&#8221;Programme&#8221; _builder_version=&#8221;4.20.2&#8243; _module_preset=&#8221;default&#8221; custom_margin=&#8221;0px|||0px|false|false&#8221; custom_padding=&#8221;0px|||0px|false|false&#8221; border_width_bottom=&#8221;1px&#8221; border_color_bottom=&#8221;#000000&#8243; global_colors_info=&#8221;{}&#8221; open=&#8221;off&#8221;]<\/p>\n<h3><span style=\"color: #000000; font-size: 16px;\"><\/span><\/h3>\n<h5><span style=\"color: #000000;\"><strong><\/strong><\/span><\/h5>\n<h5><span style=\"color: #000000;\"><strong>Vendredi 24 mai<\/strong><\/span><\/h5>\n<ul>\n<li><span style=\"color: #000000;\">19:00h\u201422:00h: Ouverture des expositions<\/span><\/li>\n<\/ul>\n<h5><span style=\"color: #000000;\"><strong><\/strong><\/span><\/h5>\n<h5><span style=\"color: #000000;\"><strong>Samedi 25 mai<\/strong><\/span><\/h5>\n<ul>\n<li><span style=\"color: #000000;\">10:00\u201412:00h: Conf\u00e9rence-d\u00e9monstration pratique de la photographie au st\u00e9nop\u00e9 avec Ilan Wolff<\/span><\/li>\n<li><span style=\"color: #000000;\">12:00\u201414:00h: D\u00e9monstration pratique du collodion humide avec Quinn Jacobson<\/span><\/li>\n<li><span style=\"color: #000000;\">10:00\u201413:00h: X \u00e9dition de Caja Azul: \u00abLes rythmes analogiques \u00e0 l\u2019\u00e8re num\u00e9rique\u00bb<\/span><\/li>\n<li><span style=\"color: #000000;\">14:00\u201416:00h: Paella populaire<\/span><\/li>\n<li><span style=\"color: #000000;\">17:00\u201419:30: Table ronde \u201cPhotographie: passion et expression\u201d avec E. Mome\u00f1e, J.M. Navia, M. Laguillo, dirig\u00e9 par J. Bou<\/span><\/li>\n<li><span style=\"color: #000000;\">17:00\u201419:00h: Conf\u00e9rence \u00ab1839-1939: Els primers 100 anys de les c\u00e0meres fotogr\u00e0fiques\u00bb par Ramon Rod\u00f3<\/span><\/li>\n<li><span style=\"color: #000000;\">20:00\u20141:00h: Groupes de musique, bi\u00e8res, causeries, sandwichs, f\u00eates\u2026<\/span><\/li>\n<li><span style=\"color: #000000;\">10:00h\u201418:00: D\u00e9monstrations commerciales et diff\u00e9rentes techniques par les groupes qui collaborent au festival: exp\u00e9riences photog\u00e9niques, un cyanotype g\u00e9ant, tampon carbone, chimgraphes et bien plus encore<\/span><\/li>\n<\/ul>\n<h5><span style=\"color: #000000;\"><strong><\/strong><\/span><\/h5>\n<h5><span style=\"color: #000000;\"><strong>Dimanche 26 de mayo<\/strong><\/span><\/h5>\n<ul>\n<li><span style=\"color: #000000;\">10:00\u201420:00h: Atelier d\u2019introduction au collodion humide avec Quinn Jacobson<\/span><\/li>\n<li><span style=\"color: #000000;\">10:00\u201420:00h: Atelier de photographie au st\u00e9nop\u00e9 avec Ilan Wolff<\/span><\/li>\n<li><span style=\"color: #000000;\">10:00\u201420:00h: Atelier \u201cLa vision photographique, de la th\u00e9orie et de la pratique\u201d avec E. Mome\u00f1e et J.M. Navia<\/span><\/li>\n<li><span style=\"color: #000000;\">10:00h\u201415:00h: D\u00e9monstrations commerciales et diff\u00e9rentes techniques par les groupes qui collaborent au festival: une cam\u00e9ra minuscule qui circulera dans les rues de Vilassar, des chimigraphes, des caoutchoucs bichromat\u00e9s et bien plus encore<\/span><\/li>\n<li><span style=\"color: #000000;\">14:00h\u201416:00h: Barbecue populaire<\/span><\/li>\n<\/ul>\n<h3><span style=\"color: #000000;\"><\/span><\/h3>\n<h5><span style=\"color: #000000;\"><strong>Mardi 28 y mercredi 29 mai<\/strong><\/span><\/h5>\n<ul>\n<li><span style=\"color: #000000;\"><span style=\"color: #000000;\">10:00\u201420:00h: <\/span><\/span>Cours avanc\u00e9 de collodion humide n\u00e9gatif avec Quinn Jacobson<\/li>\n<\/ul>\n<p>[\/et_pb_accordion_item][et_pb_accordion_item title=&#8221;Vid\u00e9o r\u00e9sum\u00e9&#8221; _builder_version=&#8221;4.20.2&#8243; _module_preset=&#8221;default&#8221; custom_margin=&#8221;0px|||0px|false|false&#8221; custom_padding=&#8221;0px|||0px|false|false&#8221; border_width_bottom=&#8221;1px&#8221; border_color_bottom=&#8221;#000000&#8243; global_colors_info=&#8221;{}&#8221; open=&#8221;off&#8221;]<\/p>\n<p>&nbsp;<\/p>\n<div style=\"width: 1080px;\" class=\"wp-video\"><video class=\"wp-video-shortcode\" id=\"video-991-1\" width=\"1080\" height=\"608\" preload=\"metadata\" controls=\"controls\"><source type=\"video\/mp4\" src=\"https:\/\/revela-t.cat\/2025\/wp-content\/uploads\/2022\/11\/Festival_Revelat.mp4?_=1\" \/><a href=\"https:\/\/revela-t.cat\/2025\/wp-content\/uploads\/2022\/11\/Festival_Revelat.mp4\">https:\/\/revela-t.cat\/2025\/wp-content\/uploads\/2022\/11\/Festival_Revelat.mp4<\/a><\/video><\/div>\n<p>[\/et_pb_accordion_item][\/et_pb_accordion][\/et_pb_column][et_pb_column type=&#8221;2_5&#8243; _builder_version=&#8221;4.19.5&#8243; _module_preset=&#8221;default&#8221; global_colors_info=&#8221;{}&#8221;][et_pb_image src=&#8221;https:\/\/revela-t.cat\/2025\/wp-content\/uploads\/2022\/11\/2013.png&#8221; title_text=&#8221;2013&#8243; force_fullwidth=&#8221;on&#8221; _builder_version=&#8221;4.19.5&#8243; _module_preset=&#8221;default&#8221; global_colors_info=&#8221;{}&#8221;][\/et_pb_image][\/et_pb_column][\/et_pb_row][\/et_pb_section]<\/p>\n","protected":false},"excerpt":{"rendered":"<p>Revela&#8217;t 2013: La premi\u00e8re \u00e9dition2023 \/ 2022 \/ 2021\u00a0\/ 2020 \/ 2019 \/ 2018 \/\u00a02017 \/ 2016 \/ 2015 \/ 2014\u00a0\/ 2013 Le festival Revela\u2019t a vu le jour pour c\u00e9l\u00e9brer l\u2019anniversaire d\u2019un site Web, espaifotografic.cat, qui a connu son heure de gloire avec le boom de la photographie num\u00e9rique. Le num\u00e9rique ne remplace pas [&hellip;]<\/p>\n","protected":false},"author":3,"featured_media":0,"parent":0,"menu_order":0,"comment_status":"closed","ping_status":"closed","template":"","meta":{"_et_pb_use_builder":"on","_et_pb_old_content":"","_et_gb_content_width":"","om_disable_all_campaigns":false,"footnotes":""},"class_list":["post-991","page","type-page","status-publish","hentry"],"aioseo_notices":[],"_links":{"self":[{"href":"https:\/\/revela-t.cat\/2025\/wp-json\/wp\/v2\/pages\/991","targetHints":{"allow":["GET"]}}],"collection":[{"href":"https:\/\/revela-t.cat\/2025\/wp-json\/wp\/v2\/pages"}],"about":[{"href":"https:\/\/revela-t.cat\/2025\/wp-json\/wp\/v2\/types\/page"}],"author":[{"embeddable":true,"href":"https:\/\/revela-t.cat\/2025\/wp-json\/wp\/v2\/users\/3"}],"replies":[{"embeddable":true,"href":"https:\/\/revela-t.cat\/2025\/wp-json\/wp\/v2\/comments?post=991"}],"version-history":[{"count":0,"href":"https:\/\/revela-t.cat\/2025\/wp-json\/wp\/v2\/pages\/991\/revisions"}],"wp:attachment":[{"href":"https:\/\/revela-t.cat\/2025\/wp-json\/wp\/v2\/media?parent=991"}],"curies":[{"name":"wp","href":"https:\/\/api.w.org\/{rel}","templated":true}]}}