{"id":806,"date":"2022-12-13T11:11:14","date_gmt":"2022-12-13T10:11:14","guid":{"rendered":"https:\/\/revela-t.cat\/2025\/?page_id=806"},"modified":"2024-11-07T10:01:46","modified_gmt":"2024-11-07T09:01:46","slug":"2013-eng","status":"publish","type":"page","link":"https:\/\/revela-t.cat\/2025\/en\/2013-eng\/","title":{"rendered":"ENG &#8211; 2013"},"content":{"rendered":"<p>[et_pb_section fb_built=&#8221;1&#8243; module_class=&#8221;body-content&#8221; _builder_version=&#8221;4.24.0&#8243; _module_preset=&#8221;default&#8221; width=&#8221;1500px&#8221; max_width=&#8221;100%&#8221; module_alignment=&#8221;center&#8221; custom_margin=&#8221;0%||0px||false|false&#8221; custom_padding=&#8221;0%||1%||false|false&#8221; locked=&#8221;off&#8221; global_colors_info=&#8221;{}&#8221;][et_pb_row _builder_version=&#8221;4.19.5&#8243; _module_preset=&#8221;default&#8221; width=&#8221;100%&#8221; max_width=&#8221;2560px&#8221; custom_margin=&#8221;0px|0px|0px|0px|false|false&#8221; custom_padding=&#8221;0px|0px|0px|0px|false|false&#8221; global_colors_info=&#8221;{}&#8221;][et_pb_column type=&#8221;4_4&#8243; _builder_version=&#8221;4.19.4&#8243; _module_preset=&#8221;default&#8221; global_colors_info=&#8221;{}&#8221;][et_pb_text module_class=&#8221;title&#8221; _builder_version=&#8221;4.20.2&#8243; _module_preset=&#8221;default&#8221; text_text_color=&#8221;#000000&#8243; custom_margin=&#8221;||||false|false&#8221; custom_padding=&#8221;||10px||false|false&#8221; custom_css_main_element=&#8221;@media (max-width: 2000px) {||.body-content {||  width: calc(100vw &#8211; 80px);||  margin: 0 40px 0 40px;||}||}&#8221; border_width_bottom=&#8221;1px&#8221; border_color_bottom=&#8221;#000000&#8243; global_colors_info=&#8221;{}&#8221;]<\/p>\n<h1><span style=\"color: #000000;\"><strong>Revela&#8217;t 2013: The first edition<\/strong><\/span><\/h1>\n<p>[\/et_pb_text][\/et_pb_column][\/et_pb_row][\/et_pb_section][et_pb_section fb_built=&#8221;1&#8243; module_class=&#8221;body-content&#8221; _builder_version=&#8221;4.19.5&#8243; _module_preset=&#8221;default&#8221; width=&#8221;1500px&#8221; max_width=&#8221;100%&#8221; module_alignment=&#8221;center&#8221; custom_margin=&#8221;0px|0px|0px||false|false&#8221; custom_padding=&#8221;0px|0px|180px|0px|false|false&#8221; locked=&#8221;off&#8221; global_colors_info=&#8221;{}&#8221;][et_pb_row use_custom_gutter=&#8221;on&#8221; gutter_width=&#8221;1&#8243; _builder_version=&#8221;4.19.5&#8243; _module_preset=&#8221;default&#8221; width=&#8221;900px&#8221; max_width=&#8221;100%&#8221; module_alignment=&#8221;left&#8221; custom_margin=&#8221;0px||0px|0px|false|false&#8221; custom_padding=&#8221;0px||45px|0px|false|false&#8221; locked=&#8221;off&#8221; global_colors_info=&#8221;{}&#8221;][et_pb_column type=&#8221;4_4&#8243; _builder_version=&#8221;4.19.4&#8243; _module_preset=&#8221;default&#8221; global_colors_info=&#8221;{}&#8221;][et_pb_text module_class=&#8221;text&#8221; _builder_version=&#8221;4.27.2&#8243; _module_preset=&#8221;default&#8221; width=&#8221;100%&#8221; max_width=&#8221;100%&#8221; custom_margin=&#8221;||-2px|0px|false|false&#8221; custom_padding=&#8221;|||0px|false|false&#8221; hover_enabled=&#8221;0&#8243; locked=&#8221;off&#8221; global_colors_info=&#8221;{}&#8221; sticky_enabled=&#8221;0&#8243;]<\/p>\n<p><span style=\"color: #808080;\"><a style=\"color: #808080;\" href=\"https:\/\/revela-t.cat\/2025\/2024\/en\/\" target=\"_blank\" rel=\"noopener\">2024<\/a> \/\u00a0<a style=\"color: #808080;\" href=\"https:\/\/revela-t.cat\/2025\/en\/2023-eng\/\" target=\"_blank\" rel=\"noopener\">2023<\/a> \/ <a style=\"color: #808080;\" href=\"https:\/\/revela-t.cat\/2025\/en\/2022-eng\/\" target=\"_blank\" rel=\"noopener\">2022<\/a> \/ <a style=\"color: #808080;\" href=\"https:\/\/revela-t.cat\/2025\/en\/2021-eng\/\" target=\"_blank\" rel=\"noopener\">2021<\/a> \/ <a style=\"color: #808080;\" href=\"https:\/\/revela-t.cat\/2025\/en\/2020-eng\/\" target=\"_blank\" rel=\"noopener\">2020<\/a> \/ <a style=\"color: #808080;\" href=\"https:\/\/revela-t.cat\/2025\/en\/2019-eng\/\" target=\"_blank\" rel=\"noopener\">2019<\/a> \/\u00a0<a style=\"color: #808080;\" href=\"https:\/\/revela-t.cat\/2025\/en\/2018-eng\/\" target=\"_blank\" rel=\"noopener\">2018<\/a> \/ <a style=\"color: #808080;\" href=\"https:\/\/revela-t.cat\/2025\/en\/2017-eng\/\" target=\"_blank\" rel=\"noopener\">2017<\/a> \/ <a style=\"color: #808080;\" href=\"https:\/\/revela-t.cat\/2025\/en\/2016-eng\/\" target=\"_blank\" rel=\"noopener\">2016<\/a> \/ <a style=\"color: #808080;\" href=\"https:\/\/revela-t.cat\/2025\/en\/2015-eng\/\" target=\"_blank\" rel=\"noopener\">2015<\/a> \/ <a style=\"color: #808080;\" href=\"https:\/\/revela-t.cat\/2025\/en\/2014-eng\/\" target=\"_blank\" rel=\"noopener\">2014<\/a> \/ <strong>2013<\/strong><\/span><\/p>\n<p>[\/et_pb_text][\/et_pb_column][\/et_pb_row][et_pb_row column_structure=&#8221;3_5,2_5&#8243; use_custom_gutter=&#8221;on&#8221; gutter_width=&#8221;2&#8243; _builder_version=&#8221;4.19.5&#8243; _module_preset=&#8221;default&#8221; width=&#8221;100%&#8221; max_width=&#8221;100%&#8221; module_alignment=&#8221;left&#8221; custom_padding=&#8221;0px||0px|||&#8221; global_colors_info=&#8221;{}&#8221;][et_pb_column type=&#8221;3_5&#8243; _builder_version=&#8221;4.19.5&#8243; _module_preset=&#8221;default&#8221; global_colors_info=&#8221;{}&#8221;][et_pb_text module_class=&#8221;text&#8221; _builder_version=&#8221;4.20.2&#8243; _module_preset=&#8221;default&#8221; width=&#8221;900px&#8221; max_width=&#8221;100%&#8221; module_alignment=&#8221;left&#8221; custom_margin=&#8221;|||0px|false|false&#8221; custom_padding=&#8221;||45px|0px|false|false&#8221; custom_css_main_element=&#8221;margin-right: 20px;&#8221; global_colors_info=&#8221;{}&#8221;]<\/p>\n<div class=\"uncoltable\">\n<div class=\"uncell no-block-padding\">\n<p>The Revela\u2019t festival arose to celebrate the anniversary of a website, espaifotografic.cat, which had its moment with the boom in digital photography.<\/p>\n<\/div>\n<\/div>\n<p>Trying to find those lost sensations, we decided to have an encounter where analog photography was the protagonist. As lovers of the original techniques and in particular of the Wet Collodion we asked<span>\u00a0<\/span><strong>Quinn Jacobson<\/strong>, one of the most recognized at this time. The response was positive and our surprise was capitalized, since we did not expect that starting from this workshop would form what is now the festival.<\/p>\n<p>Upon learning of Quinn\u2019s presence, another great photographer and friend of his,<span>\u00a0<\/span><strong>Josep Maria Ribas Prous<\/strong>, contacted us, and we had a first exhibition that eventually became eight, and which we rounded off with two workshops, one on pinhole photography with<strong><span>\u00a0<\/span>Ilan Wolf<\/strong><span>\u00a0<\/span>and another with our dear<span>\u00a0<\/span><strong>Eduardo Mome\u00f1e and Jos\u00e9 Manuel Navia.<\/strong><\/p>\n<p>An edition that lasted only one weekend and that for us was a great experience that did not take long to bear fruit.<\/p>\n<p>[\/et_pb_text][et_pb_accordion open_toggle_background_color=&#8221;#FFFFFF&#8221; closed_toggle_text_color=&#8221;#000000&#8243; closed_toggle_background_color=&#8221;#FFFFFF&#8221; toggle_icon=&#8221;&#x4c;||divi||400&#8243; icon_color=&#8221;#000000&#8243; use_icon_font_size=&#8221;on&#8221; icon_font_size=&#8221;30px&#8221; icon_color_last_edited=&#8221;off|desktop&#8221; module_class=&#8221;t&#8221; _builder_version=&#8221;4.20.2&#8243; _module_preset=&#8221;default&#8221; toggle_font=&#8221;|600|||||||&#8221; closed_toggle_text_align=&#8221;left&#8221; body_font_size=&#8221;16px&#8221; custom_margin=&#8221;0px||0px||false|false&#8221; custom_padding=&#8221;0px||0px||false|false&#8221; border_width_all=&#8221;0px&#8221; locked=&#8221;off&#8221; global_colors_info=&#8221;{}&#8221;][et_pb_accordion_item title=&#8221;Exhibitions&#8221; open=&#8221;on&#8221; _builder_version=&#8221;4.20.2&#8243; _module_preset=&#8221;default&#8221; custom_margin=&#8221;0px|||0px|false|false&#8221; custom_padding=&#8221;0px|||0px|false|false&#8221; border_width_bottom=&#8221;1px&#8221; border_color_bottom=&#8221;#000000&#8243; global_colors_info=&#8221;{}&#8221;]<\/p>\n<p><span style=\"color: #000000;\"><strong><\/strong><\/span><\/p>\n<p><span style=\"color: #000000;\"><strong>Faust\u00ed Lluci\u00e0,<\/strong>\u00a0<em>Bot\u00e1nica urbana.\u00a0<\/em><strong>Hanna Jarzabeck,<\/strong>\u00a0<em>Lesbians &amp; much more.\u00a0<\/em><strong>Miquel \u00c0ngel P\u00e9rez,<\/strong>\u00a0<em>Nudus.\u00a0<\/em><strong>Pablo Lerma,<\/strong>\u00a0<em>Related Time.\u00a0<\/em><strong>Colectiva,<\/strong>\u00a0<em>Hablando en Plata.\u00a0<\/em><strong>Colecci\u00f3n<\/strong>\u00a0<strong>J. M. Ribas Prous<\/strong>\u00a0y\u00a0<strong>Lloren\u00e7 Herrera,\u00a0<\/strong><em>USA tintypes\/ferrotypes western time (circa 1856\/1880).\u00a0<\/em><b>Colecci\u00f3n Ram\u00f3n Rod\u00f3,<\/b>\u00a0<em>Exposici\u00f3n de c\u00e1maras fotogr\u00e1ficas antiguas.\u00a0<\/em><b>Centre Excursionista de Catalunya CEC,<\/b>\u00a0<em>Autocromos, fotografia en color de principios del s. XX.<\/em><\/span><\/p>\n<p>[\/et_pb_accordion_item][et_pb_accordion_item title=&#8221;Programme&#8221; _builder_version=&#8221;4.20.2&#8243; _module_preset=&#8221;default&#8221; custom_margin=&#8221;0px|||0px|false|false&#8221; custom_padding=&#8221;0px|||0px|false|false&#8221; border_width_bottom=&#8221;1px&#8221; border_color_bottom=&#8221;#000000&#8243; global_colors_info=&#8221;{}&#8221; open=&#8221;off&#8221;]<\/p>\n<h3><span style=\"color: #000000; font-size: 16px;\"><\/span><\/h3>\n<h5><span style=\"color: #000000;\"><strong><\/strong><\/span><\/h5>\n<h5><span style=\"color: #000000;\"><strong>Friday 24th May<\/strong><\/span><\/h5>\n<ul>\n<li><span style=\"color: #000000;\">19:00h<span>\u2014<\/span>22:00h: <\/span><span style=\"color: #000000;\">Opening round of the exhibitions<\/span><\/li>\n<\/ul>\n<h5><span style=\"color: #000000;\"><strong><\/strong><\/span><\/h5>\n<h5><span style=\"color: #000000;\">Saturday 25th May<\/span><\/h5>\n<ul>\n<li><span style=\"color: #000000;\">10:00\u201412:00h: <\/span><span style=\"color: #000000;\">Conference-practical demonstration of pinhole photography with Ilan Wolff<\/span><\/li>\n<li><span style=\"color: #000000;\">12:00\u201414:00h: <\/span><span style=\"color: #000000;\">Wet Collodion Hands-on Demonstration with Quinn Jacobson<\/span><\/li>\n<li><span style=\"color: #000000;\">10:00\u201413:00h: <\/span><span style=\"color: #000000;\">X edition of Caja Azul: \u00abAnalog rhythms in digital times\u00ab<\/span><\/li>\n<li><span style=\"color: #000000;\">14:00\u201416:00h: <\/span><span style=\"color: #000000;\">Popular paella<\/span><\/li>\n<li><span style=\"color: #000000;\">17:00\u201419:30: <\/span><span style=\"color: #000000;\">Round table \u201cPhotography: passion and expression\u201d with E. Mome\u00f1e, J.M. Navia, M. Laguillo, led by J. Bou<\/span><\/li>\n<li><span style=\"color: #000000;\">17:00\u201419:00h: <\/span><span style=\"color: #000000;\">Conference \u00ab1839-1939: Els primers 100 anys de les c\u00e0meres fotogr\u00e0fiques\u00bb by Ramon Rod\u00f3<\/span><\/li>\n<li><span style=\"color: #000000;\">20:00\u20141:00h: <\/span><span style=\"color: #000000;\">Music groups, beers, talk, sandwiches, parties\u2026<\/span><\/li>\n<li><span style=\"color: #000000;\">10:00h\u201418:00: <\/span><span style=\"color: #000000;\">Commercial demonstrations and different techniques by the groups that collaborate in the festival: photogenic experiments, a giant cyanotype, carbon stamp, chemgraphs and much more<\/span><\/li>\n<\/ul>\n<h5><span style=\"color: #000000;\"><strong><\/strong><\/span><\/h5>\n<h5><span style=\"color: #000000;\"><strong>Sunday 26th May<\/strong><\/span><\/h5>\n<ul>\n<li><span style=\"color: #000000;\">10:00\u201420:00h: <\/span><span style=\"color: #000000;\">Introductory Workshop on Wet Collodion with Quinn Jacobson<\/span><\/li>\n<li><span style=\"color: #000000;\">10:00\u201420:00h: <\/span><span style=\"color: #000000;\">Pinhole Photography Workshop with Ilan Wolff<\/span><\/li>\n<li><span style=\"color: #000000;\">10:00\u201420:00h: <\/span><span style=\"color: #000000;\">Workshop \u201cThe Photographic Vision, from theory and practice\u201d with E. Mome\u00f1e and J.M. Navia<\/span><\/li>\n<li><span style=\"color: #000000;\">10:00h\u201415:00h: Commercial demonstrations and different techniques by the groups that collaborate in the festival: a minute camera that will circulate through the streets of Vilassar, chemgraphs, bichromated rubbers and much more<\/span><\/li>\n<li><span style=\"color: #000000;\">14:00h\u201416:00h: <\/span><span style=\"color: #000000;\">Popular barbecue<\/span><\/li>\n<\/ul>\n<h3><span style=\"color: #000000;\"><\/span><\/h3>\n<h5><span style=\"color: #000000;\"><strong>Tuesday 28th and Wednesday 29th May<\/strong><\/span><\/h5>\n<ul>\n<li><span style=\"color: #000000;\"><span style=\"color: #000000;\">10:00\u201420:00h: <\/span><\/span><span style=\"color: #000000;\">Advanced Negative Wet Collodion Course with Quinn Jacobson<\/span><\/li>\n<\/ul>\n<p>[\/et_pb_accordion_item][et_pb_accordion_item title=&#8221;Aftermovie&#8221; _builder_version=&#8221;4.20.2&#8243; _module_preset=&#8221;default&#8221; custom_margin=&#8221;0px|||0px|false|false&#8221; custom_padding=&#8221;0px|||0px|false|false&#8221; border_width_bottom=&#8221;1px&#8221; border_color_bottom=&#8221;#000000&#8243; global_colors_info=&#8221;{}&#8221; open=&#8221;off&#8221;]<\/p>\n<p>&nbsp;<\/p>\n<div style=\"width: 1080px;\" class=\"wp-video\"><video class=\"wp-video-shortcode\" id=\"video-806-1\" width=\"1080\" height=\"608\" preload=\"metadata\" controls=\"controls\"><source type=\"video\/mp4\" src=\"https:\/\/revela-t.cat\/2025\/wp-content\/uploads\/2022\/11\/Festival_Revelat.mp4?_=1\" \/><a href=\"https:\/\/revela-t.cat\/2025\/wp-content\/uploads\/2022\/11\/Festival_Revelat.mp4\">https:\/\/revela-t.cat\/2025\/wp-content\/uploads\/2022\/11\/Festival_Revelat.mp4<\/a><\/video><\/div>\n<p>[\/et_pb_accordion_item][\/et_pb_accordion][\/et_pb_column][et_pb_column type=&#8221;2_5&#8243; _builder_version=&#8221;4.19.5&#8243; _module_preset=&#8221;default&#8221; global_colors_info=&#8221;{}&#8221;][et_pb_image src=&#8221;https:\/\/revela-t.cat\/2025\/wp-content\/uploads\/2022\/11\/2013.png&#8221; title_text=&#8221;2013&#8243; force_fullwidth=&#8221;on&#8221; _builder_version=&#8221;4.19.5&#8243; _module_preset=&#8221;default&#8221; global_colors_info=&#8221;{}&#8221;][\/et_pb_image][\/et_pb_column][\/et_pb_row][\/et_pb_section]<\/p>\n","protected":false},"excerpt":{"rendered":"<p>Revela&#8217;t 2013: The first edition2024 \/\u00a02023 \/ 2022 \/ 2021 \/ 2020 \/ 2019 \/\u00a02018 \/ 2017 \/ 2016 \/ 2015 \/ 2014 \/ 2013 The Revela\u2019t festival arose to celebrate the anniversary of a website, espaifotografic.cat, which had its moment with the boom in digital photography. Trying to find those lost sensations, we decided [&hellip;]<\/p>\n","protected":false},"author":3,"featured_media":0,"parent":0,"menu_order":0,"comment_status":"closed","ping_status":"closed","template":"","meta":{"_et_pb_use_builder":"on","_et_pb_old_content":"","_et_gb_content_width":"","om_disable_all_campaigns":false,"footnotes":""},"class_list":["post-806","page","type-page","status-publish","hentry"],"aioseo_notices":[],"_links":{"self":[{"href":"https:\/\/revela-t.cat\/2025\/wp-json\/wp\/v2\/pages\/806","targetHints":{"allow":["GET"]}}],"collection":[{"href":"https:\/\/revela-t.cat\/2025\/wp-json\/wp\/v2\/pages"}],"about":[{"href":"https:\/\/revela-t.cat\/2025\/wp-json\/wp\/v2\/types\/page"}],"author":[{"embeddable":true,"href":"https:\/\/revela-t.cat\/2025\/wp-json\/wp\/v2\/users\/3"}],"replies":[{"embeddable":true,"href":"https:\/\/revela-t.cat\/2025\/wp-json\/wp\/v2\/comments?post=806"}],"version-history":[{"count":0,"href":"https:\/\/revela-t.cat\/2025\/wp-json\/wp\/v2\/pages\/806\/revisions"}],"wp:attachment":[{"href":"https:\/\/revela-t.cat\/2025\/wp-json\/wp\/v2\/media?parent=806"}],"curies":[{"name":"wp","href":"https:\/\/api.w.org\/{rel}","templated":true}]}}