{"id":787,"date":"2022-11-22T10:52:41","date_gmt":"2022-11-22T09:52:41","guid":{"rendered":"https:\/\/revela-t.cat\/2025\/?page_id=787"},"modified":"2024-11-07T10:03:09","modified_gmt":"2024-11-07T09:03:09","slug":"2014-eng","status":"publish","type":"page","link":"https:\/\/revela-t.cat\/2025\/en\/2014-eng\/","title":{"rendered":"ENG &#8211; 2014"},"content":{"rendered":"<p>[et_pb_section fb_built=&#8221;1&#8243; module_class=&#8221;body-content&#8221; _builder_version=&#8221;4.19.5&#8243; _module_preset=&#8221;default&#8221; width=&#8221;1500px&#8221; max_width=&#8221;100%&#8221; module_alignment=&#8221;center&#8221; custom_margin=&#8221;||0px||false|false&#8221; custom_padding=&#8221;48px||34px||false|false&#8221; locked=&#8221;off&#8221; global_colors_info=&#8221;{}&#8221;][et_pb_row _builder_version=&#8221;4.19.5&#8243; _module_preset=&#8221;default&#8221; width=&#8221;100%&#8221; max_width=&#8221;2560px&#8221; custom_margin=&#8221;0px|0px|0px|0px|false|false&#8221; custom_padding=&#8221;0px|0px|0px|0px|false|false&#8221; global_colors_info=&#8221;{}&#8221;][et_pb_column type=&#8221;4_4&#8243; _builder_version=&#8221;4.19.4&#8243; _module_preset=&#8221;default&#8221; global_colors_info=&#8221;{}&#8221;][et_pb_text module_class=&#8221;title&#8221; _builder_version=&#8221;4.20.2&#8243; _module_preset=&#8221;default&#8221; text_text_color=&#8221;#000000&#8243; custom_margin=&#8221;||||false|false&#8221; custom_padding=&#8221;||10px||false|false&#8221; custom_css_main_element=&#8221;@media (max-width: 2000px) {||.body-content {||  width: calc(100vw &#8211; 80px);||  margin: 0 40px 0 40px;||}||}&#8221; border_width_bottom=&#8221;1px&#8221; border_color_bottom=&#8221;#000000&#8243; global_colors_info=&#8221;{}&#8221;]<\/p>\n<h1><span style=\"color: #000000;\"><strong>Revela&#8217;t 2014: The second edition<\/strong><\/span><\/h1>\n<p>[\/et_pb_text][\/et_pb_column][\/et_pb_row][\/et_pb_section][et_pb_section fb_built=&#8221;1&#8243; module_class=&#8221;body-content&#8221; _builder_version=&#8221;4.19.5&#8243; _module_preset=&#8221;default&#8221; width=&#8221;1500px&#8221; max_width=&#8221;100%&#8221; module_alignment=&#8221;center&#8221; custom_margin=&#8221;0px|0px|0px||false|false&#8221; custom_padding=&#8221;0px|0px|180px|0px|false|false&#8221; locked=&#8221;off&#8221; global_colors_info=&#8221;{}&#8221;][et_pb_row use_custom_gutter=&#8221;on&#8221; gutter_width=&#8221;1&#8243; _builder_version=&#8221;4.19.5&#8243; _module_preset=&#8221;default&#8221; width=&#8221;900px&#8221; max_width=&#8221;100%&#8221; module_alignment=&#8221;left&#8221; custom_margin=&#8221;0px||0px|0px|false|false&#8221; custom_padding=&#8221;0px||45px|0px|false|false&#8221; locked=&#8221;off&#8221; global_colors_info=&#8221;{}&#8221;][et_pb_column type=&#8221;4_4&#8243; _builder_version=&#8221;4.19.4&#8243; _module_preset=&#8221;default&#8221; global_colors_info=&#8221;{}&#8221;][et_pb_text module_class=&#8221;text&#8221; _builder_version=&#8221;4.27.2&#8243; _module_preset=&#8221;default&#8221; width=&#8221;100%&#8221; max_width=&#8221;100%&#8221; custom_margin=&#8221;||-2px|0px|false|false&#8221; custom_padding=&#8221;|||0px|false|false&#8221; locked=&#8221;off&#8221; global_colors_info=&#8221;{}&#8221;]<\/p>\n<p><span style=\"color: #808080;\"><a style=\"color: #808080;\" href=\"https:\/\/revela-t.cat\/2025\/2024\/en\/\" target=\"_blank\" rel=\"noopener\">2024<\/a> \/\u00a0<a style=\"color: #808080;\" href=\"https:\/\/revela-t.cat\/2025\/en\/2023-eng\/\" target=\"_blank\" rel=\"noopener\">2023<\/a> \/ <a style=\"color: #808080;\" href=\"https:\/\/revela-t.cat\/2025\/en\/2022-eng\/\" target=\"_blank\" rel=\"noopener\">2022<\/a> \/ <a style=\"color: #808080;\" href=\"https:\/\/revela-t.cat\/2025\/en\/2021-eng\/\" target=\"_blank\" rel=\"noopener\">2021<\/a> \/ <a style=\"color: #808080;\" href=\"https:\/\/revela-t.cat\/2025\/en\/2020-eng\/\" target=\"_blank\" rel=\"noopener\">2020<\/a> \/ <a style=\"color: #808080;\" href=\"https:\/\/revela-t.cat\/2025\/en\/2019-eng\/\" target=\"_blank\" rel=\"noopener\">2019<\/a> \/\u00a0<a style=\"color: #808080;\" href=\"https:\/\/revela-t.cat\/2025\/en\/2018-eng\/\" target=\"_blank\" rel=\"noopener\">2018<\/a> \/ <a style=\"color: #808080;\" href=\"https:\/\/revela-t.cat\/2025\/en\/2017-eng\/\" target=\"_blank\" rel=\"noopener\">2017<\/a> \/ <a style=\"color: #808080;\" href=\"https:\/\/revela-t.cat\/2025\/en\/2016-eng\/\" target=\"_blank\" rel=\"noopener\">2016<\/a> \/ <a style=\"color: #808080;\" href=\"https:\/\/revela-t.cat\/2025\/en\/2015-eng\/\" target=\"_blank\" rel=\"noopener\">2015<\/a> \/ <strong>2014\u00a0<\/strong>\/ <a style=\"color: #808080;\" href=\"https:\/\/revela-t.cat\/2025\/en\/2013-eng\/\" target=\"_blank\" rel=\"noopener\">2013<\/a><\/span><\/p>\n<p>[\/et_pb_text][\/et_pb_column][\/et_pb_row][et_pb_row column_structure=&#8221;3_5,2_5&#8243; use_custom_gutter=&#8221;on&#8221; gutter_width=&#8221;2&#8243; _builder_version=&#8221;4.19.5&#8243; _module_preset=&#8221;default&#8221; width=&#8221;100%&#8221; max_width=&#8221;100%&#8221; module_alignment=&#8221;left&#8221; custom_padding=&#8221;0px||0px|||&#8221; global_colors_info=&#8221;{}&#8221;][et_pb_column type=&#8221;3_5&#8243; _builder_version=&#8221;4.19.5&#8243; _module_preset=&#8221;default&#8221; global_colors_info=&#8221;{}&#8221;][et_pb_text module_class=&#8221;text&#8221; _builder_version=&#8221;4.20.2&#8243; _module_preset=&#8221;default&#8221; width=&#8221;900px&#8221; max_width=&#8221;100%&#8221; module_alignment=&#8221;left&#8221; custom_margin=&#8221;|||0px|false|false&#8221; custom_padding=&#8221;||45px|0px|false|false&#8221; custom_css_main_element=&#8221;margin-right: 20px;&#8221; global_colors_info=&#8221;{}&#8221;]<\/p>\n<p>Just after celebrating the first edition, we began to receive emails congratulating us on the initiative and encouraging us to celebrate a second edition. Many of those emails told us what we already sensed, that there were many people who were waiting for an event like this, that they felt isolated and that this was a good way to get to know each other and bet on what we like.<\/p>\n<p>We like to think that we have put even a small grain of sand for the new <strong>boom in analog photography<\/strong>.<\/p>\n<p>There is no type of nostalgia in claiming a different way of doing things, with a philosophy and tempos that allow us to have different sensations.<\/p>\n<p>Thanks to the presence of many photographers who were already emerging, we had <strong>20 exhibitions<\/strong> and another <strong>30 micro-exhibitions<\/strong> in shops in the municipality.<\/p>\n<p>We had the surprise visit of many great photographers and some other media personality, which motivated us for a third edition that would be even more powerful.<\/p>\n<p>[\/et_pb_text][et_pb_accordion open_toggle_background_color=&#8221;#FFFFFF&#8221; closed_toggle_text_color=&#8221;#000000&#8243; closed_toggle_background_color=&#8221;#FFFFFF&#8221; toggle_icon=&#8221;&#x4c;||divi||400&#8243; icon_color=&#8221;#000000&#8243; use_icon_font_size=&#8221;on&#8221; icon_font_size=&#8221;30px&#8221; icon_color_last_edited=&#8221;off|desktop&#8221; module_class=&#8221;t&#8221; _builder_version=&#8221;4.20.2&#8243; _module_preset=&#8221;default&#8221; toggle_font=&#8221;|600|||||||&#8221; closed_toggle_text_align=&#8221;left&#8221; body_font_size=&#8221;16px&#8221; custom_margin=&#8221;0px||0px||false|false&#8221; custom_padding=&#8221;0px||0px||false|false&#8221; border_width_all=&#8221;0px&#8221; locked=&#8221;off&#8221; global_colors_info=&#8221;{}&#8221;][et_pb_accordion_item title=&#8221;Exhibitions&#8221; open=&#8221;on&#8221; _builder_version=&#8221;4.20.2&#8243; _module_preset=&#8221;default&#8221; custom_margin=&#8221;0px|||0px|false|false&#8221; custom_padding=&#8221;0px|||0px|false|false&#8221; border_width_bottom=&#8221;1px&#8221; border_color_bottom=&#8221;#000000&#8243; global_colors_info=&#8221;{}&#8221;]<\/p>\n<p><span style=\"color: #000000;\"><strong><\/strong><\/span><\/p>\n<p><span class=\"font-151547\" style=\"color: #000000;\"><span>In this second edition the word spread and we had many requests to exhibit works. We take advantage of spaces such as the building where the current library is located, which was still under construction. And we also had 30 smaller exhibitions in shops in the municipality.<\/span><\/span><\/p>\n<p><span style=\"color: #000000;\"><span class=\"font-151547\"><strong>Andrei Farcasanu,<\/strong>\u00a0<em>Mindscapes.\u00a0<\/em><\/span><strong>Berta Vicente,\u00a0<\/strong><em>Retratos.\u00a0<\/em><strong><span class=\"font-151547\">Ca l\u2019Isidret edicions (Aleix Plademunt,<\/span><\/strong><span class=\"font-151547\"><strong>\u00a0Roger Guaus y Juan Diego Valera),<\/strong><\/span><em><span class=\"font-151547\">\u00a0Movimientos del suelo.\u00a0<\/span><\/em><strong>Colecci\u00f3n Valid Foto BCN y Tagomago,\u00a0<\/strong><em>Piezas selectas.\u00a0<\/em><strong>Colectivo Hablando en Plata,\u00a0<\/strong><em>Exposici\u00f3n Hablando en Plata III.\u00a0<\/em><strong>Daniel Samanns<\/strong>,\u00a0<em>Portraits (Wet Plate collodion).\u00a0<\/em><strong>Daniel S. \u00c0lvarez,<\/strong>\u00a0<em>\u00c1lbum.\u00a0<\/em><strong>Ignasi L\u00f3pez,\u00a0<\/strong><i>Vacaciones\u00a0<\/i>y\u00a0<i>Sport Places.\u00a0<\/i><strong>Josep Maria Ribas Prous,<\/strong>\u00a0<em>En elogio al \u00abArte Povera fotogr\u00e1fico.\u00a0<\/em><strong>Josep Guiol\u00e0,\u00a0<\/strong><em>Foto- s\u00edntesis , abstracciones y expresiones.\u00a0<\/em><strong>Lea Tyrallov\u00e1,<\/strong>\u00a0<em>\u00b4Ja \u2013 Ty \u2013 My \u2013 Oni\u00b4.\u00a0<\/em><strong>Lola Montserrat,<\/strong>\u00a0<em>Zoo\u2019z.\u00a0<\/em><strong>Montse L\u00f3pez,<\/strong>\u00a0\u00a0<em>\u00cdtaca<\/em>.\u00a0<strong>Paola de Grenet,<\/strong>\u00a0<em>A dog\u2019s life.\u00a0<\/em><strong>Ram\u00f3n Casanova &amp; Jorge Egea\u00a0<\/strong><em>Luminograf\u00edas<\/em>.\u00a0<strong>Rom\u00e1n Y\u00f1\u00e1n,<\/strong>\u00a0<em>Series Familiares.\u00a0<\/em><strong>Salva L\u00f3pez,\u00a0<\/strong><em>Roig 26.\u00a0<\/em><strong>Salvi Dan\u00e9s,\u00a0<\/strong><em>Blackcelona.\u00a0<\/em><strong>Xose Gago,<\/strong>\u00a0<em>un alquimista de la fotograf\u00eda.<\/em><\/span><\/p>\n<p><span style=\"text-decoration: underline; color: #000000;\"><em>Microexpositions<\/em><\/span><\/p>\n<div class=\"sixteen columns row teasers portfolio\">\n<div class=\"rowwrap\">\n<div><span><span style=\"color: #000000;\">This was a beautiful initiative that involved 30 artists and 30 businesses<\/span>.<\/span><\/div>\n<\/div>\n<\/div>\n<div class=\"sixteen columns row teasers portfolio\">\n<div class=\"rowwrap\">\n<p><span style=\"color: #000000;\"><span class=\"font-151547\"><strong>Alek Levasgani<\/strong><em>\u00a0Roser selecci\u00f3 de carns;<\/em>\u00a0<strong>Alek Levasgani\u00a0<\/strong><\/span><span class=\"font-151547\"><em>Nuova perruqueria unisex;\u00a0<\/em><strong>S\u00f3nsoles Mart\u00edn<\/strong>\u00a0<\/span><em><span class=\"font-151547\">Perruqueria Ca l\u2019Alfaro;\u00a0<\/span><\/em><span class=\"font-151547\"><strong>Rita Puig-Serra<\/strong><\/span>\u00a0<span class=\"font-151547\"><em>Foto-Optica;\u00a0<\/em><strong>Jos\u00e9 M. Magano\u00a0<\/strong><\/span><span class=\"font-151547\"><em>Finques Miralles;\u00a0<\/em><strong>Alice Zaccaria\u00a0<\/strong><\/span><em><span class=\"font-151547\">Patric perruqueria masculina;\u00a0<\/span><\/em><span class=\"font-151547\"><strong>Clara Cort\u00e9s\u00a0<\/strong><em>Piella est\u00e8tica;\u00a0<\/em><strong>Frederic Navarro\u00a0<\/strong><\/span><span class=\"font-151547\"><em>Pastisseria Joan;\u00a0<\/em><strong>Antonio Villar\u00a0<\/strong><\/span><span class=\"font-151547\"><em>Electrodom\u00e8stics i Regals Imma Baylach;<\/em>\u00a0<strong>Claudia Cebri\u00e1n\u00a0<\/strong><\/span><em><span class=\"font-151547\">Matilde Regals i Joies;\u00a0<\/span><\/em><strong><span class=\"font-151547\">Ivan Caponio\u00a0<\/span><\/strong><span class=\"font-151547\"><em>Ma&amp;Do<\/em><strong>;<\/strong>\u00a0<\/span><span class=\"font-151547\"><strong>Lu\u00eds Rabanal<\/strong><em>\u00a0Pastisseria Maria Teresa;<\/em><strong>\u00a0Jos\u00e9 Manuel Madrona\u00a0<\/strong><\/span><em><span class=\"font-151547\">Roba infantil i juvenil Chic\u2019s;\u00a0<\/span><\/em><span class=\"font-151547\"><strong>Oriol Mas\u00a0<\/strong><\/span><em><span class=\"font-151547\">Boutique Bianca;\u00a0<\/span><\/em><span class=\"font-151547\"><strong>Aran Rodr\u00edguez\u00a0<\/strong><\/span><span class=\"font-151547\"><em>Trendy Imatge perruqueria unisex<\/em>;\u00a0<strong>Diego P\u00e9rez\u00a0<\/strong><\/span><em><span class=\"font-151547\">El Vestidor de l\u2019Espe;<\/span><\/em><span class=\"font-151547\"><strong>\u00a0Isabel Val\u00a0<\/strong><\/span><span class=\"font-151547\"><strong>P<\/strong><em>erfumeria L\u2019Aromer;\u00a0<\/em><strong>Las chicas de Talbot<\/strong>\u00a0<\/span><em><span class=\"font-151547\">L\u2019Artemisa;\u00a0<\/span><\/em><span class=\"font-151547\"><strong>Paula Arbeola\u00a0<\/strong><\/span><em><span class=\"font-151547\">Merceria Nuri;\u00a0<\/span><\/em><span class=\"font-151547\"><strong>Jos\u00e9 Manuel Madrona\u00a0<\/strong><\/span><em><span class=\"font-151547\">Llaminadures Dol\u00e7aina;\u00a0<\/span><\/em><span class=\"font-151547\"><strong>Antoine Khidichian\u00a0<\/strong><\/span><em><span class=\"font-151547\">Peixateria Guinot;\u00a0<\/span><\/em><span class=\"font-151547\"><strong>Llu\u00eds Rabanal\u00a0<\/strong><\/span><em><span class=\"font-151547\">Pastisseria Forn Can Cros; Dani Amor\u00f3s\u00a0<\/span><span class=\"font-151547\">Farm\u00e0cia de Dalt;\u00a0<\/span><\/em><span class=\"font-151547\"><strong>Mario Bonardo\u00a0<\/strong><\/span><em><span class=\"font-151547\">Flors Pujol.<\/span><\/em><\/span><\/p>\n<\/div>\n<\/div>\n<p>&nbsp;<\/p>\n<p>[\/et_pb_accordion_item][et_pb_accordion_item title=&#8221;Programme&#8221; _builder_version=&#8221;4.20.2&#8243; _module_preset=&#8221;default&#8221; custom_margin=&#8221;0px|||0px|false|false&#8221; custom_padding=&#8221;0px|||0px|false|false&#8221; border_width_bottom=&#8221;1px&#8221; border_color_bottom=&#8221;#000000&#8243; global_colors_info=&#8221;{}&#8221; open=&#8221;off&#8221;]<\/p>\n<p><span style=\"color: #000000;\"><\/span><\/p>\n<p><span style=\"color: #000000;\">You can download the programme <a class=\"link\" href=\"https:\/\/revela-t.cat\/2025\/wp-content\/uploads\/2022\/11\/Revelat14-Cataleg-VI.pdf\" style=\"color: #000000;\">here<\/a>.<\/span><\/p>\n<p>[\/et_pb_accordion_item][et_pb_accordion_item title=&#8221;Aftermovie&#8221; _builder_version=&#8221;4.20.2&#8243; _module_preset=&#8221;default&#8221; custom_margin=&#8221;0px|||0px|false|false&#8221; custom_padding=&#8221;0px|||0px|false|false&#8221; border_width_bottom=&#8221;1px&#8221; border_color_bottom=&#8221;#000000&#8243; global_colors_info=&#8221;{}&#8221; open=&#8221;off&#8221;]<\/p>\n<p>&nbsp;<\/p>\n<div style=\"width: 1080px;\" class=\"wp-video\"><video class=\"wp-video-shortcode\" id=\"video-787-1\" width=\"1080\" height=\"608\" preload=\"metadata\" controls=\"controls\"><source type=\"video\/mp4\" src=\"https:\/\/revela-t.cat\/2025\/wp-content\/uploads\/2022\/11\/Resum_Festival_Revelat_2014.mp4?_=1\" \/><a href=\"https:\/\/revela-t.cat\/2025\/wp-content\/uploads\/2022\/11\/Resum_Festival_Revelat_2014.mp4\">https:\/\/revela-t.cat\/2025\/wp-content\/uploads\/2022\/11\/Resum_Festival_Revelat_2014.mp4<\/a><\/video><\/div>\n<p>[\/et_pb_accordion_item][\/et_pb_accordion][\/et_pb_column][et_pb_column type=&#8221;2_5&#8243; _builder_version=&#8221;4.19.5&#8243; _module_preset=&#8221;default&#8221; global_colors_info=&#8221;{}&#8221;][et_pb_image src=&#8221;https:\/\/revela-t.cat\/2025\/wp-content\/uploads\/2022\/11\/2014.png&#8221; title_text=&#8221;2014&#8243; force_fullwidth=&#8221;on&#8221; _builder_version=&#8221;4.19.0&#8243; _module_preset=&#8221;default&#8221; global_colors_info=&#8221;{}&#8221;][\/et_pb_image][\/et_pb_column][\/et_pb_row][\/et_pb_section]<\/p>\n","protected":false},"excerpt":{"rendered":"<p>Revela&#8217;t 2014: The second edition2024 \/\u00a02023 \/ 2022 \/ 2021 \/ 2020 \/ 2019 \/\u00a02018 \/ 2017 \/ 2016 \/ 2015 \/ 2014\u00a0\/ 2013Just after celebrating the first edition, we began to receive emails congratulating us on the initiative and encouraging us to celebrate a second edition. Many of those emails told us what we [&hellip;]<\/p>\n","protected":false},"author":3,"featured_media":0,"parent":0,"menu_order":0,"comment_status":"closed","ping_status":"closed","template":"","meta":{"_et_pb_use_builder":"on","_et_pb_old_content":"","_et_gb_content_width":"","om_disable_all_campaigns":false,"footnotes":""},"class_list":["post-787","page","type-page","status-publish","hentry"],"aioseo_notices":[],"_links":{"self":[{"href":"https:\/\/revela-t.cat\/2025\/wp-json\/wp\/v2\/pages\/787","targetHints":{"allow":["GET"]}}],"collection":[{"href":"https:\/\/revela-t.cat\/2025\/wp-json\/wp\/v2\/pages"}],"about":[{"href":"https:\/\/revela-t.cat\/2025\/wp-json\/wp\/v2\/types\/page"}],"author":[{"embeddable":true,"href":"https:\/\/revela-t.cat\/2025\/wp-json\/wp\/v2\/users\/3"}],"replies":[{"embeddable":true,"href":"https:\/\/revela-t.cat\/2025\/wp-json\/wp\/v2\/comments?post=787"}],"version-history":[{"count":0,"href":"https:\/\/revela-t.cat\/2025\/wp-json\/wp\/v2\/pages\/787\/revisions"}],"wp:attachment":[{"href":"https:\/\/revela-t.cat\/2025\/wp-json\/wp\/v2\/media?parent=787"}],"curies":[{"name":"wp","href":"https:\/\/api.w.org\/{rel}","templated":true}]}}