{"id":653,"date":"2022-11-21T13:41:43","date_gmt":"2022-11-21T12:41:43","guid":{"rendered":"https:\/\/revela-t.cat\/2025\/?page_id=653"},"modified":"2024-11-07T10:07:05","modified_gmt":"2024-11-07T09:07:05","slug":"2018-eng","status":"publish","type":"page","link":"https:\/\/revela-t.cat\/2025\/en\/2018-eng\/","title":{"rendered":"ENG &#8211; 2018"},"content":{"rendered":"<p>[et_pb_section fb_built=&#8221;1&#8243; module_class=&#8221;body-content&#8221; _builder_version=&#8221;4.19.5&#8243; _module_preset=&#8221;default&#8221; width=&#8221;1500px&#8221; max_width=&#8221;100%&#8221; module_alignment=&#8221;center&#8221; custom_margin=&#8221;||0px||false|false&#8221; custom_padding=&#8221;48px||34px||false|false&#8221; locked=&#8221;off&#8221; global_colors_info=&#8221;{}&#8221;][et_pb_row _builder_version=&#8221;4.19.5&#8243; _module_preset=&#8221;default&#8221; width=&#8221;100%&#8221; max_width=&#8221;2560px&#8221; custom_margin=&#8221;0px|0px|0px|0px|false|false&#8221; custom_padding=&#8221;0px|0px|0px|0px|false|false&#8221; global_colors_info=&#8221;{}&#8221;][et_pb_column type=&#8221;4_4&#8243; _builder_version=&#8221;4.19.4&#8243; _module_preset=&#8221;default&#8221; global_colors_info=&#8221;{}&#8221;][et_pb_text module_class=&#8221;title&#8221; _builder_version=&#8221;4.20.2&#8243; _module_preset=&#8221;default&#8221; text_text_color=&#8221;#000000&#8243; custom_margin=&#8221;||||false|false&#8221; custom_padding=&#8221;||10px||false|false&#8221; custom_css_main_element=&#8221;@media (max-width: 2000px) {||.body-content {||  width: calc(100vw &#8211; 80px);||  margin: 0 40px 0 40px;||}||}&#8221; border_width_bottom=&#8221;1px&#8221; border_color_bottom=&#8221;#000000&#8243; global_colors_info=&#8221;{}&#8221;]<\/p>\n<h1><span style=\"color: #000000;\"><strong>Revela&#8217;t 2018: Odysseys, a journey full of adventures<\/strong><\/span><\/h1>\n<p>[\/et_pb_text][\/et_pb_column][\/et_pb_row][\/et_pb_section][et_pb_section fb_built=&#8221;1&#8243; module_class=&#8221;body-content&#8221; _builder_version=&#8221;4.19.5&#8243; _module_preset=&#8221;default&#8221; width=&#8221;1500px&#8221; max_width=&#8221;100%&#8221; module_alignment=&#8221;center&#8221; custom_margin=&#8221;0px|0px|0px||false|false&#8221; custom_padding=&#8221;0px|0px|180px|0px|false|false&#8221; locked=&#8221;off&#8221; global_colors_info=&#8221;{}&#8221;][et_pb_row use_custom_gutter=&#8221;on&#8221; gutter_width=&#8221;1&#8243; _builder_version=&#8221;4.19.5&#8243; _module_preset=&#8221;default&#8221; width=&#8221;900px&#8221; max_width=&#8221;100%&#8221; module_alignment=&#8221;left&#8221; custom_margin=&#8221;0px||0px|0px|false|false&#8221; custom_padding=&#8221;0px||45px|0px|false|false&#8221; locked=&#8221;off&#8221; global_colors_info=&#8221;{}&#8221;][et_pb_column type=&#8221;4_4&#8243; _builder_version=&#8221;4.19.4&#8243; _module_preset=&#8221;default&#8221; global_colors_info=&#8221;{}&#8221;][et_pb_text module_class=&#8221;text&#8221; _builder_version=&#8221;4.27.2&#8243; _module_preset=&#8221;default&#8221; width=&#8221;100%&#8221; max_width=&#8221;100%&#8221; custom_margin=&#8221;||-2px|0px|false|false&#8221; custom_padding=&#8221;|||0px|false|false&#8221; hover_enabled=&#8221;0&#8243; locked=&#8221;off&#8221; global_colors_info=&#8221;{}&#8221; sticky_enabled=&#8221;0&#8243;]<\/p>\n<p><span style=\"color: #808080;\"><a style=\"color: #808080;\" href=\"https:\/\/revela-t.cat\/2025\/2024\/en\/\" target=\"_blank\" rel=\"noopener\">2024<\/a> \/\u00a0<a style=\"color: #808080;\" href=\"https:\/\/revela-t.cat\/2025\/en\/2023-eng\/\" target=\"_blank\" rel=\"noopener\">2023<\/a> \/ <a style=\"color: #808080;\" href=\"https:\/\/revela-t.cat\/2025\/en\/2022-eng\/\" target=\"_blank\" rel=\"noopener\">2022<\/a> \/ <a style=\"color: #808080;\" href=\"https:\/\/revela-t.cat\/2025\/en\/2021-eng\/\" target=\"_blank\" rel=\"noopener\">2021<\/a> \/ <a style=\"color: #808080;\" href=\"https:\/\/revela-t.cat\/2025\/en\/2020-eng\/\" target=\"_blank\" rel=\"noopener\">2020<\/a> \/ <a style=\"color: #808080;\" href=\"https:\/\/revela-t.cat\/2025\/en\/2019-eng\/\" target=\"_blank\" rel=\"noopener\">2019<\/a> \/ <strong>2018<\/strong> \/\u00a0<a style=\"color: #808080;\" href=\"https:\/\/revela-t.cat\/2025\/en\/2017-eng\/\" target=\"_blank\" rel=\"noopener\">2017<\/a> \/ <a style=\"color: #808080;\" href=\"https:\/\/revela-t.cat\/2025\/en\/2016-eng\/\" target=\"_blank\" rel=\"noopener\">2016<\/a> \/ <a style=\"color: #808080;\" href=\"https:\/\/revela-t.cat\/2025\/en\/2015-eng\/\" target=\"_blank\" rel=\"noopener\">2015<\/a> \/ <a style=\"color: #808080;\" href=\"https:\/\/revela-t.cat\/2025\/en\/2014-eng\/\" target=\"_blank\" rel=\"noopener\">2014<\/a> \/ <a style=\"color: #808080;\" href=\"https:\/\/revela-t.cat\/2025\/en\/2013-eng\/\" target=\"_blank\" rel=\"noopener\">2013<\/a><\/span><\/p>\n<p>[\/et_pb_text][\/et_pb_column][\/et_pb_row][et_pb_row column_structure=&#8221;3_5,2_5&#8243; use_custom_gutter=&#8221;on&#8221; gutter_width=&#8221;2&#8243; _builder_version=&#8221;4.19.5&#8243; _module_preset=&#8221;default&#8221; width=&#8221;100%&#8221; max_width=&#8221;100%&#8221; module_alignment=&#8221;left&#8221; custom_padding=&#8221;0px||0px|||&#8221; global_colors_info=&#8221;{}&#8221;][et_pb_column type=&#8221;3_5&#8243; _builder_version=&#8221;4.19.5&#8243; _module_preset=&#8221;default&#8221; global_colors_info=&#8221;{}&#8221;][et_pb_text module_class=&#8221;text&#8221; _builder_version=&#8221;4.20.2&#8243; _module_preset=&#8221;default&#8221; width=&#8221;900px&#8221; max_width=&#8221;100%&#8221; module_alignment=&#8221;left&#8221; custom_margin=&#8221;|||0px|false|false&#8221; custom_padding=&#8221;||45px|0px|false|false&#8221; custom_css_main_element=&#8221;margin-right: 20px;&#8221; global_colors_info=&#8221;{}&#8221;]<\/p>\n<p><span class=\"font-555555\"><strong>Odysseys<\/strong><span>\u00a0<\/span>was the theme of the sixth edition of the festival, which referred us to Homer\u2019s poem recounting the adventures of Odysseus (Ulysses) on his journey from the conquered Troy to his return home, Ithaca.<strong><br \/><\/strong><\/span><\/p>\n<p><span class=\"font-555555\">The word \u201cOdyssey\u201d came to mean in the universal language \u201cjourney full of adventure\u201d. A journey where the final destination ceased to be the main objective and became the journey itself, a path that enriches and transforms us, in such a way that we will never be the same as when it began.<\/span><\/p>\n<p><span class=\"font-555555\">At Revela-t we experimented, saw and debated photography, accompanied by important national and international figures, and it brought together the dreamers, the non-conformists, the fearless, the tireless, those who are not afraid to try and explore paths other than the usual ones.<br \/><\/span><\/p>\n<p><span class=\"font-555555\">In this edition we had an exhibition by<span>\u00a0<\/span><strong>Jeff Bridges<\/strong>, better known for his acting skills.<\/span><\/p>\n<p><span class=\"font-555555\">The Silver Needle of the festival was in this edition for<span>\u00a0<\/span><strong>Ferran Freixa<\/strong>.<\/span><\/p>\n<p><span class=\"font-555555\">It was the first edition of what we call<span>\u00a0<\/span><strong>Revela\u2019t OFF<\/strong><span>\u00a0<\/span>where different galleries in Barcelona show Revela\u2019t exhibitions.<br \/><\/span><\/p>\n<p><span class=\"font-555555\">In December, we did the first edition of<span>\u00a0<\/span><strong>Revela\u2019t Winter Madrid.<\/strong><\/span><\/p>\n<p>[\/et_pb_text][et_pb_accordion open_toggle_background_color=&#8221;#FFFFFF&#8221; closed_toggle_text_color=&#8221;#000000&#8243; closed_toggle_background_color=&#8221;#FFFFFF&#8221; toggle_icon=&#8221;&#x4c;||divi||400&#8243; icon_color=&#8221;#000000&#8243; use_icon_font_size=&#8221;on&#8221; icon_font_size=&#8221;30px&#8221; icon_color_last_edited=&#8221;off|desktop&#8221; module_class=&#8221;t&#8221; _builder_version=&#8221;4.20.2&#8243; _module_preset=&#8221;default&#8221; toggle_font=&#8221;|600|||||||&#8221; closed_toggle_text_align=&#8221;left&#8221; body_font_size=&#8221;16px&#8221; custom_margin=&#8221;0px||0px||false|false&#8221; custom_padding=&#8221;0px||0px||false|false&#8221; border_width_all=&#8221;0px&#8221; locked=&#8221;off&#8221; global_colors_info=&#8221;{}&#8221;][et_pb_accordion_item title=&#8221;Exhibitions&#8221; open=&#8221;on&#8221; _builder_version=&#8221;4.20.2&#8243; _module_preset=&#8221;default&#8221; custom_margin=&#8221;0px|||0px|false|false&#8221; custom_padding=&#8221;0px|||0px|false|false&#8221; border_width_bottom=&#8221;1px&#8221; border_color_bottom=&#8221;#000000&#8243; global_colors_info=&#8221;{}&#8221;]<\/p>\n<p><span style=\"color: #000000;\"><strong><\/strong><\/span><\/p>\n<p><span style=\"color: #000000;\"><strong>Javier Arcenillas,\u00a0<\/strong>City Hope.\u00a0<strong>Gerard Boyer,\u00a0<\/strong>Ser de La Cala.\u00a0<strong>Jeff Bridges,<\/strong>\u00a0Pictures and White Squall.\u00a0<strong>Alejandro Chaskielberg,\u00a0<\/strong>La creciente.\u00a0<strong>Nathalie Daoust,\u00a0<\/strong>Korean Dreams\u00a0<strong>Ferran Freixa,\u00a0<\/strong>Fotografia.\u00a0<strong>Luther Gerlach,\u00a0<\/strong>Original.\u00a0<strong>Matthias Hagemann,\u00a0<\/strong>100 Kilometers\u00a0<strong>Ariko Inaoka,\u00a0<\/strong>Erna and Hrefna.\u00a0<strong>Juliana Kasumu,\u00a0<\/strong>Irun Kiko.\u00a0<strong>Kamila Kulik-Maciejewska,\u00a0<\/strong>Are you Awake?\u00a0<strong>Fernanda Larra\u00edn,\u00a0<\/strong>El viaje de Fernanda.\u00a0<strong>Isabelle Levistre,\u00a0<\/strong>Anamn\u00e8se.\u00a0<strong>Sean Lotman<\/strong>, Sunlanders\u00a0<strong>Amalia M\u00e1rquez,\u00a0<\/strong>End to End.\u00a0<strong>Jos\u00e9 Manuel Mart\u00ednez Perea,\u00a0<\/strong>Alea\u00a0<strong>Jeff Michalek,\u00a0<\/strong>Escenes from a Junkyard\u00a0<strong>Fernando Miranda,\u00a0<\/strong>Reminiscencia.\u00a0<strong>Kenneth O\u2019Halloran,\u00a0<\/strong>Harvest\u00a0<strong>Gloria Oyarzabal,\u00a0<\/strong>La picnolepsia de Tshomb\u00ea.\u00a0<strong>Jordi Parramon,\u00a0<\/strong>Les carreteres de l\u2019amor.\u00a0<strong>Leopoldo Plasencia,\u00a0<\/strong>Ciutats en construcci\u00f3.\u00a0<strong>Proyecto PHES\u00a0<\/strong>(Fotograf\u00eda Espa\u00f1ola Solidaria).\u00a0<strong>Lluc Queralt,\u00a0<\/strong>NY una d\u00e9cada\u00a0<strong>Florian Reischauer,\u00a0<\/strong>Pieces of Berlin.\u00a0<strong>Anne Roig,\u00a0<\/strong>Theme Park 66.\u00a0<strong>Tina Rowe,\u00a0<\/strong>My mother\u2019s house\u00a0<strong>Maria Sol\u00e0,<\/strong>\u00a0L\u2019inventari.\u00a0<strong>Ryan Weideman,\u00a0<\/strong>In my taxi: 1980-2012<\/span><\/p>\n<p><span style=\"color: #000000;\"><strong>Expositions OFF<\/strong><\/span><\/p>\n<p><span style=\"color: #000000;\"><strong>Aragon\u00e9s, Xavier.\u00a0<\/strong>Twentysix Abandoned Catalan Gasoline Stations (Centre C\u00edvic Can Bast\u00e9).\u00a0<strong>Ari\u00f1o, Israel.\u00a0<\/strong>Cr\u00f3nicas de un desembarco (Fifty Dots Gallery.\u00a0<strong>Berg\u00e9s, Laurenz.\u00a0<\/strong>Black Diamond (Mec\u00e0nic).\u00a0<strong>Borges, Etel.\u00a0<\/strong>Symbolic Map (La Iguana Cultura).\u00a0<strong>Cruz, Irene.\u00a0<\/strong>Bj\u00f6rk (Fifty Dots Gallery).\u00a0<b>de Castro, Alfonso.\u00a0<\/b>Double Take (Nau Nostik).\u00a0<strong>Garcia, Bernat.\u00a0<\/strong>El Camino (Fifty Dots Gallery).\u00a0<strong>Garc\u00eda, Daniel.\u00a0<\/strong>USA\u201990 (Fifty Dots Gallery).\u00a0<strong>Garrido, Eric.\u00a0<\/strong>Dentro (Espai de Fotografia Francesc Catal\u00e0 Roca).\u00a0<strong>Gim\u00e9nez, Nagore.\u00a0<\/strong>Distorted Memories (Espai de Fotografia Francesc Catal\u00e0 Roca).\u00a0<strong>Jornet, Anna.\u00a0<\/strong>\u00cele (CFD).\u00a0<strong>Kenna,Michael. \u00a0<\/strong>Oneiros (Valid Foto BCN).\u00a0<strong>Lista, Frederic.\u00a0<\/strong>Forever Changes (Nost\u00e0lgic).\u00a0<strong>M\u00e1rquez, Jordi.\u00a0<\/strong>El largo camino hasta el mar (Espai de Fotografia Francesc Catal\u00e0 Roca).\u00a0<strong>Mart\u00ednez, Conchi.\u00a0<\/strong>Cuaderno de viajes (Art Deal Project).\u00a0<strong>Mat\u00e9s, Sergi.\u00a0<\/strong>Glowing Darkness (Lomography Embassy Barcelona).\u00a0<strong>Ord\u00f3\u00f1ez, C\u00e9sar.\u00a0<\/strong>Tadaima (Fifty Dots Gallery).\u00a0<strong>Rossell, Roger.\u00a0<\/strong>El bon dolor (Projekteria Art Gallery).\u00a0<strong>Teixidor, Joan.\u00a0<\/strong>Canvis substancials (Pati Llimona).\u00a0<strong>Tuparova, Gabriela.\u00a0<\/strong>La pell de l\u2019estiu (Espai de Fotografia Francesc Catal\u00e0 Roca)<\/span><\/p>\n<p>[\/et_pb_accordion_item][et_pb_accordion_item title=&#8221;Aftermovie&#8221; _builder_version=&#8221;4.20.2&#8243; _module_preset=&#8221;default&#8221; custom_margin=&#8221;0px|||0px|false|false&#8221; custom_padding=&#8221;0px|||0px|false|false&#8221; border_width_bottom=&#8221;1px&#8221; border_color_bottom=&#8221;#000000&#8243; global_colors_info=&#8221;{}&#8221; open=&#8221;off&#8221;]<\/p>\n<p>&nbsp;<\/p>\n<div style=\"width: 1080px;\" class=\"wp-video\"><video class=\"wp-video-shortcode\" id=\"video-653-1\" width=\"1080\" height=\"608\" preload=\"metadata\" controls=\"controls\"><source type=\"video\/mp4\" src=\"https:\/\/revela-t.cat\/2025\/wp-content\/uploads\/2022\/11\/Revela\u00b4T-2018-Resum.mp4?_=1\" \/><a href=\"https:\/\/revela-t.cat\/2025\/wp-content\/uploads\/2022\/11\/Revela\u00b4T-2018-Resum.mp4\">https:\/\/revela-t.cat\/2025\/wp-content\/uploads\/2022\/11\/Revela\u00b4T-2018-Resum.mp4<\/a><\/video><\/div>\n<p>[\/et_pb_accordion_item][\/et_pb_accordion][\/et_pb_column][et_pb_column type=&#8221;2_5&#8243; _builder_version=&#8221;4.19.5&#8243; _module_preset=&#8221;default&#8221; global_colors_info=&#8221;{}&#8221;][et_pb_image src=&#8221;https:\/\/revela-t.cat\/2025\/wp-content\/uploads\/2022\/11\/2018.png&#8221; title_text=&#8221;2018&#8243; force_fullwidth=&#8221;on&#8221; _builder_version=&#8221;4.19.0&#8243; _module_preset=&#8221;default&#8221; global_colors_info=&#8221;{}&#8221;][\/et_pb_image][\/et_pb_column][\/et_pb_row][\/et_pb_section]<\/p>\n","protected":false},"excerpt":{"rendered":"<p>Revela&#8217;t 2018: Odysseys, a journey full of adventures2024 \/\u00a02023 \/ 2022 \/ 2021 \/ 2020 \/ 2019 \/ 2018 \/\u00a02017 \/ 2016 \/ 2015 \/ 2014 \/ 2013Odysseys\u00a0was the theme of the sixth edition of the festival, which referred us to Homer\u2019s poem recounting the adventures of Odysseus (Ulysses) on his journey from the conquered [&hellip;]<\/p>\n","protected":false},"author":3,"featured_media":0,"parent":0,"menu_order":0,"comment_status":"closed","ping_status":"closed","template":"","meta":{"_et_pb_use_builder":"on","_et_pb_old_content":"","_et_gb_content_width":"","om_disable_all_campaigns":false,"footnotes":""},"class_list":["post-653","page","type-page","status-publish","hentry"],"aioseo_notices":[],"_links":{"self":[{"href":"https:\/\/revela-t.cat\/2025\/wp-json\/wp\/v2\/pages\/653","targetHints":{"allow":["GET"]}}],"collection":[{"href":"https:\/\/revela-t.cat\/2025\/wp-json\/wp\/v2\/pages"}],"about":[{"href":"https:\/\/revela-t.cat\/2025\/wp-json\/wp\/v2\/types\/page"}],"author":[{"embeddable":true,"href":"https:\/\/revela-t.cat\/2025\/wp-json\/wp\/v2\/users\/3"}],"replies":[{"embeddable":true,"href":"https:\/\/revela-t.cat\/2025\/wp-json\/wp\/v2\/comments?post=653"}],"version-history":[{"count":0,"href":"https:\/\/revela-t.cat\/2025\/wp-json\/wp\/v2\/pages\/653\/revisions"}],"wp:attachment":[{"href":"https:\/\/revela-t.cat\/2025\/wp-json\/wp\/v2\/media?parent=653"}],"curies":[{"name":"wp","href":"https:\/\/api.w.org\/{rel}","templated":true}]}}