{"id":559,"date":"2022-11-21T13:13:10","date_gmt":"2022-11-21T12:13:10","guid":{"rendered":"https:\/\/revela-t.cat\/2025\/?page_id=559"},"modified":"2024-11-07T10:07:53","modified_gmt":"2024-11-07T09:07:53","slug":"2019-eng","status":"publish","type":"page","link":"https:\/\/revela-t.cat\/2025\/en\/2019-eng\/","title":{"rendered":"ENG &#8211; 2019"},"content":{"rendered":"<p>[et_pb_section fb_built=&#8221;1&#8243; module_class=&#8221;body-content&#8221; _builder_version=&#8221;4.19.5&#8243; _module_preset=&#8221;default&#8221; width=&#8221;1500px&#8221; max_width=&#8221;100%&#8221; module_alignment=&#8221;center&#8221; custom_margin=&#8221;||0px||false|false&#8221; custom_padding=&#8221;48px||34px||false|false&#8221; locked=&#8221;off&#8221; global_colors_info=&#8221;{}&#8221;][et_pb_row _builder_version=&#8221;4.19.5&#8243; _module_preset=&#8221;default&#8221; width=&#8221;100%&#8221; max_width=&#8221;2560px&#8221; custom_margin=&#8221;0px|0px|0px|0px|false|false&#8221; custom_padding=&#8221;0px|0px|0px|0px|false|false&#8221; global_colors_info=&#8221;{}&#8221;][et_pb_column type=&#8221;4_4&#8243; _builder_version=&#8221;4.19.4&#8243; _module_preset=&#8221;default&#8221; global_colors_info=&#8221;{}&#8221;][et_pb_text module_class=&#8221;title&#8221; _builder_version=&#8221;4.20.2&#8243; _module_preset=&#8221;default&#8221; text_text_color=&#8221;#000000&#8243; custom_margin=&#8221;||||false|false&#8221; custom_padding=&#8221;||10px||false|false&#8221; custom_css_main_element=&#8221;@media (max-width: 2000px) {||.body-content {||  width: calc(100vw &#8211; 80px);||  margin: 0 40px 0 40px;||}||}&#8221; border_width_bottom=&#8221;1px&#8221; border_color_bottom=&#8221;#000000&#8243; global_colors_info=&#8221;{}&#8221;]<\/p>\n<h1><span style=\"color: #000000;\"><strong>Revela&#8217;t 2019: The good and the bad of the human being<\/strong><\/span><\/h1>\n<p>[\/et_pb_text][\/et_pb_column][\/et_pb_row][\/et_pb_section][et_pb_section fb_built=&#8221;1&#8243; module_class=&#8221;body-content&#8221; _builder_version=&#8221;4.19.5&#8243; _module_preset=&#8221;default&#8221; width=&#8221;1500px&#8221; max_width=&#8221;100%&#8221; module_alignment=&#8221;center&#8221; custom_margin=&#8221;0px|0px|0px||false|false&#8221; custom_padding=&#8221;0px|0px|180px|0px|false|false&#8221; locked=&#8221;off&#8221; global_colors_info=&#8221;{}&#8221;][et_pb_row use_custom_gutter=&#8221;on&#8221; gutter_width=&#8221;1&#8243; _builder_version=&#8221;4.19.5&#8243; _module_preset=&#8221;default&#8221; width=&#8221;900px&#8221; max_width=&#8221;100%&#8221; module_alignment=&#8221;left&#8221; custom_margin=&#8221;0px||0px|0px|false|false&#8221; custom_padding=&#8221;0px||45px|0px|false|false&#8221; locked=&#8221;off&#8221; global_colors_info=&#8221;{}&#8221;][et_pb_column type=&#8221;4_4&#8243; _builder_version=&#8221;4.19.4&#8243; _module_preset=&#8221;default&#8221; global_colors_info=&#8221;{}&#8221;][et_pb_text module_class=&#8221;text&#8221; _builder_version=&#8221;4.27.2&#8243; _module_preset=&#8221;default&#8221; width=&#8221;100%&#8221; max_width=&#8221;100%&#8221; custom_margin=&#8221;||-2px|0px|false|false&#8221; custom_padding=&#8221;|||0px|false|false&#8221; hover_enabled=&#8221;0&#8243; locked=&#8221;off&#8221; global_colors_info=&#8221;{}&#8221; sticky_enabled=&#8221;0&#8243;]<\/p>\n<p><span style=\"color: #808080;\"><a style=\"color: #808080;\" href=\"https:\/\/revela-t.cat\/2025\/2024\/en\/\" target=\"_blank\" rel=\"noopener\">2024<\/a> \/\u00a0<a style=\"color: #808080;\" href=\"https:\/\/revela-t.cat\/2025\/en\/2023-eng\/\" target=\"_blank\" rel=\"noopener\">2023<\/a> \/ <a style=\"color: #808080;\" href=\"https:\/\/revela-t.cat\/2025\/en\/2022-eng\/\" target=\"_blank\" rel=\"noopener\">2022<\/a> \/ <a style=\"color: #808080;\" href=\"https:\/\/revela-t.cat\/2025\/en\/2021-eng\/\" target=\"_blank\" rel=\"noopener\">2021<\/a> \/ <a style=\"color: #808080;\" href=\"https:\/\/revela-t.cat\/2025\/en\/2020-eng\/\" target=\"_blank\" rel=\"noopener\">2020<\/a> \/ <strong>2019\u00a0<\/strong>\/ <a style=\"color: #808080;\" href=\"https:\/\/revela-t.cat\/2025\/en\/2018-eng\/\" target=\"_blank\" rel=\"noopener\">2018<\/a> \/ <a style=\"color: #808080;\" href=\"https:\/\/revela-t.cat\/2025\/en\/2017-eng\/\" target=\"_blank\" rel=\"noopener\">2017<\/a> \/ <a style=\"color: #808080;\" href=\"https:\/\/revela-t.cat\/2025\/en\/2016-eng\/\" target=\"_blank\" rel=\"noopener\">2016<\/a> \/ <a style=\"color: #808080;\" href=\"https:\/\/revela-t.cat\/2025\/en\/2015-eng\/\" target=\"_blank\" rel=\"noopener\">2015<\/a> \/ <a style=\"color: #808080;\" href=\"https:\/\/revela-t.cat\/2025\/en\/2014-eng\/\" target=\"_blank\" rel=\"noopener\">2014<\/a> \/ <a style=\"color: #808080;\" href=\"https:\/\/revela-t.cat\/2025\/en\/2013-eng\/\" target=\"_blank\" rel=\"noopener\">2013<\/a><\/span><\/p>\n<p>[\/et_pb_text][\/et_pb_column][\/et_pb_row][et_pb_row column_structure=&#8221;3_5,2_5&#8243; use_custom_gutter=&#8221;on&#8221; gutter_width=&#8221;2&#8243; _builder_version=&#8221;4.19.5&#8243; _module_preset=&#8221;default&#8221; width=&#8221;100%&#8221; max_width=&#8221;100%&#8221; module_alignment=&#8221;left&#8221; custom_padding=&#8221;0px||0px|||&#8221; global_colors_info=&#8221;{}&#8221;][et_pb_column type=&#8221;3_5&#8243; _builder_version=&#8221;4.19.5&#8243; _module_preset=&#8221;default&#8221; global_colors_info=&#8221;{}&#8221;][et_pb_text module_class=&#8221;text&#8221; _builder_version=&#8221;4.20.2&#8243; _module_preset=&#8221;default&#8221; width=&#8221;900px&#8221; max_width=&#8221;100%&#8221; module_alignment=&#8221;left&#8221; custom_margin=&#8221;|||0px|false|false&#8221; custom_padding=&#8221;||45px|0px|false|false&#8221; custom_css_main_element=&#8221;margin-right: 20px;&#8221; global_colors_info=&#8221;{}&#8221;]<\/p>\n<p><span class=\"font-555555\">The slogan of the 2019 edition was<span>\u00a0<\/span><strong>Klaatu Barada Nikto<\/strong>, a mythical phrase from a well-known science fiction film and with which we aimed to stimulate photographic projects that reflect the complex relationship between human beings and the planet by asking ourselves two very specific questions: Why would we deserve to be destroyed? or Why would we deserve to be saved?<\/span><\/p>\n<p><span class=\"font-555555\">This year\u2019s edition featured two<span>\u00a0<\/span><strong>Magnum<\/strong><span>\u00a0<\/span>photographers,<span>\u00a0<\/span><strong>Bruce Gilden<\/strong><span>\u00a0<\/span>and<span>\u00a0<\/span><strong>David Burnett<\/strong>, who kindly lent us their exhibitions.<br \/><\/span><\/p>\n<p><span class=\"font-555555\">We opened in the Teatro la Massa, with the film \u201cDe donde no se vuelve\u201d by\u00a0<strong>Alberto Garc\u00eda Alix<\/strong>\u00a0who received our \u201cDistintivo de Plata\u201c.<\/span><\/p>\n<p><span class=\"font-555555\">And it was our first<span>\u00a0<\/span><strong>Revela\u2019t Day<\/strong><span>\u00a0<\/span>at the<span>\u00a0<\/span><strong>Antiga F\u00e0brica Estrella Damm in Barcelona<\/strong>, where we far exceeded expectations. And in Barcelona we also had a great exhibition by<span>\u00a0<\/span><strong>Acci\u00f3n Cultural Espa\u00f1ola AC\/E<\/strong><span>\u00a0<\/span>and<span>\u00a0<\/span><strong>Signo Editores<\/strong>, \u201c<strong>50 photographs with history<\/strong>\u201c, which tens of thousands of people were able to see, on Passeig Colom.<\/span><\/p>\n<p>[\/et_pb_text][et_pb_accordion open_toggle_background_color=&#8221;#FFFFFF&#8221; closed_toggle_text_color=&#8221;#000000&#8243; closed_toggle_background_color=&#8221;#FFFFFF&#8221; toggle_icon=&#8221;&#x4c;||divi||400&#8243; icon_color=&#8221;#000000&#8243; use_icon_font_size=&#8221;on&#8221; icon_font_size=&#8221;30px&#8221; icon_color_last_edited=&#8221;off|desktop&#8221; module_class=&#8221;t&#8221; _builder_version=&#8221;4.20.2&#8243; _module_preset=&#8221;default&#8221; toggle_font=&#8221;|600|||||||&#8221; closed_toggle_text_align=&#8221;left&#8221; body_font_size=&#8221;16px&#8221; custom_margin=&#8221;0px||0px||false|false&#8221; custom_padding=&#8221;0px||0px||false|false&#8221; border_width_all=&#8221;0px&#8221; locked=&#8221;off&#8221; global_colors_info=&#8221;{}&#8221;][et_pb_accordion_item title=&#8221;Exhibitions&#8221; open=&#8221;on&#8221; _builder_version=&#8221;4.20.2&#8243; _module_preset=&#8221;default&#8221; custom_margin=&#8221;0px|||0px|false|false&#8221; custom_padding=&#8221;0px|||0px|false|false&#8221; border_width_bottom=&#8221;1px&#8221; border_color_bottom=&#8221;#000000&#8243; global_colors_info=&#8221;{}&#8221;]<\/p>\n<p><span style=\"color: #000000;\"><b><strong><\/strong><\/b><\/span><\/p>\n<p><span class=\"font-555555\" style=\"color: #000000;\"><span class=\"font-151547\"><strong><b>AC\/E y Signo editores,<\/b><\/strong>\u00a050 fotograf\u00edas con historia.\u00a0<\/span><span class=\"font-151547\"><strong>Laia Albert.\u00a0<\/strong><\/span>El Tolar.\u00a0<span class=\"font-151547\"><strong>Laurie Baggett, .\u00a0<\/strong><\/span>Tilt, Game Over.\u00a0<span class=\"font-151547\"><strong>Byron Brauchli.\u00a0<\/strong><\/span>Caudales.\u00a0<span class=\"font-151547\"><strong>David Burnett, .\u00a0<\/strong><\/span>Aftermath.\u00a0<span class=\"font-151547\"><strong>Lorena Cosba, .<\/strong>\u00a0<\/span>Systema natur\u00e6.\u00a0<span class=\"font-151547\"><strong>Yvette Cruz.\u00a0<\/strong><\/span>Yggdrasil.\u00a0<span class=\"font-151547\"><strong>Javier de Reparaz,.\u00a0<\/strong><\/span>Tik At.\u00a0<span class=\"font-151547\"><strong>Laura Ellenberger.\u00a0<\/strong><\/span>Cape of Good Hope.\u00a0<span class=\"font-151547\"><strong>Jordi Esteva.\u00a0<\/strong><\/span><span class=\"font-151547\">Los Oasis de Egipto.\u00a0<\/span><span class=\"font-151547\"><strong>Marta F\u00e0bregas .\u00a0<\/strong><\/span>Colonitzades.\u00a0<strong><span class=\"font-151547\">Film Shooters Collective,<\/span><\/strong><span class=\"font-151547\">\u00a0<\/span><span class=\"font-151547\">La Tierra, los aliens, la esperanza y lo desconocido.\u00a0<\/span><span class=\"font-151547\"><strong>Urizen Freaza.\u00a0<\/strong><\/span>What was that?.\u00a0<strong>Jorge Fuembuena.\u00a0<\/strong>The end of cathedrals.\u00a0<strong><span class=\"font-151547\">Fundaci\u00f3n Railowsky,\u00a0<\/span><\/strong><span class=\"font-151547\">La Colecci\u00f3n de la Fundaci\u00f3n Railowsky. Una peque\u00f1a muestra.\u00a0<\/span><span class=\"font-151547\"><strong>IEFC<\/strong>,\u00a0<\/span>Avistamientos.\u00a0<span class=\"font-151547\"><b>Bruce\u00a0<strong>Gilden<\/strong>.\u00a0<\/b>Syracuse 1981.\u00a0<\/span><span class=\"font-151547\"><strong>Evagelia Hagikalfa.\u00a0<\/strong><\/span>Microcosmos.\u00a0<span class=\"font-151547\"><strong>Ramzi Haidar.\u00a0<\/strong><\/span>Civil War.\u00a0<span class=\"font-151547\"><strong>Nobuyuki Kobayashi.<\/strong>\u00a0<\/span>Portrait of nature. Myriads of Gods.\u00a0<strong><span class=\"font-151547\">Ren\u00e9 Malt\u00eate.\u00a0<\/span><\/strong>Humour!.\u00a0<span class=\"font-151547\"><strong>Fernando Maquieira.\u00a0<\/strong><\/span>Alucinosis.\u00a0<span class=\"font-151547\"><strong>\u00a0Mati Mart\u00ed.\u00a0<\/strong><\/span>Territorio Boom.\u00a0<span class=\"font-151547\"><strong>Bernat Millet<\/strong>.\u00a0<\/span>Bitter, sweet, soft.\u00a0<span class=\"font-151547\"><strong>Monsters for Animals (Rafael Doctor Roncero)<\/strong>,\u00a0<\/span>Monsters for Animals.\u00a0<span class=\"font-151547\"><strong>Bill Moseley, .\u00a0<\/strong>\u2018<\/span><span class=\"font-151547\">A lake, a forest, and the dark voice of the sea\u2019.\u00a0<\/span><span class=\"font-151547\"><strong>Museu Vida Rural \u2013 Fundaci\u00f3 Carulla,\u00a0<\/strong><\/span>The Dust Bowl.\u00a0<span class=\"font-151547\"><strong>Eduardo Nave, .\u00a0<\/strong><\/span>Mulberry Harbour.\u00a0<span class=\"font-151547\"><strong>Juli\u00e1n Ochoa, .\u00a0<\/strong><\/span>Alg\u00fan d\u00eda los coches volar\u00e1n.\u00a0<span class=\"font-151547\"><strong>James Rajotte, .<\/strong>\u00a0<\/span>La Ruta de la corrupci\u00f3n.\u00a0<strong>Residencia de Creaci\u00f3n y experimentaci\u00f3n fotogr\u00e1fica.<\/strong>\u00a0<strong><span class=\"font-151547\">Alex Timmermans.\u00a0<\/span><\/strong>Storytelling.\u00a0<span class=\"font-151547\"><strong>Javier Viver.\u00a0<\/strong><\/span><span class=\"font-151547\">R\u00e9v\u00e9lations &amp; Archivo de lo Inclasificable..\u00a0<\/span><span class=\"font-151547\"><strong>Sen Yusuf Murat, .\u00a0<\/strong><\/span>Wet City.\u00a0<span class=\"font-151547\"><strong>Irene Z\u00f3ttola, .\u00a0<\/strong><\/span>Dentro<\/span><\/p>\n<p><span style=\"color: #000000;\">\u00a0<\/span><\/p>\n<p><span class=\"font-555555\" style=\"color: #000000;\"><strong>Exhibitions OFF<\/strong><\/span><\/p>\n<p><span class=\"font-555555\" style=\"color: #000000;\"><em><span class=\"font-151547\"><strong>BADEM colectivo.<\/strong>\u00a0Habitantes y paisajes.<\/span>\u00a0<\/em><strong>Ana Benavent.<\/strong>\u00a0Compartir piso a los 30.<em>\u00a0Lomography BCN.\u00a0<strong>Mireia Bordonada.\u00a0<\/strong>A sangre. (FUGA. Centre de fotografia).\u00a0<strong><span class=\"font-151547\">Jose Casanova y Josep Casacuberta<\/span>.<\/strong>\u00a0Massane. (Hotel Chic&amp;Basic Velvet BCN).\u00a0\u00a0<\/em><strong>Ana Daganzo.<\/strong>\u00a0Transmutaciones.\u00a0<em><span class=\"font-151547\">(Projekteria Art Gallery).\u00a0<\/span><\/em><em><span class=\"font-151547\">(Wonder Photoshop).\u00a0<strong>Daniel Garc\u00eda Saravia.<\/strong>\u00a0Valira Drive. Fifty dots gallery.\u00a0<strong>Grupo Fotoapertura.<\/strong>\u00a0Paisaje posible. Cercle Art\u00edstic de Sant Lluc.\u00a0<strong>Jean Letellier.<\/strong>\u00a0Abandono. (Mec\u00e0nic).\u00a0\u00a0<\/span><\/em><span class=\"font-151547\"><strong>C\u00e9sar Lucas.<\/strong>\u00a0Marisol, el resplandor de un mito.\u00a0<\/span><em><span class=\"font-151547\">(VALID FOTO BCN).\u00a0<strong>Alejandra Morales.<\/strong>\u00a0Los cuerpos de Lewy (Can Bast\u00e9).\u00a0<\/span><\/em><strong>Luisa Ordo\u00f1ez.<\/strong>\u00a0La respuesta de la Tierra.<em>\u00a0(Pati Llimona).\u00a0<\/em><strong>Marc Tom\u00e1s.<\/strong>\u00a0Mat\u00e8ria\u00a0<em>(Nost\u00e0lgic).<\/em><\/span><\/p>\n<p>[\/et_pb_accordion_item][et_pb_accordion_item title=&#8221;Programme&#8221; _builder_version=&#8221;4.20.2&#8243; _module_preset=&#8221;default&#8221; custom_margin=&#8221;0px|||0px|false|false&#8221; custom_padding=&#8221;0px|||0px|false|false&#8221; border_width_bottom=&#8221;1px&#8221; border_color_bottom=&#8221;#000000&#8243; global_colors_info=&#8221;{}&#8221; open=&#8221;off&#8221;]<\/p>\n<p><span style=\"color: #000000;\"><b><strong><\/strong><\/b><\/span><\/p>\n<p><span style=\"color: #000000;\"><a class=\"link\" href=\"https:\/\/revela-t.cat\/2025\/wp-content\/uploads\/2022\/11\/Programa_122x165_defLR.pdf\">Here<\/a>\u00a0you can download the programme in catalan, spanish and english.<\/span><\/p>\n<p>[\/et_pb_accordion_item][et_pb_accordion_item title=&#8221;Aftermovie&#8221; _builder_version=&#8221;4.20.2&#8243; _module_preset=&#8221;default&#8221; custom_margin=&#8221;0px|||0px|false|false&#8221; custom_padding=&#8221;0px|||0px|false|false&#8221; border_width_bottom=&#8221;1px&#8221; border_color_bottom=&#8221;#000000&#8243; global_colors_info=&#8221;{}&#8221; open=&#8221;off&#8221;]<\/p>\n<p>&nbsp;<\/p>\n<div style=\"width: 1080px;\" class=\"wp-video\"><video class=\"wp-video-shortcode\" id=\"video-559-1\" width=\"1080\" height=\"608\" preload=\"metadata\" controls=\"controls\"><source type=\"video\/mp4\" src=\"https:\/\/revela-t.cat\/2025\/wp-content\/uploads\/2022\/11\/Resume-Horiz.mp4?_=1\" \/><a href=\"https:\/\/revela-t.cat\/2025\/wp-content\/uploads\/2022\/11\/Resume-Horiz.mp4\">https:\/\/revela-t.cat\/2025\/wp-content\/uploads\/2022\/11\/Resume-Horiz.mp4<\/a><\/video><\/div>\n<p>[\/et_pb_accordion_item][\/et_pb_accordion][\/et_pb_column][et_pb_column type=&#8221;2_5&#8243; _builder_version=&#8221;4.19.5&#8243; _module_preset=&#8221;default&#8221; global_colors_info=&#8221;{}&#8221;][et_pb_image src=&#8221;https:\/\/revela-t.cat\/2025\/wp-content\/uploads\/2022\/11\/Poster_A3_RGB_LR-pdf.jpg&#8221; title_text=&#8221;Poster_A3_RGB_LR&#8221; force_fullwidth=&#8221;on&#8221; _builder_version=&#8221;4.20.2&#8243; _module_preset=&#8221;default&#8221; global_colors_info=&#8221;{}&#8221;][\/et_pb_image][\/et_pb_column][\/et_pb_row][\/et_pb_section]<\/p>\n","protected":false},"excerpt":{"rendered":"<p>Revela&#8217;t 2019: The good and the bad of the human being2024 \/\u00a02023 \/ 2022 \/ 2021 \/ 2020 \/ 2019\u00a0\/ 2018 \/ 2017 \/ 2016 \/ 2015 \/ 2014 \/ 2013The slogan of the 2019 edition was\u00a0Klaatu Barada Nikto, a mythical phrase from a well-known science fiction film and with which we aimed to stimulate [&hellip;]<\/p>\n","protected":false},"author":3,"featured_media":0,"parent":0,"menu_order":0,"comment_status":"closed","ping_status":"closed","template":"","meta":{"_et_pb_use_builder":"on","_et_pb_old_content":"","_et_gb_content_width":"","om_disable_all_campaigns":false,"footnotes":""},"class_list":["post-559","page","type-page","status-publish","hentry"],"aioseo_notices":[],"_links":{"self":[{"href":"https:\/\/revela-t.cat\/2025\/wp-json\/wp\/v2\/pages\/559","targetHints":{"allow":["GET"]}}],"collection":[{"href":"https:\/\/revela-t.cat\/2025\/wp-json\/wp\/v2\/pages"}],"about":[{"href":"https:\/\/revela-t.cat\/2025\/wp-json\/wp\/v2\/types\/page"}],"author":[{"embeddable":true,"href":"https:\/\/revela-t.cat\/2025\/wp-json\/wp\/v2\/users\/3"}],"replies":[{"embeddable":true,"href":"https:\/\/revela-t.cat\/2025\/wp-json\/wp\/v2\/comments?post=559"}],"version-history":[{"count":0,"href":"https:\/\/revela-t.cat\/2025\/wp-json\/wp\/v2\/pages\/559\/revisions"}],"wp:attachment":[{"href":"https:\/\/revela-t.cat\/2025\/wp-json\/wp\/v2\/media?parent=559"}],"curies":[{"name":"wp","href":"https:\/\/api.w.org\/{rel}","templated":true}]}}