{"id":551,"date":"2022-12-14T10:51:56","date_gmt":"2022-12-14T09:51:56","guid":{"rendered":"https:\/\/revela-t.cat\/2025\/?page_id=551"},"modified":"2024-11-07T10:08:42","modified_gmt":"2024-11-07T09:08:42","slug":"2020-eng","status":"publish","type":"page","link":"https:\/\/revela-t.cat\/2025\/en\/2020-eng\/","title":{"rendered":"ENG &#8211; 2020"},"content":{"rendered":"<p>[et_pb_section fb_built=&#8221;1&#8243; module_class=&#8221;body-content&#8221; _builder_version=&#8221;4.24.0&#8243; _module_preset=&#8221;default&#8221; width=&#8221;1500px&#8221; max_width=&#8221;100%&#8221; module_alignment=&#8221;center&#8221; custom_margin=&#8221;0%||0%||false|false&#8221; custom_padding=&#8221;0%||1%||false|false&#8221; locked=&#8221;off&#8221; global_colors_info=&#8221;{}&#8221;][et_pb_row _builder_version=&#8221;4.19.5&#8243; _module_preset=&#8221;default&#8221; width=&#8221;100%&#8221; max_width=&#8221;2560px&#8221; custom_margin=&#8221;0px|0px|0px|0px|false|false&#8221; custom_padding=&#8221;0px|0px|0px|0px|false|false&#8221; global_colors_info=&#8221;{}&#8221;][et_pb_column type=&#8221;4_4&#8243; _builder_version=&#8221;4.19.4&#8243; _module_preset=&#8221;default&#8221; global_colors_info=&#8221;{}&#8221;][et_pb_text module_class=&#8221;title&#8221; _builder_version=&#8221;4.20.2&#8243; _module_preset=&#8221;default&#8221; text_text_color=&#8221;#000000&#8243; custom_margin=&#8221;||||false|false&#8221; custom_padding=&#8221;||10px||false|false&#8221; custom_css_main_element=&#8221;@media (max-width: 2000px) {||.body-content {||  width: calc(100vw &#8211; 80px);||  margin: 0 40px 0 40px;||}||}&#8221; border_width_bottom=&#8221;1px&#8221; border_color_bottom=&#8221;#000000&#8243; global_colors_info=&#8221;{}&#8221;]<\/p>\n<h1><span style=\"color: #000000;\"><strong>Revela&#8217;t 2020: Humanity, a portrait of the present<\/strong><\/span><\/h1>\n<p>[\/et_pb_text][\/et_pb_column][\/et_pb_row][\/et_pb_section][et_pb_section fb_built=&#8221;1&#8243; module_class=&#8221;body-content&#8221; _builder_version=&#8221;4.19.5&#8243; _module_preset=&#8221;default&#8221; width=&#8221;1500px&#8221; max_width=&#8221;100%&#8221; module_alignment=&#8221;center&#8221; custom_margin=&#8221;0px|0px|0px||false|false&#8221; custom_padding=&#8221;0px|0px|180px|0px|false|false&#8221; locked=&#8221;off&#8221; global_colors_info=&#8221;{}&#8221;][et_pb_row use_custom_gutter=&#8221;on&#8221; gutter_width=&#8221;1&#8243; _builder_version=&#8221;4.19.5&#8243; _module_preset=&#8221;default&#8221; width=&#8221;900px&#8221; max_width=&#8221;100%&#8221; module_alignment=&#8221;left&#8221; custom_margin=&#8221;0px||0px|0px|false|false&#8221; custom_padding=&#8221;0px||45px|0px|false|false&#8221; locked=&#8221;off&#8221; global_colors_info=&#8221;{}&#8221;][et_pb_column type=&#8221;4_4&#8243; _builder_version=&#8221;4.19.4&#8243; _module_preset=&#8221;default&#8221; global_colors_info=&#8221;{}&#8221;][et_pb_text module_class=&#8221;text&#8221; _builder_version=&#8221;4.27.2&#8243; _module_preset=&#8221;default&#8221; width=&#8221;100%&#8221; max_width=&#8221;100%&#8221; custom_margin=&#8221;||-2px|0px|false|false&#8221; custom_padding=&#8221;|||0px|false|false&#8221; hover_enabled=&#8221;0&#8243; locked=&#8221;off&#8221; global_colors_info=&#8221;{}&#8221; sticky_enabled=&#8221;0&#8243;]<\/p>\n<p><span style=\"color: #808080;\"><a style=\"color: #808080;\" href=\"https:\/\/revela-t.cat\/2025\/2024\/en\/\" target=\"_blank\" rel=\"noopener\">2024<\/a> \/\u00a0<a style=\"color: #808080;\" href=\"https:\/\/revela-t.cat\/2025\/en\/2023-eng\/\" target=\"_blank\" rel=\"noopener\">2023<\/a> \/ <a style=\"color: #808080;\" href=\"https:\/\/revela-t.cat\/2025\/en\/2022-eng\/\" target=\"_blank\" rel=\"noopener\">2022<\/a> \/ <a style=\"color: #808080;\" href=\"https:\/\/revela-t.cat\/2025\/en\/2021-eng\/\" target=\"_blank\" rel=\"noopener\">2021<\/a>\u00a0\/ <strong>2020\u00a0<\/strong>\/ <a style=\"color: #808080;\" href=\"https:\/\/revela-t.cat\/2025\/en\/2019-eng\/\" target=\"_blank\" rel=\"noopener\">2019<\/a> \/ <a style=\"color: #808080;\" href=\"https:\/\/revela-t.cat\/2025\/en\/2018-eng\/\" target=\"_blank\" rel=\"noopener\">2018<\/a> \/ <a style=\"color: #808080;\" href=\"https:\/\/revela-t.cat\/2025\/en\/2017-eng\/\" target=\"_blank\" rel=\"noopener\">2017<\/a> \/ <a style=\"color: #808080;\" href=\"https:\/\/revela-t.cat\/2025\/en\/2016-eng\/\" target=\"_blank\" rel=\"noopener\">2016<\/a> \/ <a style=\"color: #808080;\" href=\"https:\/\/revela-t.cat\/2025\/en\/2015-eng\/\" target=\"_blank\" rel=\"noopener\">2015<\/a> \/ <a style=\"color: #808080;\" href=\"https:\/\/revela-t.cat\/2025\/en\/2014-eng\/\" target=\"_blank\" rel=\"noopener\">2014<\/a> \/ <a style=\"color: #808080;\" href=\"https:\/\/revela-t.cat\/2025\/en\/2013-eng\/\" target=\"_blank\" rel=\"noopener\">2013<\/a><\/span><\/p>\n<p>[\/et_pb_text][\/et_pb_column][\/et_pb_row][et_pb_row column_structure=&#8221;3_5,2_5&#8243; use_custom_gutter=&#8221;on&#8221; gutter_width=&#8221;2&#8243; _builder_version=&#8221;4.19.5&#8243; _module_preset=&#8221;default&#8221; width=&#8221;100%&#8221; max_width=&#8221;100%&#8221; module_alignment=&#8221;left&#8221; custom_padding=&#8221;0px||0px|||&#8221; global_colors_info=&#8221;{}&#8221;][et_pb_column type=&#8221;3_5&#8243; _builder_version=&#8221;4.19.5&#8243; _module_preset=&#8221;default&#8221; global_colors_info=&#8221;{}&#8221;][et_pb_text module_class=&#8221;text&#8221; _builder_version=&#8221;4.20.2&#8243; _module_preset=&#8221;default&#8221; width=&#8221;900px&#8221; max_width=&#8221;100%&#8221; module_alignment=&#8221;left&#8221; custom_margin=&#8221;|||0px|false|false&#8221; custom_padding=&#8221;||45px|0px|false|false&#8221; custom_css_main_element=&#8221;margin-right: 20px;&#8221; global_colors_info=&#8221;{}&#8221;]<\/p>\n<p>Coinciding with the 65th birthday of the exhibition The Family Of Man, curated by Edward Steichen, we have taken this iconic exhibition as the leitmotif of the 2020 edition. Edward Steichen, we have taken this iconic exhibition as the leitmotif of the 2020 edition.<\/p>\n<p>The Family Of Man is framed in the 1950s, a particularly convulsive decade in which<br \/>major socio-political phenomena took place. At the same time, the so-called Humanist photography, which takes the person as its backbone, extolling and valuing their qualities and values, was consolidated and values, their spirit and dignity.<\/p>\n<p>Edward Steichen and his assistant Wayne Miller (from the photography department of the MOMA) took on the challenge of creating an exhibition showing a portrait of humanity at that time. It is considered to be the largest photographic undertaking ever undertaken and is still can still be visited in the castle of Clearvaux in Luxembourg.<\/p>\n<p>From Revela&#8217;T we proposed to re-visit it under the name Portrait of Humanity,<br \/>approaching the same globalising spirit, while offering a contemporary vision.<\/p>\n<p>[\/et_pb_text][et_pb_accordion open_toggle_background_color=&#8221;#FFFFFF&#8221; closed_toggle_text_color=&#8221;#000000&#8243; closed_toggle_background_color=&#8221;#FFFFFF&#8221; toggle_icon=&#8221;&#x4c;||divi||400&#8243; icon_color=&#8221;#000000&#8243; use_icon_font_size=&#8221;on&#8221; icon_font_size=&#8221;30px&#8221; icon_color_last_edited=&#8221;off|desktop&#8221; module_class=&#8221;t&#8221; _builder_version=&#8221;4.27.2&#8243; _module_preset=&#8221;default&#8221; toggle_font=&#8221;|600|||||||&#8221; closed_toggle_text_align=&#8221;left&#8221; body_font_size=&#8221;16px&#8221; custom_margin=&#8221;0px||0px||false|false&#8221; custom_padding=&#8221;0px||0px||false|false&#8221; border_width_all=&#8221;0px&#8221; locked=&#8221;off&#8221; global_colors_info=&#8221;{}&#8221;][et_pb_accordion_item title=&#8221;Expositions&#8221; open=&#8221;on&#8221; _builder_version=&#8221;4.24.0&#8243; _module_preset=&#8221;default&#8221; custom_margin=&#8221;0px|||0px|false|false&#8221; custom_padding=&#8221;0px|||0px|false|false&#8221; border_width_bottom=&#8221;1px&#8221; border_color_bottom=&#8221;#000000&#8243; global_colors_info=&#8221;{}&#8221;]<\/p>\n<p><span style=\"color: #000000;\"><\/span><\/p>\n<p><span style=\"color: #000000;\">In the international sphere, we could call the following the international highlights: Sweet Nothings de la inglesa <strong>Vanessa\u00a0<\/strong><strong>Winship<\/strong>,\u00a0Grays\u00a0the\u00a0mountain\u00a0sends\u00a0del americano <strong>Bryan\u00a0<\/strong><strong>Shutmaat<\/strong>,\u00a0Esencia\u00a0del cubano\u00a0<strong>Raul\u00a0Ca\u00f1ibano<\/strong>\u00a0o\u00a0Fovea\u00a0de la canadiense<strong> Sarah\u00a0<\/strong><strong>Seen\u00e9<\/strong>.\u00a0Entre los espa\u00f1oles destacar\u00edamos la exposici\u00f3n\u00a0Solovki\u00a0de <strong>Juanma Castro Prieto i Rafel\u00a0<\/strong><strong>Trapiello<\/strong>, Madrid en Plata de <strong>Lu\u00eds\u00a0<\/strong><strong>Bayl\u00f3n<\/strong>\u00a0y\u00a0Espace1\u00a0de <strong>Jos\u00e9 Ram\u00f3n Bas<\/strong>. Y como representantes catalanes la de <strong>Txema\u00a0<\/strong><strong>Salvans<\/strong>\u00a0y la de <strong>Adriana L\u00f3pez Sanfeliu<\/strong>. En 2020 hicimos diferentes exposiciones exteriores, Gigantes de <strong>Toni\u00a0<\/strong><strong>Privat<\/strong>\u00a0y la Escudilla de\u00a0<strong>Teo<\/strong><strong>\u00a0V\u00e1zquez<\/strong>. Tuvimos 4 exposiciones colectivas: La de <strong>Leica\u00a0Users\u00a0Group<\/strong>,\u00a0\u00a0The\u00a0Family\u00a0o Man;\u00a0la de la\u00a0<strong>IEFC<\/strong>\u00a0con las fotograf\u00edas de 3 alumnos y comisariada por Joan\u00a0Teixidor\u00a0y la del trabajo de los residentes a la <strong>Residencia de Creaci\u00f3n y Experimentaci\u00f3n 2019.<\/strong><\/span><\/p>\n<p><span style=\"color: #000000;\">R&#8217;T\u00a0OFF:<\/span><\/p>\n<p><span style=\"color: #000000;\">10 exhibitions in Barcelona, and we also exhibited at the Hospitalet de Llobregat, Torroella de Montgri, C\u00e1diz, Eibar y Pamplona. We also had two major exhibitions produced by us. At the Plaza Santa Anna of the county capital Matar\u00f3 and also to the seaport of Premi\u00e0 de Mar.<\/span><\/p>\n<p>[\/et_pb_accordion_item][et_pb_accordion_item title=&#8221;Programme&#8221; _builder_version=&#8221;4.27.2&#8243; _module_preset=&#8221;default&#8221; custom_margin=&#8221;0px|||0px|false|false&#8221; custom_padding=&#8221;0px|||0px|false|false&#8221; border_width_bottom=&#8221;1px&#8221; border_color_bottom=&#8221;#000000&#8243; global_colors_info=&#8221;{}&#8221; open=&#8221;off&#8221;]<\/p>\n<p><span style=\"color: #000000;\"><\/span><\/p>\n<p><span style=\"color: #000000;\">You can download the programme <a href=\"https:\/\/revela-t.cat\/2025\/wp-content\/uploads\/2022\/11\/Programa-Revelat-2020-cast-1.pdf\">here.<\/a><\/span><\/p>\n<p>[\/et_pb_accordion_item][et_pb_accordion_item title=&#8221;Aftermovie&#8221; _builder_version=&#8221;4.27.2&#8243; _module_preset=&#8221;default&#8221; custom_margin=&#8221;0px|||0px|false|false&#8221; custom_padding=&#8221;0px|||0px|false|false&#8221; border_width_bottom=&#8221;1px&#8221; border_color_bottom=&#8221;#000000&#8243; global_colors_info=&#8221;{}&#8221; open=&#8221;off&#8221;]<\/p>\n<p>&nbsp;<\/p>\n<div style=\"width: 1080px;\" class=\"wp-video\"><video class=\"wp-video-shortcode\" id=\"video-551-1\" width=\"1080\" height=\"608\" preload=\"metadata\" controls=\"controls\"><source type=\"video\/mp4\" src=\"https:\/\/revela-t.cat\/2025\/wp-content\/uploads\/2022\/11\/Resum-RevelaT-2020.mp4?_=1\" \/><a href=\"https:\/\/revela-t.cat\/2025\/wp-content\/uploads\/2022\/11\/Resum-RevelaT-2020.mp4\">https:\/\/revela-t.cat\/2025\/wp-content\/uploads\/2022\/11\/Resum-RevelaT-2020.mp4<\/a><\/video><\/div>\n<p>[\/et_pb_accordion_item][\/et_pb_accordion][\/et_pb_column][et_pb_column type=&#8221;2_5&#8243; _builder_version=&#8221;4.19.5&#8243; _module_preset=&#8221;default&#8221; global_colors_info=&#8221;{}&#8221;][et_pb_image src=&#8221;https:\/\/revela-t.cat\/2025\/wp-content\/uploads\/2022\/11\/Poster-A3-2020B-pdf.jpg&#8221; title_text=&#8221;Poster A3 2020B&#8221; force_fullwidth=&#8221;on&#8221; _builder_version=&#8221;4.19.0&#8243; _module_preset=&#8221;default&#8221; locked=&#8221;off&#8221; global_colors_info=&#8221;{}&#8221;][\/et_pb_image][\/et_pb_column][\/et_pb_row][\/et_pb_section]<\/p>\n","protected":false},"excerpt":{"rendered":"<p>Revela&#8217;t 2020: Humanity, a portrait of the present2024 \/\u00a02023 \/ 2022 \/ 2021\u00a0\/ 2020\u00a0\/ 2019 \/ 2018 \/ 2017 \/ 2016 \/ 2015 \/ 2014 \/ 2013Coinciding with the 65th birthday of the exhibition The Family Of Man, curated by Edward Steichen, we have taken this iconic exhibition as the leitmotif of the 2020 edition. [&hellip;]<\/p>\n","protected":false},"author":3,"featured_media":0,"parent":0,"menu_order":0,"comment_status":"closed","ping_status":"closed","template":"","meta":{"_et_pb_use_builder":"on","_et_pb_old_content":"","_et_gb_content_width":"","om_disable_all_campaigns":false,"footnotes":""},"class_list":["post-551","page","type-page","status-publish","hentry"],"aioseo_notices":[],"_links":{"self":[{"href":"https:\/\/revela-t.cat\/2025\/wp-json\/wp\/v2\/pages\/551","targetHints":{"allow":["GET"]}}],"collection":[{"href":"https:\/\/revela-t.cat\/2025\/wp-json\/wp\/v2\/pages"}],"about":[{"href":"https:\/\/revela-t.cat\/2025\/wp-json\/wp\/v2\/types\/page"}],"author":[{"embeddable":true,"href":"https:\/\/revela-t.cat\/2025\/wp-json\/wp\/v2\/users\/3"}],"replies":[{"embeddable":true,"href":"https:\/\/revela-t.cat\/2025\/wp-json\/wp\/v2\/comments?post=551"}],"version-history":[{"count":0,"href":"https:\/\/revela-t.cat\/2025\/wp-json\/wp\/v2\/pages\/551\/revisions"}],"wp:attachment":[{"href":"https:\/\/revela-t.cat\/2025\/wp-json\/wp\/v2\/media?parent=551"}],"curies":[{"name":"wp","href":"https:\/\/api.w.org\/{rel}","templated":true}]}}