{"id":4554,"date":"2023-02-08T14:16:19","date_gmt":"2023-02-08T13:16:19","guid":{"rendered":"https:\/\/revela-t.cat\/2025\/?page_id=4554"},"modified":"2023-11-22T09:34:45","modified_gmt":"2023-11-22T08:34:45","slug":"histoire","status":"publish","type":"page","link":"https:\/\/revela-t.cat\/2025\/histoire\/","title":{"rendered":"Br\u00e8ve histoire"},"content":{"rendered":"<p>[et_pb_section fb_built=&#8221;1&#8243; module_class=&#8221;body-content&#8221; _builder_version=&#8221;4.19.5&#8243; _module_preset=&#8221;default&#8221; width=&#8221;1500px&#8221; max_width=&#8221;100%&#8221; module_alignment=&#8221;center&#8221; custom_margin=&#8221;||0px||false|false&#8221; custom_padding=&#8221;48px||34px||false|false&#8221; da_disable_devices=&#8221;off|off|off&#8221; locked=&#8221;off&#8221; global_colors_info=&#8221;{}&#8221; da_is_popup=&#8221;off&#8221; da_exit_intent=&#8221;off&#8221; da_has_close=&#8221;on&#8221; da_alt_close=&#8221;off&#8221; da_dark_close=&#8221;off&#8221; da_not_modal=&#8221;on&#8221; da_is_singular=&#8221;off&#8221; da_with_loader=&#8221;off&#8221; da_has_shadow=&#8221;on&#8221;][et_pb_row _builder_version=&#8221;4.19.5&#8243; _module_preset=&#8221;default&#8221; width=&#8221;100%&#8221; max_width=&#8221;2560px&#8221; custom_margin=&#8221;0px|0px|0px|0px|false|false&#8221; custom_padding=&#8221;0px|0px|0px|0px|false|false&#8221; global_colors_info=&#8221;{}&#8221;][et_pb_column type=&#8221;4_4&#8243; _builder_version=&#8221;4.19.4&#8243; _module_preset=&#8221;default&#8221; global_colors_info=&#8221;{}&#8221;][et_pb_text module_class=&#8221;title&#8221; _builder_version=&#8221;4.19.5&#8243; _module_preset=&#8221;default&#8221; text_text_color=&#8221;#000000&#8243; custom_margin=&#8221;||||false|false&#8221; custom_padding=&#8221;||10px||false|false&#8221; custom_css_main_element=&#8221;@media (max-width: 2000px) {||.body-content {||  width: calc(100vw &#8211; 80px);||  margin: 0 40px 0 40px;||}||}&#8221; border_width_bottom=&#8221;1px&#8221; border_color_bottom=&#8221;#000000&#8243; global_colors_info=&#8221;{}&#8221;]<\/p>\n<h1><span style=\"color: #000000;\"><strong>L&#8217;histoire du Revela&#8217;t<br \/><\/strong><\/span><\/h1>\n<p>[\/et_pb_text][\/et_pb_column][\/et_pb_row][\/et_pb_section][et_pb_section fb_built=&#8221;1&#8243; module_class=&#8221;body-content&#8221; _builder_version=&#8221;4.19.5&#8243; _module_preset=&#8221;default&#8221; width=&#8221;1500px&#8221; max_width=&#8221;100%&#8221; module_alignment=&#8221;center&#8221; min_height=&#8221;439px&#8221; custom_margin=&#8221;0px|0px|0px||false|false&#8221; custom_padding=&#8221;0px|0px|90px|0px|false|false&#8221; da_disable_devices=&#8221;off|off|off&#8221; locked=&#8221;off&#8221; global_colors_info=&#8221;{}&#8221; da_is_popup=&#8221;off&#8221; da_exit_intent=&#8221;off&#8221; da_has_close=&#8221;on&#8221; da_alt_close=&#8221;off&#8221; da_dark_close=&#8221;off&#8221; da_not_modal=&#8221;on&#8221; da_is_singular=&#8221;off&#8221; da_with_loader=&#8221;off&#8221; da_has_shadow=&#8221;on&#8221;][et_pb_row use_custom_gutter=&#8221;on&#8221; gutter_width=&#8221;1&#8243; _builder_version=&#8221;4.19.5&#8243; _module_preset=&#8221;default&#8221; width=&#8221;900px&#8221; max_width=&#8221;100%&#8221; module_alignment=&#8221;left&#8221; custom_margin=&#8221;0px||0px|0px|false|false&#8221; custom_padding=&#8221;0px||35px|0px|false|false&#8221; global_colors_info=&#8221;{}&#8221;][et_pb_column type=&#8221;4_4&#8243; _builder_version=&#8221;4.19.4&#8243; _module_preset=&#8221;default&#8221; global_colors_info=&#8221;{}&#8221;][et_pb_text module_class=&#8221;text&#8221; _builder_version=&#8221;4.19.5&#8243; _module_preset=&#8221;default&#8221; width=&#8221;100%&#8221; max_width=&#8221;100%&#8221; custom_margin=&#8221;||-2px|0px|false|false&#8221; custom_padding=&#8221;|||0px|false|false&#8221; global_colors_info=&#8221;{}&#8221;]<\/p>\n<div class=\"flex flex-grow flex-col gap-3\">\n<div class=\"min-h-[20px] flex flex-col items-start gap-4 whitespace-pre-wrap\">\n<div class=\"markdown prose w-full break-words dark:prose-invert light\">\n<p>Cette ann\u00e9e, nous c\u00e9l\u00e9brons la onzi\u00e8me \u00e9dition du festival Revela&#8217;t, un succ\u00e8s que nous attribuons \u00e0 tous ceux qui nous ont soutenus et pouss\u00e9s \u00e0 poursuivre cette belle aventure. Au cours de ces ann\u00e9es, nous avons beaucoup appris, nous nous sommes consacr\u00e9s \u00e0 faire grandir le festival avec passion et nous avons nou\u00e9 de merveilleuses relations avec des gens du monde entier.<\/p>\n<p>L&#8217;organisation du festival demande beaucoup d&#8217;efforts et de soulever de nombreux d\u00e9fis, comme le manque de financement. Malgr\u00e9 l&#8217;augmentation des revenus d&#8217;ann\u00e9e en ann\u00e9e, nous d\u00e9pendons toujours fortement des subventions et des parrainages, qui sont de plus en plus difficiles \u00e0 obtenir en raison des exigences \u00e9lev\u00e9es. Par ailleurs, trouver un soutien commercial au m\u00e9c\u00e9nat culturel reste un d\u00e9fi, malgr\u00e9 les initiatives de sensibilisation \u00e0 ses bienfaits. Bref, bien que nous ayons r\u00e9ussi \u00e0 faire grandir le festival, il reste encore des d\u00e9fis \u00e0 relever. Nous continuons \u00e0 esp\u00e9rer qu&#8217;\u00e0 l&#8217;avenir, les institutions et le monde des affaires valoriseront davantage l&#8217;importance de soutenir la culture.<\/p>\n<p>Le festival est organis\u00e9 par une petite association \u00e0 but non lucratif, et malgr\u00e9 les difficult\u00e9s, avec notre engagement, nous avons r\u00e9ussi \u00e0 atteindre la onzi\u00e8me \u00e9dition. Cependant, le financement de la culture reste incertain, c&#8217;est pourquoi nous sommes parfois oblig\u00e9s de recourir \u00e0 des solutions telles qu&#8217;une politique de cr\u00e9dit ou m\u00eame d&#8217;investir depuis notre propre poche.<\/p>\n<p>Pour cette raison, nous appelons ceux qui assistent fid\u00e8lement au festival Revela&#8217;t \u00e0 devenir Ami.e.s du festival, avec une petite contribution qui leur donnera acc\u00e8s \u00e0 des billets et autres avantages pendant le festival et tout au long de l&#8217;ann\u00e9e. C&#8217;est une fa\u00e7on de s&#8217;engager et de contribuer, de mani\u00e8re romantique et pratique, \u00e0 c\u00e9l\u00e9brer encore de nombreuses ann\u00e9es du festival Revela&#8217;t.<\/p>\n<\/div>\n<\/div>\n<\/div>\n<p>[\/et_pb_text][\/et_pb_column][\/et_pb_row][et_pb_row use_custom_gutter=&#8221;on&#8221; gutter_width=&#8221;1&#8243; _builder_version=&#8221;4.19.5&#8243; _module_preset=&#8221;default&#8221; width=&#8221;900px&#8221; max_width=&#8221;100%&#8221; custom_margin=&#8221;0px||0px|0px|false|false&#8221; custom_padding=&#8221;0px||0px|0px|false|false&#8221; locked=&#8221;off&#8221; global_colors_info=&#8221;{}&#8221; gutter_width__hover_enabled=&#8221;on|desktop&#8221; gutter_width__hover=&#8221;1&#8243;][et_pb_column type=&#8221;4_4&#8243; _builder_version=&#8221;4.19.5&#8243; _module_preset=&#8221;default&#8221; custom_css_main_element=&#8221;margin-right: 20px !important;&#8221; global_colors_info=&#8221;{}&#8221;][et_pb_image src=&#8221;https:\/\/revela-t.cat\/2025\/wp-content\/uploads\/2023\/02\/REVELAT039.jpg&#8221; alt=&#8221;Blanca Berlin&#8221; title_text=&#8221;REVELA&#8217;T039&#8243; module_class=&#8221;full-image&#8221; _builder_version=&#8221;4.19.5&#8243; _module_preset=&#8221;default&#8221; custom_margin=&#8221;||16px||false|false&#8221; custom_padding=&#8221;||0px||false|false&#8221; global_colors_info=&#8221;{}&#8221;][\/et_pb_image][et_pb_text module_class=&#8221;text2&#8243; _builder_version=&#8221;4.19.5&#8243; _module_preset=&#8221;default&#8221; width=&#8221;100%&#8221; max_width=&#8221;100%&#8221; custom_margin=&#8221;||-2px|0px|false|false&#8221; custom_padding=&#8221;|||0px|false|false&#8221; global_colors_info=&#8221;{}&#8221;]<\/p>\n<div class=\"flex flex-grow flex-col gap-3\">\n<div class=\"min-h-[20px] flex flex-col items-start gap-4 whitespace-pre-wrap\">\n<div class=\"markdown prose w-full break-words dark:prose-invert light\">Photographie prise par l&#8217;\u00e9quipe de Branco Ottico la derni\u00e8re \u00e9dition, 2022.<\/div>\n<\/div>\n<\/div>\n<p>[\/et_pb_text][\/et_pb_column][\/et_pb_row][\/et_pb_section][et_pb_section fb_built=&#8221;1&#8243; module_class=&#8221;body-content&#8221; _builder_version=&#8221;4.19.5&#8243; _module_preset=&#8221;default&#8221; width=&#8221;1500px&#8221; max_width=&#8221;100%&#8221; module_alignment=&#8221;center&#8221; custom_margin=&#8221;0px||0px|0px|false|false&#8221; custom_padding=&#8221;0px|0px|180px|0px|false|false&#8221; da_disable_devices=&#8221;off|off|off&#8221; locked=&#8221;off&#8221; global_colors_info=&#8221;{}&#8221; da_is_popup=&#8221;off&#8221; da_exit_intent=&#8221;off&#8221; da_has_close=&#8221;on&#8221; da_alt_close=&#8221;off&#8221; da_dark_close=&#8221;off&#8221; da_not_modal=&#8221;on&#8221; da_is_singular=&#8221;off&#8221; da_with_loader=&#8221;off&#8221; da_has_shadow=&#8221;on&#8221;][et_pb_row _builder_version=&#8221;4.19.5&#8243; _module_preset=&#8221;default&#8221; width=&#8221;900px&#8221; max_width=&#8221;100%&#8221; custom_margin=&#8221;0px||0px|0px|false|false&#8221; custom_padding=&#8221;0px||0px|0px|false|false&#8221; global_colors_info=&#8221;{}&#8221;][et_pb_column type=&#8221;4_4&#8243; _builder_version=&#8221;4.19.4&#8243; _module_preset=&#8221;default&#8221; global_colors_info=&#8221;{}&#8221;][et_pb_text module_class=&#8221;text&#8221; _builder_version=&#8221;4.19.5&#8243; _module_preset=&#8221;default&#8221; width=&#8221;100%&#8221; max_width=&#8221;100%&#8221; custom_margin=&#8221;|0px||0px|false|false&#8221; custom_padding=&#8221;|0px||0px|false|false&#8221; global_colors_info=&#8221;{}&#8221;]<\/p>\n<p>Vous avez encore des questions? Envoyez-nous un message \u00e0 <a class=\"link\" href=\"mailto:espaifotografic@gmail.com\">espaifotografic@gmail.com<\/a><\/p>\n<p>[\/et_pb_text][\/et_pb_column][\/et_pb_row][\/et_pb_section]<\/p>\n","protected":false},"excerpt":{"rendered":"<p>L&#8217;histoire du Revela&#8217;t Cette ann\u00e9e, nous c\u00e9l\u00e9brons la onzi\u00e8me \u00e9dition du festival Revela&#8217;t, un succ\u00e8s que nous attribuons \u00e0 tous ceux qui nous ont soutenus et pouss\u00e9s \u00e0 poursuivre cette belle aventure. Au cours de ces ann\u00e9es, nous avons beaucoup appris, nous nous sommes consacr\u00e9s \u00e0 faire grandir le festival avec passion et nous avons [&hellip;]<\/p>\n","protected":false},"author":3,"featured_media":0,"parent":0,"menu_order":0,"comment_status":"closed","ping_status":"closed","template":"","meta":{"_et_pb_use_builder":"on","_et_pb_old_content":"","_et_gb_content_width":"","om_disable_all_campaigns":false,"footnotes":""},"class_list":["post-4554","page","type-page","status-publish","hentry"],"aioseo_notices":[],"_links":{"self":[{"href":"https:\/\/revela-t.cat\/2025\/wp-json\/wp\/v2\/pages\/4554","targetHints":{"allow":["GET"]}}],"collection":[{"href":"https:\/\/revela-t.cat\/2025\/wp-json\/wp\/v2\/pages"}],"about":[{"href":"https:\/\/revela-t.cat\/2025\/wp-json\/wp\/v2\/types\/page"}],"author":[{"embeddable":true,"href":"https:\/\/revela-t.cat\/2025\/wp-json\/wp\/v2\/users\/3"}],"replies":[{"embeddable":true,"href":"https:\/\/revela-t.cat\/2025\/wp-json\/wp\/v2\/comments?post=4554"}],"version-history":[{"count":0,"href":"https:\/\/revela-t.cat\/2025\/wp-json\/wp\/v2\/pages\/4554\/revisions"}],"wp:attachment":[{"href":"https:\/\/revela-t.cat\/2025\/wp-json\/wp\/v2\/media?parent=4554"}],"curies":[{"name":"wp","href":"https:\/\/api.w.org\/{rel}","templated":true}]}}