{"id":41414,"date":"2025-04-08T09:32:49","date_gmt":"2025-04-08T07:32:49","guid":{"rendered":"https:\/\/revela-t.cat\/2025\/?page_id=41414"},"modified":"2025-04-09T11:05:32","modified_gmt":"2025-04-09T09:05:32","slug":"transparencia_es","status":"publish","type":"page","link":"https:\/\/revela-t.cat\/2025\/transparencia_es\/","title":{"rendered":"Transparencia"},"content":{"rendered":"<p>[et_pb_section fb_built=&#8221;1&#8243; admin_label=&#8221;Section&#8221; module_class=&#8221;body-content&#8221; _builder_version=&#8221;4.20.2&#8243; _module_preset=&#8221;default&#8221; width=&#8221;1500px&#8221; max_width=&#8221;100%&#8221; module_alignment=&#8221;center&#8221; custom_margin=&#8221;||0px||false|false&#8221; custom_padding=&#8221;48px||34px||false|false&#8221; locked=&#8221;off&#8221; global_colors_info=&#8221;{}&#8221;][et_pb_row _builder_version=&#8221;4.20.2&#8243; _module_preset=&#8221;default&#8221; width=&#8221;100%&#8221; max_width=&#8221;2560px&#8221; custom_margin=&#8221;0px|0px|0px|0px|false|false&#8221; custom_padding=&#8221;0px|0px|0px|0px|false|false&#8221; global_colors_info=&#8221;{}&#8221;][et_pb_column type=&#8221;4_4&#8243; _builder_version=&#8221;4.19.4&#8243; _module_preset=&#8221;default&#8221; global_colors_info=&#8221;{}&#8221;][et_pb_text module_class=&#8221;title&#8221; _builder_version=&#8221;4.27.4&#8243; _module_preset=&#8221;default&#8221; text_text_color=&#8221;#000000&#8243; custom_padding=&#8221;||10px||false|false&#8221; hover_enabled=&#8221;0&#8243; custom_css_main_element=&#8221;@media (max-width: 2000px) {||.body-content {||  width: calc(100vw &#8211; 80px);||  margin: 0 40px 0 40px;||}||}&#8221; border_width_bottom=&#8221;1px&#8221; border_color_bottom=&#8221;#000000&#8243; global_colors_info=&#8221;{}&#8221; sticky_enabled=&#8221;0&#8243;]<\/p>\n<h1><span style=\"color: #000000;\"><strong>Transparencia Revela&#8217;t 2024<br \/><\/strong><\/span><\/h1>\n<p>[\/et_pb_text][\/et_pb_column][\/et_pb_row][\/et_pb_section][et_pb_section fb_built=&#8221;1&#8243; admin_label=&#8221;Section&#8221; module_class=&#8221;body-content&#8221; _builder_version=&#8221;4.20.2&#8243; _module_preset=&#8221;default&#8221; width=&#8221;1500px&#8221; max_width=&#8221;100%&#8221; module_alignment=&#8221;center&#8221; custom_margin=&#8221;0px|0px|0px|0px|false|false&#8221; custom_padding=&#8221;0px|0px|90px|0px|false|false&#8221; global_colors_info=&#8221;{}&#8221;][et_pb_row _builder_version=&#8221;4.20.2&#8243; _module_preset=&#8221;default&#8221; width=&#8221;100%&#8221; max_width=&#8221;2560px&#8221; custom_margin=&#8221;0px|0px|0px|0px|false|false&#8221; custom_padding=&#8221;0px|0px|23px|0px|false|false&#8221; locked=&#8221;off&#8221; global_colors_info=&#8221;{}&#8221;][et_pb_column type=&#8221;4_4&#8243; _builder_version=&#8221;4.19.4&#8243; _module_preset=&#8221;default&#8221; global_colors_info=&#8221;{}&#8221;][\/et_pb_column][\/et_pb_row][et_pb_row column_structure=&#8221;1_2,1_2&#8243; _builder_version=&#8221;4.20.2&#8243; _module_preset=&#8221;default&#8221; width=&#8221;100%&#8221; max_width=&#8221;100%&#8221; module_alignment=&#8221;left&#8221; min_height=&#8221;0px&#8221; custom_margin=&#8221;0px||0px|0px|false|false&#8221; custom_padding=&#8221;0px||0px|0px|false|false&#8221; global_colors_info=&#8221;{}&#8221;][et_pb_column type=&#8221;1_2&#8243; _builder_version=&#8221;4.19.4&#8243; _module_preset=&#8221;default&#8221; global_colors_info=&#8221;{}&#8221;][et_pb_text module_class=&#8221;text&#8221; _builder_version=&#8221;4.27.4&#8243; _module_preset=&#8221;default&#8221; width=&#8221;100%&#8221; max_width=&#8221;100%&#8221; custom_margin=&#8221;0px|0px|0px|0px|false|false&#8221; custom_padding=&#8221;0px|0px|0px|0px|false|false&#8221; hover_enabled=&#8221;0&#8243; custom_css_main_element=&#8221;margin-right: 20px !important;&#8221; global_colors_info=&#8221;{}&#8221; sticky_enabled=&#8221;0&#8243;]<\/p>\n<p class=\"p1\">En la Asociaci\u00f3n Fotogr\u00e1fica EspaiFoto, entendemos que la transparencia es un valor fundamental para la confianza y la sostenibilidad de nuestro proyecto cultural. Por eso, queremos compartir de manera clara y accesible la informaci\u00f3n relacionada con la gesti\u00f3n econ\u00f3mica y organizativa del Festival Revela\u2019T.<\/p>\n<p class=\"p1\"><strong>Gesti\u00f3n econ\u00f3mica<\/strong><\/p>\n<p class=\"p1\">El festival cuenta con una estructura de financiaci\u00f3n basada en subvenciones p\u00fablicas, patrocinio privado, ingresos propios (como inscripciones y venta de materiales), y, en a\u00f1os anteriores, aportaciones en especie.<\/p>\n<p class=\"p1\">En 2024, el presupuesto ejecutado ha sido de 227.447,57 \u20ac, con un balance totalmente equilibrado, es decir, todos los ingresos han cubierto \u00edntegramente los gastos sin generar d\u00e9ficit ni super\u00e1vit.<\/p>\n<p class=\"p1\"><strong>Ingresos<\/strong><\/p>\n<p class=\"p1\">Las principales fuentes de ingreso han sido:<\/p>\n<ul class=\"ul1\">\n<li class=\"li1\">Generalitat de Catalunya (OSIC): 67.211,00 \u20ac<\/li>\n<li class=\"li1\">Ayuntamiento de Vilassar de Dalt: 34.000,00 \u20ac<\/li>\n<li class=\"li1\">Ministerio de Cultura: 30.000,00 \u20ac<\/li>\n<li class=\"li1\">Diputaci\u00f3n de Barcelona: 20.000,00 \u20ac<\/li>\n<li class=\"li1\">Patrocinadores y otras entidades: 11.805,00 \u20ac<\/li>\n<li class=\"li1\">Ingresos propios (inscripciones, venta de material, etc.): 64.431,57 \u20ac<\/li>\n<\/ul>\n<p class=\"p1\"><strong>Gastos<\/strong><\/p>\n<p class=\"p1\">Las partidas m\u00e1s relevantes han sido:<\/p>\n<ul class=\"ul1\">\n<li class=\"li1\">Organizaci\u00f3n y direcci\u00f3n: 64.139,21 \u20ac<\/li>\n<li class=\"li1\">Honorarios art\u00edsticos, direcci\u00f3n y producci\u00f3n:: 44.318,14 \u20ac<\/li>\n<li class=\"li1\">Montaje y desmontaje: 23.316,82 \u20ac<\/li>\n<li class=\"li1\">Comunicaci\u00f3n y dise\u00f1o: 28.990,66 \u20ac<\/li>\n<li class=\"li1\">Otros costos operativos y gesti\u00f3n: 66.682,74 \u20ac<\/li>\n<\/ul>\n<p class=\"p1\">Cada gasto ha sido asignado de manera eficiente, priorizando la calidad art\u00edstica y la sostenibilidad econ\u00f3mica.<\/p>\n<p class=\"p1\"><strong>Ingresos en especie<\/strong><\/p>\n<p class=\"p1\">En 2024 no se ha contabilizado formalmente ninguna aportaci\u00f3n en especie, aunque en a\u00f1os anteriores s\u00ed se hab\u00edan valorado: 54.707,45 \u20ac en 2022 (seg\u00fan el estudio de Artimetria) y 106.189 \u20ac en 2023. Si este valor se mantuviera, el presupuesto total del proyecto se elevar\u00eda a 333.636,57 \u20ac.<\/p>\n<p class=\"p1\"><strong>Compromiso<\/strong><\/p>\n<p class=\"p1\">Revela\u2019T sigue creciendo, pero lo hace con rigor y responsabilidad. Todos los procesos de planificaci\u00f3n, ejecuci\u00f3n y justificaci\u00f3n cuentan con auditor\u00edas, controles internos y seguimiento institucional, con el objetivo de garantizar una gesti\u00f3n transparente, eficiente y alineada con los valores culturales y sociales del proyecto.<\/p>\n<p>[\/et_pb_text][\/et_pb_column][et_pb_column type=&#8221;1_2&#8243; _builder_version=&#8221;4.19.5&#8243; _module_preset=&#8221;default&#8221; global_colors_info=&#8221;{}&#8221;][et_pb_gallery gallery_ids=&#8221;41262,41263,41264,41265,41266,41267&#8243; fullwidth=&#8221;on&#8221; _builder_version=&#8221;4.27.4&#8243; _module_preset=&#8221;default&#8221; width=&#8221;900px&#8221; max_width=&#8221;100%&#8221; module_alignment=&#8221;left&#8221; custom_margin=&#8221;||||false|false&#8221; custom_padding=&#8221;||70px||false|false&#8221; auto=&#8221;on&#8221; auto_speed=&#8221;6000&#8243; custom_css_main_element=&#8221;height: fit-content !important;&#8221; locked=&#8221;off&#8221; global_colors_info=&#8221;{}&#8221;][\/et_pb_gallery][et_pb_button button_url=&#8221;https:\/\/revela-t.cat\/2025\/wp-content\/uploads\/2025\/04\/transparencia-Revelat-24.pdf&#8221; url_new_window=&#8221;on&#8221; button_text=&#8221;Descarga el dosier en pdf&#8221; button_alignment=&#8221;center&#8221; _builder_version=&#8221;4.27.4&#8243; _module_preset=&#8221;default&#8221; custom_button=&#8221;off&#8221; custom_margin=&#8221;||50px||false|false&#8221; box_shadow_style=&#8221;preset1&#8243; box_shadow_vertical=&#8221;0px&#8221; box_shadow_blur=&#8221;5px&#8221; box_shadow_spread=&#8221;1px&#8221; locked=&#8221;off&#8221; global_colors_info=&#8221;{}&#8221;][\/et_pb_button][et_pb_text module_class=&#8221;text&#8221; _builder_version=&#8221;4.27.4&#8243; _module_preset=&#8221;default&#8221; global_colors_info=&#8221;{}&#8221;]<\/p>\n<p><strong>Retorno<\/strong><\/p>\n<p>El Festival Revela\u2019t recibe una subvenci\u00f3n de 40.000 \u20ac a trav\u00e9s de un convenio con el Ayuntamiento de Vilassar de Dalt, que atrae 108.222,61 \u20ac adicionales de otras administraciones p\u00fablicas, generando un efecto econ\u00f3mico directo total de 249.643,37 \u20ac y un impacto econ\u00f3mico total sobre la producci\u00f3n estimado en 356.990,02 \u20ac. Se destaca que por cada \u20ac que invierte esta instituci\u00f3n, el retorno (ROI) es de 1:8,9. Estos datos se detallan en el \u201cEstudio de los impactos del Festival Revela\u2019T\u201d, elaborado por Artmetria con el apoyo de la Diputaci\u00f3n de Barcelona.<\/p>\n<p>[\/et_pb_text][\/et_pb_column][\/et_pb_row][et_pb_row _builder_version=&#8221;4.19.4&#8243; _module_preset=&#8221;default&#8221; width=&#8221;100%&#8221; max_width=&#8221;2560px&#8221; custom_margin=&#8221;0px|0px|0px|0px|false|false&#8221; custom_padding=&#8221;0px|0px|23px|0px|false|false&#8221; locked=&#8221;off&#8221; global_colors_info=&#8221;{}&#8221;][et_pb_column type=&#8221;4_4&#8243; _builder_version=&#8221;4.19.4&#8243; _module_preset=&#8221;default&#8221; global_colors_info=&#8221;{}&#8221;][\/et_pb_column][\/et_pb_row][et_pb_row column_structure=&#8221;2_5,3_5&#8243; _builder_version=&#8221;4.24.3&#8243; _module_preset=&#8221;default&#8221; locked=&#8221;off&#8221; global_colors_info=&#8221;{}&#8221;][et_pb_column type=&#8221;2_5&#8243; _builder_version=&#8221;4.24.3&#8243; _module_preset=&#8221;default&#8221; global_colors_info=&#8221;{}&#8221;][\/et_pb_column][et_pb_column type=&#8221;3_5&#8243; _builder_version=&#8221;4.24.3&#8243; _module_preset=&#8221;default&#8221; global_colors_info=&#8221;{}&#8221;][\/et_pb_column][\/et_pb_row][\/et_pb_section][et_pb_section fb_built=&#8221;1&#8243; admin_label=&#8221;Section&#8221; module_class=&#8221;body-content&#8221; _builder_version=&#8221;4.19.5&#8243; _module_preset=&#8221;default&#8221; width=&#8221;1500px&#8221; max_width=&#8221;100%&#8221; module_alignment=&#8221;center&#8221; custom_margin=&#8221;0px||0px|0px|false|false&#8221; custom_padding=&#8221;0px|0px|180px|0px|false|false&#8221; locked=&#8221;off&#8221; global_colors_info=&#8221;{}&#8221;][et_pb_row _builder_version=&#8221;4.19.5&#8243; _module_preset=&#8221;default&#8221; width=&#8221;900px&#8221; max_width=&#8221;100%&#8221; custom_margin=&#8221;0px||0px|0px|false|false&#8221; custom_padding=&#8221;0px||0px|0px|false|false&#8221; global_colors_info=&#8221;{}&#8221;][et_pb_column type=&#8221;4_4&#8243; _builder_version=&#8221;4.19.4&#8243; _module_preset=&#8221;default&#8221; global_colors_info=&#8221;{}&#8221;][et_pb_text module_class=&#8221;text&#8221; _builder_version=&#8221;4.27.4&#8243; _module_preset=&#8221;default&#8221; width=&#8221;100%&#8221; max_width=&#8221;100%&#8221; custom_margin=&#8221;|0px||0px|false|false&#8221; custom_padding=&#8221;|0px||0px|false|false&#8221; global_colors_info=&#8221;{}&#8221;]<\/p>\n<p>\u00bfTienes alguna duda? Contacta con nosotros en <a class=\"link\" href=\"mailto:espaifotografic@gmail.com\">espaifotografic@gmail.com<\/a><\/p>\n<p>[\/et_pb_text][\/et_pb_column][\/et_pb_row][\/et_pb_section]<\/p>\n","protected":false},"excerpt":{"rendered":"<p>Transparencia Revela&#8217;t 2024En la Asociaci\u00f3n Fotogr\u00e1fica EspaiFoto, entendemos que la transparencia es un valor fundamental para la confianza y la sostenibilidad de nuestro proyecto cultural. Por eso, queremos compartir de manera clara y accesible la informaci\u00f3n relacionada con la gesti\u00f3n econ\u00f3mica y organizativa del Festival Revela\u2019T. Gesti\u00f3n econ\u00f3mica El festival cuenta con una estructura de [&hellip;]<\/p>\n","protected":false},"author":8,"featured_media":0,"parent":0,"menu_order":0,"comment_status":"closed","ping_status":"closed","template":"","meta":{"_et_pb_use_builder":"on","_et_pb_old_content":"<!-- wp:divi\/placeholder \/-->","_et_gb_content_width":"","om_disable_all_campaigns":false,"footnotes":""},"class_list":["post-41414","page","type-page","status-publish","hentry"],"aioseo_notices":[],"_links":{"self":[{"href":"https:\/\/revela-t.cat\/2025\/wp-json\/wp\/v2\/pages\/41414","targetHints":{"allow":["GET"]}}],"collection":[{"href":"https:\/\/revela-t.cat\/2025\/wp-json\/wp\/v2\/pages"}],"about":[{"href":"https:\/\/revela-t.cat\/2025\/wp-json\/wp\/v2\/types\/page"}],"author":[{"embeddable":true,"href":"https:\/\/revela-t.cat\/2025\/wp-json\/wp\/v2\/users\/8"}],"replies":[{"embeddable":true,"href":"https:\/\/revela-t.cat\/2025\/wp-json\/wp\/v2\/comments?post=41414"}],"version-history":[{"count":0,"href":"https:\/\/revela-t.cat\/2025\/wp-json\/wp\/v2\/pages\/41414\/revisions"}],"wp:attachment":[{"href":"https:\/\/revela-t.cat\/2025\/wp-json\/wp\/v2\/media?parent=41414"}],"curies":[{"name":"wp","href":"https:\/\/api.w.org\/{rel}","templated":true}]}}