{"id":41255,"date":"2025-04-08T09:32:49","date_gmt":"2025-04-08T07:32:49","guid":{"rendered":"https:\/\/revela-t.cat\/2025\/?page_id=41255"},"modified":"2025-04-09T11:28:10","modified_gmt":"2025-04-09T09:28:10","slug":"transparencia","status":"publish","type":"page","link":"https:\/\/revela-t.cat\/2025\/ca\/transparencia\/","title":{"rendered":"Transpar\u00e8ncia"},"content":{"rendered":"<p>[et_pb_section fb_built=&#8221;1&#8243; admin_label=&#8221;Section&#8221; module_class=&#8221;body-content&#8221; _builder_version=&#8221;4.20.2&#8243; _module_preset=&#8221;default&#8221; width=&#8221;1500px&#8221; max_width=&#8221;100%&#8221; module_alignment=&#8221;center&#8221; custom_margin=&#8221;||0px||false|false&#8221; custom_padding=&#8221;48px||34px||false|false&#8221; locked=&#8221;off&#8221; global_colors_info=&#8221;{}&#8221;][et_pb_row _builder_version=&#8221;4.20.2&#8243; _module_preset=&#8221;default&#8221; width=&#8221;100%&#8221; max_width=&#8221;2560px&#8221; custom_margin=&#8221;0px|0px|0px|0px|false|false&#8221; custom_padding=&#8221;0px|0px|0px|0px|false|false&#8221; global_colors_info=&#8221;{}&#8221;][et_pb_column type=&#8221;4_4&#8243; _builder_version=&#8221;4.19.4&#8243; _module_preset=&#8221;default&#8221; global_colors_info=&#8221;{}&#8221;][et_pb_text module_class=&#8221;title&#8221; _builder_version=&#8221;4.27.4&#8243; _module_preset=&#8221;default&#8221; text_text_color=&#8221;#000000&#8243; custom_padding=&#8221;||10px||false|false&#8221; custom_css_main_element=&#8221;@media (max-width: 2000px) {||.body-content {||  width: calc(100vw &#8211; 80px);||  margin: 0 40px 0 40px;||}||}&#8221; border_width_bottom=&#8221;1px&#8221; border_color_bottom=&#8221;#000000&#8243; global_colors_info=&#8221;{}&#8221;]<\/p>\n<h1><span style=\"color: #000000;\"><strong>Transpar\u00e8ncia Revela&#8217;t 2024<br \/><\/strong><\/span><\/h1>\n<p>[\/et_pb_text][\/et_pb_column][\/et_pb_row][\/et_pb_section][et_pb_section fb_built=&#8221;1&#8243; admin_label=&#8221;Section&#8221; module_class=&#8221;body-content&#8221; _builder_version=&#8221;4.20.2&#8243; _module_preset=&#8221;default&#8221; width=&#8221;1500px&#8221; max_width=&#8221;100%&#8221; module_alignment=&#8221;center&#8221; custom_margin=&#8221;0px|0px|0px|0px|false|false&#8221; custom_padding=&#8221;0px|0px|90px|0px|false|false&#8221; global_colors_info=&#8221;{}&#8221;][et_pb_row _builder_version=&#8221;4.20.2&#8243; _module_preset=&#8221;default&#8221; width=&#8221;100%&#8221; max_width=&#8221;2560px&#8221; custom_margin=&#8221;0px|0px|0px|0px|false|false&#8221; custom_padding=&#8221;0px|0px|23px|0px|false|false&#8221; locked=&#8221;off&#8221; global_colors_info=&#8221;{}&#8221;][et_pb_column type=&#8221;4_4&#8243; _builder_version=&#8221;4.19.4&#8243; _module_preset=&#8221;default&#8221; global_colors_info=&#8221;{}&#8221;][\/et_pb_column][\/et_pb_row][et_pb_row column_structure=&#8221;1_2,1_2&#8243; _builder_version=&#8221;4.20.2&#8243; _module_preset=&#8221;default&#8221; width=&#8221;100%&#8221; max_width=&#8221;100%&#8221; module_alignment=&#8221;left&#8221; min_height=&#8221;0px&#8221; custom_margin=&#8221;0px||0px|0px|false|false&#8221; custom_padding=&#8221;0px||0px|0px|false|false&#8221; global_colors_info=&#8221;{}&#8221;][et_pb_column type=&#8221;1_2&#8243; _builder_version=&#8221;4.19.4&#8243; _module_preset=&#8221;default&#8221; global_colors_info=&#8221;{}&#8221;][et_pb_text module_class=&#8221;text&#8221; _builder_version=&#8221;4.27.4&#8243; _module_preset=&#8221;default&#8221; width=&#8221;100%&#8221; max_width=&#8221;100%&#8221; custom_margin=&#8221;0px|0px|0px|0px|false|false&#8221; custom_padding=&#8221;0px|0px|0px|0px|false|false&#8221; custom_css_main_element=&#8221;margin-right: 20px !important;&#8221; global_colors_info=&#8221;{}&#8221;]<\/p>\n<p class=\"p1\">A l\u2019Associaci\u00f3 Fotogr\u00e0fica EspaiFoto, entenem que la transpar\u00e8ncia \u00e9s un valor fonamental per a la confian\u00e7a i la sostenibilitat del nostre projecte cultural. Per aix\u00f2, volem compartir de manera clara i accessible la informaci\u00f3 relacionada amb la gesti\u00f3 econ\u00f2mica i organitzativa del Festival Revela\u2019T.<\/p>\n<p class=\"p1\"><strong>Gesti\u00f3 econ\u00f2mica<\/strong><\/p>\n<p class=\"p1\">El festival compta amb una estructura de finan\u00e7ament basada en subvencions p\u00fabliques, patrocini privat, ingressos propis (com inscripcions i venda de materials), i, en anys anteriors, aportacions en esp\u00e8cie.<\/p>\n<p class=\"p1\">L\u2019any 2024, el pressupost executat ha estat de <strong>227.447,57\u202f\u20ac<\/strong>, amb un balan\u00e7 totalment equilibrat, \u00e9s a dir, tots els ingressos han cobert \u00edntegrament les despeses sense generar d\u00e8ficit ni super\u00e0vit.<\/p>\n<p class=\"p1\"><strong>Ingressos<\/strong><\/p>\n<p class=\"p1\">Les principals fonts d\u2019ingr\u00e9s han estat:<\/p>\n<ul class=\"ul1\">\n<li class=\"li1\">Generalitat de Catalunya (OSIC): 67.211,00 \u20ac<\/li>\n<li class=\"li1\">Ajuntament de Vilassar de Dalt: 34.000,00 \u20ac<\/li>\n<li class=\"li1\">Ministerio de Cultura: 30.000,00 \u20ac<\/li>\n<li class=\"li1\">Diputaci\u00f3 de Barcelona: 20.000,00 \u20ac<\/li>\n<li class=\"li1\">Patrocinadors i altres entitats: 11.805,00 \u20ac<\/li>\n<li class=\"li1\">Ingressos propis (inscripcions, venda de material, etc.): 64.431,57 \u20ac<\/li>\n<\/ul>\n<p class=\"p1\"><strong>Despeses<\/strong><\/p>\n<p class=\"p1\">Les partides m\u00e9s rellevants han estat:<\/p>\n<ul class=\"ul1\">\n<li class=\"li1\">Organitzaci\u00f3 i direcci\u00f3: 64.139,21 \u20ac<\/li>\n<li class=\"li1\">Honoraris art\u00edstics, direcci\u00f3 i producci\u00f3: 44.318,14 \u20ac<\/li>\n<li class=\"li1\">Muntatge i desmuntatge: 23.316,82 \u20ac<\/li>\n<li class=\"li1\">Comunicaci\u00f3 i disseny: 28.990,66 \u20ac<\/li>\n<li class=\"li1\">Altres costos operatius i gesti\u00f3: 66.682,74 \u20ac<\/li>\n<\/ul>\n<p class=\"p1\">Cada despesa ha estat assignada de manera eficient, prioritzant la qualitat art\u00edstica i la sostenibilitat econ\u00f2mica.<\/p>\n<p class=\"p1\"><strong>Ingressos en esp\u00e8cie<\/strong><\/p>\n<p class=\"p1\">L\u2019any 2024 no s\u2019ha comptabilitzat formalment cap aportaci\u00f3 en esp\u00e8cie, tot i que en anys anteriors s\u00ed que s\u2019havien valorat: 54.707,45 \u20ac el 2022 (segons l\u2019estudi d\u2019Artimetria) i 106.189 \u20ac el 2023. Si aquest valor es mantingu\u00e9s, el pressupost total del projecte s\u2019elevaria fins als 333.636,57\u202f\u20ac.<\/p>\n<p class=\"p1\"><strong>Comprom\u00eds<\/strong><\/p>\n<p class=\"p1\">Revela\u2019T continua creixent, per\u00f2 ho fa amb rigor i responsabilitat. Tots els processos de planificaci\u00f3, execuci\u00f3 i justificaci\u00f3 compten amb auditories, controls interns i seguiment institucional, amb l\u2019objectiu de garantir una gesti\u00f3 transparent, eficient i alineada amb els valors culturals i socials del projecte.<\/p>\n<p>&nbsp;<\/p>\n<p>[\/et_pb_text][\/et_pb_column][et_pb_column type=&#8221;1_2&#8243; _builder_version=&#8221;4.19.5&#8243; _module_preset=&#8221;default&#8221; global_colors_info=&#8221;{}&#8221;][et_pb_gallery gallery_ids=&#8221;41262,41263,41264,41265,41266,41267&#8243; fullwidth=&#8221;on&#8221; _builder_version=&#8221;4.27.4&#8243; _module_preset=&#8221;default&#8221; width=&#8221;900px&#8221; max_width=&#8221;100%&#8221; module_alignment=&#8221;left&#8221; custom_margin=&#8221;||||false|false&#8221; custom_padding=&#8221;||70px||false|false&#8221; auto=&#8221;on&#8221; auto_speed=&#8221;6000&#8243; custom_css_main_element=&#8221;height: fit-content !important;&#8221; locked=&#8221;off&#8221; global_colors_info=&#8221;{}&#8221;][\/et_pb_gallery][et_pb_button button_url=&#8221;https:\/\/revela-t.cat\/2025\/wp-content\/uploads\/2025\/04\/transparencia-Revelat-24.pdf&#8221; url_new_window=&#8221;on&#8221; button_text=&#8221;Descarrega el dossier en pdf&#8221; button_alignment=&#8221;center&#8221; _builder_version=&#8221;4.27.4&#8243; _module_preset=&#8221;default&#8221; custom_button=&#8221;off&#8221; custom_margin=&#8221;||50px||false|false&#8221; box_shadow_style=&#8221;preset1&#8243; box_shadow_vertical=&#8221;0px&#8221; box_shadow_blur=&#8221;5px&#8221; box_shadow_spread=&#8221;1px&#8221; locked=&#8221;off&#8221; global_colors_info=&#8221;{}&#8221;][\/et_pb_button][et_pb_text module_class=&#8221;text&#8221; _builder_version=&#8221;4.27.4&#8243; _module_preset=&#8221;default&#8221; global_colors_info=&#8221;{}&#8221;]<\/p>\n<p><strong>Retorn<\/strong><\/p>\n<p>El Festival Revela\u2019t rep una subvenci\u00f3 de 40.000 \u20ac a trav\u00e9s d&#8217;un conveni amb l\u2019Ajuntament de Vilassar de Dalt que atrau 108.222,61 \u20ac addicionals d\u2019altres administracions p\u00fabliques, generant un efecte econ\u00f2mic directe total de 249.643,37 \u20ac i un impacte econ\u00f2mic total sobre la producci\u00f3 estimat en <strong>356.990,02 \u20ac<\/strong> i es destaca que per cada \u20ac que posa aquesta instituci\u00f3 el retorn (ROI) es d&#8217;<strong>1:8,9<\/strong>. Aquestes dades es detallen a l\u2019\u201cEstudi dels impactes del Festival Revela\u2019T\u201d, elaborat\u00a0 per Artmetria amb el suport de la Diputaci\u00f3 de Barcelona.<\/p>\n<p>[\/et_pb_text][\/et_pb_column][\/et_pb_row][et_pb_row _builder_version=&#8221;4.19.4&#8243; _module_preset=&#8221;default&#8221; width=&#8221;100%&#8221; max_width=&#8221;2560px&#8221; custom_margin=&#8221;0px|0px|0px|0px|false|false&#8221; custom_padding=&#8221;0px|0px|23px|0px|false|false&#8221; locked=&#8221;off&#8221; global_colors_info=&#8221;{}&#8221;][et_pb_column type=&#8221;4_4&#8243; _builder_version=&#8221;4.19.4&#8243; _module_preset=&#8221;default&#8221; global_colors_info=&#8221;{}&#8221;][\/et_pb_column][\/et_pb_row][et_pb_row column_structure=&#8221;2_5,3_5&#8243; _builder_version=&#8221;4.24.3&#8243; _module_preset=&#8221;default&#8221; locked=&#8221;off&#8221; global_colors_info=&#8221;{}&#8221;][et_pb_column type=&#8221;2_5&#8243; _builder_version=&#8221;4.24.3&#8243; _module_preset=&#8221;default&#8221; global_colors_info=&#8221;{}&#8221;][\/et_pb_column][et_pb_column type=&#8221;3_5&#8243; _builder_version=&#8221;4.24.3&#8243; _module_preset=&#8221;default&#8221; global_colors_info=&#8221;{}&#8221;][\/et_pb_column][\/et_pb_row][\/et_pb_section][et_pb_section fb_built=&#8221;1&#8243; admin_label=&#8221;Section&#8221; module_class=&#8221;body-content&#8221; _builder_version=&#8221;4.19.5&#8243; _module_preset=&#8221;default&#8221; width=&#8221;1500px&#8221; max_width=&#8221;100%&#8221; module_alignment=&#8221;center&#8221; custom_margin=&#8221;0px||0px|0px|false|false&#8221; custom_padding=&#8221;0px|0px|180px|0px|false|false&#8221; locked=&#8221;off&#8221; global_colors_info=&#8221;{}&#8221;][et_pb_row _builder_version=&#8221;4.19.5&#8243; _module_preset=&#8221;default&#8221; width=&#8221;900px&#8221; max_width=&#8221;100%&#8221; custom_margin=&#8221;0px||0px|0px|false|false&#8221; custom_padding=&#8221;0px||0px|0px|false|false&#8221; global_colors_info=&#8221;{}&#8221;][et_pb_column type=&#8221;4_4&#8243; _builder_version=&#8221;4.19.4&#8243; _module_preset=&#8221;default&#8221; global_colors_info=&#8221;{}&#8221;][et_pb_text module_class=&#8221;text&#8221; _builder_version=&#8221;4.27.4&#8243; _module_preset=&#8221;default&#8221; width=&#8221;100%&#8221; max_width=&#8221;100%&#8221; custom_margin=&#8221;|0px||0px|false|false&#8221; custom_padding=&#8221;|0px||0px|false|false&#8221; global_colors_info=&#8221;{}&#8221;]<\/p>\n<p>Tens algun dubte? Contacta amb nosaltres <a class=\"link\" href=\"mailto:espaifotografic@gmail.com\">espaifotografic@gmail.com<\/a><\/p>\n<p>[\/et_pb_text][\/et_pb_column][\/et_pb_row][\/et_pb_section]<\/p>\n","protected":false},"excerpt":{"rendered":"<p>Transpar\u00e8ncia Revela&#8217;t 2024A l\u2019Associaci\u00f3 Fotogr\u00e0fica EspaiFoto, entenem que la transpar\u00e8ncia \u00e9s un valor fonamental per a la confian\u00e7a i la sostenibilitat del nostre projecte cultural. Per aix\u00f2, volem compartir de manera clara i accessible la informaci\u00f3 relacionada amb la gesti\u00f3 econ\u00f2mica i organitzativa del Festival Revela\u2019T. Gesti\u00f3 econ\u00f2mica El festival compta amb una estructura de [&hellip;]<\/p>\n","protected":false},"author":8,"featured_media":0,"parent":0,"menu_order":0,"comment_status":"closed","ping_status":"closed","template":"","meta":{"_et_pb_use_builder":"on","_et_pb_old_content":"<!-- wp:divi\/placeholder \/-->","_et_gb_content_width":"","om_disable_all_campaigns":false,"footnotes":""},"class_list":["post-41255","page","type-page","status-publish","hentry"],"aioseo_notices":[],"_links":{"self":[{"href":"https:\/\/revela-t.cat\/2025\/wp-json\/wp\/v2\/pages\/41255","targetHints":{"allow":["GET"]}}],"collection":[{"href":"https:\/\/revela-t.cat\/2025\/wp-json\/wp\/v2\/pages"}],"about":[{"href":"https:\/\/revela-t.cat\/2025\/wp-json\/wp\/v2\/types\/page"}],"author":[{"embeddable":true,"href":"https:\/\/revela-t.cat\/2025\/wp-json\/wp\/v2\/users\/8"}],"replies":[{"embeddable":true,"href":"https:\/\/revela-t.cat\/2025\/wp-json\/wp\/v2\/comments?post=41255"}],"version-history":[{"count":0,"href":"https:\/\/revela-t.cat\/2025\/wp-json\/wp\/v2\/pages\/41255\/revisions"}],"wp:attachment":[{"href":"https:\/\/revela-t.cat\/2025\/wp-json\/wp\/v2\/media?parent=41255"}],"curies":[{"name":"wp","href":"https:\/\/api.w.org\/{rel}","templated":true}]}}