{"id":40572,"date":"2025-04-07T12:07:44","date_gmt":"2025-04-07T10:07:44","guid":{"rendered":"https:\/\/revela-t.cat\/2025\/?page_id=40572"},"modified":"2025-04-02T10:38:23","modified_gmt":"2025-04-02T08:38:23","slug":"lema_2025_es","status":"publish","type":"page","link":"https:\/\/revela-t.cat\/2025\/lema_2025_es\/","title":{"rendered":"Lema 2025 ESP"},"content":{"rendered":"<p>[et_pb_section fb_built=&#8221;1&#8243; admin_label=&#8221;Section&#8221; module_class=&#8221;body-content&#8221; _builder_version=&#8221;4.20.2&#8243; _module_preset=&#8221;default&#8221; width=&#8221;1500px&#8221; max_width=&#8221;100%&#8221; module_alignment=&#8221;center&#8221; custom_margin=&#8221;||0px||false|false&#8221; custom_padding=&#8221;48px||34px||false|false&#8221; locked=&#8221;off&#8221; global_colors_info=&#8221;{}&#8221;][et_pb_row _builder_version=&#8221;4.20.2&#8243; _module_preset=&#8221;default&#8221; width=&#8221;100%&#8221; max_width=&#8221;2560px&#8221; custom_margin=&#8221;0px|0px|0px|0px|false|false&#8221; custom_padding=&#8221;0px|0px|0px|0px|false|false&#8221; global_colors_info=&#8221;{}&#8221;][et_pb_column type=&#8221;4_4&#8243; _builder_version=&#8221;4.19.4&#8243; _module_preset=&#8221;default&#8221; global_colors_info=&#8221;{}&#8221;][et_pb_text module_class=&#8221;title&#8221; _builder_version=&#8221;4.27.4&#8243; _module_preset=&#8221;default&#8221; text_text_color=&#8221;#000000&#8243; custom_padding=&#8221;||10px||false|false&#8221; custom_css_main_element=&#8221;@media (max-width: 2000px) {||.body-content {||  width: calc(100vw &#8211; 80px);||  margin: 0 40px 0 40px;||}||}&#8221; border_width_bottom=&#8221;1px&#8221; border_color_bottom=&#8221;#000000&#8243; global_colors_info=&#8221;{}&#8221;]<\/p>\n<h1><span style=\"color: #000000;\"><strong>\u201cHe visto cosas que no creer\u00edais&#8230;\u201d<br \/><\/strong><\/span><\/h1>\n<p>[\/et_pb_text][et_pb_text _builder_version=&#8221;4.27.4&#8243; _module_preset=&#8221;default&#8221; global_colors_info=&#8221;{}&#8221;]<\/p>\n<h2><span style=\"font-weight: light;\">El lema del 2025<\/span><\/h2>\n<p>[\/et_pb_text][\/et_pb_column][\/et_pb_row][et_pb_row column_structure=&#8221;1_2,1_2&#8243; _builder_version=&#8221;4.20.2&#8243; _module_preset=&#8221;default&#8221; width=&#8221;100%&#8221; max_width=&#8221;100%&#8221; module_alignment=&#8221;left&#8221; min_height=&#8221;0px&#8221; custom_margin=&#8221;0px||0px|0px|false|false&#8221; custom_padding=&#8221;0px||0px|0px|false|false&#8221; locked=&#8221;off&#8221; global_colors_info=&#8221;{}&#8221;][et_pb_column type=&#8221;1_2&#8243; _builder_version=&#8221;4.19.4&#8243; _module_preset=&#8221;default&#8221; global_colors_info=&#8221;{}&#8221;][et_pb_text module_class=&#8221;text&#8221; _builder_version=&#8221;4.27.4&#8243; _module_preset=&#8221;default&#8221; width=&#8221;100%&#8221; max_width=&#8221;100%&#8221; custom_margin=&#8221;0px|0px|0px|0px|false|false&#8221; custom_padding=&#8221;50px|0px|0px|0px|false|false&#8221; custom_css_main_element=&#8221;margin-right: 20px !important;&#8221; global_colors_info=&#8221;{}&#8221;]<\/p>\n<p class=\"p1\">Con estas palabras comienza el viaje de <strong>Revela\u2019t 2025.<\/strong> Un viaje que toma como punto de partida el ic\u00f3nico mon\u00f3logo <i>Tears in Rain<\/i> de <i>Blade Runner<\/i>, donde el replicante Roy Batty (Rutger Hauer) habla de experiencias \u00fanicas condenadas a desaparecer, como l\u00e1grimas bajo la lluvia. \u00bfQui\u00e9n no se ha sentido as\u00ed alguna vez? Testigo de lo extraordinario, sabiendo que quiz\u00e1 nadie m\u00e1s lo ver\u00e1.<\/p>\n<p class=\"p1\">As\u00ed entendemos la fotograf\u00eda anal\u00f3gica: como un acto de resistencia y memoria en un mundo saturado de im\u00e1genes que se desvanecen. Durante casi dos siglos, ha sido el espejo de nuestra existencia: rostros, paisajes, ideas, emociones, deseos\u2026 Todo aquello que nos hace humanos.<\/p>\n<p class=\"p1\">Hoy, en un presente donde la inteligencia artificial difumina las fronteras entre lo real y lo imaginado, nos preguntamos: <strong>\u00bfa\u00fan podemos sorprendernos? Nosotros creemos que s\u00ed.<\/strong><\/p>\n<p class=\"p1\">Por eso, este a\u00f1o, cada exposici\u00f3n ser\u00e1 una ventana abierta a mundos que parecen so\u00f1ados, pero que son muy reales\u2026<\/p>\n<p class=\"p1\">Llegamos a esta decimotercera edici\u00f3n con la misma pasi\u00f3n que el primer d\u00eda y con el deseo de continuar mucho m\u00e1s all\u00e1. No ha sido f\u00e1cil. El camino de este a\u00f1o ha estado lleno de obst\u00e1culos \u2014sobre todo econ\u00f3micos\u2014 y no podemos ocultar que el futuro del festival es incierto. Si las condiciones no cambian, quiz\u00e1 <i>Revela\u2019t<\/i> tambi\u00e9n se desvanezca, como aquellas l\u00e1grimas bajo la lluvia.<\/p>\n<p class=\"p1\">Pero hoy no hablamos de despedidas, sino de celebraci\u00f3n. Porque hemos llegado hasta aqu\u00ed. Y mientras nos sea posible, seguiremos haciendo que la fotograf\u00eda anal\u00f3gica nos ayude a cuestionarnos muchas cosas.<\/p>\n<p class=\"p1\">Ojal\u00e1 el futuro nos trate como la <i>Tyrell Corporation<\/i> hizo con Rachael (Sean Young)\u2026 y nos deje seguir haciendo el festival algunas temporadas m\u00e1s.<\/p>\n<p>[\/et_pb_text][\/et_pb_column][et_pb_column type=&#8221;1_2&#8243; _builder_version=&#8221;4.19.5&#8243; _module_preset=&#8221;default&#8221; global_colors_info=&#8221;{}&#8221;][et_pb_image src=&#8221;https:\/\/revela-t.cat\/2025\/wp-content\/uploads\/2025\/04\/poster-ES.jpg&#8221; title_text=&#8221;poster ES&#8221; _builder_version=&#8221;4.27.4&#8243; _module_preset=&#8221;default&#8221; custom_padding=&#8221;50px||||false|false&#8221; hover_enabled=&#8221;0&#8243; global_colors_info=&#8221;{}&#8221; sticky_enabled=&#8221;0&#8243;][\/et_pb_image][\/et_pb_column][\/et_pb_row][\/et_pb_section][et_pb_section fb_built=&#8221;1&#8243; admin_label=&#8221;Section&#8221; module_class=&#8221;body-content&#8221; _builder_version=&#8221;4.19.5&#8243; _module_preset=&#8221;default&#8221; width=&#8221;1500px&#8221; max_width=&#8221;100%&#8221; module_alignment=&#8221;center&#8221; custom_margin=&#8221;0px||0px|0px|false|false&#8221; custom_padding=&#8221;0px|0px|180px|0px|false|false&#8221; locked=&#8221;off&#8221; global_colors_info=&#8221;{}&#8221;][et_pb_row _builder_version=&#8221;4.19.5&#8243; _module_preset=&#8221;default&#8221; width=&#8221;900px&#8221; max_width=&#8221;100%&#8221; custom_margin=&#8221;0px||0px|0px|false|false&#8221; custom_padding=&#8221;0px||0px|0px|false|false&#8221; global_colors_info=&#8221;{}&#8221;][et_pb_column type=&#8221;4_4&#8243; _builder_version=&#8221;4.19.4&#8243; _module_preset=&#8221;default&#8221; global_colors_info=&#8221;{}&#8221;][et_pb_text module_class=&#8221;text&#8221; _builder_version=&#8221;4.27.4&#8243; _module_preset=&#8221;default&#8221; width=&#8221;100%&#8221; max_width=&#8221;100%&#8221; custom_margin=&#8221;|0px||0px|false|false&#8221; custom_padding=&#8221;|0px||0px|false|false&#8221; global_colors_info=&#8221;{}&#8221;]<\/p>\n<p>\u00bfTienes alguna duda? Contacta con nosotros <a class=\"link\" href=\"mailto:espaifotografic@gmail.com\">espaifotografic@gmail.com<\/a><\/p>\n<p>[\/et_pb_text][\/et_pb_column][\/et_pb_row][\/et_pb_section]<\/p>\n","protected":false},"excerpt":{"rendered":"<p>\u201cHe visto cosas que no creer\u00edais&#8230;\u201dEl lema del 2025Con estas palabras comienza el viaje de Revela\u2019t 2025. Un viaje que toma como punto de partida el ic\u00f3nico mon\u00f3logo Tears in Rain de Blade Runner, donde el replicante Roy Batty (Rutger Hauer) habla de experiencias \u00fanicas condenadas a desaparecer, como l\u00e1grimas bajo la lluvia. \u00bfQui\u00e9n no [&hellip;]<\/p>\n","protected":false},"author":8,"featured_media":0,"parent":0,"menu_order":0,"comment_status":"closed","ping_status":"closed","template":"","meta":{"_et_pb_use_builder":"on","_et_pb_old_content":"<!-- wp:divi\/placeholder \/-->","_et_gb_content_width":"","om_disable_all_campaigns":false,"footnotes":""},"class_list":["post-40572","page","type-page","status-publish","hentry"],"aioseo_notices":[],"_links":{"self":[{"href":"https:\/\/revela-t.cat\/2025\/wp-json\/wp\/v2\/pages\/40572","targetHints":{"allow":["GET"]}}],"collection":[{"href":"https:\/\/revela-t.cat\/2025\/wp-json\/wp\/v2\/pages"}],"about":[{"href":"https:\/\/revela-t.cat\/2025\/wp-json\/wp\/v2\/types\/page"}],"author":[{"embeddable":true,"href":"https:\/\/revela-t.cat\/2025\/wp-json\/wp\/v2\/users\/8"}],"replies":[{"embeddable":true,"href":"https:\/\/revela-t.cat\/2025\/wp-json\/wp\/v2\/comments?post=40572"}],"version-history":[{"count":0,"href":"https:\/\/revela-t.cat\/2025\/wp-json\/wp\/v2\/pages\/40572\/revisions"}],"wp:attachment":[{"href":"https:\/\/revela-t.cat\/2025\/wp-json\/wp\/v2\/media?parent=40572"}],"curies":[{"name":"wp","href":"https:\/\/api.w.org\/{rel}","templated":true}]}}