{"id":40487,"date":"2025-03-11T09:44:17","date_gmt":"2025-03-11T08:44:17","guid":{"rendered":"https:\/\/revela-t.cat\/2025\/?page_id=40487"},"modified":"2025-04-04T12:30:17","modified_gmt":"2025-04-04T10:30:17","slug":"rodney_smith_fr","status":"publish","type":"page","link":"https:\/\/revela-t.cat\/2025\/fr\/rodney_smith_fr\/","title":{"rendered":"Rodney Smith"},"content":{"rendered":"<p>[et_pb_section fb_built=&#8221;1&#8243; module_class=&#8221;body-content&#8221; _builder_version=&#8221;4.27.4&#8243; _module_preset=&#8221;default&#8221; width=&#8221;1500px&#8221; max_width=&#8221;100%&#8221; module_alignment=&#8221;center&#8221; custom_margin=&#8221;||0px||false|false&#8221; custom_padding=&#8221;0px||0px||false|false&#8221; locked=&#8221;off&#8221; global_colors_info=&#8221;{}&#8221;][et_pb_row _builder_version=&#8221;4.19.5&#8243; _module_preset=&#8221;default&#8221; width=&#8221;100%&#8221; max_width=&#8221;2560px&#8221; custom_margin=&#8221;0px|0px|0px|0px|false|false&#8221; custom_padding=&#8221;0px|0px|0px|0px|false|false&#8221; global_colors_info=&#8221;{}&#8221;][et_pb_column type=&#8221;4_4&#8243; _builder_version=&#8221;4.19.4&#8243; _module_preset=&#8221;default&#8221; global_colors_info=&#8221;{}&#8221;][et_pb_text module_class=&#8221;title&#8221; _builder_version=&#8221;4.27.4&#8243; _module_preset=&#8221;default&#8221; text_text_color=&#8221;#000000&#8243; custom_padding=&#8221;||10px||false|false&#8221; custom_css_main_element=&#8221;@media (max-width: 2000px) {||.body-content {|| width: calc(100vw &#8211; 80px);|| margin: 0 40px 0 40px;||}||}&#8221; border_width_bottom=&#8221;1px&#8221; border_color_bottom=&#8221;#000000&#8243; global_colors_info=&#8221;{}&#8221;]<\/p>\n<h1><span style=\"color: #000000;\"><strong>Rodney Smith<\/strong><\/span><\/h1>\n<p>[\/et_pb_text][\/et_pb_column][\/et_pb_row][\/et_pb_section][et_pb_section fb_built=&#8221;1&#8243; module_class=&#8221;body-content&#8221; _builder_version=&#8221;4.19.5&#8243; _module_preset=&#8221;default&#8221; width=&#8221;1500px&#8221; max_width=&#8221;100%&#8221; module_alignment=&#8221;center&#8221; custom_margin=&#8221;0px|0px|0px||false|false&#8221; custom_padding=&#8221;0px|0px|0px|0px|false|false&#8221; locked=&#8221;off&#8221; global_colors_info=&#8221;{}&#8221;][et_pb_row column_structure=&#8221;1_2,1_2&#8243; use_custom_gutter=&#8221;on&#8221; gutter_width=&#8221;1&#8243; _builder_version=&#8221;4.19.5&#8243; _module_preset=&#8221;default&#8221; width=&#8221;100%&#8221; max_width=&#8221;2560px&#8221; module_alignment=&#8221;left&#8221; min_height=&#8221;105.7px&#8221; custom_margin=&#8221;0px||0px|0px|false|false&#8221; custom_padding=&#8221;0px||45px|0px|false|false&#8221; global_colors_info=&#8221;{}&#8221;][et_pb_column type=&#8221;1_2&#8243; _builder_version=&#8221;4.19.4&#8243; _module_preset=&#8221;default&#8221; global_colors_info=&#8221;{}&#8221;][et_pb_text module_class=&#8221;text&#8221; _builder_version=&#8221;4.27.4&#8243; _module_preset=&#8221;default&#8221; width=&#8221;100%&#8221; max_width=&#8221;100%&#8221; custom_margin=&#8221;||-2px|0px|false|false&#8221; custom_padding=&#8221;|||0px|false|false&#8221; global_colors_info=&#8221;{}&#8221;]<\/p>\n<h2><span style=\"font-weight: light;\">The End <\/span><\/h2>\n<p>[\/et_pb_text][\/et_pb_column][et_pb_column type=&#8221;1_2&#8243; _builder_version=&#8221;4.19.4&#8243; _module_preset=&#8221;default&#8221; global_colors_info=&#8221;{}&#8221;][et_pb_text _builder_version=&#8221;4.27.4&#8243; _module_preset=&#8221;default&#8221; text_font_size=&#8221;32px&#8221; text_orientation=&#8221;right&#8221; hover_enabled=&#8221;0&#8243; locked=&#8221;off&#8221; global_colors_info=&#8221;{}&#8221; sticky_enabled=&#8221;0&#8243;]<\/p>\n<h3 style=\"text-align: right;\"><span style=\"color: #4f6a37;\"><a class=\"link\" style=\"color: #4f6a37;\" href=\"https:\/\/revela-t.cat\/2025\/exposicions_2025\/\" target=\"_blank\" rel=\"noopener\">&lt; Expositions<\/a><br \/><\/span><\/h3>\n<p>[\/et_pb_text][\/et_pb_column][\/et_pb_row][\/et_pb_section][et_pb_section fb_built=&#8221;1&#8243; module_class=&#8221;body-content&#8221; _builder_version=&#8221;4.19.5&#8243; _module_preset=&#8221;default&#8221; width=&#8221;1500px&#8221; max_width=&#8221;100%&#8221; module_alignment=&#8221;center&#8221; custom_margin=&#8221;0px||0px||false|false&#8221; custom_padding=&#8221;0px|0px|180px|0px|false|false&#8221; locked=&#8221;off&#8221; global_colors_info=&#8221;{}&#8221;][et_pb_row column_structure=&#8221;3_4,1_4&#8243; use_custom_gutter=&#8221;on&#8221; gutter_width=&#8221;2&#8243; _builder_version=&#8221;4.19.5&#8243; _module_preset=&#8221;default&#8221; width=&#8221;100%&#8221; max_width=&#8221;100%&#8221; min_height=&#8221;182.7px&#8221; custom_margin=&#8221;||0px|0px|false|false&#8221; custom_padding=&#8221;0px||0px|0px|false|false&#8221; global_colors_info=&#8221;{}&#8221;][et_pb_column type=&#8221;3_4&#8243; _builder_version=&#8221;4.19.4&#8243; _module_preset=&#8221;default&#8221; global_colors_info=&#8221;{}&#8221;][et_pb_gallery gallery_ids=&#8221;32095,32096,32097,32098,32099&#8243; fullwidth=&#8221;on&#8221; _builder_version=&#8221;4.27.4&#8243; _module_preset=&#8221;default&#8221; width=&#8221;900px&#8221; max_width=&#8221;100%&#8221; module_alignment=&#8221;left&#8221; custom_margin=&#8221;||||false|false&#8221; custom_padding=&#8221;||70px||false|false&#8221; auto=&#8221;on&#8221; auto_speed=&#8221;6000&#8243; custom_css_main_element=&#8221;height: fit-content !important;&#8221; global_colors_info=&#8221;{}&#8221;][\/et_pb_gallery][et_pb_text module_class=&#8221;text&#8221; _builder_version=&#8221;4.27.4&#8243; _module_preset=&#8221;default&#8221; width=&#8221;900px&#8221; max_width=&#8221;100%&#8221; module_alignment=&#8221;left&#8221; min_height=&#8221;316px&#8221; custom_margin=&#8221;0px|0px|0px|0px|false|false&#8221; custom_padding=&#8221;0px|0px|90px|0px|false|false&#8221; global_colors_info=&#8221;{}&#8221;]<\/p>\n<p><strong>The End<\/strong> est une \u0153uvre embl\u00e9matique du photographe am\u00e9ricain <strong>Rodney Smith<\/strong>, repr\u00e9sentant l&#8217;aboutissement de son style \u00e9l\u00e9gant et surr\u00e9aliste, alliant humour subtil, sophistication et un sens intemporel de la composition. Cette s\u00e9rie se caract\u00e9rise par sa capacit\u00e9 \u00e0 capturer des moments quotidiens avec une touche onirique, souvent en jouant avec la perspective et des \u00e9l\u00e9ments inattendus.<\/p>\n<p>L&#8217;exposition The End a \u00e9t\u00e9 pr\u00e9sent\u00e9e dans divers lieux internationaux, notamment lors de sa r\u00e9trospective au Centro Andaluz de la Fotograf\u00eda (CAF) \u00e0 Almer\u00eda en 2013. Cette exposition a rassembl\u00e9 une s\u00e9lection de ses photographies les plus reconnues, offrant une r\u00e9trospective couvrant quatre d\u00e9cennies de sa carri\u00e8re.<\/p>\n<p>En plus de l&#8217;exposition, The End est \u00e9galement un livre grand format qui c\u00e9l\u00e8bre l&#8217;h\u00e9ritage visuel de Rodney Smith. Publi\u00e9 en \u00e9dition limit\u00e9e pour les collectionneurs, ce volume rassemble une s\u00e9lection de ses images les plus embl\u00e9matiques, accompagn\u00e9es de commentaires explorant sa philosophie artistique et le processus cr\u00e9atif derri\u00e8re chaque photographie. Le livre se distingue par sa pr\u00e9sentation soign\u00e9e et la qualit\u00e9 d&#8217;impression, devenant ainsi une pi\u00e8ce essentielle pour les amateurs de photographie contemporaine.<\/p>\n<p>L&#8217;\u0153uvre de Rodney Smith, The End, refl\u00e8te son habilet\u00e9 \u00e0 fusionner r\u00e9alit\u00e9 et fantaisie, cr\u00e9ant des images qui invitent le spectateur \u00e0 r\u00e9interpr\u00e9ter ce qui est quotidien sous un nouvel angle. Son influence dans le monde de la photographie reste vivante, consolidant sa position parmi les artistes visuels les plus importants du XXe si\u00e8cle.<\/p>\n<p>[\/et_pb_text][\/et_pb_column][et_pb_column type=&#8221;1_4&#8243; _builder_version=&#8221;4.19.4&#8243; _module_preset=&#8221;default&#8221; global_colors_info=&#8221;{}&#8221;][et_pb_image src=&#8221;https:\/\/revela-t.cat\/2025\/wp-content\/uploads\/2025\/02\/Retrat.jpg&#8221; alt=&#8221;Blanca Berlin&#8221; title_text=&#8221;Retrat&#8221; force_fullwidth=&#8221;on&#8221; _builder_version=&#8221;4.27.4&#8243; _module_preset=&#8221;default&#8221; custom_margin=&#8221;||0px||false|false&#8221; custom_padding=&#8221;||45px||false|false&#8221; global_colors_info=&#8221;{}&#8221;][\/et_pb_image][et_pb_text module_class=&#8221;text2&#8243; _builder_version=&#8221;4.27.4&#8243; _module_preset=&#8221;default&#8221; width=&#8221;100%&#8221; module_alignment=&#8221;left&#8221; custom_margin=&#8221;0px||0px||false|false&#8221; custom_padding=&#8221;0px||90px||false|false&#8221; global_colors_info=&#8221;{}&#8221;]<\/p>\n<p><strong>Rodney Smith ( New York, EEUU)<\/strong><\/p>\n<p>Il \u00e9tait un photographe am\u00e9ricain reconnu pour ses images intemporelles, \u00e9l\u00e9gantes et surr\u00e9alistes. Avec un style unique qui combine humour subtil, sophistication et une composition impeccable, Smith a cr\u00e9\u00e9 des photographies en noir et blanc ainsi qu&#8217;en couleur qui jouaient souvent avec la sym\u00e9trie, la perspective et des \u00e9l\u00e9ments inattendus.<\/p>\n<p>Inspir\u00e9 par des ma\u00eetres tels qu&#8217;Henri Cartier-Bresson et Ren\u00e9 Magritte, son travail se caract\u00e9rise par un m\u00e9lange de r\u00e9alisme et de fantaisie, avec des figures humaines dans des paysages architecturaux et naturels qui ressemblent \u00e0 des sc\u00e8nes tir\u00e9es d&#8217;un conte. Il a travaill\u00e9 pour de grands magazines et marques de mode, bien que son h\u00e9ritage le plus important r\u00e9side dans son \u0153uvre personnelle, pleine de po\u00e9sie visuelle et d&#8217;une grande attention aux d\u00e9tails.<\/p>\n<p>Tout au long de sa carri\u00e8re, Rodney Smith a publi\u00e9 plusieurs livres de photographies et expos\u00e9 son travail dans le monde entier. Sa capacit\u00e9 \u00e0 capturer l&#8217;essence humaine avec une touche d&#8217;humour et d&#8217;ironie a transform\u00e9 ses photographies en ic\u00f4nes intemporelles, consolidant sa position parmi les photographes les plus influents du XXe si\u00e8cle.<\/p>\n<p><a href=\"https:\/\/rodneysmith.com\/\">https:\/\/rodneysmith.com\/<\/a><\/p>\n<p>[\/et_pb_text][et_pb_text _builder_version=&#8221;4.27.4&#8243; _module_preset=&#8221;default&#8221; locked=&#8221;off&#8221; global_colors_info=&#8221;{}&#8221;]<\/p>\n<p><span style=\"font-size: large; color: #000000;\">En collaboration avec<\/span><\/p>\n<p>[\/et_pb_text][et_pb_image src=&#8221;https:\/\/revela-t.cat\/2025\/wp-content\/uploads\/2024\/03\/9-arterri.jpg&#8221; title_text=&#8221;9 arterri&#8221; url=&#8221;http:\/\/arterri.com\/es\/inici\/&#8221; url_new_window=&#8221;on&#8221; _builder_version=&#8221;4.27.4&#8243; _module_preset=&#8221;default&#8221; locked=&#8221;off&#8221; global_colors_info=&#8221;{}&#8221;][\/et_pb_image][\/et_pb_column][\/et_pb_row][\/et_pb_section]<\/p>\n","protected":false},"excerpt":{"rendered":"<p>Rodney SmithThe End &lt; ExpositionsThe End est une \u0153uvre embl\u00e9matique du photographe am\u00e9ricain Rodney Smith, repr\u00e9sentant l&#8217;aboutissement de son style \u00e9l\u00e9gant et surr\u00e9aliste, alliant humour subtil, sophistication et un sens intemporel de la composition. Cette s\u00e9rie se caract\u00e9rise par sa capacit\u00e9 \u00e0 capturer des moments quotidiens avec une touche onirique, souvent en jouant avec la [&hellip;]<\/p>\n","protected":false},"author":8,"featured_media":0,"parent":0,"menu_order":0,"comment_status":"closed","ping_status":"closed","template":"","meta":{"_et_pb_use_builder":"on","_et_pb_old_content":"","_et_gb_content_width":"","om_disable_all_campaigns":false,"footnotes":""},"class_list":["post-40487","page","type-page","status-publish","hentry"],"aioseo_notices":[],"_links":{"self":[{"href":"https:\/\/revela-t.cat\/2025\/wp-json\/wp\/v2\/pages\/40487","targetHints":{"allow":["GET"]}}],"collection":[{"href":"https:\/\/revela-t.cat\/2025\/wp-json\/wp\/v2\/pages"}],"about":[{"href":"https:\/\/revela-t.cat\/2025\/wp-json\/wp\/v2\/types\/page"}],"author":[{"embeddable":true,"href":"https:\/\/revela-t.cat\/2025\/wp-json\/wp\/v2\/users\/8"}],"replies":[{"embeddable":true,"href":"https:\/\/revela-t.cat\/2025\/wp-json\/wp\/v2\/comments?post=40487"}],"version-history":[{"count":0,"href":"https:\/\/revela-t.cat\/2025\/wp-json\/wp\/v2\/pages\/40487\/revisions"}],"wp:attachment":[{"href":"https:\/\/revela-t.cat\/2025\/wp-json\/wp\/v2\/media?parent=40487"}],"curies":[{"name":"wp","href":"https:\/\/api.w.org\/{rel}","templated":true}]}}