{"id":40471,"date":"2025-02-20T10:55:54","date_gmt":"2025-02-20T09:55:54","guid":{"rendered":"https:\/\/revela-t.cat\/2025\/?page_id=40471"},"modified":"2025-04-04T12:02:31","modified_gmt":"2025-04-04T10:02:31","slug":"masahisa_fukase_fr","status":"publish","type":"page","link":"https:\/\/revela-t.cat\/2025\/fr\/masahisa_fukase_fr\/","title":{"rendered":"Masahisa Fukase"},"content":{"rendered":"<p>[et_pb_section fb_built=&#8221;1&#8243; module_class=&#8221;body-content&#8221; _builder_version=&#8221;4.27.4&#8243; _module_preset=&#8221;default&#8221; width=&#8221;1500px&#8221; max_width=&#8221;100%&#8221; module_alignment=&#8221;center&#8221; custom_margin=&#8221;||0px||false|false&#8221; custom_padding=&#8221;0px||0px||false|false&#8221; locked=&#8221;off&#8221; global_colors_info=&#8221;{}&#8221;][et_pb_row _builder_version=&#8221;4.19.5&#8243; _module_preset=&#8221;default&#8221; width=&#8221;100%&#8221; max_width=&#8221;2560px&#8221; custom_margin=&#8221;0px|0px|0px|0px|false|false&#8221; custom_padding=&#8221;0px|0px|0px|0px|false|false&#8221; global_colors_info=&#8221;{}&#8221;][et_pb_column type=&#8221;4_4&#8243; _builder_version=&#8221;4.19.4&#8243; _module_preset=&#8221;default&#8221; global_colors_info=&#8221;{}&#8221;][et_pb_text module_class=&#8221;title&#8221; _builder_version=&#8221;4.27.4&#8243; _module_preset=&#8221;default&#8221; text_text_color=&#8221;#000000&#8243; custom_padding=&#8221;||10px||false|false&#8221; custom_css_main_element=&#8221;@media (max-width: 2000px) {||.body-content {|| width: calc(100vw &#8211; 80px);|| margin: 0 40px 0 40px;||}||}&#8221; border_width_bottom=&#8221;1px&#8221; border_color_bottom=&#8221;#000000&#8243; global_colors_info=&#8221;{}&#8221;]<\/p>\n<h1><span style=\"color: #000000;\"><strong>Masahisa Fukase<\/strong><\/span><\/h1>\n<p>[\/et_pb_text][\/et_pb_column][\/et_pb_row][\/et_pb_section][et_pb_section fb_built=&#8221;1&#8243; module_class=&#8221;body-content&#8221; _builder_version=&#8221;4.19.5&#8243; _module_preset=&#8221;default&#8221; width=&#8221;1500px&#8221; max_width=&#8221;100%&#8221; module_alignment=&#8221;center&#8221; custom_margin=&#8221;0px|0px|0px||false|false&#8221; custom_padding=&#8221;0px|0px|0px|0px|false|false&#8221; locked=&#8221;off&#8221; global_colors_info=&#8221;{}&#8221;][et_pb_row column_structure=&#8221;1_2,1_2&#8243; use_custom_gutter=&#8221;on&#8221; gutter_width=&#8221;1&#8243; _builder_version=&#8221;4.19.5&#8243; _module_preset=&#8221;default&#8221; width=&#8221;100%&#8221; max_width=&#8221;2560px&#8221; module_alignment=&#8221;left&#8221; min_height=&#8221;105.7px&#8221; custom_margin=&#8221;0px||0px|0px|false|false&#8221; custom_padding=&#8221;0px||45px|0px|false|false&#8221; global_colors_info=&#8221;{}&#8221;][et_pb_column type=&#8221;1_2&#8243; _builder_version=&#8221;4.19.4&#8243; _module_preset=&#8221;default&#8221; global_colors_info=&#8221;{}&#8221;][et_pb_text module_class=&#8221;text&#8221; _builder_version=&#8221;4.27.4&#8243; _module_preset=&#8221;default&#8221; width=&#8221;100%&#8221; max_width=&#8221;100%&#8221; custom_margin=&#8221;||-2px|0px|false|false&#8221; custom_padding=&#8221;|||0px|false|false&#8221; global_colors_info=&#8221;{}&#8221;]<\/p>\n<h2><span style=\"font-weight: light;\">Ravens<\/span><\/h2>\n<p>[\/et_pb_text][\/et_pb_column][et_pb_column type=&#8221;1_2&#8243; _builder_version=&#8221;4.19.4&#8243; _module_preset=&#8221;default&#8221; global_colors_info=&#8221;{}&#8221;][et_pb_text _builder_version=&#8221;4.27.4&#8243; _module_preset=&#8221;default&#8221; link_text_color=&#8221;#4F6A37&#8243; link_option_url=&#8221;https:\/\/revela-t.cat\/2025\/ca\/exposicions_2025\/&#8221; locked=&#8221;off&#8221; global_colors_info=&#8221;{%22gcid-heading-color%22:%91%22header_text_color%22,%22header_4_text_color%22,%22header_3_text_color%22,%22header_2_text_color%22,%22header_5_text_color%22,%22header_6_text_color%22,%22quote_text_color%22%93,%22gcid-body-color%22:%91%22text_text_color%22%93,%22gcid-secondary-color%22:%91%22quote_border_color%22%93}&#8221;]<\/p>\n<h3 style=\"text-align: right;\"><span style=\"color: #4f6a37;\"><a class=\"link\" style=\"color: #4f6a37;\" href=\"https:\/\/revela-t.cat\/2025\/fr\/expositions_2025\/\" target=\"_blank\" rel=\"noopener\">&lt; Expositions<\/a><br \/><\/span><\/h3>\n<p>[\/et_pb_text][\/et_pb_column][\/et_pb_row][\/et_pb_section][et_pb_section fb_built=&#8221;1&#8243; module_class=&#8221;body-content&#8221; _builder_version=&#8221;4.19.5&#8243; _module_preset=&#8221;default&#8221; width=&#8221;1500px&#8221; max_width=&#8221;100%&#8221; module_alignment=&#8221;center&#8221; custom_margin=&#8221;0px||0px||false|false&#8221; custom_padding=&#8221;0px|0px|180px|0px|false|false&#8221; locked=&#8221;off&#8221; global_colors_info=&#8221;{}&#8221;][et_pb_row column_structure=&#8221;3_4,1_4&#8243; use_custom_gutter=&#8221;on&#8221; gutter_width=&#8221;2&#8243; _builder_version=&#8221;4.19.5&#8243; _module_preset=&#8221;default&#8221; width=&#8221;100%&#8221; max_width=&#8221;100%&#8221; min_height=&#8221;182.7px&#8221; custom_margin=&#8221;||0px|0px|false|false&#8221; custom_padding=&#8221;0px||0px|0px|false|false&#8221; global_colors_info=&#8221;{}&#8221;][et_pb_column type=&#8221;3_4&#8243; _builder_version=&#8221;4.19.4&#8243; _module_preset=&#8221;default&#8221; global_colors_info=&#8221;{}&#8221;][et_pb_gallery gallery_ids=&#8221;30524,30525,30526,30527,30528&#8243; fullwidth=&#8221;on&#8221; _builder_version=&#8221;4.27.4&#8243; _module_preset=&#8221;default&#8221; width=&#8221;900px&#8221; max_width=&#8221;100%&#8221; module_alignment=&#8221;left&#8221; custom_margin=&#8221;||||false|false&#8221; custom_padding=&#8221;||70px||false|false&#8221; auto=&#8221;on&#8221; auto_speed=&#8221;6000&#8243; custom_css_main_element=&#8221;height: fit-content !important;&#8221; global_colors_info=&#8221;{}&#8221;][\/et_pb_gallery][et_pb_text module_class=&#8221;text&#8221; _builder_version=&#8221;4.27.4&#8243; _module_preset=&#8221;default&#8221; width=&#8221;900px&#8221; max_width=&#8221;100%&#8221; module_alignment=&#8221;left&#8221; min_height=&#8221;316px&#8221; custom_margin=&#8221;0px|0px|0px|0px|false|false&#8221; custom_padding=&#8221;0px|0px|90px|0px|false|false&#8221; global_colors_info=&#8221;{}&#8221;]<\/p>\n<p>.<strong> Masahisa Fukase<\/strong> a fait irruption sur la sc\u00e8ne photographique japonaise dans les ann\u00e9es 60, d\u00e9fiant les conventions de l\u2019\u00e9poque et explorant des th\u00e8mes \u00e9motionnels et personnels dans une soci\u00e9t\u00e9 en mutation. Il a fusionn\u00e9 sensibilit\u00e9 artistique et ma\u00eetrise technique, devenant un innovateur dans la diffusion de son travail \u00e0 travers des magazines et des photolivres, qui seront \u00e9galement pr\u00e9sents dans l&#8217;exposition.<\/p>\n<p class=\"p1\">Sa vaste s\u00e9rie <strong>&#8220;Ravens, \u70cf&#8221;<\/strong> (1975-1986) est, dans son ensemble, une \u0153uvre ma\u00eetresse qui transcende les fronti\u00e8res culturelles et temporelles. \u00c0 travers elle, Fukase explore la solitude, la m\u00e9lancolie et l&#8217;obsession lors d&#8217;un voyage personnel dramatique. Les images de corbeaux, en noir et blanc, capturent la dualit\u00e9 de la vie et de la mort, r\u00e9sonnant profond\u00e9ment chez le spectateur.<\/p>\n<p data-start=\"0\" data-end=\"337\">L&#8217;importance de <em>&#8220;Ravens&#8221;<\/em> r\u00e9side dans sa capacit\u00e9 \u00e0 \u00e9voquer des \u00e9motions et des r\u00e9flexions existentielles \u00e0 partir de la qu\u00eate int\u00e9rieure de Fukase en tant qu&#8217;artiste. En s&#8217;identifiant aux corbeaux, il nous invite \u00e0 explorer l&#8217;\u00e2me humaine. <em>&#8220;Karasu&#8221;<\/em> a influenc\u00e9 des g\u00e9n\u00e9rations de photographes, consolidant Fukase en tant que pionnier de la photographie du Moi.<\/p>\n<p data-start=\"130\" data-end=\"339\">Au Revela\u2019t, nous pr\u00e9sentons cette exposition apr\u00e8s qu\u2019elle ait \u00e9t\u00e9 pr\u00e9c\u00e9demment expos\u00e9e au Cercle des Beaux-Arts de Madrid en collaboration avec PhotoEspa\u00f1a et les Archives Masahisa Fukase.<\/p>\n<p data-start=\"341\" data-end=\"632\">Commissari\u00e9e par Tomo Kosuga, directeur des Archives Masahisa Fukase, et Lorenzo Torres, chercheur \u00e0 l\u2019Universit\u00e9 Rey Juan Carlos, cette exposition r\u00e9v\u00e8le la magie d\u2019un artiste qui explore l\u2019essence de l\u2019exp\u00e9rience humaine face \u00e0 la perte, et comment la photographie peut aider \u00e0 la tol\u00e9rer.<\/p>\n<p>[\/et_pb_text][\/et_pb_column][et_pb_column type=&#8221;1_4&#8243; _builder_version=&#8221;4.19.4&#8243; _module_preset=&#8221;default&#8221; global_colors_info=&#8221;{}&#8221;][et_pb_image src=&#8221;https:\/\/revela-t.cat\/2025\/wp-content\/uploads\/2025\/02\/masahisa-fukase.jpeg&#8221; alt=&#8221;Blanca Berlin&#8221; title_text=&#8221;masahisa fukase&#8221; force_fullwidth=&#8221;on&#8221; _builder_version=&#8221;4.27.4&#8243; _module_preset=&#8221;default&#8221; custom_margin=&#8221;||0px||false|false&#8221; custom_padding=&#8221;||45px||false|false&#8221; global_colors_info=&#8221;{}&#8221;][\/et_pb_image][et_pb_text module_class=&#8221;text2&#8243; _builder_version=&#8221;4.27.4&#8243; _module_preset=&#8221;default&#8221; width=&#8221;100%&#8221; module_alignment=&#8221;left&#8221; custom_margin=&#8221;0px||0px||false|false&#8221; custom_padding=&#8221;0px||90px||false|false&#8221; global_colors_info=&#8221;{}&#8221;]<\/p>\n<p><strong>Masahisa Fukase (Hokkaido, Jap\u00f3)<\/strong><\/p>\n<p>Il est consid\u00e9r\u00e9 comme l\u2019un des photographes les plus radicaux et exp\u00e9rimentaux de la g\u00e9n\u00e9ration d\u2019apr\u00e8s-guerre au Japon. Il est devenu mondialement c\u00e9l\u00e8bre gr\u00e2ce \u00e0 sa s\u00e9rie photographique et sa publication ult\u00e9rieure <strong>Karasu<\/strong> [Corbeaux], plus connue internationalement sous le nom de <strong>Ravens<\/strong> (1975-1985), largement c\u00e9l\u00e9br\u00e9e comme un chef-d\u2019\u0153uvre de la photographie. Cependant, la majeure partie de son \u0153uvre est rest\u00e9e inaccessible pendant plus de deux d\u00e9cennies. En 1992, une chute tragique a laiss\u00e9 l\u2019artiste avec des l\u00e9sions c\u00e9r\u00e9brales permanentes, et ce n\u2019est qu\u2019apr\u00e8s sa mort en 2012 que les archives ont commenc\u00e9 \u00e0 \u00eatre progressivement r\u00e9v\u00e9l\u00e9es. Depuis lors, une grande quantit\u00e9 de mat\u00e9riel jamais expos\u00e9 auparavant a \u00e9merg\u00e9.<\/p>\n<p>Fukase est n\u00e9 en 1934 dans la ville de Bifuka, \u00e0 Hokkaido, au Japon, fils d\u2019un photographe de studio local renomm\u00e9. Il a obtenu son dipl\u00f4me au D\u00e9partement de Photographie de l\u2019\u00c9cole d\u2019Art de l\u2019Universit\u00e9 de Nihon en 1956, et est devenu photographe ind\u00e9pendant en 1968 apr\u00e8s de br\u00e8ves p\u00e9riodes au Nippon Design Center et chez l\u2019\u00e9diteur Kawade Shobo Shinsha.<\/p>\n<p>Son \u0153uvre a \u00e9t\u00e9 largement expos\u00e9e dans des institutions telles que le MoMA de New York, le Mus\u00e9e d\u2019Art Moderne d\u2019Oxford, la Fondation Cartier pour l\u2019Art Contemporain et le Mus\u00e9e Victoria &amp; Albert. Son travail figure dans d&#8217;importantes collections, comme celles du Mus\u00e9e Victoria &amp; Albert, du Mus\u00e9e d\u2019Art Moderne de San Francisco, du Metropolitan Museum of Art de New York et du Getty Museum.<\/p>\n<p><span style=\"color: #000000;\"><a style=\"color: #000000;\" href=\"http:\/\/masahisafukase.com\/\" target=\"_blank\" rel=\"noopener\">www.masahisafukase.com<\/a><\/span><\/p>\n<p>[\/et_pb_text][et_pb_text _builder_version=&#8221;4.27.4&#8243; _module_preset=&#8221;default&#8221; locked=&#8221;off&#8221; global_colors_info=&#8221;{}&#8221;]<\/p>\n<p><span style=\"font-size: large; color: #000000;\">Sponsoris\u00e9 par<\/span><\/p>\n<p>[\/et_pb_text][et_pb_image src=&#8221;https:\/\/revela-t.cat\/2025\/wp-content\/uploads\/2025\/03\/CasaAsia2020_RGB_HorizontalB.jpg&#8221; title_text=&#8221;CasaAsia2020_RGB_HorizontalB&#8221; url=&#8221;https:\/\/www.casaasia.es\/&#8221; url_new_window=&#8221;on&#8221; _builder_version=&#8221;4.27.4&#8243; _module_preset=&#8221;default&#8221; locked=&#8221;off&#8221; global_colors_info=&#8221;{}&#8221;][\/et_pb_image][et_pb_text _builder_version=&#8221;4.27.4&#8243; _module_preset=&#8221;default&#8221; locked=&#8221;off&#8221; global_colors_info=&#8221;{}&#8221;]<\/p>\n<p><span style=\"font-size: large; color: #000000;\">En collaboration avec<\/span><\/p>\n<p>&nbsp;<\/p>\n<p>[\/et_pb_text][et_pb_image src=&#8221;https:\/\/revela-t.cat\/2025\/wp-content\/uploads\/2025\/03\/fundacion-japon-2.jpg&#8221; title_text=&#8221;9 arterri&#8221; url=&#8221;https:\/\/md.jpf.go.jp\/es\/&#8221; url_new_window=&#8221;on&#8221; admin_label=&#8221;Image&#8221; _builder_version=&#8221;4.27.4&#8243; _module_preset=&#8221;default&#8221; width=&#8221;75%&#8221; locked=&#8221;off&#8221; global_colors_info=&#8221;{}&#8221;][\/et_pb_image][et_pb_image src=&#8221;https:\/\/revela-t.cat\/2025\/wp-content\/uploads\/2025\/03\/PHotoESPANA_Negro.png&#8221; title_text=&#8221;PHotoESPAN\u0303A_Negro&#8221; url=&#8221;https:\/\/phe.es\/&#8221; url_new_window=&#8221;on&#8221; admin_label=&#8221;Image&#8221; _builder_version=&#8221;4.27.4&#8243; _module_preset=&#8221;default&#8221; width=&#8221;75%&#8221; locked=&#8221;off&#8221; global_colors_info=&#8221;{}&#8221;][\/et_pb_image][et_pb_image src=&#8221;https:\/\/revela-t.cat\/2025\/wp-content\/uploads\/2025\/03\/mfa_logo_b_short.png&#8221; title_text=&#8221;mfa_logo_b_short&#8221; url=&#8221;https:\/\/masahisafukase.com\/&#8221; url_new_window=&#8221;on&#8221; _builder_version=&#8221;4.27.4&#8243; _module_preset=&#8221;default&#8221; locked=&#8221;off&#8221; global_colors_info=&#8221;{}&#8221;][\/et_pb_image][et_pb_image src=&#8221;https:\/\/revela-t.cat\/2025\/wp-content\/uploads\/2024\/03\/9-arterri.jpg&#8221; title_text=&#8221;9 arterri&#8221; url=&#8221;http:\/\/arterri.com\/es\/inici\/&#8221; url_new_window=&#8221;on&#8221; _builder_version=&#8221;4.27.4&#8243; _module_preset=&#8221;default&#8221; width=&#8221;75%&#8221; locked=&#8221;off&#8221; global_colors_info=&#8221;{}&#8221;][\/et_pb_image][\/et_pb_column][\/et_pb_row][\/et_pb_section]<\/p>\n","protected":false},"excerpt":{"rendered":"<p>Masahisa FukaseRavens&lt; Expositions. Masahisa Fukase a fait irruption sur la sc\u00e8ne photographique japonaise dans les ann\u00e9es 60, d\u00e9fiant les conventions de l\u2019\u00e9poque et explorant des th\u00e8mes \u00e9motionnels et personnels dans une soci\u00e9t\u00e9 en mutation. Il a fusionn\u00e9 sensibilit\u00e9 artistique et ma\u00eetrise technique, devenant un innovateur dans la diffusion de son travail \u00e0 travers des magazines [&hellip;]<\/p>\n","protected":false},"author":8,"featured_media":0,"parent":0,"menu_order":0,"comment_status":"closed","ping_status":"closed","template":"","meta":{"_et_pb_use_builder":"on","_et_pb_old_content":"","_et_gb_content_width":"","om_disable_all_campaigns":false,"footnotes":""},"class_list":["post-40471","page","type-page","status-publish","hentry"],"aioseo_notices":[],"_links":{"self":[{"href":"https:\/\/revela-t.cat\/2025\/wp-json\/wp\/v2\/pages\/40471","targetHints":{"allow":["GET"]}}],"collection":[{"href":"https:\/\/revela-t.cat\/2025\/wp-json\/wp\/v2\/pages"}],"about":[{"href":"https:\/\/revela-t.cat\/2025\/wp-json\/wp\/v2\/types\/page"}],"author":[{"embeddable":true,"href":"https:\/\/revela-t.cat\/2025\/wp-json\/wp\/v2\/users\/8"}],"replies":[{"embeddable":true,"href":"https:\/\/revela-t.cat\/2025\/wp-json\/wp\/v2\/comments?post=40471"}],"version-history":[{"count":0,"href":"https:\/\/revela-t.cat\/2025\/wp-json\/wp\/v2\/pages\/40471\/revisions"}],"wp:attachment":[{"href":"https:\/\/revela-t.cat\/2025\/wp-json\/wp\/v2\/media?parent=40471"}],"curies":[{"name":"wp","href":"https:\/\/api.w.org\/{rel}","templated":true}]}}