{"id":36801,"date":"2025-03-18T10:29:33","date_gmt":"2025-03-18T09:29:33","guid":{"rendered":"https:\/\/revela-t.cat\/2025\/?page_id=36801"},"modified":"2025-03-28T12:43:59","modified_gmt":"2025-03-28T11:43:59","slug":"about_us_2025","status":"publish","type":"page","link":"https:\/\/revela-t.cat\/2025\/en\/about_us_2025\/","title":{"rendered":"About Us 2025"},"content":{"rendered":"<p>[et_pb_section fb_built=&#8221;1&#8243; module_class=&#8221;body-content&#8221; _builder_version=&#8221;4.24.3&#8243; _module_preset=&#8221;default&#8221; width=&#8221;1500px&#8221; max_width=&#8221;100%&#8221; module_alignment=&#8221;center&#8221; custom_margin=&#8221;||||false|false&#8221; custom_padding=&#8221;0px||||false|false&#8221; locked=&#8221;off&#8221; global_colors_info=&#8221;{}&#8221;][et_pb_row _builder_version=&#8221;4.24.3&#8243; _module_preset=&#8221;default&#8221; width=&#8221;100%&#8221; max_width=&#8221;2560px&#8221; custom_margin=&#8221;0px|0px|0px|0px|false|false&#8221; custom_padding=&#8221;10px|0px|0px|0px|false|false&#8221; collapsed=&#8221;off&#8221; global_colors_info=&#8221;{}&#8221;][et_pb_column type=&#8221;4_4&#8243; _builder_version=&#8221;4.19.4&#8243; _module_preset=&#8221;default&#8221; global_colors_info=&#8221;{}&#8221;][et_pb_text module_class=&#8221;title&#8221; _builder_version=&#8221;4.27.4&#8243; _module_preset=&#8221;default&#8221; text_text_color=&#8221;#000000&#8243; custom_padding=&#8221;||10px||false|false&#8221; custom_css_main_element=&#8221;@media (max-width: 2000px) {||.body-content {||  width: calc(100vw &#8211; 80px);||  margin: 0 40px 0 40px;||}||}&#8221; border_width_bottom=&#8221;1px&#8221; border_color_bottom=&#8221;#000000&#8243; global_colors_info=&#8221;{}&#8221;]<\/p>\n<h1><span style=\"color: #000000;\"><strong>Revela&#8217;t 2025<br \/><\/strong><\/span><\/h1>\n<p>[\/et_pb_text][\/et_pb_column][\/et_pb_row][\/et_pb_section][et_pb_section fb_built=&#8221;1&#8243; module_class=&#8221;body-content&#8221; _builder_version=&#8221;4.24.3&#8243; _module_preset=&#8221;default&#8221; width=&#8221;1500px&#8221; max_width=&#8221;100%&#8221; module_alignment=&#8221;center&#8221; custom_margin=&#8221;||||false|false&#8221; custom_padding=&#8221;0px||||false|false&#8221; locked=&#8221;off&#8221; global_colors_info=&#8221;{}&#8221;][et_pb_row column_structure=&#8221;2_5,3_5&#8243; _builder_version=&#8221;4.24.3&#8243; _module_preset=&#8221;default&#8221; width=&#8221;100%&#8221; max_width=&#8221;2560px&#8221; custom_margin=&#8221;0px|0px|0px|0px|false|false&#8221; custom_padding=&#8221;10px|0px|0px|0px|false|false&#8221; collapsed=&#8221;off&#8221; global_colors_info=&#8221;{}&#8221;][et_pb_column type=&#8221;2_5&#8243; _builder_version=&#8221;4.19.4&#8243; _module_preset=&#8221;default&#8221; global_colors_info=&#8221;{}&#8221;][et_pb_text _builder_version=&#8221;4.27.4&#8243; _module_preset=&#8221;default&#8221; global_colors_info=&#8221;{}&#8221;]<\/p>\n<h3 class=\"p1\"><span style=\"font-size: large;\"><strong>\u00a0Organizes<\/strong><\/span><\/h3>\n<p class=\"p1\"><span style=\"font-size: large;\"><span style=\"color: #000000;\">Associaci\u00f3 Fotogr\u00e0fica Espaifoto<\/span><b><br \/><\/b><\/span><\/p>\n<h3 class=\"p1\"><span style=\"font-size: large;\"><strong>Direction<\/strong><\/span><\/h3>\n<p class=\"p1\"><span style=\"font-size: large;\"><span style=\"color: #000000;\">Pep M\u00ednguez<\/span><b><br \/><\/b><\/span><\/p>\n<h3 class=\"p1\"><span style=\"font-size: large;\"><strong>Coordination and Protocol<\/strong><\/span><\/h3>\n<p class=\"p1\"><span style=\"font-size: large; color: #000000;\">Laura Aparicio, Ana Sofia Farrera and Gl\u00f2ria Peruga<\/span><\/p>\n<h3 class=\"p1\"><span style=\"font-size: large;\"><strong>Photobook coordinator<\/strong><\/span><\/h3>\n<p class=\"p1\"><span style=\"font-size: large; color: #000000;\">Mireia Alises<\/span><\/p>\n<h3 class=\"p1\"><span style=\"font-size: large;\"><strong>Portfolio review coordinator<\/strong><\/span><\/h3>\n<p class=\"p1\"><span style=\"font-size: large; color: #000000;\">Marc \u00c0vila<\/span><\/p>\n<h3 class=\"p1\"><span style=\"font-size: large;\"><strong>Production<\/strong><\/span><\/h3>\n<p class=\"p1\"><span style=\"font-size: large; color: #000000;\">Ainoa Guilera, M\u00aa Jos\u00e9 G.Ares and Salvador Alsina<\/span><\/p>\n<h3 class=\"p1\"><span style=\"font-size: large;\"><strong>Volunteering<\/strong><\/span><\/h3>\n<p class=\"p1\"><span style=\"font-size: large; color: #000000;\">Aina L\u00fctken<\/span><\/p>\n<h3 class=\"p1\"><span style=\"font-size: large;\"><strong>Design and Image<\/strong><\/span><\/h3>\n<p class=\"p1\"><span style=\"font-size: large; color: #000000;\">Estudio Feij\u00f3o<\/span><\/p>\n<h3 class=\"p1\"><span style=\"font-size: large;\"><strong>Website<\/strong><\/span><\/h3>\n<p class=\"p1\"><span style=\"font-size: large; color: #000000;\">\u00d2scar Ciutat<br \/><\/span><\/p>\n<h3 class=\"p1\"><span style=\"font-size: large;\"><strong>Social Media<\/strong><\/span><\/h3>\n<p class=\"p1\"><span style=\"font-size: large; color: #000000;\">Ana Sofia Farrera and Alfonso Fornes &amp; co<\/span><\/p>\n<h3><span style=\"font-size: large;\"><strong>Press<\/strong><\/span><\/h3>\n<p class=\"p1\"><span style=\"font-size: large; color: #000000;\">C\u00f2smica<\/span><\/p>\n<h3 class=\"p1\"><span style=\"font-size: large;\"><strong>Educational Projects and Training Activities<\/strong><\/span><\/h3>\n<p class=\"p1\"><span style=\"font-size: large; color: #000000;\">Salvador Alsina, Juan L. Ronco and Sergi P\u00e9rez<br \/><\/span><\/p>\n<h3 class=\"p1\"><span style=\"font-size: large;\"><strong>Photography and Video<br \/><\/strong><\/span><\/h3>\n<p class=\"p1\"><span style=\"font-size: large; color: #000000;\">Pep Prats and Pere Lloveras<\/span><\/p>\n<h3 class=\"p1\"><span style=\"font-size: large;\"><strong>Internship Students<\/strong><\/span><\/h3>\n<p class=\"p1\"><span style=\"font-size: large; color: #000000;\">Najoi El Hmidi, \u00c0lex Villacampa, Andrea Ruano and Mar Espin<\/span><\/p>\n<h3 class=\"p1\"><span style=\"font-size: large;\"><strong>Guided tours<\/strong><\/span><\/h3>\n<p><span style=\"font-size: large; color: #000000;\">Berta Mogdasy and Maria Vil\u00e0<\/span><\/p>\n<p>&nbsp;<\/p>\n<p>[\/et_pb_text][\/et_pb_column][et_pb_column type=&#8221;3_5&#8243; _builder_version=&#8221;4.19.4&#8243; _module_preset=&#8221;default&#8221; global_colors_info=&#8221;{}&#8221;][et_pb_gallery gallery_ids=&#8221;28127,28125,28120,28131,28130,28129,28128,28123,28126,28121,28132,28122,28133,28135,28134,28136,28138&#8243; fullwidth=&#8221;on&#8221; _builder_version=&#8221;4.27.4&#8243; _module_preset=&#8221;default&#8221; width=&#8221;900px&#8221; max_width=&#8221;100%&#8221; module_alignment=&#8221;left&#8221; custom_margin=&#8221;50px||||false|false&#8221; custom_padding=&#8221;||70px||false|false&#8221; auto=&#8221;on&#8221; auto_speed=&#8221;6000&#8243; custom_css_main_element=&#8221;height: fit-content !important;&#8221; locked=&#8221;off&#8221; global_colors_info=&#8221;{}&#8221;][\/et_pb_gallery][et_pb_text _builder_version=&#8221;4.27.4&#8243; _module_preset=&#8221;default&#8221; transform_translate=&#8221;0px|-100px&#8221; transform_translate_linked=&#8221;off&#8221; width=&#8221;93%&#8221; locked=&#8221;off&#8221; global_colors_info=&#8221;{}&#8221;]<\/p>\n<p>&nbsp;<\/p>\n<p>&nbsp;<\/p>\n<p><span style=\"font-size: large; color: #0a0a0a;\">Everything began in 2013 as a gathering of analog photography enthusiasts. Following the success of the event, the attendees themselves encouraged us to continue. That\u2019s when we realized we were <strong>the first festival in the world dedicated exclusively to analog photography<\/strong>, becoming a reference for initiatives in other countries. Since then, we have already celebrated twelve editions!<\/span><\/p>\n<p><span style=\"font-size: large; color: #0a0a0a;\">Our goal is to be a meeting point for thought and creation around analog photography, but beyond the technical processes, we focus on the stories that images tell and the depth behind each project. That\u2019s why, in each edition, we choose a central theme that inspires the exhibitions. For the 2025 edition, the theme is <strong>&#8220;I\u2019ve seen things you wouldn\u2019t believe\u2026&#8221;<\/strong>, a phrase taken from the iconic final monologue of the film Blade Runner, and we are sure you will see extraordinary things.<\/span><\/p>\n<p><span style=\"font-size: large; color: #0a0a0a;\">Since the first edition, we have had the support of renowned photographers from around the world, which has allowed us to present high-quality exhibitions. These projects, together with those selected from the open call, make up the exhibition program. In the 2025 edition, we received 655 proposals from 62 different countries, a clear indicator of the level of internationalization we have achieved\u2014along with 196 proposals for the Portfolio Review.<\/span><\/p>\n<p><span style=\"font-size: large; color: #0a0a0a;\">This journey would not have been possible without the support of various institutions and entities, both public and private, as well as the essential collaboration of our community of Friends of Revela\u2019t, patrons, and our invaluable team of volunteers.<\/span><\/p>\n<p><span style=\"font-size: large; color: #0a0a0a;\">In addition to the exhibitions, we offer a wide range of activities for photography and art lovers: conferences, workshops, screenings, markets, and much more. Each edition is an opportunity to connect with other enthusiasts and become part of a diverse and welcoming community.<\/span><\/p>\n<p><span style=\"font-size: large; color: #0a0a0a;\">The festival is the perfect excuse to come together and enjoy our shared passion for analog photography. We look forward to seeing you at <strong>Revela\u2019t 2025!<\/strong><\/span><\/p>\n<p>[\/et_pb_text][\/et_pb_column][\/et_pb_row][et_pb_row _builder_version=&#8221;4.27.4&#8243; _module_preset=&#8221;default&#8221; width=&#8221;100%&#8221; max_width=&#8221;100%&#8221; module_alignment=&#8221;left&#8221; custom_margin=&#8221;0px||||false|false&#8221; global_colors_info=&#8221;{}&#8221;][et_pb_column type=&#8221;4_4&#8243; _builder_version=&#8221;4.23.1&#8243; _module_preset=&#8221;default&#8221; global_colors_info=&#8221;{}&#8221;][et_pb_text _builder_version=&#8221;4.27.4&#8243; _module_preset=&#8221;default&#8221; transform_translate_linked=&#8221;off&#8221; transform_origin=&#8221;117%|50%&#8221; width=&#8221;100%&#8221; max_width=&#8221;100%&#8221; module_alignment=&#8221;center&#8221; custom_margin=&#8221;0px||||false|false&#8221; hover_enabled=&#8221;0&#8243; global_colors_info=&#8221;{}&#8221; sticky_enabled=&#8221;0&#8243;]<\/p>\n<h3 class=\"p1\"><span style=\"font-size: large;\"><strong>Revela&#8217;t Friends<br \/><\/strong><\/span><\/h3>\n<p><span style=\"font-size: large; color: #000000;\">Beatriz Agullo, C\u00e8lia Arnau, Jacques Barbier, Ana Belen Barreales Elias, Jaume Bonet, Helena Borjesson, Rafael Borrego Giraldez, Pablo Braulio, David Caballero, Nuria Cabrera Sancho, Josep Casacuberta, Egl\u00e9 Casagrande, Angel Codina Font, Mateo Combariza, Clara Cuss\u00f3 Ruiz, Cristina Drafta, Daniel Esta\u00f1ol Torres, Llu\u00eds Estopi\u00f1an, Dimas F\u00e0bregas, Gianluigi Fraiese, Carlos Gili, Alba Gonz\u00e1lez, Jose Guindos, Mikel Guirado, Alfredo Herrezuelo, Ramon Juvany, Daria Ksenofontova, Didac Lluent, Justin Long, Juan Jose Lopez Jimenez, Francesco Marongiu, Rebeca Martinez, Rebeca Martinez, Eulalia Mart\u00ednez, Soledad Martinez Joher, Vicen\u00e7 Mata, Jose Maria Mercader Torreiro, Lola Montserrat, Ilaria Murabito, Elina Nilsson, Xavi Padros, Laura Pages Forne, Albert Palaudaries, Angel Palomar, Ramon Panosa Serrats, Pep Perez, St\u00e9phanie Probst, Ruben Reinares Saenz, Nuria Andua Rodenas, Joana Rosa Comas, Vicens Rovira, Israel Sabater, Guillermo Salazar Solans, Jordi Salewski, Andreu Santos-Olmo Sorli, Mar\u00e7al Santos-Olmo Sorli, Pablo Sanchez Fernandez, Axel Serrat, Francesc Soldevila, Joan Sorolla, Xavier Torruella, Tanja Upravitelev, Josep Vall y Cesar Vercher.<\/span><\/p>\n<p>&nbsp;<\/p>\n<h3 class=\"p1\"><span style=\"font-size: large;\"><strong>Volunteers &#8211; 2024 Edition<br \/><\/strong><\/span><\/h3>\n<p><span style=\"font-size: large; color: #000000;\">M\u00aa Angels Abell\u00e1n, Montse Abell\u00e1n, Vicky Acosta, Adri\u00e1n, Laura Albornoz, Isabel Amor\u00f3s, Debora Andres, M\u00aa Antonia, Elena Aragon\u00e9s, Sabrina \u00c1vila, Manuel Benito, \u00c0ngels Bl\u00e0zquez, Paula Bueso, Carolina Cancelo, Laura Caraballo, Ana Carreres, Roos Chen, Gabriel Chuan, Marta Chueca, Daniel Comas, Mateo Combariza, Anna Cort\u00e9s, Diego Cu\u00e9llar, Karin Dilge, Pilar Dolon, Aleix Duny\u00f3, Luc\u00eda D\u00edaz, Samir Gallego, Nerea Gast\u00f3n, Giada Giannoccaro, Henar Gimeno, J\u00falia Gim\u00e9nez, N\u00faria Gim\u00e9nez, Nacho Giralt, Elisenda Guedea, Nuria Guill\u00e9n, David Hern\u00e1ndez, Anne Hindennach, Montserrat Hosta, \u00cdzan, Julen Iztueta, Ashlly Javillonar, Gianella Jiron, S\u00edlvia Jordan, Arwa Kayyali, Cristian Kemmer, Giulio Lazzarini, Andrea Lema, Merc\u00e8 Marquet, Salvador Marti, Ena Mart\u00ednez, Silvia Mart\u00ednez, Evelyn Mesa, Alex Mestre, Mateo Miranda, Ariana Monzon, M\u00e0rius Ortiz, Elodie Pagador, Valentina Pav\u00f3n, Lidia Peret, Ana Pinto, Jos\u00e9 Pirt, Rosa Maria Prats, Clara Ferrer P\u00e9rez, Londy Ramazzini, Marina Romero, Bego\u00f1a Ruiz, Marta Sabater, Arnau Saborit, Llu\u00eds Sabri\u00e0, Toni Sala, Encarna S\u00e1nchez, Aina Sangr\u00e0, Aitor Silla, Mariana Simonelli, Luc\u00eda Soto, Celia Teso, Joan Trujillo, Brunna Urbano, Enrica Valdes, Clara V\u00e1zquez, Ester Vila, Alba Vilarrubla, Mayra Villaverde, Patricia V\u00edlchez, Maite Zabalza, Antonella Zucchero.<\/span><\/p>\n<p>[\/et_pb_text][\/et_pb_column][\/et_pb_row][\/et_pb_section][et_pb_section fb_built=&#8221;1&#8243; _builder_version=&#8221;4.23.1&#8243; _module_preset=&#8221;default&#8221; width=&#8221;1500px&#8221; max_width=&#8221;95%&#8221; module_alignment=&#8221;center&#8221; custom_margin=&#8221;-50px||||false|false&#8221; global_colors_info=&#8221;{}&#8221;][et_pb_row _builder_version=&#8221;4.23.1&#8243; _module_preset=&#8221;default&#8221; width=&#8221;100%&#8221; max_width=&#8221;1500px&#8221; module_alignment=&#8221;center&#8221; global_colors_info=&#8221;{}&#8221;][et_pb_column type=&#8221;4_4&#8243; _builder_version=&#8221;4.23.1&#8243; _module_preset=&#8221;default&#8221; global_colors_info=&#8221;{}&#8221;][et_pb_text _builder_version=&#8221;4.27.4&#8243; _module_preset=&#8221;default&#8221; global_colors_info=&#8221;{}&#8221;]<\/p>\n<h2><strong>Sponsors<\/strong><\/h2>\n<p>[\/et_pb_text][et_pb_divider _builder_version=&#8221;4.23.1&#8243; _module_preset=&#8221;default&#8221; custom_margin=&#8221;-30px||||false|false&#8221; filter_brightness=&#8221;0%&#8221; global_colors_info=&#8221;{}&#8221;][\/et_pb_divider][et_pb_text _builder_version=&#8221;4.27.4&#8243; _module_preset=&#8221;default&#8221; custom_margin=&#8221;-45px||||false|false&#8221; locked=&#8221;off&#8221; global_colors_info=&#8221;{}&#8221;]<\/p>\n<p>&nbsp;<\/p>\n<p><span style=\"font-size: large; color: #0a0a0a;\"><strong>With the support of\u2026<\/strong><br \/>Department of Culture of the Generalitat of Catalonia, Vilassar de Dalt City Council, Barcelona Provincial Council, Sorli, Sorli Emocions, Fujifilm, and Comas &amp; Partners<\/span><\/p>\n<p>&nbsp;<\/p>\n<p><span style=\"font-size: large; color: #0a0a0a;\"><strong>With the collaboration of\u2026<\/strong><br \/>EGM, Kitoli, Shooters Film Lab, VM Foto, Visual Korner, Arterri, GAD, Emesa, Impressionart, Yelo so i llum, Estrella Damm, Pint-Nova, Roger\u2019s, Vilapack, Emesa, Corma, Festival Floral.<\/span><\/p>\n<p><span style=\"font-size: large; color: #0a0a0a;\"><br \/><strong>Collaborating Entities\u2026<\/strong><br \/>Acci\u00f3n Cultural Espa\u00f1ola, Casa \u00c0sia, Vilassar turisme, Museu Arxiu de Vilassar de Dalt, La Massa Centre de Cultura, TRESC, Carnet JOVE, Foto Cinema Matar\u00f3. <\/span><\/p>\n<p>[\/et_pb_text][\/et_pb_column][\/et_pb_row][\/et_pb_section][et_pb_section fb_built=&#8221;1&#8243; module_class=&#8221;body-content&#8221; _builder_version=&#8221;4.23.1&#8243; _module_preset=&#8221;default&#8221; positioning=&#8221;none&#8221; width=&#8221;1500px&#8221; max_width=&#8221;100%&#8221; module_alignment=&#8221;center&#8221; custom_margin=&#8221;0px||0px|0px|false|false&#8221; custom_padding=&#8221;0px|0px|180px|0px|false|false&#8221; locked=&#8221;off&#8221; global_colors_info=&#8221;{}&#8221;][et_pb_row _builder_version=&#8221;4.19.5&#8243; _module_preset=&#8221;default&#8221; width=&#8221;900px&#8221; max_width=&#8221;100%&#8221; custom_margin=&#8221;0px||0px|0px|false|false&#8221; custom_padding=&#8221;0px||0px|0px|false|false&#8221; global_colors_info=&#8221;{}&#8221;][et_pb_column type=&#8221;4_4&#8243; _builder_version=&#8221;4.19.4&#8243; _module_preset=&#8221;default&#8221; global_colors_info=&#8221;{}&#8221;][et_pb_text module_class=&#8221;text&#8221; _builder_version=&#8221;4.27.4&#8243; _module_preset=&#8221;default&#8221; width=&#8221;100%&#8221; max_width=&#8221;100%&#8221; custom_margin=&#8221;75px|0px|-20px|0px|false|false&#8221; custom_padding=&#8221;|0px||0px|false|false&#8221; global_colors_info=&#8221;{}&#8221;]<\/p>\n<p>Do you have any question? Contact us <a rel=\"noopener\" data-start=\"40\" data-end=\"65\">espaifotografic@gmail.com<\/a><\/p>\n<article class=\"group\/turn w-full text-token-text-primary focus-visible:outline-2 focus-visible:outline-offset-[-4px]\" dir=\"auto\" data-testid=\"conversation-turn-78\" data-scroll-anchor=\"true\">\n<div class=\"text-base my-auto mx-auto py-[18px] px-6\">\n<div class=\"mx-auto flex flex-1 text-base gap-4 md:gap-5 lg:gap-6 md:max-w-3xl lg:max-w-[40rem] xl:max-w-[48rem]\">\n<div class=\"group\/conversation-turn relative flex w-full min-w-0 flex-col agent-turn @xs\/thread:px-0 @sm\/thread:px-1.5 @md\/thread:px-4\">\n<div class=\"flex-col gap-1 md:gap-3\">\n<div class=\"flex max-w-full flex-col flex-grow\">\n<div class=\"min-h-8 text-message relative flex w-full flex-col items-end gap-2 whitespace-normal break-words text-start [.text-message+&amp;]:mt-5\" dir=\"auto\" data-message-author-role=\"assistant\" data-message-id=\"79bd4e4d-8a3c-433c-9ed3-07bef6b5ce74\" data-message-model-slug=\"gpt-4o\">\n<div class=\"flex w-full flex-col gap-1 empty:hidden first:pt-[3px]\">\n<div class=\"markdown prose w-full break-words dark:prose-invert light\">\n<p data-start=\"0\" data-end=\"70\" data-is-last-node=\"\" data-is-only-node=\"\">\n<\/div>\n<\/div>\n<\/div>\n<\/div>\n<div class=\"mt-3 w-full empty:hidden\">\n<div class=\"text-center\">\u00a0<\/div>\n<\/div>\n<\/div>\n<div class=\"absolute\">\n<div class=\"flex items-center justify-center\">\u00a0<\/div>\n<\/div>\n<\/div>\n<\/div>\n<\/div>\n<\/article>\n<div class=\"pointer-events-none h-px w-px\" aria-hidden=\"true\" data-edge=\"true\">\u00a0<\/div>\n<p>[\/et_pb_text][\/et_pb_column][\/et_pb_row][\/et_pb_section]<\/p>\n","protected":false},"excerpt":{"rendered":"<p>Revela&#8217;t 2025\u00a0Organizes Associaci\u00f3 Fotogr\u00e0fica Espaifoto Direction Pep M\u00ednguez Coordination and Protocol Laura Aparicio, Ana Sofia Farrera and Gl\u00f2ria Peruga Photobook coordinator Mireia Alises Portfolio review coordinator Marc \u00c0vila Production Ainoa Guilera, M\u00aa Jos\u00e9 G.Ares and Salvador Alsina Volunteering Aina L\u00fctken Design and Image Estudio Feij\u00f3o Website \u00d2scar Ciutat Social Media Ana Sofia Farrera and Alfonso [&hellip;]<\/p>\n","protected":false},"author":8,"featured_media":0,"parent":0,"menu_order":0,"comment_status":"closed","ping_status":"closed","template":"","meta":{"_et_pb_use_builder":"on","_et_pb_old_content":"","_et_gb_content_width":"","om_disable_all_campaigns":false,"footnotes":""},"class_list":["post-36801","page","type-page","status-publish","hentry"],"aioseo_notices":[],"_links":{"self":[{"href":"https:\/\/revela-t.cat\/2025\/wp-json\/wp\/v2\/pages\/36801","targetHints":{"allow":["GET"]}}],"collection":[{"href":"https:\/\/revela-t.cat\/2025\/wp-json\/wp\/v2\/pages"}],"about":[{"href":"https:\/\/revela-t.cat\/2025\/wp-json\/wp\/v2\/types\/page"}],"author":[{"embeddable":true,"href":"https:\/\/revela-t.cat\/2025\/wp-json\/wp\/v2\/users\/8"}],"replies":[{"embeddable":true,"href":"https:\/\/revela-t.cat\/2025\/wp-json\/wp\/v2\/comments?post=36801"}],"version-history":[{"count":0,"href":"https:\/\/revela-t.cat\/2025\/wp-json\/wp\/v2\/pages\/36801\/revisions"}],"wp:attachment":[{"href":"https:\/\/revela-t.cat\/2025\/wp-json\/wp\/v2\/media?parent=36801"}],"curies":[{"name":"wp","href":"https:\/\/api.w.org\/{rel}","templated":true}]}}