{"id":36773,"date":"2025-03-18T10:29:33","date_gmt":"2025-03-18T09:29:33","guid":{"rendered":"https:\/\/revela-t.cat\/2025\/?page_id=36773"},"modified":"2025-03-28T12:45:01","modified_gmt":"2025-03-28T11:45:01","slug":"nosotros_2025","status":"publish","type":"page","link":"https:\/\/revela-t.cat\/2025\/nosotros_2025\/","title":{"rendered":"Nosotros 2025"},"content":{"rendered":"<p>[et_pb_section fb_built=&#8221;1&#8243; module_class=&#8221;body-content&#8221; _builder_version=&#8221;4.27.4&#8243; _module_preset=&#8221;default&#8221; width=&#8221;1500px&#8221; max_width=&#8221;100%&#8221; module_alignment=&#8221;center&#8221; custom_margin=&#8221;0px|0px|0px|0px|false|false&#8221; custom_margin_tablet=&#8221;||||false|false&#8221; custom_margin_phone=&#8221;0px||||false|false&#8221; custom_margin_last_edited=&#8221;off|desktop&#8221; custom_padding=&#8221;0px|0px|0px|0px|false|false&#8221; locked=&#8221;off&#8221; global_colors_info=&#8221;{}&#8221;][et_pb_row _builder_version=&#8221;4.27.4&#8243; _module_preset=&#8221;default&#8221; width=&#8221;100%&#8221; max_width=&#8221;2560px&#8221; custom_margin=&#8221;0px|0px|0px|0px|false|false&#8221; custom_padding=&#8221;0px|0px|0px|0px|false|false&#8221; collapsed=&#8221;off&#8221; global_colors_info=&#8221;{}&#8221;][et_pb_column type=&#8221;4_4&#8243; _builder_version=&#8221;4.19.4&#8243; _module_preset=&#8221;default&#8221; global_colors_info=&#8221;{}&#8221;][et_pb_text module_class=&#8221;title&#8221; _builder_version=&#8221;4.27.4&#8243; _module_preset=&#8221;default&#8221; text_text_color=&#8221;#000000&#8243; custom_padding=&#8221;||10px||false|false&#8221; custom_css_main_element=&#8221;@media (max-width: 2000px) {||.body-content {||  width: calc(100vw &#8211; 80px);||  margin: 0 40px 0 40px;||}||}&#8221; border_width_bottom=&#8221;1px&#8221; border_color_bottom=&#8221;#000000&#8243; global_colors_info=&#8221;{}&#8221;]<\/p>\n<h1><span style=\"color: #000000;\"><strong>Revela&#8217;t 2025<br \/><\/strong><\/span><\/h1>\n<p>[\/et_pb_text][\/et_pb_column][\/et_pb_row][\/et_pb_section][et_pb_section fb_built=&#8221;1&#8243; module_class=&#8221;body-content&#8221; _builder_version=&#8221;4.27.4&#8243; _module_preset=&#8221;default&#8221; width=&#8221;1500px&#8221; max_width=&#8221;100%&#8221; module_alignment=&#8221;center&#8221; custom_margin=&#8221;0px|0px|0px|0px|false|false&#8221; custom_margin_tablet=&#8221;||||false|false&#8221; custom_margin_phone=&#8221;0px||||false|false&#8221; custom_margin_last_edited=&#8221;off|desktop&#8221; custom_padding=&#8221;0px|0px|0px|0px|false|false&#8221; locked=&#8221;off&#8221; global_colors_info=&#8221;{}&#8221;][et_pb_row column_structure=&#8221;1_2,1_2&#8243; _builder_version=&#8221;4.27.4&#8243; _module_preset=&#8221;default&#8221; width=&#8221;100%&#8221; max_width=&#8221;2560px&#8221; custom_margin=&#8221;0px|0px|0px|0px|false|false&#8221; custom_padding=&#8221;0px|0px|0px|0px|false|false&#8221; collapsed=&#8221;off&#8221; global_colors_info=&#8221;{}&#8221;][et_pb_column type=&#8221;1_2&#8243; _builder_version=&#8221;4.19.4&#8243; _module_preset=&#8221;default&#8221; global_colors_info=&#8221;{}&#8221;][et_pb_text _builder_version=&#8221;4.27.4&#8243; _module_preset=&#8221;default&#8221; global_colors_info=&#8221;{}&#8221;]<\/p>\n<h3 class=\"p1\"><span style=\"font-size: large;\"><strong>Organiza<\/strong><\/span><\/h3>\n<p class=\"p1\"><span style=\"font-size: large;\"><span style=\"color: #000000;\">Associaci\u00f3 Fotogr\u00e0fica Espaifoto<\/span><b><br \/><\/b><\/span><\/p>\n<h3 class=\"p1\"><span style=\"font-size: large;\"><strong>Direcci\u00f3n<\/strong><\/span><\/h3>\n<p class=\"p1\"><span style=\"font-size: large;\"><span style=\"color: #000000;\">Pep M\u00ednguez<\/span><b><br \/><\/b><\/span><\/p>\n<h3 class=\"p1\"><span style=\"font-size: large;\"><strong>Coordinaci\u00f3n y <\/strong><\/span><span style=\"font-size: large;\"><strong>Protocolo<\/strong><\/span><\/h3>\n<p class=\"p1\"><span style=\"font-size: large; color: #000000;\">Laura Aparicio, Ana Sof\u00eda Farrera y Gl\u00f2ria Peruga<\/span><\/p>\n<h3 class=\"p1\"><span style=\"font-size: large;\"><strong>Coordinadora Fotolibros<\/strong><\/span><\/h3>\n<p class=\"p1\"><span style=\"font-size: large; color: #000000;\">Mireia Alises<\/span><\/p>\n<h3 class=\"p1\"><span style=\"font-size: large;\"><strong>Coordinador Visionado<\/strong><\/span><\/h3>\n<p class=\"p1\"><span style=\"font-size: large; color: #000000;\">Marc \u00c0vila<\/span><\/p>\n<h3 class=\"p1\"><span style=\"font-size: large;\"><strong>Producci\u00f3n<\/strong><\/span><\/h3>\n<p class=\"p1\"><span style=\"font-size: large; color: #000000;\">Ainoa Guilera, M\u00aa Jos\u00e9 G. Ares y Salvador Alsina<\/span><\/p>\n<h3 class=\"p1\"><span style=\"font-size: large;\"><strong>Voluntariado<\/strong><\/span><\/h3>\n<p class=\"p1\"><span style=\"font-size: large; color: #000000;\">Aina L\u00fctken<\/span><\/p>\n<h3 class=\"p1\"><span style=\"font-size: large;\"><strong>Dise\u00f1o e imagen<\/strong><\/span><\/h3>\n<p class=\"p1\"><span style=\"font-size: large; color: #000000;\">Estudio Feij\u00f3o<\/span><\/p>\n<h3 class=\"p1\"><span style=\"font-size: large;\"><strong>Web<br \/><\/strong><\/span><\/h3>\n<p class=\"p1\"><span style=\"font-size: large; color: #000000;\">\u00d2scar Ciutat<br \/><\/span><\/p>\n<h3 class=\"p1\"><span style=\"font-size: large;\"><strong>Redes sociales\u00a0<\/strong><\/span><\/h3>\n<p class=\"p1\"><span style=\"font-size: large; color: #000000;\">Ana Sof\u00eda Farrera y Alfonso Fornes &amp; co<\/span><\/p>\n<h3><span style=\"font-size: large;\"><strong>Prensa<\/strong><\/span><\/h3>\n<p class=\"p1\"><span style=\"font-size: large; color: #000000;\">C\u00f2smica<\/span><\/p>\n<h3 class=\"p1\"><span style=\"font-size: large;\"><strong>Proyectos Educativos y Actividades Formativas<\/strong><\/span><\/h3>\n<p class=\"p1\"><span style=\"font-size: large; color: #000000;\">Salvador Alsina, Juan L. Ronco y Sergi P\u00e9rez<br \/><\/span><\/p>\n<h3 class=\"p1\"><span style=\"font-size: large;\"><strong>Fotograf\u00eda y v\u00eddeo<br \/><\/strong><\/span><\/h3>\n<p class=\"p1\"><span style=\"font-size: large; color: #000000;\">Pep Prats y Pere Lloveras<\/span><\/p>\n<h3 class=\"p1\"><span style=\"font-size: large;\"><strong>Estudiantes en pr\u00e1cticas<\/strong><\/span><\/h3>\n<p class=\"p1\"><span style=\"font-size: large; color: #000000;\">Najoi El Hmidi, \u00c0lex Villacampa, Andrea Ruano y Mar Espin<\/span><\/p>\n<h3 class=\"p1\"><span style=\"font-size: large;\"><strong>Visitas guiadas<\/strong><\/span><\/h3>\n<p><span style=\"font-size: large; color: #000000;\">Berta Mogdasy y Maria Vil\u00e0<\/span><\/p>\n<p>&nbsp;<\/p>\n<p>[\/et_pb_text][\/et_pb_column][et_pb_column type=&#8221;1_2&#8243; _builder_version=&#8221;4.19.4&#8243; _module_preset=&#8221;default&#8221; global_colors_info=&#8221;{}&#8221;][et_pb_gallery gallery_ids=&#8221;28127,28125,28120,28131,28130,28129,28128,28123,28126,28121,28132,28122,28133,28135,28134,28136,28138&#8243; fullwidth=&#8221;on&#8221; _builder_version=&#8221;4.27.4&#8243; _module_preset=&#8221;default&#8221; width=&#8221;900px&#8221; max_width=&#8221;100%&#8221; module_alignment=&#8221;left&#8221; custom_margin=&#8221;50px||||false|false&#8221; custom_padding=&#8221;||70px||false|false&#8221; auto=&#8221;on&#8221; auto_speed=&#8221;6000&#8243; custom_css_main_element=&#8221;height: fit-content !important;&#8221; locked=&#8221;off&#8221; global_colors_info=&#8221;{}&#8221;][\/et_pb_gallery][et_pb_text _builder_version=&#8221;4.27.4&#8243; _module_preset=&#8221;default&#8221; transform_translate=&#8221;0px|-100px&#8221; transform_translate_linked=&#8221;off&#8221; width=&#8221;93%&#8221; locked=&#8221;off&#8221; global_colors_info=&#8221;{}&#8221;]<\/p>\n<p>&nbsp;<\/p>\n<p>&nbsp;<\/p>\n<p><span style=\"font-size: large; color: #0a0a0a;\">Todo comenz\u00f3 en el a\u00f1o 2013 como un encuentro de aficionados a la fotograf\u00eda anal\u00f3gica. Ante el \u00e9xito de la convocatoria, los propios asistentes nos animaron a continuar. As\u00ed, nos dimos cuenta de que \u00e9ramos <strong>el primer festival del mundo dedicado exclusivamente a la fotograf\u00eda anal\u00f3gica<\/strong>, convirti\u00e9ndonos en un referente para iniciativas de otros pa\u00edses. Desde entonces, \u00a1ya hemos celebrado doce ediciones!<\/span><\/p>\n<p><span style=\"font-size: large; color: #0a0a0a;\">Nuestro objetivo es ser un punto de encuentro para el pensamiento y la creaci\u00f3n en torno a la fotograf\u00eda anal\u00f3gica, pero m\u00e1s all\u00e1 de los procesos t\u00e9cnicos, nos centramos en las historias que cuentan las im\u00e1genes y en la profundidad que hay detr\u00e1s de cada proyecto. Por eso, en cada edici\u00f3n elegimos un tema central que inspira las exposiciones. En la edici\u00f3n de 2025, el tema es <strong>\u201cHe visto cosas que no creer\u00edais\u2026\u201d<\/strong>, una frase extra\u00edda del ic\u00f3nico mon\u00f3logo final de la pel\u00edcula Blade Runner, y estamos seguros de que ver\u00e9is cosas extraordinarias.<\/span><\/p>\n<p><span style=\"font-size: large; color: #0a0a0a;\">Desde la primera edici\u00f3n, contamos con la complicidad de reconocidos fot\u00f3grafos de todo el mundo, lo que nos ha permitido presentar exposiciones de gran calidad. Estos proyectos, junto con los seleccionados de la convocatoria abierta, conforman la programaci\u00f3n de exposiciones. En la edici\u00f3n de 2025, recibimos 655 propuestas de 62 pa\u00edses diferentes, un claro indicador del nivel de internacionalizaci\u00f3n que hemos alcanzado. Y 196 propuestas para el Visionado de Portafolios.<\/span><\/p>\n<p><span style=\"font-size: large; color: #0a0a0a;\">Este camino no habr\u00eda sido posible sin el apoyo de diversas instituciones y entidades, tanto p\u00fablicas como privadas, as\u00ed como la colaboraci\u00f3n esencial de nuestra comunidad de Amigos de Revela\u2019t, de mecenas y de nuestro valioso equipo de voluntariado.<\/span><\/p>\n<p><span style=\"font-size: large; color: #0a0a0a;\">Adem\u00e1s de las exposiciones, ofrecemos un amplio abanico de actividades para los amantes de la fotograf\u00eda y el arte: conferencias, talleres, proyecciones, mercados y mucho m\u00e1s. Cada edici\u00f3n es una oportunidad para conectar con otros apasionados y formar parte de una comunidad diversa y acogedora.<\/span><\/p>\n<p><span style=\"font-size: large; color: #0a0a0a;\">El festival es la excusa perfecta para disfrutar juntos de nuestra pasi\u00f3n compartida por la fotograf\u00eda anal\u00f3gica. <strong>\u00a1Te esperamos en Revela\u2019t 2025!<\/strong><\/span><\/p>\n<p>[\/et_pb_text][\/et_pb_column][\/et_pb_row][et_pb_row _builder_version=&#8221;4.27.4&#8243; _module_preset=&#8221;default&#8221; width=&#8221;100%&#8221; max_width=&#8221;100%&#8221; module_alignment=&#8221;left&#8221; custom_margin=&#8221;-40px||||false|false&#8221; global_colors_info=&#8221;{}&#8221;][et_pb_column type=&#8221;4_4&#8243; _builder_version=&#8221;4.23.1&#8243; _module_preset=&#8221;default&#8221; global_colors_info=&#8221;{}&#8221;][et_pb_text _builder_version=&#8221;4.27.4&#8243; _module_preset=&#8221;default&#8221; transform_translate_linked=&#8221;off&#8221; transform_origin=&#8221;117%|50%&#8221; width=&#8221;100%&#8221; max_width=&#8221;100%&#8221; module_alignment=&#8221;center&#8221; custom_margin=&#8221;0px||||false|false&#8221; hover_enabled=&#8221;0&#8243; global_colors_info=&#8221;{}&#8221; sticky_enabled=&#8221;0&#8243;]<\/p>\n<h3 class=\"p1\"><span style=\"font-size: large;\"><strong>Amig@s\u00a0Revela&#8217;t<br \/><\/strong><\/span><\/h3>\n<p><span style=\"font-size: large; color: #000000;\">Beatriz Agullo, C\u00e8lia Arnau, Jacques Barbier, Ana Belen Barreales Elias, Jaume Bonet, Helena Borjesson, Rafael Borrego Giraldez, Pablo Braulio, David Caballero, Nuria Cabrera Sancho, Josep Casacuberta, Egl\u00e9 Casagrande, Angel Codina Font, Mateo Combariza, Clara Cuss\u00f3 Ruiz, Cristina Drafta, Daniel Esta\u00f1ol Torres, Llu\u00eds Estopi\u00f1an, Dimas F\u00e0bregas, Gianluigi Fraiese, Carlos Gili, Alba Gonz\u00e1lez, Jose Guindos, Mikel Guirado, Alfredo Herrezuelo, Ramon Juvany, Daria Ksenofontova, Didac Lluent, Justin Long, Juan Jose Lopez Jimenez, Francesco Marongiu, Rebeca Martinez, Rebeca Martinez, Eulalia Mart\u00ednez, Soledad Martinez Joher, Vicen\u00e7 Mata, Jose Maria Mercader Torreiro, Lola Montserrat, Ilaria Murabito, Elina Nilsson, Xavi Padros, Laura Pages Forne, Albert Palaudaries, Angel Palomar, Ramon Panosa Serrats, Pep Perez, St\u00e9phanie Probst, Ruben Reinares Saenz, Nuria Andua Rodenas, Joana Rosa Comas, Vicens Rovira, Israel Sabater, Guillermo Salazar Solans, Jordi Salewski, Andreu Santos-Olmo Sorli, Mar\u00e7al Santos-Olmo Sorli, Pablo Sanchez Fernandez, Axel Serrat, Francesc Soldevila, Joan Sorolla, Xavier Torruella, Tanja Upravitelev, Josep Vall y Cesar Vercher.<\/span><\/p>\n<p>&nbsp;<\/p>\n<h3 class=\"p1\"><span style=\"font-size: large;\"><strong>Voluntarios edici\u00f3n 2024<br \/><\/strong><\/span><\/h3>\n<p><span style=\"font-size: large; color: #000000;\">M\u00aa Angels Abell\u00e1n, Montse Abell\u00e1n, Vicky Acosta, Adri\u00e1n, Laura Albornoz, Isabel Amor\u00f3s, Debora Andres, M\u00aa Antonia, Elena Aragon\u00e9s, Sabrina \u00c1vila, Manuel Benito, \u00c0ngels Bl\u00e0zquez, Paula Bueso, Carolina Cancelo, Laura Caraballo, Ana Carreres, Roos Chen, Gabriel Chuan, Marta Chueca, Daniel Comas, Mateo Combariza, Anna Cort\u00e9s, Diego Cu\u00e9llar, Karin Dilge, Pilar Dolon, Aleix Duny\u00f3, Luc\u00eda D\u00edaz, Samir Gallego, Nerea Gast\u00f3n, Giada Giannoccaro, Henar Gimeno, J\u00falia Gim\u00e9nez, N\u00faria Gim\u00e9nez, Nacho Giralt, Elisenda Guedea, Nuria Guill\u00e9n, David Hern\u00e1ndez, Anne Hindennach, Montserrat Hosta, \u00cdzan, Julen Iztueta, Ashlly Javillonar, Gianella Jiron, S\u00edlvia Jordan, Arwa Kayyali, Cristian Kemmer, Giulio Lazzarini, Andrea Lema, Merc\u00e8 Marquet, Salvador Marti, Ena Mart\u00ednez, Silvia Mart\u00ednez, Evelyn Mesa, Alex Mestre, Mateo Miranda, Ariana Monzon, M\u00e0rius Ortiz, Elodie Pagador, Valentina Pav\u00f3n, Lidia Peret, Ana Pinto, Jos\u00e9 Pirt, Rosa Maria Prats, Clara Ferrer P\u00e9rez, Londy Ramazzini, Marina Romero, Bego\u00f1a Ruiz, Marta Sabater, Arnau Saborit, Llu\u00eds Sabri\u00e0, Toni Sala, Encarna S\u00e1nchez, Aina Sangr\u00e0, Aitor Silla, Mariana Simonelli, Luc\u00eda Soto, Celia Teso, Joan Trujillo, Brunna Urbano, Enrica Valdes, Clara V\u00e1zquez, Ester Vila, Alba Vilarrubla, Mayra Villaverde, Patricia V\u00edlchez, Maite Zabalza, Antonella Zucchero.<\/span><\/p>\n<p>[\/et_pb_text][\/et_pb_column][\/et_pb_row][\/et_pb_section][et_pb_section fb_built=&#8221;1&#8243; _builder_version=&#8221;4.23.1&#8243; _module_preset=&#8221;default&#8221; width=&#8221;1500px&#8221; max_width=&#8221;95%&#8221; module_alignment=&#8221;center&#8221; custom_margin=&#8221;-50px||||false|false&#8221; global_colors_info=&#8221;{}&#8221;][et_pb_row _builder_version=&#8221;4.23.1&#8243; _module_preset=&#8221;default&#8221; width=&#8221;100%&#8221; max_width=&#8221;1500px&#8221; module_alignment=&#8221;center&#8221; global_colors_info=&#8221;{}&#8221;][et_pb_column type=&#8221;4_4&#8243; _builder_version=&#8221;4.23.1&#8243; _module_preset=&#8221;default&#8221; global_colors_info=&#8221;{}&#8221;][et_pb_text _builder_version=&#8221;4.27.4&#8243; _module_preset=&#8221;default&#8221; global_colors_info=&#8221;{}&#8221;]<\/p>\n<h2><strong>Patrocinadores<\/strong><\/h2>\n<p>[\/et_pb_text][et_pb_divider admin_label=&#8221;Separador&#8221; _builder_version=&#8221;4.23.1&#8243; _module_preset=&#8221;default&#8221; custom_margin=&#8221;-30px||||false|false&#8221; filter_brightness=&#8221;0%&#8221; global_colors_info=&#8221;{}&#8221;][\/et_pb_divider][et_pb_text admin_label=&#8221;Texto&#8221; _builder_version=&#8221;4.27.4&#8243; _module_preset=&#8221;default&#8221; custom_margin=&#8221;-45px||||false|false&#8221; locked=&#8221;off&#8221; global_colors_info=&#8221;{}&#8221;]<\/p>\n<p>&nbsp;<\/p>\n<p><span style=\"font-size: large; color: #0a0a0a;\"><strong>Con el apoyo de\u2026<\/strong><br \/>Departament de Cultura de la Generalitat de Catalunya, Ajuntament de Vilassar de Dalt, Diputaci\u00f3 de Barcelona, Sorli, Sorli Emocions, Fujifilm i Comas &amp; Partners,<\/span><\/p>\n<p>&nbsp;<\/p>\n<p><span style=\"font-size: large; color: #0a0a0a;\"><strong>Con la colaboraci\u00f3n de\u2026<\/strong><br \/>EGM, Kitoli, Shooters Film Lab, VM Foto, Visual Korner, Arterri, GAD, Emesa, Impressionart, Yelo so i llum, Estrella Damm, Pint-Nova, Roger\u2019s, Vilapack, Emesa, Corma, Festival Floral.<\/span><\/p>\n<p><span style=\"font-size: large; color: #0a0a0a;\"><br \/><strong>Entidades\u00a0 colaboradoras\u2026<\/strong><br \/>Acci\u00f3n Cultural Espa\u00f1ola, Casa \u00c0sia, Vilassar turisme, Museu Arxiu de Vilassar de Dalt, La Massa Centre de Cultura, TRESC, Carnet JOVE, Foto Cinema Matar\u00f3. <\/span><\/p>\n<p>[\/et_pb_text][\/et_pb_column][\/et_pb_row][\/et_pb_section][et_pb_section fb_built=&#8221;1&#8243; module_class=&#8221;body-content&#8221; _builder_version=&#8221;4.23.1&#8243; _module_preset=&#8221;default&#8221; positioning=&#8221;none&#8221; width=&#8221;1500px&#8221; max_width=&#8221;100%&#8221; module_alignment=&#8221;center&#8221; custom_margin=&#8221;0px||0px|0px|false|false&#8221; custom_padding=&#8221;0px|0px|180px|0px|false|false&#8221; locked=&#8221;off&#8221; global_colors_info=&#8221;{}&#8221;][et_pb_row _builder_version=&#8221;4.19.5&#8243; _module_preset=&#8221;default&#8221; width=&#8221;900px&#8221; max_width=&#8221;100%&#8221; custom_margin=&#8221;0px||0px|0px|false|false&#8221; custom_padding=&#8221;0px||0px|0px|false|false&#8221; global_colors_info=&#8221;{}&#8221;][et_pb_column type=&#8221;4_4&#8243; _builder_version=&#8221;4.19.4&#8243; _module_preset=&#8221;default&#8221; global_colors_info=&#8221;{}&#8221;][et_pb_text module_class=&#8221;text&#8221; _builder_version=&#8221;4.27.4&#8243; _module_preset=&#8221;default&#8221; width=&#8221;100%&#8221; max_width=&#8221;100%&#8221; custom_margin=&#8221;75px|0px|-20px|0px|false|false&#8221; custom_padding=&#8221;|0px||0px|false|false&#8221; global_colors_info=&#8221;{}&#8221;]<\/p>\n<p>\u00bfTienes alguna duda? Contacta con nosotros <a rel=\"noopener\" data-start=\"40\" data-end=\"65\">espaifotografic@gmail.com<\/a><\/p>\n<p>[\/et_pb_text][\/et_pb_column][\/et_pb_row][\/et_pb_section]<\/p>\n","protected":false},"excerpt":{"rendered":"<p>Revela&#8217;t 2025Organiza Associaci\u00f3 Fotogr\u00e0fica Espaifoto Direcci\u00f3n Pep M\u00ednguez Coordinaci\u00f3n y Protocolo Laura Aparicio, Ana Sof\u00eda Farrera y Gl\u00f2ria Peruga Coordinadora Fotolibros Mireia Alises Coordinador Visionado Marc \u00c0vila Producci\u00f3n Ainoa Guilera, M\u00aa Jos\u00e9 G. Ares y Salvador Alsina Voluntariado Aina L\u00fctken Dise\u00f1o e imagen Estudio Feij\u00f3o Web \u00d2scar Ciutat Redes sociales\u00a0 Ana Sof\u00eda Farrera y Alfonso [&hellip;]<\/p>\n","protected":false},"author":8,"featured_media":0,"parent":0,"menu_order":0,"comment_status":"closed","ping_status":"closed","template":"","meta":{"_et_pb_use_builder":"on","_et_pb_old_content":"","_et_gb_content_width":"","om_disable_all_campaigns":false,"footnotes":""},"class_list":["post-36773","page","type-page","status-publish","hentry"],"aioseo_notices":[],"_links":{"self":[{"href":"https:\/\/revela-t.cat\/2025\/wp-json\/wp\/v2\/pages\/36773","targetHints":{"allow":["GET"]}}],"collection":[{"href":"https:\/\/revela-t.cat\/2025\/wp-json\/wp\/v2\/pages"}],"about":[{"href":"https:\/\/revela-t.cat\/2025\/wp-json\/wp\/v2\/types\/page"}],"author":[{"embeddable":true,"href":"https:\/\/revela-t.cat\/2025\/wp-json\/wp\/v2\/users\/8"}],"replies":[{"embeddable":true,"href":"https:\/\/revela-t.cat\/2025\/wp-json\/wp\/v2\/comments?post=36773"}],"version-history":[{"count":0,"href":"https:\/\/revela-t.cat\/2025\/wp-json\/wp\/v2\/pages\/36773\/revisions"}],"wp:attachment":[{"href":"https:\/\/revela-t.cat\/2025\/wp-json\/wp\/v2\/media?parent=36773"}],"curies":[{"name":"wp","href":"https:\/\/api.w.org\/{rel}","templated":true}]}}