{"id":33161,"date":"2025-03-11T09:44:17","date_gmt":"2025-03-11T08:44:17","guid":{"rendered":"https:\/\/revela-t.cat\/2025\/?page_id=33161"},"modified":"2025-04-15T15:20:59","modified_gmt":"2025-04-15T13:20:59","slug":"rodney_smith","status":"publish","type":"page","link":"https:\/\/revela-t.cat\/2025\/rodney_smith\/","title":{"rendered":"Rodney Smith"},"content":{"rendered":"<p>[et_pb_section fb_built=&#8221;1&#8243; module_class=&#8221;body-content&#8221; _builder_version=&#8221;4.27.4&#8243; _module_preset=&#8221;default&#8221; width=&#8221;1500px&#8221; max_width=&#8221;100%&#8221; module_alignment=&#8221;center&#8221; custom_margin=&#8221;0px|0px|0px|0px|false|false&#8221; custom_padding=&#8221;0px|0px|0px|0px|false|false&#8221; locked=&#8221;off&#8221; global_colors_info=&#8221;{}&#8221;][et_pb_row _builder_version=&#8221;4.27.4&#8243; _module_preset=&#8221;default&#8221; width=&#8221;100%&#8221; max_width=&#8221;2560px&#8221; custom_margin=&#8221;0px|0px|0px|0px|false|false&#8221; custom_padding=&#8221;0px|0px|0px|0px|false|false&#8221; global_colors_info=&#8221;{}&#8221;][et_pb_column type=&#8221;4_4&#8243; _builder_version=&#8221;4.19.4&#8243; _module_preset=&#8221;default&#8221; global_colors_info=&#8221;{}&#8221;][et_pb_text module_class=&#8221;title&#8221; _builder_version=&#8221;4.27.4&#8243; _module_preset=&#8221;default&#8221; text_text_color=&#8221;#000000&#8243; custom_padding=&#8221;||10px||false|false&#8221; custom_css_main_element=&#8221;@media (max-width: 2000px) {||.body-content {|| width: calc(100vw &#8211; 80px);|| margin: 0 40px 0 40px;||}||}&#8221; border_width_bottom=&#8221;1px&#8221; border_color_bottom=&#8221;#000000&#8243; global_colors_info=&#8221;{}&#8221;]<\/p>\n<h1><span style=\"color: #000000;\"><strong>Rodney Smith<\/strong><\/span><\/h1>\n<p>[\/et_pb_text][\/et_pb_column][\/et_pb_row][\/et_pb_section][et_pb_section fb_built=&#8221;1&#8243; module_class=&#8221;body-content&#8221; _builder_version=&#8221;4.19.5&#8243; _module_preset=&#8221;default&#8221; width=&#8221;1500px&#8221; max_width=&#8221;100%&#8221; module_alignment=&#8221;center&#8221; custom_margin=&#8221;0px|0px|0px||false|false&#8221; custom_padding=&#8221;0px|0px|0px|0px|false|false&#8221; locked=&#8221;off&#8221; global_colors_info=&#8221;{}&#8221;][et_pb_row column_structure=&#8221;1_2,1_2&#8243; use_custom_gutter=&#8221;on&#8221; gutter_width=&#8221;1&#8243; _builder_version=&#8221;4.19.5&#8243; _module_preset=&#8221;default&#8221; width=&#8221;100%&#8221; max_width=&#8221;2560px&#8221; module_alignment=&#8221;left&#8221; min_height=&#8221;105.7px&#8221; custom_margin=&#8221;0px||0px|0px|false|false&#8221; custom_padding=&#8221;0px||45px|0px|false|false&#8221; global_colors_info=&#8221;{}&#8221;][et_pb_column type=&#8221;1_2&#8243; _builder_version=&#8221;4.19.4&#8243; _module_preset=&#8221;default&#8221; global_colors_info=&#8221;{}&#8221;][et_pb_text module_class=&#8221;text&#8221; _builder_version=&#8221;4.27.4&#8243; _module_preset=&#8221;default&#8221; width=&#8221;100%&#8221; max_width=&#8221;100%&#8221; custom_margin=&#8221;||-2px|0px|false|false&#8221; custom_padding=&#8221;|||0px|false|false&#8221; global_colors_info=&#8221;{}&#8221;]<\/p>\n<h2><span style=\"font-weight: light;\">The End <\/span><\/h2>\n<p>[\/et_pb_text][\/et_pb_column][et_pb_column type=&#8221;1_2&#8243; _builder_version=&#8221;4.19.4&#8243; _module_preset=&#8221;default&#8221; global_colors_info=&#8221;{}&#8221;][et_pb_text _builder_version=&#8221;4.27.4&#8243; _module_preset=&#8221;default&#8221; text_font_size=&#8221;32px&#8221; link_text_color=&#8221;#4F6A37&#8243; text_orientation=&#8221;right&#8221; locked=&#8221;off&#8221; global_colors_info=&#8221;{%22gcid-heading-color%22:%91%22header_text_color%22,%22header_4_text_color%22,%22header_3_text_color%22,%22header_2_text_color%22,%22header_5_text_color%22,%22header_6_text_color%22,%22quote_text_color%22%93,%22gcid-body-color%22:%91%22text_text_color%22%93,%22gcid-secondary-color%22:%91%22quote_border_color%22%93}&#8221;]<\/p>\n<h3 style=\"text-align: right;\"><span style=\"color: #4f6a37;\"><a class=\"link\" style=\"color: #4f6a37;\" href=\"https:\/\/revelat.cat\/exposiciones_2025\/\" target=\"_blank\" rel=\"noopener\">&lt; Exposiciones<\/a><\/span><\/h3>\n<p>[\/et_pb_text][\/et_pb_column][\/et_pb_row][\/et_pb_section][et_pb_section fb_built=&#8221;1&#8243; module_class=&#8221;body-content&#8221; _builder_version=&#8221;4.19.5&#8243; _module_preset=&#8221;default&#8221; width=&#8221;1500px&#8221; max_width=&#8221;100%&#8221; module_alignment=&#8221;center&#8221; custom_margin=&#8221;0px||0px||false|false&#8221; custom_padding=&#8221;0px|0px|180px|0px|false|false&#8221; locked=&#8221;off&#8221; global_colors_info=&#8221;{}&#8221;][et_pb_row column_structure=&#8221;3_4,1_4&#8243; use_custom_gutter=&#8221;on&#8221; gutter_width=&#8221;2&#8243; _builder_version=&#8221;4.19.5&#8243; _module_preset=&#8221;default&#8221; width=&#8221;100%&#8221; max_width=&#8221;100%&#8221; min_height=&#8221;182.7px&#8221; custom_margin=&#8221;||0px|0px|false|false&#8221; custom_padding=&#8221;0px||0px|0px|false|false&#8221; global_colors_info=&#8221;{}&#8221;][et_pb_column type=&#8221;3_4&#8243; _builder_version=&#8221;4.19.4&#8243; _module_preset=&#8221;default&#8221; global_colors_info=&#8221;{}&#8221;][et_pb_gallery gallery_ids=&#8221;32095,32096,32097,32098,32099&#8243; fullwidth=&#8221;on&#8221; _builder_version=&#8221;4.27.4&#8243; _module_preset=&#8221;default&#8221; width=&#8221;900px&#8221; max_width=&#8221;100%&#8221; module_alignment=&#8221;left&#8221; custom_margin=&#8221;||||false|false&#8221; custom_padding=&#8221;||70px||false|false&#8221; auto=&#8221;on&#8221; auto_speed=&#8221;6000&#8243; custom_css_main_element=&#8221;height: fit-content !important;&#8221; global_colors_info=&#8221;{}&#8221;][\/et_pb_gallery][et_pb_text module_class=&#8221;text&#8221; _builder_version=&#8221;4.27.4&#8243; _module_preset=&#8221;default&#8221; width=&#8221;900px&#8221; max_width=&#8221;100%&#8221; module_alignment=&#8221;left&#8221; min_height=&#8221;316px&#8221; custom_margin=&#8221;0px|0px|0px|0px|false|false&#8221; custom_padding=&#8221;0px|0px|90px|0px|false|false&#8221; global_colors_info=&#8221;{}&#8221;]<\/p>\n<p class=\"p1\"><b>The End <\/b>es una obra ic\u00f3nica del fot\u00f3grafo estadounidense <strong>Rodney Smith<\/strong>, que representa el punto culminante de su estilo elegante y surrealista, combinando humor sutil, sofisticaci\u00f3n y un sentido atemporal de la composici\u00f3n. Esta serie se caracteriza por su capacidad para capturar momentos cotidianos con un toque on\u00edrico, a menudo jugando con la perspectiva y elementos inesperados.<\/p>\n<p class=\"p1\">La exposici\u00f3n The End ha sido presentada en diversas ubicaciones internacionales, destacando su muestra en el Centro Andaluz de la Fotograf\u00eda (CAF) en Almer\u00eda en 2013. Esta exhibici\u00f3n reuni\u00f3 una selecci\u00f3n de sus fotograf\u00edas m\u00e1s reconocidas, ofreciendo una retrospectiva que abarca cuatro d\u00e9cadas de su carrera.<\/p>\n<p class=\"p1\">Adem\u00e1s de la exposici\u00f3n, The End tambi\u00e9n es un libro de gran formato que celebra el legado visual de Rodney Smith. Publicado en una edici\u00f3n limitada de coleccionista, este volumen recopila una selecci\u00f3n de sus im\u00e1genes m\u00e1s destacadas, acompa\u00f1adas de comentarios que exploran su filosof\u00eda art\u00edstica y el proceso creativo detr\u00e1s de cada fotograf\u00eda. El libro destaca por su cuidada presentaci\u00f3n y la calidad de la impresi\u00f3n, convirti\u00e9ndose en una pieza esencial para los amantes de la fotograf\u00eda contempor\u00e1nea.<\/p>\n<p class=\"p1\">La obra de Rodney Smith en The End refleja su habilidad para fusionar realidad y fantas\u00eda, creando im\u00e1genes que invitan al espectador a reinterpretar lo cotidiano desde una nueva perspectiva. Su influencia en el mundo de la fotograf\u00eda sigue vigente, consolid\u00e1ndolo como uno de los artistas visuales m\u00e1s relevantes del siglo XX.<\/p>\n<p>[\/et_pb_text][\/et_pb_column][et_pb_column type=&#8221;1_4&#8243; _builder_version=&#8221;4.19.4&#8243; _module_preset=&#8221;default&#8221; global_colors_info=&#8221;{}&#8221;][et_pb_image src=&#8221;https:\/\/revela-t.cat\/2025\/wp-content\/uploads\/2025\/02\/Retrat.jpg&#8221; alt=&#8221;Blanca Berlin&#8221; title_text=&#8221;Retrat&#8221; force_fullwidth=&#8221;on&#8221; _builder_version=&#8221;4.27.4&#8243; _module_preset=&#8221;default&#8221; custom_margin=&#8221;||0px||false|false&#8221; custom_padding=&#8221;||45px||false|false&#8221; global_colors_info=&#8221;{}&#8221;][\/et_pb_image][et_pb_text module_class=&#8221;text2&#8243; _builder_version=&#8221;4.27.4&#8243; _module_preset=&#8221;default&#8221; width=&#8221;100%&#8221; module_alignment=&#8221;left&#8221; custom_margin=&#8221;0px||0px||false|false&#8221; custom_padding=&#8221;0px||90px||false|false&#8221; global_colors_info=&#8221;{}&#8221;]<\/p>\n<p><strong>Rodney Smith (New York, EEUU)<\/strong><\/p>\n<p class=\"p1\">Fue un reconocido fot\u00f3grafo estadounidense conocido por sus im\u00e1genes atemporales, elegantes y surrealistas. Con un estilo \u00fanico que combina humor sutil, sofisticaci\u00f3n y una composici\u00f3n impecable, Smith cre\u00f3 fotograf\u00edas en blanco y negro y color que a menudo jugaban con la simetr\u00eda, la perspectiva y elementos inesperados.<\/p>\n<p class=\"p1\">Inspirado por maestros como Henri Cartier-Bresson y Ren\u00e9 Magritte, su trabajo se caracteriza por una mezcla de realismo y fantas\u00eda, con figuras humanas en paisajes arquitect\u00f3nicos y naturales que parecen escenas de un cuento. Aunque trabaj\u00f3 para grandes revistas y marcas de moda, su legado m\u00e1s importante radica en su obra personal, llena de poes\u00eda visual y una gran atenci\u00f3n al detalle.<\/p>\n<p class=\"p1\">A lo largo de su carrera, Rodney Smith public\u00f3 varios libros fotogr\u00e1ficos y expuso su obra en todo el mundo. Su capacidad para capturar la esencia humana con un toque de humor e iron\u00eda ha convertido sus fotograf\u00edas en iconos atemporales, consolid\u00e1ndolo como uno de los fot\u00f3grafos m\u00e1s influyentes del siglo XX.<\/p>\n<p><a href=\"https:\/\/rodneysmith.com\/\">https:\/\/rodneysmith.com\/<\/a><\/p>\n<p>[\/et_pb_text][et_pb_text _builder_version=&#8221;4.27.4&#8243; _module_preset=&#8221;default&#8221; locked=&#8221;off&#8221; global_colors_info=&#8221;{}&#8221;]<\/p>\n<p><span style=\"font-size: large; color: #000000;\">En colaboraci\u00f3n con<\/span><\/p>\n<p>[\/et_pb_text][et_pb_image src=&#8221;https:\/\/revela-t.cat\/2025\/wp-content\/uploads\/2024\/03\/9-arterri.jpg&#8221; title_text=&#8221;9 arterri&#8221; url=&#8221;http:\/\/arterri.com\/es\/inici\/&#8221; url_new_window=&#8221;on&#8221; _builder_version=&#8221;4.27.4&#8243; _module_preset=&#8221;default&#8221; width=&#8221;75%&#8221; locked=&#8221;off&#8221; global_colors_info=&#8221;{}&#8221;][\/et_pb_image][\/et_pb_column][\/et_pb_row][\/et_pb_section]<\/p>\n","protected":false},"excerpt":{"rendered":"<p>Rodney SmithThe End &lt; ExposicionesThe End es una obra ic\u00f3nica del fot\u00f3grafo estadounidense Rodney Smith, que representa el punto culminante de su estilo elegante y surrealista, combinando humor sutil, sofisticaci\u00f3n y un sentido atemporal de la composici\u00f3n. Esta serie se caracteriza por su capacidad para capturar momentos cotidianos con un toque on\u00edrico, a menudo jugando [&hellip;]<\/p>\n","protected":false},"author":8,"featured_media":0,"parent":0,"menu_order":0,"comment_status":"closed","ping_status":"closed","template":"","meta":{"_et_pb_use_builder":"on","_et_pb_old_content":"","_et_gb_content_width":"","om_disable_all_campaigns":false,"footnotes":""},"class_list":["post-33161","page","type-page","status-publish","hentry"],"aioseo_notices":[],"_links":{"self":[{"href":"https:\/\/revela-t.cat\/2025\/wp-json\/wp\/v2\/pages\/33161","targetHints":{"allow":["GET"]}}],"collection":[{"href":"https:\/\/revela-t.cat\/2025\/wp-json\/wp\/v2\/pages"}],"about":[{"href":"https:\/\/revela-t.cat\/2025\/wp-json\/wp\/v2\/types\/page"}],"author":[{"embeddable":true,"href":"https:\/\/revela-t.cat\/2025\/wp-json\/wp\/v2\/users\/8"}],"replies":[{"embeddable":true,"href":"https:\/\/revela-t.cat\/2025\/wp-json\/wp\/v2\/comments?post=33161"}],"version-history":[{"count":0,"href":"https:\/\/revela-t.cat\/2025\/wp-json\/wp\/v2\/pages\/33161\/revisions"}],"wp:attachment":[{"href":"https:\/\/revela-t.cat\/2025\/wp-json\/wp\/v2\/media?parent=33161"}],"curies":[{"name":"wp","href":"https:\/\/api.w.org\/{rel}","templated":true}]}}