{"id":33021,"date":"2025-03-04T13:16:13","date_gmt":"2025-03-04T12:16:13","guid":{"rendered":"https:\/\/revela-t.cat\/2025\/?page_id=33021"},"modified":"2025-03-26T09:51:28","modified_gmt":"2025-03-26T08:51:28","slug":"gideon_mendel","status":"publish","type":"page","link":"https:\/\/revela-t.cat\/2025\/gideon_mendel\/","title":{"rendered":"Gideon Mendel"},"content":{"rendered":"<p>[et_pb_section fb_built=&#8221;1&#8243; module_class=&#8221;body-content&#8221; _builder_version=&#8221;4.27.4&#8243; _module_preset=&#8221;default&#8221; width=&#8221;1500px&#8221; max_width=&#8221;100%&#8221; module_alignment=&#8221;center&#8221; custom_margin=&#8221;||0px||false|false&#8221; custom_padding=&#8221;0px||0px||false|false&#8221; locked=&#8221;off&#8221; global_colors_info=&#8221;{}&#8221;][et_pb_row _builder_version=&#8221;4.19.5&#8243; _module_preset=&#8221;default&#8221; width=&#8221;100%&#8221; max_width=&#8221;2560px&#8221; custom_margin=&#8221;0px|0px|0px|0px|false|false&#8221; custom_padding=&#8221;0px|0px|0px|0px|false|false&#8221; global_colors_info=&#8221;{}&#8221;][et_pb_column type=&#8221;4_4&#8243; _builder_version=&#8221;4.19.4&#8243; _module_preset=&#8221;default&#8221; global_colors_info=&#8221;{}&#8221;][et_pb_text module_class=&#8221;title&#8221; _builder_version=&#8221;4.27.4&#8243; _module_preset=&#8221;default&#8221; text_text_color=&#8221;#000000&#8243; custom_padding=&#8221;||10px||false|false&#8221; custom_css_main_element=&#8221;@media (max-width: 2000px) {||.body-content {|| width: calc(100vw &#8211; 80px);|| margin: 0 40px 0 40px;||}||}&#8221; border_width_bottom=&#8221;1px&#8221; border_color_bottom=&#8221;#000000&#8243; global_colors_info=&#8221;{}&#8221;]<\/p>\n<h1><span style=\"color: #000000;\"><strong>Gideon Mendel<\/strong><\/span><\/h1>\n<p>[\/et_pb_text][\/et_pb_column][\/et_pb_row][\/et_pb_section][et_pb_section fb_built=&#8221;1&#8243; module_class=&#8221;body-content&#8221; _builder_version=&#8221;4.19.5&#8243; _module_preset=&#8221;default&#8221; width=&#8221;1500px&#8221; max_width=&#8221;100%&#8221; module_alignment=&#8221;center&#8221; custom_margin=&#8221;0px|0px|0px||false|false&#8221; custom_padding=&#8221;0px|0px|0px|0px|false|false&#8221; locked=&#8221;off&#8221; global_colors_info=&#8221;{}&#8221;][et_pb_row column_structure=&#8221;1_2,1_2&#8243; use_custom_gutter=&#8221;on&#8221; gutter_width=&#8221;1&#8243; _builder_version=&#8221;4.19.5&#8243; _module_preset=&#8221;default&#8221; width=&#8221;100%&#8221; max_width=&#8221;2560px&#8221; module_alignment=&#8221;left&#8221; min_height=&#8221;105.7px&#8221; custom_margin=&#8221;0px||0px|0px|false|false&#8221; custom_padding=&#8221;0px||45px|0px|false|false&#8221; global_colors_info=&#8221;{}&#8221;][et_pb_column type=&#8221;1_2&#8243; _builder_version=&#8221;4.19.4&#8243; _module_preset=&#8221;default&#8221; global_colors_info=&#8221;{}&#8221;][et_pb_text module_class=&#8221;text&#8221; _builder_version=&#8221;4.27.4&#8243; _module_preset=&#8221;default&#8221; width=&#8221;100%&#8221; max_width=&#8221;100%&#8221; custom_margin=&#8221;||-2px|0px|false|false&#8221; custom_padding=&#8221;|||0px|false|false&#8221; global_colors_info=&#8221;{}&#8221;]<\/p>\n<h2><span style=\"font-weight: light;\">Burning World. Portraits in Ashes<\/span><\/h2>\n<p>[\/et_pb_text][\/et_pb_column][et_pb_column type=&#8221;1_2&#8243; _builder_version=&#8221;4.19.4&#8243; _module_preset=&#8221;default&#8221; global_colors_info=&#8221;{}&#8221;][et_pb_text _builder_version=&#8221;4.27.4&#8243; _module_preset=&#8221;default&#8221; locked=&#8221;off&#8221; global_colors_info=&#8221;{}&#8221;]<\/p>\n<h3 style=\"text-align: right;\"><span style=\"color: #4f6a37;\"><a class=\"link\" style=\"color: #4f6a37;\" href=\"https:\/\/revela-t.cat\/2025\/ca\/exposiciones_2025\/\" target=\"_blank\" rel=\"noopener\">&lt; Exposiciones<\/a><br \/>\n<\/span><\/h3>\n<p>[\/et_pb_text][\/et_pb_column][\/et_pb_row][\/et_pb_section][et_pb_section fb_built=&#8221;1&#8243; module_class=&#8221;body-content&#8221; _builder_version=&#8221;4.19.5&#8243; _module_preset=&#8221;default&#8221; width=&#8221;1500px&#8221; max_width=&#8221;100%&#8221; module_alignment=&#8221;center&#8221; custom_margin=&#8221;0px||0px||false|false&#8221; custom_padding=&#8221;0px|0px|180px|0px|false|false&#8221; locked=&#8221;off&#8221; global_colors_info=&#8221;{}&#8221;][et_pb_row column_structure=&#8221;3_4,1_4&#8243; use_custom_gutter=&#8221;on&#8221; gutter_width=&#8221;2&#8243; _builder_version=&#8221;4.19.5&#8243; _module_preset=&#8221;default&#8221; width=&#8221;100%&#8221; max_width=&#8221;100%&#8221; min_height=&#8221;182.7px&#8221; custom_margin=&#8221;||0px|0px|false|false&#8221; custom_padding=&#8221;0px||0px|0px|false|false&#8221; global_colors_info=&#8221;{}&#8221;][et_pb_column type=&#8221;3_4&#8243; _builder_version=&#8221;4.19.4&#8243; _module_preset=&#8221;default&#8221; global_colors_info=&#8221;{}&#8221;][et_pb_gallery gallery_ids=&#8221;32532,32530,32533,32537,32536&#8243; fullwidth=&#8221;on&#8221; _builder_version=&#8221;4.27.4&#8243; _module_preset=&#8221;default&#8221; width=&#8221;900px&#8221; max_width=&#8221;100%&#8221; module_alignment=&#8221;left&#8221; custom_margin=&#8221;||||false|false&#8221; custom_padding=&#8221;||70px||false|false&#8221; auto=&#8221;on&#8221; auto_speed=&#8221;6000&#8243; custom_css_main_element=&#8221;height: fit-content !important;&#8221; global_colors_info=&#8221;{}&#8221;][\/et_pb_gallery][et_pb_text module_class=&#8221;text&#8221; _builder_version=&#8221;4.27.4&#8243; _module_preset=&#8221;default&#8221; width=&#8221;900px&#8221; max_width=&#8221;100%&#8221; module_alignment=&#8221;left&#8221; min_height=&#8221;316px&#8221; custom_margin=&#8221;0px|0px|0px|0px|false|false&#8221; custom_padding=&#8221;0px|0px|90px|0px|false|false&#8221; global_colors_info=&#8221;{}&#8221;]<\/p>\n<p class=\"p1\">El aumento de las temperaturas globales ha provocado un incremento sin precedentes de la intensidad de los incendios forestales en todo el mundo.\u00a0<strong>Gideon\u00a0Mendel\u00a0<\/strong>ha documentado esta realidad en regiones como California, Australia, Grecia, Canad\u00e1 y Colorado, escenarios de algunos de los fuegos m\u00e1s devastadores de las \u00faltimas d\u00e9cadas, que han destruido hogares, causado numerosas muertos y arrasado millones de hect\u00e1reas de tierra. Estas zonas han experimentado algunas de las temperaturas m\u00e1s altas nunca registradas, desencadenando infiernos que han dejado paisajes desoladores y comunidades rotas.<\/p>\n<p class=\"p1\">Lejos de captar las llamas en acci\u00f3n, este trabajo se focaliza en las secuelas de los incendios, las improntas que dejan atr\u00e1s en vidas y paisajes. En este escenario de destrucci\u00f3n, los protagonistas de este proyecto se presentan enmarcados por el esqueleto de sus hogares quemados, deteni\u00e9ndose ante la c\u00e1mara con dignidad y resiliencia, invit\u00e1ndonos a conectar con el mundo devastado que los rodea.<\/p>\n<p class=\"p1\">Para crear im\u00e1genes coherentes y explicar esta historia de manera efectiva dentro del caos visual que sigue a los incendios, cada composici\u00f3n se construye con una precisi\u00f3n extrema.<\/p>\n<p class=\"p1\">En este acto repetido de retratar, se intenta construir una tipolog\u00eda sistem\u00e1tica del cambio clim\u00e1tico.<\/p>\n<p>[\/et_pb_text][\/et_pb_column][et_pb_column type=&#8221;1_4&#8243; _builder_version=&#8221;4.19.4&#8243; _module_preset=&#8221;default&#8221; global_colors_info=&#8221;{}&#8221;][et_pb_image src=&#8221;https:\/\/revela-t.cat\/2025\/wp-content\/uploads\/2025\/03\/photographer-GMendel.jpg&#8221; alt=&#8221;Blanca Berlin&#8221; title_text=&#8221;photographer GMendel&#8221; force_fullwidth=&#8221;on&#8221; _builder_version=&#8221;4.27.4&#8243; _module_preset=&#8221;default&#8221; custom_margin=&#8221;||0px||false|false&#8221; custom_padding=&#8221;||45px||false|false&#8221; global_colors_info=&#8221;{}&#8221;][\/et_pb_image][et_pb_text module_class=&#8221;text2&#8243; _builder_version=&#8221;4.27.4&#8243; _module_preset=&#8221;default&#8221; width=&#8221;100%&#8221; module_alignment=&#8221;left&#8221; custom_margin=&#8221;0px||0px||false|false&#8221; custom_padding=&#8221;0px||90px||false|false&#8221; hover_enabled=&#8221;0&#8243; global_colors_info=&#8221;{}&#8221; sticky_enabled=&#8221;0&#8243;]<\/p>\n<p data-start=\"38\" data-end=\"569\"><strong data-start=\"38\" data-end=\"55\">Gideon Mendel (Johannesburgo, Sud-\u00e1frica)<\/strong><\/p>\n<div class=\"flex max-w-full flex-col flex-grow\">\n<div class=\"min-h-8 text-message relative flex w-full flex-col items-end gap-2 whitespace-normal break-words text-start [.text-message+&amp;]:mt-5\" dir=\"auto\" data-message-author-role=\"assistant\" data-message-id=\"c831f3fc-7b01-45a0-80dd-84dedebb8623\" data-message-model-slug=\"gpt-4o\">\n<div class=\"flex w-full flex-col gap-1 empty:hidden first:pt-[3px]\">\n<div class=\"markdown prose w-full break-words dark:prose-invert light\">\n<p data-start=\"0\" data-end=\"332\">Es conocido por su obra comprometida con cuestiones sociales y medioambientales globales. Inici\u00f3 su carrera como fot\u00f3grafo en los a\u00f1os ochenta, documentando los \u00faltimos a\u00f1os del apartheid en Sud\u00e1frica. Este trabajo lo situ\u00f3 como uno de los &#8220;fot\u00f3grafos de la lucha&#8221;, comprometido con la denuncia de la injusticia social y pol\u00edtica.<\/p>\n<p data-start=\"334\" data-end=\"737\">En los a\u00f1os noventa se estableci\u00f3 en Londres, desde donde ha seguido desarrollando proyectos a largo plazo sobre temas de relevancia mundial. Destaca su trabajo sobre la crisis del SIDA en \u00c1frica, plasmado en el libro <em data-start=\"552\" data-end=\"594\">A Broken Landscape: HIV &amp; AIDS in Africa<\/em> (2001), as\u00ed como diversas iniciativas en colaboraci\u00f3n con organizaciones humanitarias como <em data-start=\"686\" data-end=\"720\">M\u00e9decins Sans Fronti\u00e8res, UNICEF<\/em> y <em data-start=\"723\" data-end=\"734\">ActionAid<\/em>.<\/p>\n<p data-start=\"739\" data-end=\"1054\">Su proyecto m\u00e1s conocido, <em data-start=\"765\" data-end=\"781\">Drowning World<\/em>, iniciado en 2007, explora el impacto del cambio clim\u00e1tico a trav\u00e9s de retratos de personas afectadas por inundaciones en todo el mundo. Esta obra ha sido reconocida internacionalmente y ha formado parte del <em data-start=\"990\" data-end=\"1003\">Prix Pictet<\/em> y de exposiciones en prestigiosas instituciones.<\/p>\n<p data-start=\"1056\" data-end=\"1378\" data-is-last-node=\"\" data-is-only-node=\"\">Mendel ha recibido numerosos premios, incluyendo el <em data-start=\"1108\" data-end=\"1189\">W. Eugene Smith Award for Humanistic Photography, seis World Press Photo Awards<\/em> y el <em data-start=\"1195\" data-end=\"1222\">Leica Oskar Barnack Award<\/em>. Su obra combina fotograf\u00eda y v\u00eddeo, creando narrativas visuales que buscan sensibilizar sobre las consecuencias humanas y sociales de las crisis globales.<\/p>\n<\/div>\n<\/div>\n<\/div>\n<\/div>\n<p><a href=\"https:\/\/gideonmendel.com\/\">www.gideonmendel.com\u00a0<\/a><\/p>\n<p><a href=\"https:\/\/www.instagram.com\/gideonmendel\/\">@gideonmendel<\/a><\/p>\n<p>[\/et_pb_text][\/et_pb_column][\/et_pb_row][\/et_pb_section]<\/p>\n","protected":false},"excerpt":{"rendered":"<p>Gideon MendelBurning World. Portraits in Ashes&lt; Exposiciones El aumento de las temperaturas globales ha provocado un incremento sin precedentes de la intensidad de los incendios forestales en todo el mundo.\u00a0Gideon\u00a0Mendel\u00a0ha documentado esta realidad en regiones como California, Australia, Grecia, Canad\u00e1 y Colorado, escenarios de algunos de los fuegos m\u00e1s devastadores de las \u00faltimas d\u00e9cadas, que [&hellip;]<\/p>\n","protected":false},"author":8,"featured_media":0,"parent":0,"menu_order":0,"comment_status":"closed","ping_status":"closed","template":"","meta":{"_et_pb_use_builder":"on","_et_pb_old_content":"","_et_gb_content_width":"","om_disable_all_campaigns":false,"footnotes":""},"class_list":["post-33021","page","type-page","status-publish","hentry"],"aioseo_notices":[],"_links":{"self":[{"href":"https:\/\/revela-t.cat\/2025\/wp-json\/wp\/v2\/pages\/33021","targetHints":{"allow":["GET"]}}],"collection":[{"href":"https:\/\/revela-t.cat\/2025\/wp-json\/wp\/v2\/pages"}],"about":[{"href":"https:\/\/revela-t.cat\/2025\/wp-json\/wp\/v2\/types\/page"}],"author":[{"embeddable":true,"href":"https:\/\/revela-t.cat\/2025\/wp-json\/wp\/v2\/users\/8"}],"replies":[{"embeddable":true,"href":"https:\/\/revela-t.cat\/2025\/wp-json\/wp\/v2\/comments?post=33021"}],"version-history":[{"count":0,"href":"https:\/\/revela-t.cat\/2025\/wp-json\/wp\/v2\/pages\/33021\/revisions"}],"wp:attachment":[{"href":"https:\/\/revela-t.cat\/2025\/wp-json\/wp\/v2\/media?parent=33021"}],"curies":[{"name":"wp","href":"https:\/\/api.w.org\/{rel}","templated":true}]}}