{"id":32964,"date":"2025-03-04T12:46:20","date_gmt":"2025-03-04T11:46:20","guid":{"rendered":"https:\/\/revela-t.cat\/2025\/?page_id=32964"},"modified":"2025-04-22T12:47:45","modified_gmt":"2025-04-22T10:47:45","slug":"javier_arcenillas","status":"publish","type":"page","link":"https:\/\/revela-t.cat\/2025\/javier_arcenillas\/","title":{"rendered":"Javier Arcenillas"},"content":{"rendered":"<p>[et_pb_section fb_built=&#8221;1&#8243; module_class=&#8221;body-content&#8221; _builder_version=&#8221;4.27.4&#8243; _module_preset=&#8221;default&#8221; width=&#8221;1500px&#8221; max_width=&#8221;100%&#8221; module_alignment=&#8221;center&#8221; custom_margin=&#8221;||0px||false|false&#8221; custom_padding=&#8221;0px||0px||false|false&#8221; locked=&#8221;off&#8221; global_colors_info=&#8221;{}&#8221;][et_pb_row _builder_version=&#8221;4.19.5&#8243; _module_preset=&#8221;default&#8221; width=&#8221;100%&#8221; max_width=&#8221;2560px&#8221; custom_margin=&#8221;0px|0px|0px|0px|false|false&#8221; custom_padding=&#8221;0px|0px|0px|0px|false|false&#8221; global_colors_info=&#8221;{}&#8221;][et_pb_column type=&#8221;4_4&#8243; _builder_version=&#8221;4.19.4&#8243; _module_preset=&#8221;default&#8221; global_colors_info=&#8221;{}&#8221;][et_pb_text module_class=&#8221;title&#8221; _builder_version=&#8221;4.27.4&#8243; _module_preset=&#8221;default&#8221; text_text_color=&#8221;#000000&#8243; custom_padding=&#8221;||10px||false|false&#8221; custom_css_main_element=&#8221;@media (max-width: 2000px) {||.body-content {|| width: calc(100vw &#8211; 80px);|| margin: 0 40px 0 40px;||}||}&#8221; border_width_bottom=&#8221;1px&#8221; border_color_bottom=&#8221;#000000&#8243; global_colors_info=&#8221;{}&#8221;]<\/p>\n<h1><span style=\"color: #000000;\"><strong>Javier Arcenillas<\/strong><\/span><\/h1>\n<p>[\/et_pb_text][\/et_pb_column][\/et_pb_row][\/et_pb_section][et_pb_section fb_built=&#8221;1&#8243; module_class=&#8221;body-content&#8221; _builder_version=&#8221;4.19.5&#8243; _module_preset=&#8221;default&#8221; width=&#8221;1500px&#8221; max_width=&#8221;100%&#8221; module_alignment=&#8221;center&#8221; custom_margin=&#8221;0px|0px|0px||false|false&#8221; custom_padding=&#8221;0px|0px|0px|0px|false|false&#8221; locked=&#8221;off&#8221; global_colors_info=&#8221;{}&#8221;][et_pb_row column_structure=&#8221;1_2,1_2&#8243; use_custom_gutter=&#8221;on&#8221; gutter_width=&#8221;1&#8243; _builder_version=&#8221;4.19.5&#8243; _module_preset=&#8221;default&#8221; width=&#8221;100%&#8221; max_width=&#8221;2560px&#8221; module_alignment=&#8221;left&#8221; min_height=&#8221;105.7px&#8221; custom_margin=&#8221;0px||0px|0px|false|false&#8221; custom_padding=&#8221;0px||45px|0px|false|false&#8221; global_colors_info=&#8221;{}&#8221;][et_pb_column type=&#8221;1_2&#8243; _builder_version=&#8221;4.19.4&#8243; _module_preset=&#8221;default&#8221; global_colors_info=&#8221;{}&#8221;][et_pb_text module_class=&#8221;text&#8221; _builder_version=&#8221;4.27.4&#8243; _module_preset=&#8221;default&#8221; width=&#8221;100%&#8221; max_width=&#8221;100%&#8221; custom_margin=&#8221;||-2px|0px|false|false&#8221; custom_padding=&#8221;|||0px|false|false&#8221; global_colors_info=&#8221;{}&#8221;]<\/p>\n<h2><span style=\"font-weight: light;\">UFO Presences<\/span><\/h2>\n<p>[\/et_pb_text][\/et_pb_column][et_pb_column type=&#8221;1_2&#8243; _builder_version=&#8221;4.19.4&#8243; _module_preset=&#8221;default&#8221; global_colors_info=&#8221;{}&#8221;][et_pb_text _builder_version=&#8221;4.27.4&#8243; _module_preset=&#8221;default&#8221; link_option_url=&#8221;https:\/\/revela-t.cat\/2025\/ca\/exposicions_2025\/&#8221; locked=&#8221;off&#8221; global_colors_info=&#8221;{}&#8221;]<\/p>\n<h3 style=\"text-align: right;\"><span style=\"color: #4f6a37;\"><a class=\"link\" style=\"color: #4f6a37;\" href=\"https:\/\/revelat.cat\/exposiciones_2025\/\" target=\"_blank\" rel=\"noopener\">&lt; Exposiciones<\/a><br \/>\n<\/span><\/h3>\n<p>&nbsp;[\/et_pb_text][\/et_pb_column][\/et_pb_row][\/et_pb_section][et_pb_section fb_built=&#8221;1&#8243; module_class=&#8221;body-content&#8221; _builder_version=&#8221;4.27.4&#8243; _module_preset=&#8221;default&#8221; width=&#8221;1500px&#8221; max_width=&#8221;100%&#8221; module_alignment=&#8221;center&#8221; custom_margin=&#8221;0px||0px||false|false&#8221; custom_padding=&#8221;0px|0px|0px|0px|false|false&#8221; locked=&#8221;off&#8221; global_colors_info=&#8221;{}&#8221;][et_pb_row column_structure=&#8221;3_4,1_4&#8243; use_custom_gutter=&#8221;on&#8221; gutter_width=&#8221;2&#8243; _builder_version=&#8221;4.19.5&#8243; _module_preset=&#8221;default&#8221; width=&#8221;100%&#8221; max_width=&#8221;100%&#8221; min_height=&#8221;182.7px&#8221; custom_margin=&#8221;||0px|0px|false|false&#8221; custom_padding=&#8221;0px||0px|0px|false|false&#8221; global_colors_info=&#8221;{}&#8221;][et_pb_column type=&#8221;3_4&#8243; _builder_version=&#8221;4.19.4&#8243; _module_preset=&#8221;default&#8221; global_colors_info=&#8221;{}&#8221;][et_pb_gallery gallery_ids=&#8221;31952,31951,31953,31954,31955&#8243; fullwidth=&#8221;on&#8221; _builder_version=&#8221;4.27.4&#8243; _module_preset=&#8221;default&#8221; width=&#8221;900px&#8221; max_width=&#8221;100%&#8221; module_alignment=&#8221;left&#8221; custom_margin=&#8221;||||false|false&#8221; custom_padding=&#8221;||70px||false|false&#8221; auto=&#8221;on&#8221; auto_speed=&#8221;6000&#8243; custom_css_main_element=&#8221;height: fit-content !important;&#8221; global_colors_info=&#8221;{}&#8221;][\/et_pb_gallery][et_pb_text module_class=&#8221;text&#8221; _builder_version=&#8221;4.27.4&#8243; _module_preset=&#8221;default&#8221; width=&#8221;900px&#8221; max_width=&#8221;100%&#8221; module_alignment=&#8221;left&#8221; min_height=&#8221;316px&#8221; custom_margin=&#8221;0px|0px|0px|0px|false|false&#8221; custom_padding=&#8221;0px|0px|90px|0px|false|false&#8221; global_colors_info=&#8221;{}&#8221;]<\/p>\n<p class=\"p1\"><strong>Javier\u00a0Arcenillas<\/strong>\u00a0nos lleva a recorrer los lugares donde los avistamientos de OVNIS han dejado huella, transformando ciudades, carreteras y comunidades en escenarios llenos de misterio y curiosidad.<\/p>\n<p class=\"p1\">A trav\u00e9s de im\u00e1genes, mapas y gr\u00e1ficos, la exposici\u00f3n muestra como estos relatos han dado forma a una subcultura \u00fanica, inspirada por el cine de serie B, la psicosis de la Guerra Fr\u00eda y el imaginario colectivo.<\/p>\n<p class=\"p1\">Con una fotograf\u00eda cuidada y una narrativa cautivadora,UFO Presences nos invita a descubrir como el mito y la realidad conviven, creando espacios con una energ\u00eda y una identidad propias.<\/p>\n<p>[\/et_pb_text][\/et_pb_column][et_pb_column type=&#8221;1_4&#8243; _builder_version=&#8221;4.19.4&#8243; _module_preset=&#8221;default&#8221; global_colors_info=&#8221;{}&#8221;][et_pb_image src=&#8221;https:\/\/revela-t.cat\/2025\/wp-content\/uploads\/2025\/02\/Javier-Arcenillas_Portrait.jpg&#8221; alt=&#8221;Blanca Berlin&#8221; title_text=&#8221;Javier Arcenillas_Portrait&#8221; force_fullwidth=&#8221;on&#8221; _builder_version=&#8221;4.27.4&#8243; _module_preset=&#8221;default&#8221; custom_margin=&#8221;||0px||false|false&#8221; custom_padding=&#8221;||45px||false|false&#8221; global_colors_info=&#8221;{}&#8221;][\/et_pb_image][et_pb_text module_class=&#8221;text2&#8243; _builder_version=&#8221;4.27.4&#8243; _module_preset=&#8221;default&#8221; width=&#8221;100%&#8221; module_alignment=&#8221;left&#8221; custom_margin=&#8221;0px||0px||false|false&#8221; custom_padding=&#8221;0px||90px||false|false&#8221; global_colors_info=&#8221;{}&#8221;]<\/p>\n<p><strong>Javier Arcenillas (Bilbao, Vizcaya)<\/strong><\/p>\n<p>Javier\u00a0Arcenillas, fot\u00f3grafo y editor licenciado en Psicolog\u00eda Evolutiva por la\u00a0UCM, y profesor fotograf\u00eda documental y paisaje contempor\u00e1neo en la Escuela PICA, se dedica a la fotograf\u00eda desde 1993.<\/p>\n<div class=\"traductor-checkbox form-group\">\n<div class=\"row\">\n<div class=\"col-sm-5\">\n<p class=\"p1\">Con un enfoque muy humano, desarrolla proyectos a largo plazo dentro del marco del Nuevo Documental, donde sus im\u00e1genes narran historias que exploran realidades sociales y territorios en conflicto de una manera emocional y pr\u00f3xima.<\/p>\n<p class=\"p1\">Ha colaborado con medios internacionales como Time, Spiegel, Stern, Lens, GQ, Lo Expreso, Sunday Times, El Pa\u00eds, El Mundo, GEO y IL Magazine, y ha sido reconocido con premios como Artes Press Award, KODAK Young Photographer, Sony World Photography, Eugene Smith Grant, Getty Images Grant, ISEM PRIX, POYI y World Press Photo.<\/p>\n<p class=\"p1\">Entre sus fotolllibres destacan UFOPRESENCES (Editorial RM) y LATIDOAMERICA.<\/p>\n<p class=\"p1\">\n<\/div>\n<\/div>\n<\/div>\n<p class=\"p1\"><span style=\"color: #000000;\"><a style=\"color: #000000;\" href=\"http:\/\/www.javierarcenillas.com\">www.javierarcenillas.com\u00a0<\/a><\/span><\/p>\n<p><span style=\"color: #000000;\"><a style=\"color: #000000;\" href=\"https:\/\/www.instagram.com\/javierarcenillas\/\">@javierarcenillas<\/a><\/span><\/p>\n<p>[\/et_pb_text][et_pb_text _builder_version=&#8221;4.27.4&#8243; _module_preset=&#8221;default&#8221; locked=&#8221;off&#8221; global_colors_info=&#8221;{}&#8221;]<\/p>\n<p><span style=\"font-size: large; color: #000000;\">En colaboraci\u00f3n con<\/span><\/p>\n<p>[\/et_pb_text][et_pb_image src=&#8221;https:\/\/revela-t.cat\/2025\/wp-content\/uploads\/2025\/03\/VMfoto.jpg&#8221; alt=&#8221;VM Foto&#8221; title_text=&#8221;VMfoto&#8221; url=&#8221;http:\/\/arterri.com\/es\/inici\/&#8221; url_new_window=&#8221;on&#8221; _builder_version=&#8221;4.27.4&#8243; _module_preset=&#8221;default&#8221; width=&#8221;75%&#8221; hover_enabled=&#8221;0&#8243; locked=&#8221;off&#8221; global_colors_info=&#8221;{}&#8221; custom_margin=&#8221;||100px||false|false&#8221; sticky_enabled=&#8221;0&#8243;][\/et_pb_image][\/et_pb_column][\/et_pb_row][\/et_pb_section]<\/p>\n","protected":false},"excerpt":{"rendered":"<p>Javier ArcenillasUFO Presences&lt; Exposiciones &nbsp;Javier\u00a0Arcenillas\u00a0nos lleva a recorrer los lugares donde los avistamientos de OVNIS han dejado huella, transformando ciudades, carreteras y comunidades en escenarios llenos de misterio y curiosidad. A trav\u00e9s de im\u00e1genes, mapas y gr\u00e1ficos, la exposici\u00f3n muestra como estos relatos han dado forma a una subcultura \u00fanica, inspirada por el cine de [&hellip;]<\/p>\n","protected":false},"author":8,"featured_media":0,"parent":0,"menu_order":0,"comment_status":"closed","ping_status":"closed","template":"","meta":{"_et_pb_use_builder":"on","_et_pb_old_content":"","_et_gb_content_width":"","om_disable_all_campaigns":false,"footnotes":""},"class_list":["post-32964","page","type-page","status-publish","hentry"],"aioseo_notices":[],"_links":{"self":[{"href":"https:\/\/revela-t.cat\/2025\/wp-json\/wp\/v2\/pages\/32964","targetHints":{"allow":["GET"]}}],"collection":[{"href":"https:\/\/revela-t.cat\/2025\/wp-json\/wp\/v2\/pages"}],"about":[{"href":"https:\/\/revela-t.cat\/2025\/wp-json\/wp\/v2\/types\/page"}],"author":[{"embeddable":true,"href":"https:\/\/revela-t.cat\/2025\/wp-json\/wp\/v2\/users\/8"}],"replies":[{"embeddable":true,"href":"https:\/\/revela-t.cat\/2025\/wp-json\/wp\/v2\/comments?post=32964"}],"version-history":[{"count":0,"href":"https:\/\/revela-t.cat\/2025\/wp-json\/wp\/v2\/pages\/32964\/revisions"}],"wp:attachment":[{"href":"https:\/\/revela-t.cat\/2025\/wp-json\/wp\/v2\/media?parent=32964"}],"curies":[{"name":"wp","href":"https:\/\/api.w.org\/{rel}","templated":true}]}}