{"id":32774,"date":"2025-02-20T10:55:54","date_gmt":"2025-02-20T09:55:54","guid":{"rendered":"https:\/\/revela-t.cat\/2025\/?page_id=32774"},"modified":"2025-03-26T15:43:40","modified_gmt":"2025-03-26T14:43:40","slug":"masahisa_fukase","status":"publish","type":"page","link":"https:\/\/revela-t.cat\/2025\/masahisa_fukase\/","title":{"rendered":"Masahisa Fukase"},"content":{"rendered":"<p>[et_pb_section fb_built=&#8221;1&#8243; module_class=&#8221;body-content&#8221; _builder_version=&#8221;4.27.4&#8243; _module_preset=&#8221;default&#8221; width=&#8221;1500px&#8221; max_width=&#8221;100%&#8221; module_alignment=&#8221;center&#8221; custom_margin=&#8221;||0px||false|false&#8221; custom_padding=&#8221;0px||0px||false|false&#8221; locked=&#8221;off&#8221; global_colors_info=&#8221;{}&#8221;][et_pb_row _builder_version=&#8221;4.19.5&#8243; _module_preset=&#8221;default&#8221; width=&#8221;100%&#8221; max_width=&#8221;2560px&#8221; custom_margin=&#8221;0px|0px|0px|0px|false|false&#8221; custom_padding=&#8221;0px|0px|0px|0px|false|false&#8221; global_colors_info=&#8221;{}&#8221;][et_pb_column type=&#8221;4_4&#8243; _builder_version=&#8221;4.19.4&#8243; _module_preset=&#8221;default&#8221; global_colors_info=&#8221;{}&#8221;][et_pb_text module_class=&#8221;title&#8221; _builder_version=&#8221;4.27.4&#8243; _module_preset=&#8221;default&#8221; text_text_color=&#8221;#000000&#8243; custom_padding=&#8221;||10px||false|false&#8221; custom_css_main_element=&#8221;@media (max-width: 2000px) {||.body-content {|| width: calc(100vw &#8211; 80px);|| margin: 0 40px 0 40px;||}||}&#8221; border_width_bottom=&#8221;1px&#8221; border_color_bottom=&#8221;#000000&#8243; global_colors_info=&#8221;{}&#8221;]<\/p>\n<h1><span style=\"color: #000000;\"><strong>Masahisa Fukase<\/strong><\/span><\/h1>\n<p>[\/et_pb_text][\/et_pb_column][\/et_pb_row][\/et_pb_section][et_pb_section fb_built=&#8221;1&#8243; module_class=&#8221;body-content&#8221; _builder_version=&#8221;4.19.5&#8243; _module_preset=&#8221;default&#8221; width=&#8221;1500px&#8221; max_width=&#8221;100%&#8221; module_alignment=&#8221;center&#8221; custom_margin=&#8221;0px|0px|0px||false|false&#8221; custom_padding=&#8221;0px|0px|0px|0px|false|false&#8221; locked=&#8221;off&#8221; global_colors_info=&#8221;{}&#8221;][et_pb_row column_structure=&#8221;1_2,1_2&#8243; use_custom_gutter=&#8221;on&#8221; gutter_width=&#8221;1&#8243; _builder_version=&#8221;4.27.4&#8243; _module_preset=&#8221;default&#8221; width=&#8221;100%&#8221; max_width=&#8221;2560px&#8221; module_alignment=&#8221;left&#8221; min_height=&#8221;105.7px&#8221; custom_margin=&#8221;0px||0px|0px|false|false&#8221; custom_padding=&#8221;0px||45px|0px|false|false&#8221; global_colors_info=&#8221;{}&#8221;][et_pb_column type=&#8221;1_2&#8243; _builder_version=&#8221;4.19.4&#8243; _module_preset=&#8221;default&#8221; global_colors_info=&#8221;{}&#8221;][et_pb_text module_class=&#8221;text&#8221; _builder_version=&#8221;4.27.4&#8243; _module_preset=&#8221;default&#8221; width=&#8221;100%&#8221; max_width=&#8221;100%&#8221; custom_margin=&#8221;||-2px|0px|false|false&#8221; custom_padding=&#8221;|||0px|false|false&#8221; global_colors_info=&#8221;{}&#8221;]<\/p>\n<h2><span style=\"font-weight: light;\">Ravens<\/span><\/h2>\n<p>[\/et_pb_text][\/et_pb_column][et_pb_column type=&#8221;1_2&#8243; _builder_version=&#8221;4.19.4&#8243; _module_preset=&#8221;default&#8221; global_colors_info=&#8221;{}&#8221;][et_pb_text _builder_version=&#8221;4.27.4&#8243; _module_preset=&#8221;default&#8221; link_option_url=&#8221;https:\/\/revela-t.cat\/2025\/exposiciones_2025&#8243; locked=&#8221;off&#8221; global_colors_info=&#8221;{}&#8221;]<\/p>\n<h3 style=\"text-align: right;\"><span style=\"color: #4f6a37;\"><a class=\"link\" style=\"color: #4f6a37;\" href=\"https:\/\/revela-t.cat\/2025\/exposiciones_2025\/\" target=\"_blank\" rel=\"noopener\">&lt; Exposiciones<\/a><\/span><\/h3>\n<p>[\/et_pb_text][\/et_pb_column][\/et_pb_row][\/et_pb_section][et_pb_section fb_built=&#8221;1&#8243; module_class=&#8221;body-content&#8221; _builder_version=&#8221;4.19.5&#8243; _module_preset=&#8221;default&#8221; width=&#8221;1500px&#8221; max_width=&#8221;100%&#8221; module_alignment=&#8221;center&#8221; custom_margin=&#8221;0px||0px||false|false&#8221; custom_padding=&#8221;0px|0px|180px|0px|false|false&#8221; locked=&#8221;off&#8221; global_colors_info=&#8221;{}&#8221;][et_pb_row column_structure=&#8221;3_4,1_4&#8243; use_custom_gutter=&#8221;on&#8221; gutter_width=&#8221;2&#8243; _builder_version=&#8221;4.19.5&#8243; _module_preset=&#8221;default&#8221; width=&#8221;100%&#8221; max_width=&#8221;100%&#8221; min_height=&#8221;182.7px&#8221; custom_margin=&#8221;||0px|0px|false|false&#8221; custom_padding=&#8221;0px||0px|0px|false|false&#8221; global_colors_info=&#8221;{}&#8221;][et_pb_column type=&#8221;3_4&#8243; _builder_version=&#8221;4.19.4&#8243; _module_preset=&#8221;default&#8221; global_colors_info=&#8221;{}&#8221;][et_pb_gallery gallery_ids=&#8221;30524,30525,30526,30527,30528&#8243; fullwidth=&#8221;on&#8221; _builder_version=&#8221;4.27.4&#8243; _module_preset=&#8221;default&#8221; width=&#8221;900px&#8221; max_width=&#8221;100%&#8221; module_alignment=&#8221;left&#8221; custom_margin=&#8221;||||false|false&#8221; custom_padding=&#8221;||70px||false|false&#8221; auto=&#8221;on&#8221; auto_speed=&#8221;6000&#8243; custom_css_main_element=&#8221;height: fit-content !important;&#8221; global_colors_info=&#8221;{}&#8221;][\/et_pb_gallery][et_pb_text module_class=&#8221;text&#8221; _builder_version=&#8221;4.27.4&#8243; _module_preset=&#8221;default&#8221; width=&#8221;900px&#8221; max_width=&#8221;100%&#8221; module_alignment=&#8221;left&#8221; min_height=&#8221;316px&#8221; custom_margin=&#8221;0px|0px|0px|0px|false|false&#8221; custom_padding=&#8221;0px|0px|90px|0px|false|false&#8221; global_colors_info=&#8221;{}&#8221;]<\/p>\n<p><strong>Masahisa Fukase<\/strong> irrumpi\u00f3 en la escena fotogr\u00e1fica japonesa en los a\u00f1os 60, desafiando las convenciones de la \u00e9poca y explorando temas emocionales y personales en una sociedad en transformaci\u00f3n. Fusion\u00f3 sensibilidad art\u00edstica con destreza t\u00e9cnica, siendo un innovador en la difusi\u00f3n de su obra a trav\u00e9s de revistas y fotolibros, los cuales tambi\u00e9n estar\u00e1n presentes en la exposici\u00f3n.<\/p>\n<p class=\"p1\">Su extensa serie &#8220;<strong>Ravens, \u70cf<\/strong>&#8221; (1975-1986) es, en conjunto, una obra maestra que transciende fronteras culturales y temporales. En ella, Fukase explora la soledad, la melancol\u00eda y la obsesi\u00f3n en un dram\u00e1tico viaje personal. Las im\u00e1genes de cuervos, en blanco y negro, capturan la dualidad de la vida y la muerte, resonando profundamente en el espectador.<\/p>\n<p data-start=\"0\" data-end=\"337\">La importancia de <em data-start=\"18\" data-end=\"28\">&#8220;Ravens&#8221;<\/em> recae en su capacidad para evocar emociones y reflexiones existenciales a partir de la b\u00fasqueda interior de Fukase como artista. Al identificarse con los cuervos, nos invita a explorar el alma humana. <em data-start=\"227\" data-end=\"237\">&#8220;Karasu&#8221;<\/em> ha influenciado a generaciones de fot\u00f3grafos, consolidando a Fukase como pionero de la fotograf\u00eda del Yo.<\/p>\n<p data-start=\"130\" data-end=\"339\">En el Revela\u2019t presentemos esta exposici\u00f3n, despu\u00e9s de haberse exhibido previamente en el c\u00edrculo de Bellas Artes de Madrid, en colaboraci\u00f3n con PhotoEspa\u00f1a y el Masahisa Fukase Archives.<\/p>\n<p data-start=\"341\" data-end=\"632\">Comisariada por Tomo Kosuga, director de Masahisa Fukase Archives, y Lorenzo Torres, investigador de la Universidad Rey Juan Carlos, esta muestra revela la magia de un artista que explora la esencia de la experiencia humana delante de la p\u00e9rdida, y como la fotograf\u00eda puede servir para tolerarla.<\/p>\n<p>[\/et_pb_text][\/et_pb_column][et_pb_column type=&#8221;1_4&#8243; _builder_version=&#8221;4.19.4&#8243; _module_preset=&#8221;default&#8221; global_colors_info=&#8221;{}&#8221;][et_pb_image src=&#8221;https:\/\/revela-t.cat\/2025\/wp-content\/uploads\/2025\/02\/masahisa-fukase.jpeg&#8221; alt=&#8221;Blanca Berlin&#8221; title_text=&#8221;masahisa fukase&#8221; force_fullwidth=&#8221;on&#8221; _builder_version=&#8221;4.27.4&#8243; _module_preset=&#8221;default&#8221; custom_margin=&#8221;||0px||false|false&#8221; custom_padding=&#8221;||45px||false|false&#8221; global_colors_info=&#8221;{}&#8221;][\/et_pb_image][et_pb_text module_class=&#8221;text2&#8243; _builder_version=&#8221;4.27.4&#8243; _module_preset=&#8221;default&#8221; width=&#8221;100%&#8221; module_alignment=&#8221;left&#8221; custom_margin=&#8221;0px||0px||false|false&#8221; custom_padding=&#8221;0px||90px||false|false&#8221; global_colors_info=&#8221;{}&#8221;]<\/p>\n<p><strong>Masahisa Fukase (Hokkaid\u014d, Jap\u00f3n)<\/strong><\/p>\n<p class=\"p1\">Es considerado uno de los fot\u00f3grafos m\u00e1s radicales y experimentales de la generaci\u00f3n de la posguerra en Jap\u00f3n. Alcanz\u00f3 fama mundial con la serie fotogr\u00e1fica y su posterior publicaci\u00f3n <i>Karasu<\/i> [Cuervos], m\u00e1s conocida internacionalmente como <i>Ravens<\/i> (1975-1985), ampliamente celebrada como una obra maestra de la fotograf\u00eda. Sin embargo, gran parte de su obra permaneci\u00f3 inaccesible durante m\u00e1s de dos d\u00e9cadas. En 1992, una tr\u00e1gica ca\u00edda dej\u00f3 al artista con un da\u00f1o cerebral permanente y, solo tras su fallecimiento en 2012, sus archivos comenzaron a revelarse gradualmente. Desde entonces, ha surgido una gran cantidad de material in\u00e9dito.<\/p>\n<p class=\"p1\">Fukase naci\u00f3 en la ciudad de Bifuka, Hokkaido, Jap\u00f3n, en 1934, hijo de un exitoso fot\u00f3grafo de estudio local. Se gradu\u00f3 en el Departamento de Fotograf\u00eda de la Escuela de Arte de la Universidad de Nihon en 1956 y se convirti\u00f3 en fot\u00f3grafo independiente en 1968, tras breves periodos en el Nippon Design Center y la editorial Kawade Shobo Shinsha.<\/p>\n<p class=\"p1\">Su obra ha sido ampliamente expuesta en instituciones como el MoMA de Nueva York, el Museo de Arte Moderno de Oxford, la Fundaci\u00f3n Cartier para el Arte Contempor\u00e1neo y el Museo Victoria &amp; Albert. Adem\u00e1s, forma parte de importantes colecciones como las del Museo Victoria &amp; Albert, el Museo de Arte Moderno de San Francisco, el Museo Metropolitano de Arte de Nueva York y el Museo Getty.<\/p>\n<p><span style=\"color: #000000;\"><a style=\"color: #000000;\" href=\"http:\/\/masahisafukase.com\/\" target=\"_blank\" rel=\"noopener\">www.masahisafukase.com<\/a><\/span><\/p>\n<p>[\/et_pb_text][et_pb_text _builder_version=&#8221;4.27.4&#8243; _module_preset=&#8221;default&#8221; locked=&#8221;off&#8221; global_colors_info=&#8221;{}&#8221;]<\/p>\n<p><span style=\"font-size: large; color: #000000;\">Patrocinado por <\/span><\/p>\n<p>[\/et_pb_text][et_pb_image src=&#8221;https:\/\/revela-t.cat\/2025\/wp-content\/uploads\/2025\/03\/CasaAsia2020_RGB_HorizontalB.jpg&#8221; title_text=&#8221;CasaAsia2020_RGB_HorizontalB&#8221; url=&#8221;https:\/\/www.casaasia.es\/&#8221; url_new_window=&#8221;on&#8221; _builder_version=&#8221;4.27.4&#8243; _module_preset=&#8221;default&#8221; locked=&#8221;off&#8221; global_colors_info=&#8221;{}&#8221;][\/et_pb_image][et_pb_text _builder_version=&#8221;4.27.4&#8243; _module_preset=&#8221;default&#8221; locked=&#8221;off&#8221; global_colors_info=&#8221;{}&#8221;]<\/p>\n<p><span style=\"font-size: large; color: #000000;\">En colaboraci\u00f3n con<\/span><\/p>\n<p>&nbsp;<\/p>\n<p>[\/et_pb_text][et_pb_image src=&#8221;https:\/\/revela-t.cat\/2025\/wp-content\/uploads\/2025\/03\/fundacion-japon-2.jpg&#8221; title_text=&#8221;9 arterri&#8221; url=&#8221;https:\/\/md.jpf.go.jp\/es\/&#8221; url_new_window=&#8221;on&#8221; _builder_version=&#8221;4.27.4&#8243; _module_preset=&#8221;default&#8221; width=&#8221;75%&#8221; locked=&#8221;off&#8221; global_colors_info=&#8221;{}&#8221;][\/et_pb_image][et_pb_image src=&#8221;https:\/\/revela-t.cat\/2025\/wp-content\/uploads\/2025\/03\/PHotoESPANA_Negro.png&#8221; title_text=&#8221;PHotoESPAN\u0303A_Negro&#8221; url=&#8221;https:\/\/phe.es\/&#8221; url_new_window=&#8221;on&#8221; _builder_version=&#8221;4.27.4&#8243; _module_preset=&#8221;default&#8221; width=&#8221;75%&#8221; locked=&#8221;off&#8221; global_colors_info=&#8221;{}&#8221;][\/et_pb_image][et_pb_image src=&#8221;https:\/\/revela-t.cat\/2025\/wp-content\/uploads\/2025\/03\/mfa_logo_b_short.png&#8221; title_text=&#8221;mfa_logo_b_short&#8221; url=&#8221;https:\/\/masahisafukase.com\/&#8221; url_new_window=&#8221;on&#8221; _builder_version=&#8221;4.27.4&#8243; _module_preset=&#8221;default&#8221; locked=&#8221;off&#8221; global_colors_info=&#8221;{}&#8221;][\/et_pb_image][et_pb_image src=&#8221;https:\/\/revela-t.cat\/2025\/wp-content\/uploads\/2024\/03\/9-arterri.jpg&#8221; title_text=&#8221;9 arterri&#8221; url=&#8221;http:\/\/arterri.com\/es\/inici\/&#8221; url_new_window=&#8221;on&#8221; _builder_version=&#8221;4.27.4&#8243; _module_preset=&#8221;default&#8221; width=&#8221;75%&#8221; locked=&#8221;off&#8221; global_colors_info=&#8221;{}&#8221;][\/et_pb_image][\/et_pb_column][\/et_pb_row][\/et_pb_section]<\/p>\n","protected":false},"excerpt":{"rendered":"<p>Masahisa FukaseRavens&lt; ExposicionesMasahisa Fukase irrumpi\u00f3 en la escena fotogr\u00e1fica japonesa en los a\u00f1os 60, desafiando las convenciones de la \u00e9poca y explorando temas emocionales y personales en una sociedad en transformaci\u00f3n. Fusion\u00f3 sensibilidad art\u00edstica con destreza t\u00e9cnica, siendo un innovador en la difusi\u00f3n de su obra a trav\u00e9s de revistas y fotolibros, los cuales tambi\u00e9n [&hellip;]<\/p>\n","protected":false},"author":8,"featured_media":0,"parent":0,"menu_order":0,"comment_status":"closed","ping_status":"closed","template":"","meta":{"_et_pb_use_builder":"on","_et_pb_old_content":"","_et_gb_content_width":"","om_disable_all_campaigns":false,"footnotes":""},"class_list":["post-32774","page","type-page","status-publish","hentry"],"aioseo_notices":[],"_links":{"self":[{"href":"https:\/\/revela-t.cat\/2025\/wp-json\/wp\/v2\/pages\/32774","targetHints":{"allow":["GET"]}}],"collection":[{"href":"https:\/\/revela-t.cat\/2025\/wp-json\/wp\/v2\/pages"}],"about":[{"href":"https:\/\/revela-t.cat\/2025\/wp-json\/wp\/v2\/types\/page"}],"author":[{"embeddable":true,"href":"https:\/\/revela-t.cat\/2025\/wp-json\/wp\/v2\/users\/8"}],"replies":[{"embeddable":true,"href":"https:\/\/revela-t.cat\/2025\/wp-json\/wp\/v2\/comments?post=32774"}],"version-history":[{"count":0,"href":"https:\/\/revela-t.cat\/2025\/wp-json\/wp\/v2\/pages\/32774\/revisions"}],"wp:attachment":[{"href":"https:\/\/revela-t.cat\/2025\/wp-json\/wp\/v2\/media?parent=32774"}],"curies":[{"name":"wp","href":"https:\/\/api.w.org\/{rel}","templated":true}]}}