{"id":32521,"date":"2025-03-04T13:16:13","date_gmt":"2025-03-04T12:16:13","guid":{"rendered":"https:\/\/revela-t.cat\/2025\/?page_id=32521"},"modified":"2025-03-26T10:02:34","modified_gmt":"2025-03-26T09:02:34","slug":"gideon_mendel_ca","status":"publish","type":"page","link":"https:\/\/revela-t.cat\/2025\/ca\/gideon_mendel_ca\/","title":{"rendered":"Gideon Mendel"},"content":{"rendered":"<p>[et_pb_section fb_built=&#8221;1&#8243; module_class=&#8221;body-content&#8221; _builder_version=&#8221;4.27.4&#8243; _module_preset=&#8221;default&#8221; width=&#8221;1500px&#8221; max_width=&#8221;100%&#8221; module_alignment=&#8221;center&#8221; custom_margin=&#8221;||0px||false|false&#8221; custom_padding=&#8221;0px||0px||false|false&#8221; locked=&#8221;off&#8221; global_colors_info=&#8221;{}&#8221;][et_pb_row _builder_version=&#8221;4.19.5&#8243; _module_preset=&#8221;default&#8221; width=&#8221;100%&#8221; max_width=&#8221;2560px&#8221; custom_margin=&#8221;0px|0px|0px|0px|false|false&#8221; custom_padding=&#8221;0px|0px|0px|0px|false|false&#8221; global_colors_info=&#8221;{}&#8221;][et_pb_column type=&#8221;4_4&#8243; _builder_version=&#8221;4.19.4&#8243; _module_preset=&#8221;default&#8221; global_colors_info=&#8221;{}&#8221;][et_pb_text module_class=&#8221;title&#8221; _builder_version=&#8221;4.27.4&#8243; _module_preset=&#8221;default&#8221; text_text_color=&#8221;#000000&#8243; custom_padding=&#8221;||10px||false|false&#8221; custom_css_main_element=&#8221;@media (max-width: 2000px) {||.body-content {|| width: calc(100vw &#8211; 80px);|| margin: 0 40px 0 40px;||}||}&#8221; border_width_bottom=&#8221;1px&#8221; border_color_bottom=&#8221;#000000&#8243; global_colors_info=&#8221;{}&#8221;]<\/p>\n<h1><span style=\"color: #000000;\"><strong>Gideon Mendel<\/strong><\/span><\/h1>\n<p>[\/et_pb_text][\/et_pb_column][\/et_pb_row][\/et_pb_section][et_pb_section fb_built=&#8221;1&#8243; module_class=&#8221;body-content&#8221; _builder_version=&#8221;4.19.5&#8243; _module_preset=&#8221;default&#8221; width=&#8221;1500px&#8221; max_width=&#8221;100%&#8221; module_alignment=&#8221;center&#8221; custom_margin=&#8221;0px|0px|0px||false|false&#8221; custom_padding=&#8221;0px|0px|0px|0px|false|false&#8221; locked=&#8221;off&#8221; global_colors_info=&#8221;{}&#8221;][et_pb_row column_structure=&#8221;1_2,1_2&#8243; use_custom_gutter=&#8221;on&#8221; gutter_width=&#8221;1&#8243; _builder_version=&#8221;4.19.5&#8243; _module_preset=&#8221;default&#8221; width=&#8221;100%&#8221; max_width=&#8221;2560px&#8221; module_alignment=&#8221;left&#8221; min_height=&#8221;105.7px&#8221; custom_margin=&#8221;0px||0px|0px|false|false&#8221; custom_padding=&#8221;0px||45px|0px|false|false&#8221; global_colors_info=&#8221;{}&#8221;][et_pb_column type=&#8221;1_2&#8243; _builder_version=&#8221;4.19.4&#8243; _module_preset=&#8221;default&#8221; global_colors_info=&#8221;{}&#8221;][et_pb_text module_class=&#8221;text&#8221; _builder_version=&#8221;4.27.4&#8243; _module_preset=&#8221;default&#8221; width=&#8221;100%&#8221; max_width=&#8221;100%&#8221; custom_margin=&#8221;||-2px|0px|false|false&#8221; custom_padding=&#8221;|||0px|false|false&#8221; global_colors_info=&#8221;{}&#8221;]<\/p>\n<h2><span style=\"font-weight: light;\">Burning World. Portraits in Ashes<\/span><\/h2>\n<p>[\/et_pb_text][\/et_pb_column][et_pb_column type=&#8221;1_2&#8243; _builder_version=&#8221;4.19.4&#8243; _module_preset=&#8221;default&#8221; global_colors_info=&#8221;{}&#8221;][et_pb_text _builder_version=&#8221;4.27.4&#8243; _module_preset=&#8221;default&#8221; locked=&#8221;off&#8221; global_colors_info=&#8221;{}&#8221;]<\/p>\n<h3 style=\"text-align: right;\"><span style=\"color: #4f6a37;\"><a class=\"link\" style=\"color: #4f6a37;\" href=\"https:\/\/revela-t.cat\/2025\/ca\/exposicions_2025\/\" target=\"_blank\" rel=\"noopener\">&lt; Exposicions<\/a><br \/><\/span><\/h3>\n<p>[\/et_pb_text][\/et_pb_column][\/et_pb_row][\/et_pb_section][et_pb_section fb_built=&#8221;1&#8243; module_class=&#8221;body-content&#8221; _builder_version=&#8221;4.19.5&#8243; _module_preset=&#8221;default&#8221; width=&#8221;1500px&#8221; max_width=&#8221;100%&#8221; module_alignment=&#8221;center&#8221; custom_margin=&#8221;0px||0px||false|false&#8221; custom_padding=&#8221;0px|0px|180px|0px|false|false&#8221; locked=&#8221;off&#8221; global_colors_info=&#8221;{}&#8221;][et_pb_row column_structure=&#8221;3_4,1_4&#8243; use_custom_gutter=&#8221;on&#8221; gutter_width=&#8221;2&#8243; _builder_version=&#8221;4.19.5&#8243; _module_preset=&#8221;default&#8221; width=&#8221;100%&#8221; max_width=&#8221;100%&#8221; min_height=&#8221;182.7px&#8221; custom_margin=&#8221;||0px|0px|false|false&#8221; custom_padding=&#8221;0px||0px|0px|false|false&#8221; global_colors_info=&#8221;{}&#8221;][et_pb_column type=&#8221;3_4&#8243; _builder_version=&#8221;4.19.4&#8243; _module_preset=&#8221;default&#8221; global_colors_info=&#8221;{}&#8221;][et_pb_gallery gallery_ids=&#8221;32532,32530,32533,32537,32536&#8243; fullwidth=&#8221;on&#8221; _builder_version=&#8221;4.27.4&#8243; _module_preset=&#8221;default&#8221; width=&#8221;900px&#8221; max_width=&#8221;100%&#8221; module_alignment=&#8221;left&#8221; custom_margin=&#8221;||||false|false&#8221; custom_padding=&#8221;||70px||false|false&#8221; auto=&#8221;on&#8221; auto_speed=&#8221;6000&#8243; custom_css_main_element=&#8221;height: fit-content !important;&#8221; global_colors_info=&#8221;{}&#8221;][\/et_pb_gallery][et_pb_text module_class=&#8221;text&#8221; _builder_version=&#8221;4.27.4&#8243; _module_preset=&#8221;default&#8221; width=&#8221;900px&#8221; max_width=&#8221;100%&#8221; module_alignment=&#8221;left&#8221; min_height=&#8221;316px&#8221; custom_margin=&#8221;0px|0px|0px|0px|false|false&#8221; custom_padding=&#8221;0px|0px|90px|0px|false|false&#8221; global_colors_info=&#8221;{}&#8221;]<\/p>\n<p>L\u2019augment de les temperatures globals ha provocat un increment sense precedents de la intensitat dels incendis forestals arreu del m\u00f3n. <strong>Gideon Mendel<\/strong> ha documentat aquesta realitat en regions com Calif\u00f2rnia, Austr\u00e0lia, Gr\u00e8cia, el Canad\u00e0 i Colorado, escenaris d\u2019alguns dels focs m\u00e9s devastadors de les darreres d\u00e8cades, que han destru\u00eft llars, causat nombroses morts i arrasat milions d\u2019hect\u00e0rees de terra. Aquestes zones han experimentat algunes de les temperatures m\u00e9s altes mai registrades, desencadenant inferns que han deixat paisatges desoladors i comunitats trencades.<\/p>\n<p>Lluny de captar les flames en acci\u00f3, aquest treball es focalitza en les seq\u00fceles dels incendis, les empremtes que deixen enrere en vides i paisatges. En aquest escenari de destrucci\u00f3, els protagonistes d\u2019aquest projecte es presenten emmarcats per l\u2019esquelet de les seves llars cremades, detenint-se davant la c\u00e0mera amb dignitat i resili\u00e8ncia, convidant-nos a connectar amb el m\u00f3n devastat que els envolta.<\/p>\n<p>Per crear imatges coherents i explicar aquesta hist\u00f2ria de manera efectiva dins del caos visual que segueix als incendis, cada composici\u00f3 es construeix amb una precisi\u00f3 extrema.<\/p>\n<p>En aquest acte repetit de retratar, s\u2019intenta construir una tipologia sistem\u00e0tica del canvi clim\u00e0tic.<\/p>\n<p>[\/et_pb_text][\/et_pb_column][et_pb_column type=&#8221;1_4&#8243; _builder_version=&#8221;4.19.4&#8243; _module_preset=&#8221;default&#8221; global_colors_info=&#8221;{}&#8221;][et_pb_image src=&#8221;https:\/\/revela-t.cat\/2025\/wp-content\/uploads\/2025\/03\/photographer-GMendel.jpg&#8221; alt=&#8221;Blanca Berlin&#8221; title_text=&#8221;photographer GMendel&#8221; force_fullwidth=&#8221;on&#8221; _builder_version=&#8221;4.27.4&#8243; _module_preset=&#8221;default&#8221; custom_margin=&#8221;||0px||false|false&#8221; custom_padding=&#8221;||45px||false|false&#8221; global_colors_info=&#8221;{}&#8221;][\/et_pb_image][et_pb_text module_class=&#8221;text2&#8243; _builder_version=&#8221;4.27.4&#8243; _module_preset=&#8221;default&#8221; width=&#8221;100%&#8221; module_alignment=&#8221;left&#8221; custom_margin=&#8221;0px||0px||false|false&#8221; custom_padding=&#8221;0px||90px||false|false&#8221; global_colors_info=&#8221;{}&#8221;]<\/p>\n<p data-start=\"38\" data-end=\"569\"><strong data-start=\"38\" data-end=\"55\">Gideon Mendel (Johannesburg, Sud-\u00e0frica)<\/strong><\/p>\n<p>Es conegut per la seva obra compromesa amb q\u00fcestions socials i mediambientals globals. Va iniciar la seva carrera com a fot\u00f2graf als anys vuitanta, documentant els \u00faltims anys de l\u2019apartheid a Sud-\u00e0frica. Aquest treball el va situar com un dels &#8220;fot\u00f2grafs de la lluita&#8221;, comprom\u00e8s amb la den\u00fancia de la injust\u00edcia social i pol\u00edtica.<\/p>\n<p data-start=\"571\" data-end=\"987\">Als anys noranta es va establir a Londres, des d&#8217;on ha continuat desenvolupant projectes a llarg termini sobre temes de rellev\u00e0ncia mundial. Destaca el seu treball sobre la crisi de la SIDA a l&#8217;\u00c0frica, plasmat en el llibre <em data-start=\"802\" data-end=\"844\">A Broken Landscape: HIV &amp; AIDS in Africa<\/em> (2001), aix\u00ed com diverses iniciatives en col\u00b7laboraci\u00f3 amb organitzacions humanit\u00e0ries com M\u00e9decins Sans Fronti\u00e8res, UNICEF i ActionAid.<\/p>\n<p data-start=\"989\" data-end=\"1303\">El seu projecte m\u00e9s conegut, Drowning World, iniciat el 2007, explora l\u2019impacte del canvi clim\u00e0tic a trav\u00e9s de retrats de persones afectades per inundacions arreu del m\u00f3n. Aquesta obra ha estat reconeguda internacionalment i ha format part del Prix Pictet i d&#8217;exposicions a institucions prestigioses.<\/p>\n<p data-start=\"1305\" data-end=\"1631\" data-is-last-node=\"\" data-is-only-node=\"\">Mendel ha rebut nombrosos premis, incloent-hi el W. Eugene Smith Award for Humanistic Photography, sis World Press Photo Awards i el Leica Oskar Barnack Award. La seva obra combina fotografia i v\u00eddeo, creant narratives visuals que busquen sensibilitzar sobre les conseq\u00fc\u00e8ncies humanes i socials de les crisis globals.<\/p>\n<p><a href=\"https:\/\/gideonmendel.com\/\">www.gideonmendel.com\u00a0<\/a><\/p>\n<p><a href=\"https:\/\/www.instagram.com\/gideonmendel\/\">@gideonmendel<\/a><\/p>\n<p>[\/et_pb_text][\/et_pb_column][\/et_pb_row][\/et_pb_section]<\/p>\n","protected":false},"excerpt":{"rendered":"<p>Gideon MendelBurning World. Portraits in Ashes&lt; ExposicionsL\u2019augment de les temperatures globals ha provocat un increment sense precedents de la intensitat dels incendis forestals arreu del m\u00f3n. Gideon Mendel ha documentat aquesta realitat en regions com Calif\u00f2rnia, Austr\u00e0lia, Gr\u00e8cia, el Canad\u00e0 i Colorado, escenaris d\u2019alguns dels focs m\u00e9s devastadors de les darreres d\u00e8cades, que han destru\u00eft [&hellip;]<\/p>\n","protected":false},"author":8,"featured_media":0,"parent":0,"menu_order":0,"comment_status":"closed","ping_status":"closed","template":"","meta":{"_et_pb_use_builder":"on","_et_pb_old_content":"","_et_gb_content_width":"","om_disable_all_campaigns":false,"footnotes":""},"class_list":["post-32521","page","type-page","status-publish","hentry"],"aioseo_notices":[],"_links":{"self":[{"href":"https:\/\/revela-t.cat\/2025\/wp-json\/wp\/v2\/pages\/32521","targetHints":{"allow":["GET"]}}],"collection":[{"href":"https:\/\/revela-t.cat\/2025\/wp-json\/wp\/v2\/pages"}],"about":[{"href":"https:\/\/revela-t.cat\/2025\/wp-json\/wp\/v2\/types\/page"}],"author":[{"embeddable":true,"href":"https:\/\/revela-t.cat\/2025\/wp-json\/wp\/v2\/users\/8"}],"replies":[{"embeddable":true,"href":"https:\/\/revela-t.cat\/2025\/wp-json\/wp\/v2\/comments?post=32521"}],"version-history":[{"count":0,"href":"https:\/\/revela-t.cat\/2025\/wp-json\/wp\/v2\/pages\/32521\/revisions"}],"wp:attachment":[{"href":"https:\/\/revela-t.cat\/2025\/wp-json\/wp\/v2\/media?parent=32521"}],"curies":[{"name":"wp","href":"https:\/\/api.w.org\/{rel}","templated":true}]}}