{"id":31565,"date":"2025-03-11T09:44:17","date_gmt":"2025-03-11T08:44:17","guid":{"rendered":"https:\/\/revela-t.cat\/2025\/?page_id=31565"},"modified":"2025-03-26T10:00:16","modified_gmt":"2025-03-26T09:00:16","slug":"rodney_smith_ca","status":"publish","type":"page","link":"https:\/\/revela-t.cat\/2025\/ca\/rodney_smith_ca\/","title":{"rendered":"Rodney Smith"},"content":{"rendered":"<p>[et_pb_section fb_built=&#8221;1&#8243; module_class=&#8221;body-content&#8221; _builder_version=&#8221;4.27.4&#8243; _module_preset=&#8221;default&#8221; width=&#8221;1500px&#8221; max_width=&#8221;100%&#8221; module_alignment=&#8221;center&#8221; custom_margin=&#8221;||0px||false|false&#8221; custom_padding=&#8221;0px||0px||false|false&#8221; hover_enabled=&#8221;0&#8243; locked=&#8221;off&#8221; global_colors_info=&#8221;{}&#8221; sticky_enabled=&#8221;0&#8243;][et_pb_row _builder_version=&#8221;4.19.5&#8243; _module_preset=&#8221;default&#8221; width=&#8221;100%&#8221; max_width=&#8221;2560px&#8221; custom_margin=&#8221;0px|0px|0px|0px|false|false&#8221; custom_padding=&#8221;0px|0px|0px|0px|false|false&#8221; global_colors_info=&#8221;{}&#8221;][et_pb_column type=&#8221;4_4&#8243; _builder_version=&#8221;4.19.4&#8243; _module_preset=&#8221;default&#8221; global_colors_info=&#8221;{}&#8221;][et_pb_text module_class=&#8221;title&#8221; _builder_version=&#8221;4.27.4&#8243; _module_preset=&#8221;default&#8221; text_text_color=&#8221;#000000&#8243; custom_padding=&#8221;||10px||false|false&#8221; custom_css_main_element=&#8221;@media (max-width: 2000px) {||.body-content {|| width: calc(100vw &#8211; 80px);|| margin: 0 40px 0 40px;||}||}&#8221; border_width_bottom=&#8221;1px&#8221; border_color_bottom=&#8221;#000000&#8243; global_colors_info=&#8221;{}&#8221;]<\/p>\n<h1><span style=\"color: #000000;\"><strong>Rodney Smith<\/strong><\/span><\/h1>\n<p>[\/et_pb_text][\/et_pb_column][\/et_pb_row][\/et_pb_section][et_pb_section fb_built=&#8221;1&#8243; module_class=&#8221;body-content&#8221; _builder_version=&#8221;4.19.5&#8243; _module_preset=&#8221;default&#8221; width=&#8221;1500px&#8221; max_width=&#8221;100%&#8221; module_alignment=&#8221;center&#8221; custom_margin=&#8221;0px|0px|0px||false|false&#8221; custom_padding=&#8221;0px|0px|0px|0px|false|false&#8221; locked=&#8221;off&#8221; global_colors_info=&#8221;{}&#8221;][et_pb_row column_structure=&#8221;1_2,1_2&#8243; use_custom_gutter=&#8221;on&#8221; gutter_width=&#8221;1&#8243; _builder_version=&#8221;4.19.5&#8243; _module_preset=&#8221;default&#8221; width=&#8221;100%&#8221; max_width=&#8221;2560px&#8221; module_alignment=&#8221;left&#8221; min_height=&#8221;105.7px&#8221; custom_margin=&#8221;0px||0px|0px|false|false&#8221; custom_padding=&#8221;0px||45px|0px|false|false&#8221; global_colors_info=&#8221;{}&#8221;][et_pb_column type=&#8221;1_2&#8243; _builder_version=&#8221;4.19.4&#8243; _module_preset=&#8221;default&#8221; global_colors_info=&#8221;{}&#8221;][et_pb_text module_class=&#8221;text&#8221; _builder_version=&#8221;4.27.4&#8243; _module_preset=&#8221;default&#8221; width=&#8221;100%&#8221; max_width=&#8221;100%&#8221; custom_margin=&#8221;||-2px|0px|false|false&#8221; custom_padding=&#8221;|||0px|false|false&#8221; global_colors_info=&#8221;{}&#8221;]<\/p>\n<h2><span style=\"font-weight: light;\">The End <\/span><\/h2>\n<p>[\/et_pb_text][\/et_pb_column][et_pb_column type=&#8221;1_2&#8243; _builder_version=&#8221;4.19.4&#8243; _module_preset=&#8221;default&#8221; global_colors_info=&#8221;{}&#8221;][et_pb_text _builder_version=&#8221;4.27.4&#8243; _module_preset=&#8221;default&#8221; text_font_size=&#8221;32px&#8221; text_orientation=&#8221;right&#8221; locked=&#8221;off&#8221; global_colors_info=&#8221;{}&#8221;]<\/p>\n<h3 style=\"text-align: right;\"><span style=\"color: #4f6a37;\"><a class=\"link\" style=\"color: #4f6a37;\" href=\"https:\/\/revela-t.cat\/2025\/exposicions_2025\/\" target=\"_blank\" rel=\"noopener\">&lt; Exposicions<\/a><br \/><\/span><\/h3>\n<p>[\/et_pb_text][\/et_pb_column][\/et_pb_row][\/et_pb_section][et_pb_section fb_built=&#8221;1&#8243; module_class=&#8221;body-content&#8221; _builder_version=&#8221;4.19.5&#8243; _module_preset=&#8221;default&#8221; width=&#8221;1500px&#8221; max_width=&#8221;100%&#8221; module_alignment=&#8221;center&#8221; custom_margin=&#8221;0px||0px||false|false&#8221; custom_padding=&#8221;0px|0px|180px|0px|false|false&#8221; locked=&#8221;off&#8221; global_colors_info=&#8221;{}&#8221;][et_pb_row column_structure=&#8221;3_4,1_4&#8243; use_custom_gutter=&#8221;on&#8221; gutter_width=&#8221;2&#8243; _builder_version=&#8221;4.19.5&#8243; _module_preset=&#8221;default&#8221; width=&#8221;100%&#8221; max_width=&#8221;100%&#8221; min_height=&#8221;182.7px&#8221; custom_margin=&#8221;||0px|0px|false|false&#8221; custom_padding=&#8221;0px||0px|0px|false|false&#8221; global_colors_info=&#8221;{}&#8221;][et_pb_column type=&#8221;3_4&#8243; _builder_version=&#8221;4.19.4&#8243; _module_preset=&#8221;default&#8221; global_colors_info=&#8221;{}&#8221;][et_pb_gallery gallery_ids=&#8221;32095,32096,32097,32098,32099&#8243; fullwidth=&#8221;on&#8221; _builder_version=&#8221;4.27.4&#8243; _module_preset=&#8221;default&#8221; width=&#8221;900px&#8221; max_width=&#8221;100%&#8221; module_alignment=&#8221;left&#8221; custom_margin=&#8221;||||false|false&#8221; custom_padding=&#8221;||70px||false|false&#8221; auto=&#8221;on&#8221; auto_speed=&#8221;6000&#8243; custom_css_main_element=&#8221;height: fit-content !important;&#8221; global_colors_info=&#8221;{}&#8221;][\/et_pb_gallery][et_pb_text module_class=&#8221;text&#8221; _builder_version=&#8221;4.27.4&#8243; _module_preset=&#8221;default&#8221; width=&#8221;900px&#8221; max_width=&#8221;100%&#8221; module_alignment=&#8221;left&#8221; min_height=&#8221;316px&#8221; custom_margin=&#8221;0px|0px|0px|0px|false|false&#8221; custom_padding=&#8221;0px|0px|90px|0px|false|false&#8221; global_colors_info=&#8221;{}&#8221;]<\/p>\n<p><strong>The End<\/strong> \u00e9s una obra ic\u00f2nica del fot\u00f2graf nord-americ\u00e0 <strong>Rodney Smith<\/strong>, que representa la culminaci\u00f3 del seu estil elegant i surrealista, combinant humor subtil, sofisticaci\u00f3 i un sentit atemporal de la composici\u00f3. Aquesta s\u00e8rie es caracteritza per la seva capacitat de capturar moments quotidians amb un toc on\u00edric, sovint jugant amb la perspectiva i elements inesperats.<\/p>\n<p>L\u2019exposici\u00f3 The End ha estat presentada en diverses ubicacions internacionals, destacant la seva mostra al Centro Andaluz de la Fotograf\u00eda (CAF) a Almeria, el 2013. Aquesta exhibici\u00f3 va reunir una selecci\u00f3 de les seves fotografies m\u00e9s reconegudes, oferint una retrospectiva que compr\u00e8n quatre d\u00e8cades de la seva carrera.<\/p>\n<p>A m\u00e9s de l\u2019exposici\u00f3, The End tamb\u00e9 \u00e9s un llibre de gran format que celebra el llegat visual de Rodney Smith. Publicat en una edici\u00f3 limitada de col\u00b7leccionista, aquest volum recopila una selecci\u00f3 de les seves imatges m\u00e9s destacades, amb comentaris que exploren la seva filosofia art\u00edstica i el proc\u00e9s creatiu darrere de cada fotografia. El llibre destaca per la seva acurada presentaci\u00f3 i la qualitat de la impressi\u00f3, convertint-se en una pe\u00e7a essencial per als amants de la fotografia contempor\u00e0nia.<\/p>\n<p>L\u2019obra de Rodney Smith a The End reflecteix la seva habilitat per fusionar realitat i fantasia, creant imatges que conviden l\u2019espectador a reinterpretar el que \u00e9s quotidi\u00e0 des d\u2019una nova perspectiva. La seva influ\u00e8ncia en el m\u00f3n de la fotografia continua vigent, consolidant-lo com un dels artistes visuals m\u00e9s rellevants del segle XX.<\/p>\n<p>[\/et_pb_text][\/et_pb_column][et_pb_column type=&#8221;1_4&#8243; _builder_version=&#8221;4.19.4&#8243; _module_preset=&#8221;default&#8221; global_colors_info=&#8221;{}&#8221;][et_pb_image src=&#8221;https:\/\/revela-t.cat\/2025\/wp-content\/uploads\/2025\/02\/Retrat.jpg&#8221; alt=&#8221;Blanca Berlin&#8221; title_text=&#8221;Retrat&#8221; force_fullwidth=&#8221;on&#8221; _builder_version=&#8221;4.27.4&#8243; _module_preset=&#8221;default&#8221; custom_margin=&#8221;||0px||false|false&#8221; custom_padding=&#8221;||45px||false|false&#8221; global_colors_info=&#8221;{}&#8221;][\/et_pb_image][et_pb_text module_class=&#8221;text2&#8243; _builder_version=&#8221;4.27.4&#8243; _module_preset=&#8221;default&#8221; width=&#8221;100%&#8221; module_alignment=&#8221;left&#8221; custom_margin=&#8221;0px||0px||false|false&#8221; custom_padding=&#8221;0px||90px||false|false&#8221; global_colors_info=&#8221;{}&#8221;]<\/p>\n<p><strong>Rodney Smith ( New York, EEUU)<\/strong><\/p>\n<p>Va ser un reconegut fot\u00f2graf nord-americ\u00e0 conegut per les seves imatges atemporals, elegants i surrealistes. Amb un estil \u00fanic que combina humor subtil, sofisticaci\u00f3 i una composici\u00f3 impecable, Smith va crear fotografies en blanc i negre i color que sovint jugaven amb la simetria, la perspectiva i elements inesperats.<\/p>\n<p>Inspirat per mestres com Henri Cartier-Bresson i Ren\u00e9 Magritte, el seu treball es caracteritza per una barreja de realisme i fantasia, amb figures humanes en paisatges arquitect\u00f2nics i naturals que semblen escenes d&#8217;un conte. Va treballar per a grans revistes i marques de moda, tot i que el seu llegat m\u00e9s important rau en la seva obra personal, plena de poesia visual i una gran atenci\u00f3 al detall.<\/p>\n<p>Al llarg de la seva carrera, Rodney Smith va publicar diversos llibres fotogr\u00e0fics i va exposar la seva obra arreu del m\u00f3n. La seva capacitat per capturar l\u2019ess\u00e8ncia humana amb un toc d\u2019humor i ironia ha convertit les seves fotografies en icones atemporals, consolidant-lo com un dels fot\u00f2grafs m\u00e9s influents del segle XX.<\/p>\n<p><a href=\"https:\/\/rodneysmith.com\/\">https:\/\/rodneysmith.com\/<\/a><\/p>\n<p>[\/et_pb_text][et_pb_text _builder_version=&#8221;4.27.4&#8243; _module_preset=&#8221;default&#8221; locked=&#8221;off&#8221; global_colors_info=&#8221;{}&#8221;]<\/p>\n<p><span style=\"font-size: large; color: #000000;\">En col\u00b7laboraci\u00f3 amb<\/span><\/p>\n<p>[\/et_pb_text][et_pb_image src=&#8221;https:\/\/revela-t.cat\/2025\/wp-content\/uploads\/2024\/03\/9-arterri.jpg&#8221; title_text=&#8221;9 arterri&#8221; url=&#8221;http:\/\/arterri.com\/es\/inici\/&#8221; url_new_window=&#8221;on&#8221; _builder_version=&#8221;4.27.4&#8243; _module_preset=&#8221;default&#8221; locked=&#8221;off&#8221; global_colors_info=&#8221;{}&#8221;][\/et_pb_image][\/et_pb_column][\/et_pb_row][\/et_pb_section]<\/p>\n","protected":false},"excerpt":{"rendered":"<p>Rodney SmithThe End &lt; ExposicionsThe End \u00e9s una obra ic\u00f2nica del fot\u00f2graf nord-americ\u00e0 Rodney Smith, que representa la culminaci\u00f3 del seu estil elegant i surrealista, combinant humor subtil, sofisticaci\u00f3 i un sentit atemporal de la composici\u00f3. Aquesta s\u00e8rie es caracteritza per la seva capacitat de capturar moments quotidians amb un toc on\u00edric, sovint jugant amb [&hellip;]<\/p>\n","protected":false},"author":8,"featured_media":0,"parent":0,"menu_order":0,"comment_status":"closed","ping_status":"closed","template":"","meta":{"_et_pb_use_builder":"on","_et_pb_old_content":"","_et_gb_content_width":"","om_disable_all_campaigns":false,"footnotes":""},"class_list":["post-31565","page","type-page","status-publish","hentry"],"aioseo_notices":[],"_links":{"self":[{"href":"https:\/\/revela-t.cat\/2025\/wp-json\/wp\/v2\/pages\/31565","targetHints":{"allow":["GET"]}}],"collection":[{"href":"https:\/\/revela-t.cat\/2025\/wp-json\/wp\/v2\/pages"}],"about":[{"href":"https:\/\/revela-t.cat\/2025\/wp-json\/wp\/v2\/types\/page"}],"author":[{"embeddable":true,"href":"https:\/\/revela-t.cat\/2025\/wp-json\/wp\/v2\/users\/8"}],"replies":[{"embeddable":true,"href":"https:\/\/revela-t.cat\/2025\/wp-json\/wp\/v2\/comments?post=31565"}],"version-history":[{"count":0,"href":"https:\/\/revela-t.cat\/2025\/wp-json\/wp\/v2\/pages\/31565\/revisions"}],"wp:attachment":[{"href":"https:\/\/revela-t.cat\/2025\/wp-json\/wp\/v2\/media?parent=31565"}],"curies":[{"name":"wp","href":"https:\/\/api.w.org\/{rel}","templated":true}]}}