{"id":31157,"date":"2025-02-20T10:55:54","date_gmt":"2025-02-20T09:55:54","guid":{"rendered":"https:\/\/revela-t.cat\/2025\/?page_id=31157"},"modified":"2025-04-17T10:50:22","modified_gmt":"2025-04-17T08:50:22","slug":"masahisa_fukase_ca","status":"publish","type":"page","link":"https:\/\/revela-t.cat\/2025\/ca\/masahisa_fukase_ca\/","title":{"rendered":"Masahisa Fukase"},"content":{"rendered":"<p>[et_pb_section fb_built=&#8221;1&#8243; module_class=&#8221;body-content&#8221; _builder_version=&#8221;4.27.4&#8243; _module_preset=&#8221;default&#8221; width=&#8221;1500px&#8221; max_width=&#8221;100%&#8221; module_alignment=&#8221;center&#8221; custom_margin=&#8221;||0px||false|false&#8221; custom_padding=&#8221;0px||0px||false|false&#8221; locked=&#8221;off&#8221; global_colors_info=&#8221;{}&#8221;][et_pb_row _builder_version=&#8221;4.19.5&#8243; _module_preset=&#8221;default&#8221; width=&#8221;100%&#8221; max_width=&#8221;2560px&#8221; custom_margin=&#8221;0px|0px|0px|0px|false|false&#8221; custom_padding=&#8221;0px|0px|0px|0px|false|false&#8221; global_colors_info=&#8221;{}&#8221;][et_pb_column type=&#8221;4_4&#8243; _builder_version=&#8221;4.19.4&#8243; _module_preset=&#8221;default&#8221; global_colors_info=&#8221;{}&#8221;][et_pb_text module_class=&#8221;title&#8221; _builder_version=&#8221;4.27.4&#8243; _module_preset=&#8221;default&#8221; text_text_color=&#8221;#000000&#8243; custom_padding=&#8221;||10px||false|false&#8221; custom_css_main_element=&#8221;@media (max-width: 2000px) {||.body-content {|| width: calc(100vw &#8211; 80px);|| margin: 0 40px 0 40px;||}||}&#8221; border_width_bottom=&#8221;1px&#8221; border_color_bottom=&#8221;#000000&#8243; global_colors_info=&#8221;{}&#8221;]<\/p>\n<h1><span style=\"color: #000000;\"><strong>Masahisa Fukase<\/strong><\/span><\/h1>\n<p>[\/et_pb_text][\/et_pb_column][\/et_pb_row][\/et_pb_section][et_pb_section fb_built=&#8221;1&#8243; module_class=&#8221;body-content&#8221; _builder_version=&#8221;4.19.5&#8243; _module_preset=&#8221;default&#8221; width=&#8221;1500px&#8221; max_width=&#8221;100%&#8221; module_alignment=&#8221;center&#8221; custom_margin=&#8221;0px|0px|0px||false|false&#8221; custom_padding=&#8221;0px|0px|0px|0px|false|false&#8221; locked=&#8221;off&#8221; global_colors_info=&#8221;{}&#8221;][et_pb_row column_structure=&#8221;1_2,1_2&#8243; use_custom_gutter=&#8221;on&#8221; gutter_width=&#8221;1&#8243; _builder_version=&#8221;4.19.5&#8243; _module_preset=&#8221;default&#8221; width=&#8221;100%&#8221; max_width=&#8221;2560px&#8221; module_alignment=&#8221;left&#8221; min_height=&#8221;105.7px&#8221; custom_margin=&#8221;0px||0px|0px|false|false&#8221; custom_padding=&#8221;0px||45px|0px|false|false&#8221; global_colors_info=&#8221;{}&#8221;][et_pb_column type=&#8221;1_2&#8243; _builder_version=&#8221;4.19.4&#8243; _module_preset=&#8221;default&#8221; global_colors_info=&#8221;{}&#8221;][et_pb_text module_class=&#8221;text&#8221; _builder_version=&#8221;4.27.4&#8243; _module_preset=&#8221;default&#8221; width=&#8221;100%&#8221; max_width=&#8221;100%&#8221; custom_margin=&#8221;||-2px|0px|false|false&#8221; custom_padding=&#8221;|||0px|false|false&#8221; global_colors_info=&#8221;{}&#8221;]<\/p>\n<h2><span style=\"font-weight: light;\">Ravens<\/span><\/h2>\n<p>[\/et_pb_text][\/et_pb_column][et_pb_column type=&#8221;1_2&#8243; _builder_version=&#8221;4.19.4&#8243; _module_preset=&#8221;default&#8221; global_colors_info=&#8221;{}&#8221;][et_pb_text _builder_version=&#8221;4.27.4&#8243; _module_preset=&#8221;default&#8221; link_text_color=&#8221;#4F6A37&#8243; link_option_url=&#8221;https:\/\/revela-t.cat\/2025\/ca\/exposicions_2025\/&#8221; locked=&#8221;off&#8221; global_colors_info=&#8221;{%22gcid-heading-color%22:%91%22header_text_color%22,%22header_4_text_color%22,%22header_3_text_color%22,%22header_2_text_color%22,%22header_5_text_color%22,%22header_6_text_color%22,%22quote_text_color%22%93,%22gcid-body-color%22:%91%22text_text_color%22%93,%22gcid-secondary-color%22:%91%22quote_border_color%22%93}&#8221;]<\/p>\n<h3 style=\"text-align: right;\"><span style=\"color: #4f6a37;\"><a class=\"link\" style=\"color: #4f6a37;\" href=\"https:\/\/revela-t.cat\/2025\/exposicions_2025\/\" target=\"_blank\" rel=\"noopener\">&lt; Exposicions<\/a><br \/><\/span><\/h3>\n<p>[\/et_pb_text][\/et_pb_column][\/et_pb_row][\/et_pb_section][et_pb_section fb_built=&#8221;1&#8243; module_class=&#8221;body-content&#8221; _builder_version=&#8221;4.19.5&#8243; _module_preset=&#8221;default&#8221; width=&#8221;1500px&#8221; max_width=&#8221;100%&#8221; module_alignment=&#8221;center&#8221; custom_margin=&#8221;0px||0px||false|false&#8221; custom_padding=&#8221;0px|0px|180px|0px|false|false&#8221; locked=&#8221;off&#8221; global_colors_info=&#8221;{}&#8221;][et_pb_row column_structure=&#8221;3_4,1_4&#8243; use_custom_gutter=&#8221;on&#8221; gutter_width=&#8221;2&#8243; _builder_version=&#8221;4.19.5&#8243; _module_preset=&#8221;default&#8221; width=&#8221;100%&#8221; max_width=&#8221;100%&#8221; min_height=&#8221;182.7px&#8221; custom_margin=&#8221;||0px|0px|false|false&#8221; custom_padding=&#8221;0px||0px|0px|false|false&#8221; global_colors_info=&#8221;{}&#8221;][et_pb_column type=&#8221;3_4&#8243; _builder_version=&#8221;4.19.4&#8243; _module_preset=&#8221;default&#8221; global_colors_info=&#8221;{}&#8221;][et_pb_gallery gallery_ids=&#8221;30524,30525,30526,30527,30528&#8243; fullwidth=&#8221;on&#8221; _builder_version=&#8221;4.27.4&#8243; _module_preset=&#8221;default&#8221; width=&#8221;900px&#8221; max_width=&#8221;100%&#8221; module_alignment=&#8221;left&#8221; custom_margin=&#8221;||||false|false&#8221; custom_padding=&#8221;||70px||false|false&#8221; auto=&#8221;on&#8221; auto_speed=&#8221;6000&#8243; custom_css_main_element=&#8221;height: fit-content !important;&#8221; global_colors_info=&#8221;{}&#8221;][\/et_pb_gallery][et_pb_text module_class=&#8221;text&#8221; _builder_version=&#8221;4.27.4&#8243; _module_preset=&#8221;default&#8221; width=&#8221;900px&#8221; max_width=&#8221;100%&#8221; module_alignment=&#8221;left&#8221; min_height=&#8221;316px&#8221; custom_margin=&#8221;0px|0px|0px|0px|false|false&#8221; custom_padding=&#8221;0px|0px|90px|0px|false|false&#8221; global_colors_info=&#8221;{}&#8221;]<\/p>\n<p><strong>Masahisa Fukase<\/strong> va irrompre en l&#8217;escena fotogr\u00e0fica japonesa als anys 60, desafiant les convencions de l&#8217;\u00e8poca i explorant temes emocionals i personals en una societat en transformaci\u00f3. Va fusionar sensibilitat art\u00edstica amb destresa t\u00e8cnica, sent un innovador en la difusi\u00f3 de la seva obra a trav\u00e9s de revistes i fotollibres, els quals tamb\u00e9 estaran presents a l&#8217;exposici\u00f3.<\/p>\n<p class=\"p1\">La seva extensa s\u00e8rie &#8220;<strong>Ravens, \u70cf<\/strong>&#8221; (1975-1986) \u00e9s, en conjunt, una obra mestra que transcendeix fronteres culturals i temporals. En ella, Fukase explora la solitud, la malenconia i l&#8217;obsessi\u00f3 en un dram\u00e0tic viatge personal. Les imatges de corbs, en blanc i negre, capturen la dualitat de la vida i la mort, ressonant profundament en l&#8217;espectador.<\/p>\n<p data-start=\"0\" data-end=\"337\">La import\u00e0ncia de <em data-start=\"18\" data-end=\"28\">&#8220;Ravens&#8221;<\/em> rau en la seva capacitat per evocar emocions i reflexions existencials a partir de la cerca interior de Fukase com a artista. En identificar-se amb els corbs, ens convida a explorar l&#8217;\u00e0nima humana. <em data-start=\"227\" data-end=\"237\">&#8220;Karasu&#8221;<\/em> ha influenciat generacions de fot\u00f2grafs, consolidant Fukase com a pioner de la fotografia del Jo.<\/p>\n<p data-start=\"130\" data-end=\"339\">Al Revela\u2019t presentem aquesta exposici\u00f3, despr\u00e9s d\u2019haver-se exhibit pr\u00e8viament al Cercle de Belles Arts de Madrid en col\u00b7laboraci\u00f3 amb PhotoEspa\u00f1a i el Masahisa Fukase Archives.<\/p>\n<p data-start=\"341\" data-end=\"632\">Comissariada per Tomo Kosuga, director de Masahisa Fukase Archives, i Lorenzo Torres, investigador de la Universitat Rey Juan Carlos, aquesta mostra revela la m\u00e0gia d\u2019un artista que explora l\u2019ess\u00e8ncia de l\u2019experi\u00e8ncia humana davant la p\u00e8rdua, i com la fotografia pot servir per tolerar-la.<\/p>\n<p>[\/et_pb_text][\/et_pb_column][et_pb_column type=&#8221;1_4&#8243; _builder_version=&#8221;4.19.4&#8243; _module_preset=&#8221;default&#8221; global_colors_info=&#8221;{}&#8221;][et_pb_image src=&#8221;https:\/\/revela-t.cat\/2025\/wp-content\/uploads\/2025\/02\/masahisa-fukase.jpeg&#8221; alt=&#8221;Blanca Berlin&#8221; title_text=&#8221;masahisa fukase&#8221; force_fullwidth=&#8221;on&#8221; _builder_version=&#8221;4.27.4&#8243; _module_preset=&#8221;default&#8221; custom_margin=&#8221;||0px||false|false&#8221; custom_padding=&#8221;||45px||false|false&#8221; global_colors_info=&#8221;{}&#8221;][\/et_pb_image][et_pb_text module_class=&#8221;text2&#8243; _builder_version=&#8221;4.27.4&#8243; _module_preset=&#8221;default&#8221; width=&#8221;100%&#8221; module_alignment=&#8221;left&#8221; custom_margin=&#8221;0px||0px||false|false&#8221; custom_padding=&#8221;0px||90px||false|false&#8221; global_colors_info=&#8221;{}&#8221;]<\/p>\n<p><strong>Masahisa Fukase (Hokkaido, Jap\u00f3)<\/strong><\/p>\n<p>\u00c9s considerat un dels fot\u00f2grafs m\u00e9s radicals i experimentals de la generaci\u00f3 de la postguerra al Jap\u00f3. Es va fer mundialment fam\u00f3s per la s\u00e8rie fotogr\u00e0fica i la seva posterior publicaci\u00f3 <em data-start=\"227\" data-end=\"235\">Karasu<\/em> [Corbs], m\u00e9s coneguda internacionalment com a <em data-start=\"282\" data-end=\"290\">Ravens<\/em> (1975 &#8211; 1985), que \u00e9s \u00e0mpliament celebrada com una obra mestra de la fotografia. Tanmateix, la major part de la seva obra va romandre inaccessible durant m\u00e9s de dues d\u00e8cades. L\u2019any 1992, una tr\u00e0gica caiguda va deixar l\u2019artista amb un dany cerebral permanent i, nom\u00e9s despr\u00e9s de la seva mort el 2012, els arxius es van anar rebel\u00b7lant gradualment. Des de llavors, ha sorgit una gran quantitat de material que mai s\u2019havia mostrat.<\/p>\n<p>Fukase va n\u00e9ixer a la ciutat de Bifuka, Hokkaido, Jap\u00f3, l&#8217;any 1934, fill d&#8217;un fot\u00f2graf d&#8217;estudi local d&#8217;\u00e8xit. Es va graduar al Departament de Fotografia de l&#8217;Escola d&#8217;Art de la Universitat de Nihon el 1956, i es va convertir en fot\u00f2graf independent el 1968 despr\u00e9s de breus per\u00edodes al Nippon Design Center i a l&#8217;editorial Kawade Shobo Shinsha.<\/p>\n<p>La seva obra ha estat \u00e0mpliament exposada en institucions com el MoMA de Nova York, el Museu d&#8217;Art Modern d&#8217;Oxford, la Fundaci\u00f3 Cartier per a l&#8217;Art Contemporani i el Museu Victoria &amp; Albert. La seva obra es troba en col\u00b7leccions importants com el Museu Victoria &amp; Albert, el Museu d&#8217;Art Modern de San Francisco, el Museu Metropolit\u00e0 d&#8217;Art de Nova York i el Museu Getty.<\/p>\n<p><span style=\"color: #000000;\"><a style=\"color: #000000;\" href=\"http:\/\/masahisafukase.com\/\" target=\"_blank\" rel=\"noopener\">www.masahisafukase.com<\/a><\/span><\/p>\n<p>[\/et_pb_text][et_pb_text _builder_version=&#8221;4.27.4&#8243; _module_preset=&#8221;default&#8221; locked=&#8221;off&#8221; global_colors_info=&#8221;{}&#8221;]<\/p>\n<p><span style=\"font-size: large; color: #000000;\">Patrocinat per <\/span><\/p>\n<p>[\/et_pb_text][et_pb_image src=&#8221;https:\/\/revela-t.cat\/2025\/wp-content\/uploads\/2025\/03\/CasaAsia2020_RGB_HorizontalB.jpg&#8221; title_text=&#8221;CasaAsia2020_RGB_HorizontalB&#8221; url=&#8221;https:\/\/www.casaasia.es\/&#8221; url_new_window=&#8221;on&#8221; _builder_version=&#8221;4.27.4&#8243; _module_preset=&#8221;default&#8221; locked=&#8221;off&#8221; global_colors_info=&#8221;{}&#8221;][\/et_pb_image][et_pb_text _builder_version=&#8221;4.27.4&#8243; _module_preset=&#8221;default&#8221; locked=&#8221;off&#8221; global_colors_info=&#8221;{}&#8221;]<\/p>\n<p><span style=\"font-size: large; color: #000000;\">En col\u00b7laboraci\u00f3 amb<\/span><\/p>\n<p>&nbsp;<\/p>\n<p>[\/et_pb_text][et_pb_image src=&#8221;https:\/\/revela-t.cat\/2025\/wp-content\/uploads\/2025\/03\/fundacion-japon-2.jpg&#8221; title_text=&#8221;9 arterri&#8221; url=&#8221;https:\/\/md.jpf.go.jp\/es\/&#8221; url_new_window=&#8221;on&#8221; admin_label=&#8221;Image&#8221; _builder_version=&#8221;4.27.4&#8243; _module_preset=&#8221;default&#8221; width=&#8221;75%&#8221; locked=&#8221;off&#8221; global_colors_info=&#8221;{}&#8221;][\/et_pb_image][et_pb_image src=&#8221;https:\/\/revela-t.cat\/2025\/wp-content\/uploads\/2025\/03\/PHotoESPANA_Negro.png&#8221; title_text=&#8221;PHotoESPAN\u0303A_Negro&#8221; url=&#8221;https:\/\/phe.es\/&#8221; url_new_window=&#8221;on&#8221; admin_label=&#8221;Image&#8221; _builder_version=&#8221;4.27.4&#8243; _module_preset=&#8221;default&#8221; width=&#8221;75%&#8221; locked=&#8221;off&#8221; global_colors_info=&#8221;{}&#8221;][\/et_pb_image][et_pb_image src=&#8221;https:\/\/revela-t.cat\/2025\/wp-content\/uploads\/2025\/03\/mfa_logo_b_short.png&#8221; title_text=&#8221;mfa_logo_b_short&#8221; url=&#8221;https:\/\/masahisafukase.com\/&#8221; url_new_window=&#8221;on&#8221; _builder_version=&#8221;4.27.4&#8243; _module_preset=&#8221;default&#8221; locked=&#8221;off&#8221; global_colors_info=&#8221;{}&#8221;][\/et_pb_image][et_pb_image src=&#8221;https:\/\/revela-t.cat\/2025\/wp-content\/uploads\/2024\/03\/9-arterri.jpg&#8221; title_text=&#8221;9 arterri&#8221; url=&#8221;http:\/\/arterri.com\/es\/inici\/&#8221; url_new_window=&#8221;on&#8221; _builder_version=&#8221;4.27.4&#8243; _module_preset=&#8221;default&#8221; width=&#8221;75%&#8221; locked=&#8221;off&#8221; global_colors_info=&#8221;{}&#8221;][\/et_pb_image][\/et_pb_column][\/et_pb_row][\/et_pb_section]<\/p>\n","protected":false},"excerpt":{"rendered":"<p>Masahisa FukaseRavens&lt; ExposicionsMasahisa Fukase va irrompre en l&#8217;escena fotogr\u00e0fica japonesa als anys 60, desafiant les convencions de l&#8217;\u00e8poca i explorant temes emocionals i personals en una societat en transformaci\u00f3. Va fusionar sensibilitat art\u00edstica amb destresa t\u00e8cnica, sent un innovador en la difusi\u00f3 de la seva obra a trav\u00e9s de revistes i fotollibres, els quals tamb\u00e9 [&hellip;]<\/p>\n","protected":false},"author":8,"featured_media":0,"parent":0,"menu_order":0,"comment_status":"closed","ping_status":"closed","template":"","meta":{"_et_pb_use_builder":"on","_et_pb_old_content":"","_et_gb_content_width":"","om_disable_all_campaigns":false,"footnotes":""},"class_list":["post-31157","page","type-page","status-publish","hentry"],"aioseo_notices":[],"_links":{"self":[{"href":"https:\/\/revela-t.cat\/2025\/wp-json\/wp\/v2\/pages\/31157","targetHints":{"allow":["GET"]}}],"collection":[{"href":"https:\/\/revela-t.cat\/2025\/wp-json\/wp\/v2\/pages"}],"about":[{"href":"https:\/\/revela-t.cat\/2025\/wp-json\/wp\/v2\/types\/page"}],"author":[{"embeddable":true,"href":"https:\/\/revela-t.cat\/2025\/wp-json\/wp\/v2\/users\/8"}],"replies":[{"embeddable":true,"href":"https:\/\/revela-t.cat\/2025\/wp-json\/wp\/v2\/comments?post=31157"}],"version-history":[{"count":0,"href":"https:\/\/revela-t.cat\/2025\/wp-json\/wp\/v2\/pages\/31157\/revisions"}],"wp:attachment":[{"href":"https:\/\/revela-t.cat\/2025\/wp-json\/wp\/v2\/media?parent=31157"}],"curies":[{"name":"wp","href":"https:\/\/api.w.org\/{rel}","templated":true}]}}