{"id":30568,"date":"2025-02-18T13:16:58","date_gmt":"2025-02-18T12:16:58","guid":{"rendered":"https:\/\/revela-t.cat\/2025\/?page_id=30568"},"modified":"2025-04-30T17:32:40","modified_gmt":"2025-04-30T15:32:40","slug":"juan_manuel_diaz_burgos","status":"publish","type":"page","link":"https:\/\/revela-t.cat\/2025\/juan_manuel_diaz_burgos\/","title":{"rendered":"Juan Manuel Diaz Burgos"},"content":{"rendered":"<p>[et_pb_section fb_built=&#8221;1&#8243; module_class=&#8221;body-content&#8221; _builder_version=&#8221;4.27.4&#8243; _module_preset=&#8221;default&#8221; width=&#8221;1500px&#8221; max_width=&#8221;100%&#8221; module_alignment=&#8221;center&#8221; custom_margin=&#8221;||0px||false|false&#8221; custom_padding=&#8221;0px||0px||false|false&#8221; locked=&#8221;off&#8221; global_colors_info=&#8221;{}&#8221;][et_pb_row _builder_version=&#8221;4.19.5&#8243; _module_preset=&#8221;default&#8221; width=&#8221;100%&#8221; max_width=&#8221;2560px&#8221; custom_margin=&#8221;0px|0px|0px|0px|false|false&#8221; custom_padding=&#8221;0px|0px|0px|0px|false|false&#8221; global_colors_info=&#8221;{}&#8221;][et_pb_column type=&#8221;4_4&#8243; _builder_version=&#8221;4.19.4&#8243; _module_preset=&#8221;default&#8221; global_colors_info=&#8221;{}&#8221;][et_pb_text module_class=&#8221;title&#8221; _builder_version=&#8221;4.27.4&#8243; _module_preset=&#8221;default&#8221; text_text_color=&#8221;#000000&#8243; custom_padding=&#8221;||10px||false|false&#8221; custom_css_main_element=&#8221;@media (max-width: 2000px) {||.body-content {|| width: calc(100vw &#8211; 80px);|| margin: 0 40px 0 40px;||}||}&#8221; border_width_bottom=&#8221;1px&#8221; border_color_bottom=&#8221;#000000&#8243; global_colors_info=&#8221;{}&#8221;]<\/p>\n<h1><span style=\"color: #000000;\"><strong>Juan Manuel D\u00edaz Burgos<\/strong><\/span><\/h1>\n<p>[\/et_pb_text][\/et_pb_column][\/et_pb_row][\/et_pb_section][et_pb_section fb_built=&#8221;1&#8243; module_class=&#8221;body-content&#8221; _builder_version=&#8221;4.19.5&#8243; _module_preset=&#8221;default&#8221; width=&#8221;1500px&#8221; max_width=&#8221;100%&#8221; module_alignment=&#8221;center&#8221; custom_margin=&#8221;0px|0px|0px||false|false&#8221; custom_padding=&#8221;0px|0px|0px|0px|false|false&#8221; locked=&#8221;off&#8221; global_colors_info=&#8221;{}&#8221;][et_pb_row column_structure=&#8221;1_2,1_2&#8243; use_custom_gutter=&#8221;on&#8221; gutter_width=&#8221;1&#8243; _builder_version=&#8221;4.27.4&#8243; _module_preset=&#8221;default&#8221; width=&#8221;100%&#8221; max_width=&#8221;2560px&#8221; module_alignment=&#8221;left&#8221; min_height=&#8221;105.7px&#8221; custom_margin=&#8221;0px||0px|0px|false|false&#8221; custom_padding=&#8221;0px||45px|0px|false|false&#8221; global_colors_info=&#8221;{}&#8221;][et_pb_column type=&#8221;1_2&#8243; _builder_version=&#8221;4.19.4&#8243; _module_preset=&#8221;default&#8221; global_colors_info=&#8221;{}&#8221;][et_pb_text module_class=&#8221;text&#8221; _builder_version=&#8221;4.27.4&#8243; _module_preset=&#8221;default&#8221; width=&#8221;100%&#8221; max_width=&#8221;100%&#8221; custom_margin=&#8221;|||0px|false|false&#8221; custom_padding=&#8221;|||0px|false|false&#8221; global_colors_info=&#8221;{}&#8221;]<\/p>\n<h2><span style=\"font-weight: light;\">Movimiento Continuo<\/span><\/h2>\n<p>[\/et_pb_text][\/et_pb_column][et_pb_column type=&#8221;1_2&#8243; _builder_version=&#8221;4.19.4&#8243; _module_preset=&#8221;default&#8221; global_colors_info=&#8221;{}&#8221;][et_pb_text _builder_version=&#8221;4.27.4&#8243; _module_preset=&#8221;default&#8221; locked=&#8221;off&#8221; global_colors_info=&#8221;{}&#8221;]<\/p>\n<h3 style=\"text-align: right;\"><span style=\"color: #4f6a37;\"><a class=\"link\" style=\"color: #4f6a37;\" href=\"https:\/\/revelat.cat\/exposiciones_2025\/\" target=\"_blank\" rel=\"noopener\">&lt; Exposiciones<\/a><br \/>\n<\/span><\/h3>\n<p>[\/et_pb_text][\/et_pb_column][\/et_pb_row][\/et_pb_section][et_pb_section fb_built=&#8221;1&#8243; module_class=&#8221;body-content&#8221; _builder_version=&#8221;4.19.5&#8243; _module_preset=&#8221;default&#8221; width=&#8221;1500px&#8221; max_width=&#8221;100%&#8221; module_alignment=&#8221;center&#8221; custom_margin=&#8221;0px||0px||false|false&#8221; custom_padding=&#8221;0px|0px|180px|0px|false|false&#8221; locked=&#8221;off&#8221; global_colors_info=&#8221;{}&#8221;][et_pb_row column_structure=&#8221;3_4,1_4&#8243; use_custom_gutter=&#8221;on&#8221; gutter_width=&#8221;2&#8243; _builder_version=&#8221;4.19.5&#8243; _module_preset=&#8221;default&#8221; width=&#8221;100%&#8221; max_width=&#8221;100%&#8221; min_height=&#8221;182.7px&#8221; custom_margin=&#8221;||0px|0px|false|false&#8221; custom_padding=&#8221;0px||0px|0px|false|false&#8221; global_colors_info=&#8221;{}&#8221;][et_pb_column type=&#8221;3_4&#8243; _builder_version=&#8221;4.19.4&#8243; _module_preset=&#8221;default&#8221; global_colors_info=&#8221;{}&#8221;][et_pb_gallery gallery_ids=&#8221;30578,30579,30580,30581,30582&#8243; fullwidth=&#8221;on&#8221; _builder_version=&#8221;4.27.4&#8243; _module_preset=&#8221;default&#8221; width=&#8221;900px&#8221; max_width=&#8221;100%&#8221; module_alignment=&#8221;left&#8221; custom_margin=&#8221;||||false|false&#8221; custom_padding=&#8221;||70px||false|false&#8221; auto=&#8221;on&#8221; auto_speed=&#8221;6000&#8243; custom_css_main_element=&#8221;height: fit-content !important;&#8221; global_colors_info=&#8221;{}&#8221;][\/et_pb_gallery][et_pb_text module_class=&#8221;text&#8221; _builder_version=&#8221;4.27.4&#8243; _module_preset=&#8221;default&#8221; width=&#8221;900px&#8221; max_width=&#8221;100%&#8221; module_alignment=&#8221;left&#8221; min_height=&#8221;316px&#8221; custom_margin=&#8221;0px|0px|0px|0px|false|false&#8221; custom_padding=&#8221;0px|0px|90px|0px|false|false&#8221; global_colors_info=&#8221;{}&#8221;]<\/p>\n<p>Todo comienza en 1991, cuando el <strong>Juan Manuel D\u00edaz Burgos<\/strong> visita La Habana por primera vez, justo en el inicio del &#8220;Per\u00edodo Especial&#8221;, un momento de crisis tras la ca\u00edda de la Uni\u00f3n Sovi\u00e9tica. Atra\u00eddo por la ciudad y su gente, regresa en 1995 con un objetivo claro: fotografiar la vida del Malec\u00f3n, dando lugar a su primer gran trabajo, Malec\u00f3n de La Habana. El gran sof\u00e1.<\/p>\n<p>M\u00e1s tarde, su inquietud lo lleva a explorar una Habana m\u00e1s \u00edntima y desconocida, alejada del turismo, con proyectos como La Habana. Visi\u00f3n interior, DESEO y Bienvenidos a La Boca.<\/p>\n<p><strong>Movimiento Continuo<\/strong> es un proyecto fotogr\u00e1fico que recoge m\u00e1s de 32 a\u00f1os de observaci\u00f3n y documentaci\u00f3n de la vida en Cuba, un pa\u00eds donde la creatividad y la resiliencia son esenciales para la supervivencia.<\/p>\n<p>A lo largo de los a\u00f1os, el autor ha sido testigo de la capacidad de los cubanos para &#8220;invental y resolvel&#8221; cualquier problema cotidiano. Desde bicicletas convertidas en taxis hasta coches americanos reinventados, cada imagen refleja ingenio, adaptaci\u00f3n y lucha por la dignidad.<\/p>\n<p>Este proyecto es un homenaje a la creatividad del pueblo cubano, que siempre encuentra una soluci\u00f3n, incluso cuando parece imposible.<\/p>\n<p>[\/et_pb_text][\/et_pb_column][et_pb_column type=&#8221;1_4&#8243; _builder_version=&#8221;4.19.4&#8243; _module_preset=&#8221;default&#8221; global_colors_info=&#8221;{}&#8221;][et_pb_image src=&#8221;https:\/\/revela-t.cat\/2025\/wp-content\/uploads\/2025\/02\/J.M.DIAZ-BURGOS.jpg&#8221; alt=&#8221;Blanca Berlin&#8221; title_text=&#8221;J.M.DI\u0301AZ BURGOS&#8221; force_fullwidth=&#8221;on&#8221; _builder_version=&#8221;4.27.4&#8243; _module_preset=&#8221;default&#8221; custom_margin=&#8221;||0px||false|false&#8221; custom_padding=&#8221;||45px||false|false&#8221; global_colors_info=&#8221;{}&#8221;][\/et_pb_image][et_pb_text module_class=&#8221;text2&#8243; _builder_version=&#8221;4.27.4&#8243; _module_preset=&#8221;default&#8221; width=&#8221;100%&#8221; module_alignment=&#8221;left&#8221; custom_margin=&#8221;0px||0px||false|false&#8221; custom_padding=&#8221;0px||90px||false|false&#8221; global_colors_info=&#8221;{}&#8221;]<\/p>\n<p><strong>Juan Manuel D\u00edaz Burgos<\/strong> <strong>(Cartagena, Murcia) <\/strong><\/p>\n<p>Es un narrador de historias visuales, un observador incansable de la vida cotidiana y un apasionado de la fotograf\u00eda humanista. Su relaci\u00f3n con la imagen ha estado marcada por su fascinaci\u00f3n por la gente, sus gestos, sus costumbres y la capacidad del ser humano para reinventarse en la adversidad.<\/p>\n<p>Desde sus primeros trabajos hasta sus proyectos m\u00e1s recientes, su c\u00e1mara ha sido testigo de las calles de Cartagena, de la esencia inmutable del Caribe y, sobre todo, de la vida en Cuba, un pa\u00eds que ha explorado durante m\u00e1s de 30 a\u00f1os. Obras como Malec\u00f3n de La Habana. El gran sof\u00e1 o La Habana. Visi\u00f3n interior han consolidado su mirada \u00fanica, siempre cargada de empat\u00eda y profundidad.<\/p>\n<p>A lo largo de su trayectoria ha recibido numerosos reconocimientos y ha publicado m\u00e1s de quince libros, pero sigue encontrando en la fotograf\u00eda un espacio de exploraci\u00f3n y descubrimiento.<\/p>\n<p><a href=\"https:\/\/www.instagram.com\/juanma_diazburgos\/\">@juanma_diazburgos<\/a><\/p>\n<p>[\/et_pb_text][et_pb_text _builder_version=&#8221;4.24.2&#8243; _module_preset=&#8221;default&#8221; locked=&#8221;off&#8221; global_colors_info=&#8221;{}&#8221;]<\/p>\n<p><span style=\"font-size: large; color: #000000;\">En colaboraci\u00f3n con<\/span><\/p>\n<p>[\/et_pb_text][et_pb_image src=&#8221;https:\/\/revela-t.cat\/2025\/wp-content\/uploads\/2025\/04\/logo_main_de669fa02c.png&#8221; title_text=&#8221;9 arterri&#8221; url=&#8221;https:\/\/fundacionmediterraneo.es\/&#8221; url_new_window=&#8221;on&#8221; _builder_version=&#8221;4.27.4&#8243; _module_preset=&#8221;default&#8221; hover_enabled=&#8221;0&#8243; locked=&#8221;off&#8221; global_colors_info=&#8221;{}&#8221; sticky_enabled=&#8221;0&#8243;][\/et_pb_image][et_pb_image src=&#8221;https:\/\/revela-t.cat\/2025\/wp-content\/uploads\/2024\/03\/9-arterri.jpg&#8221; title_text=&#8221;9 arterri&#8221; url=&#8221;http:\/\/arterri.com\/es\/inici\/&#8221; url_new_window=&#8221;on&#8221; _builder_version=&#8221;4.27.4&#8243; _module_preset=&#8221;default&#8221; locked=&#8221;off&#8221; global_colors_info=&#8221;{}&#8221;][\/et_pb_image][\/et_pb_column][\/et_pb_row][\/et_pb_section]<\/p>\n","protected":false},"excerpt":{"rendered":"<p>Juan Manuel D\u00edaz BurgosMovimiento Continuo&lt; Exposiciones Todo comienza en 1991, cuando el Juan Manuel D\u00edaz Burgos visita La Habana por primera vez, justo en el inicio del &#8220;Per\u00edodo Especial&#8221;, un momento de crisis tras la ca\u00edda de la Uni\u00f3n Sovi\u00e9tica. Atra\u00eddo por la ciudad y su gente, regresa en 1995 con un objetivo claro: fotografiar [&hellip;]<\/p>\n","protected":false},"author":8,"featured_media":0,"parent":0,"menu_order":0,"comment_status":"closed","ping_status":"closed","template":"","meta":{"_et_pb_use_builder":"on","_et_pb_old_content":"","_et_gb_content_width":"","om_disable_all_campaigns":false,"footnotes":""},"class_list":["post-30568","page","type-page","status-publish","hentry"],"aioseo_notices":[],"_links":{"self":[{"href":"https:\/\/revela-t.cat\/2025\/wp-json\/wp\/v2\/pages\/30568","targetHints":{"allow":["GET"]}}],"collection":[{"href":"https:\/\/revela-t.cat\/2025\/wp-json\/wp\/v2\/pages"}],"about":[{"href":"https:\/\/revela-t.cat\/2025\/wp-json\/wp\/v2\/types\/page"}],"author":[{"embeddable":true,"href":"https:\/\/revela-t.cat\/2025\/wp-json\/wp\/v2\/users\/8"}],"replies":[{"embeddable":true,"href":"https:\/\/revela-t.cat\/2025\/wp-json\/wp\/v2\/comments?post=30568"}],"version-history":[{"count":2,"href":"https:\/\/revela-t.cat\/2025\/wp-json\/wp\/v2\/pages\/30568\/revisions"}],"predecessor-version":[{"id":42613,"href":"https:\/\/revela-t.cat\/2025\/wp-json\/wp\/v2\/pages\/30568\/revisions\/42613"}],"wp:attachment":[{"href":"https:\/\/revela-t.cat\/2025\/wp-json\/wp\/v2\/media?parent=30568"}],"curies":[{"name":"wp","href":"https:\/\/api.w.org\/{rel}","templated":true}]}}