{"id":28300,"date":"2024-11-05T12:33:01","date_gmt":"2024-11-05T11:33:01","guid":{"rendered":"https:\/\/revela-t.cat\/2025\/?page_id=28300"},"modified":"2024-11-07T10:25:26","modified_gmt":"2024-11-07T09:25:26","slug":"2023-cat","status":"publish","type":"page","link":"https:\/\/revela-t.cat\/2025\/ca\/2023-cat\/","title":{"rendered":"2023-CAT"},"content":{"rendered":"<p>[et_pb_section fb_built=&#8221;1&#8243; module_class=&#8221;body-content&#8221; _builder_version=&#8221;4.19.5&#8243; _module_preset=&#8221;default&#8221; width=&#8221;1500px&#8221; max_width=&#8221;100%&#8221; module_alignment=&#8221;center&#8221; custom_margin=&#8221;||0px||false|false&#8221; custom_padding=&#8221;48px||34px||false|false&#8221; locked=&#8221;off&#8221; global_colors_info=&#8221;{}&#8221;][et_pb_row _builder_version=&#8221;4.19.5&#8243; _module_preset=&#8221;default&#8221; width=&#8221;100%&#8221; max_width=&#8221;2560px&#8221; custom_margin=&#8221;0px|0px|0px|0px|false|false&#8221; custom_padding=&#8221;0px|0px|0px|0px|false|false&#8221; global_colors_info=&#8221;{}&#8221;][et_pb_column type=&#8221;4_4&#8243; _builder_version=&#8221;4.19.4&#8243; _module_preset=&#8221;default&#8221; global_colors_info=&#8221;{}&#8221;][et_pb_text module_class=&#8221;title&#8221; _builder_version=&#8221;4.27.2&#8243; _module_preset=&#8221;default&#8221; text_text_color=&#8221;#000000&#8243; custom_margin=&#8221;||||false|false&#8221; custom_padding=&#8221;||10px||false|false&#8221; custom_css_main_element=&#8221;@media (max-width: 2000px) {||.body-content {||  width: calc(100vw &#8211; 80px);||  margin: 0 40px 0 40px;||}||}&#8221; border_width_bottom=&#8221;1px&#8221; border_color_bottom=&#8221;#000000&#8243; global_colors_info=&#8221;{}&#8221;]<\/p>\n<h1><span style=\"color: #000000;\"><strong>Revela&#8217;t 2023: Camins<\/strong><\/span><\/h1>\n<p>[\/et_pb_text][\/et_pb_column][\/et_pb_row][\/et_pb_section][et_pb_section fb_built=&#8221;1&#8243; module_class=&#8221;body-content&#8221; _builder_version=&#8221;4.19.5&#8243; _module_preset=&#8221;default&#8221; width=&#8221;1500px&#8221; max_width=&#8221;100%&#8221; module_alignment=&#8221;center&#8221; custom_margin=&#8221;0px|0px|0px||false|false&#8221; custom_padding=&#8221;0px|0px|180px|0px|false|false&#8221; locked=&#8221;off&#8221; global_colors_info=&#8221;{}&#8221;][et_pb_row use_custom_gutter=&#8221;on&#8221; gutter_width=&#8221;1&#8243; _builder_version=&#8221;4.19.5&#8243; _module_preset=&#8221;default&#8221; width=&#8221;900px&#8221; max_width=&#8221;100%&#8221; module_alignment=&#8221;left&#8221; custom_margin=&#8221;0px||0px|0px|false|false&#8221; custom_padding=&#8221;0px||45px|0px|false|false&#8221; locked=&#8221;off&#8221; global_colors_info=&#8221;{}&#8221;][et_pb_column type=&#8221;4_4&#8243; _builder_version=&#8221;4.19.4&#8243; _module_preset=&#8221;default&#8221; global_colors_info=&#8221;{}&#8221;][et_pb_text module_class=&#8221;text&#8221; _builder_version=&#8221;4.27.2&#8243; _module_preset=&#8221;default&#8221; width=&#8221;100%&#8221; max_width=&#8221;100%&#8221; custom_margin=&#8221;||-2px|0px|false|false&#8221; custom_padding=&#8221;|||0px|false|false&#8221; hover_enabled=&#8221;0&#8243; global_colors_info=&#8221;{}&#8221; sticky_enabled=&#8221;0&#8243;]<\/p>\n<p><span style=\"color: #808080;\"><a style=\"color: #808080;\" href=\"https:\/\/revela-t.cat\/2025\/2024\/ca\/\" target=\"_blank\" rel=\"noopener\">2024<\/a> \/\u00a0<strong>2023<\/strong> \/ <a style=\"color: #808080;\" href=\"https:\/\/revela-t.cat\/2025\/ca\/2022-cat\/\" target=\"_blank\" rel=\"noopener\"> 2022 \/ <\/a><a style=\"color: #808080;\" href=\"https:\/\/revela-t.cat\/2025\/ca\/2021-cat\/\" target=\"_blank\" rel=\"noopener\">2021<\/a><a style=\"color: #808080;\" href=\"https:\/\/revela-t.cat\/2025\/ca\/2022-cat\/\" target=\"_blank\" rel=\"noopener\"> \/ <\/a><a style=\"color: #808080;\" href=\"https:\/\/revela-t.cat\/2025\/ca\/2020-cat\/\" target=\"_blank\" rel=\"noopener\">2020<\/a><a style=\"color: #808080;\" href=\"https:\/\/revela-t.cat\/2025\/ca\/2022-cat\/\" target=\"_blank\" rel=\"noopener\"> \/ <\/a><a style=\"color: #808080;\" href=\"https:\/\/revela-t.cat\/2025\/ca\/2019-cat\/\" target=\"_blank\" rel=\"noopener\">2019<\/a><a style=\"color: #808080;\" href=\"https:\/\/revela-t.cat\/2025\/ca\/2022-cat\/\" target=\"_blank\" rel=\"noopener\"> \/ <\/a><a style=\"color: #808080;\" href=\"https:\/\/revela-t.cat\/2025\/ca\/2018-cat\/\" target=\"_blank\" rel=\"noopener\">2018<\/a><a style=\"color: #808080;\" href=\"https:\/\/revela-t.cat\/2025\/ca\/2022-cat\/\" target=\"_blank\" rel=\"noopener\"> \/ <\/a><a style=\"color: #808080;\" href=\"https:\/\/revela-t.cat\/2025\/ca\/2017-cat\/\" target=\"_blank\" rel=\"noopener\">2017<\/a><a style=\"color: #808080;\" href=\"https:\/\/revela-t.cat\/2025\/ca\/2022-cat\/\" target=\"_blank\" rel=\"noopener\"> \/ <\/a><a style=\"color: #808080;\" href=\"https:\/\/revela-t.cat\/2025\/ca\/2016-cat\/\" target=\"_blank\" rel=\"noopener\">2016<\/a><a style=\"color: #808080;\" href=\"https:\/\/revela-t.cat\/2025\/ca\/2022-cat\/\" target=\"_blank\" rel=\"noopener\"> \/ <\/a><a style=\"color: #808080;\" href=\"https:\/\/revela-t.cat\/2025\/ca\/2015-cat\/\" target=\"_blank\" rel=\"noopener\">2015<\/a><a style=\"color: #808080;\" href=\"https:\/\/revela-t.cat\/2025\/ca\/2022-cat\/\" target=\"_blank\" rel=\"noopener\"> \/ <\/a><a style=\"color: #808080;\" href=\"https:\/\/revela-t.cat\/2025\/ca\/2014-cat\/\" target=\"_blank\" rel=\"noopener\">2014<\/a><a style=\"color: #808080;\" href=\"https:\/\/revela-t.cat\/2025\/ca\/2022-cat\/\" target=\"_blank\" rel=\"noopener\"> \/ <\/a><a style=\"color: #808080;\" href=\"https:\/\/revela-t.cat\/2025\/ca\/2013-cat\/\" target=\"_blank\" rel=\"noopener\">2013<\/a><\/span><\/p>\n<p>[\/et_pb_text][\/et_pb_column][\/et_pb_row][et_pb_row column_structure=&#8221;3_5,2_5&#8243; use_custom_gutter=&#8221;on&#8221; gutter_width=&#8221;2&#8243; _builder_version=&#8221;4.19.5&#8243; _module_preset=&#8221;default&#8221; width=&#8221;100%&#8221; max_width=&#8221;100%&#8221; module_alignment=&#8221;left&#8221; custom_padding=&#8221;0px||0px|||&#8221; global_colors_info=&#8221;{}&#8221;][et_pb_column type=&#8221;3_5&#8243; _builder_version=&#8221;4.19.5&#8243; _module_preset=&#8221;default&#8221; global_colors_info=&#8221;{}&#8221;][et_pb_text module_class=&#8221;text&#8221; _builder_version=&#8221;4.27.2&#8243; _module_preset=&#8221;default&#8221; width=&#8221;900px&#8221; max_width=&#8221;100%&#8221; module_alignment=&#8221;left&#8221; custom_margin=&#8221;|||0px|false|false&#8221; custom_padding=&#8221;||45px|0px|false|false&#8221; custom_css_main_element=&#8221;margin-right: 20px;&#8221; global_colors_info=&#8221;{}&#8221;]<\/p>\n<p>En aquesta edici\u00f3, les exposicions van estar seleccionades sota el tema <strong>Camins<\/strong>, explorant aquest concepte des de diferents \u00f2ptiques i perspectives, convidant-nos a reflexionar sobre les rutes que prenem a la vida, f\u00edsiques, emocionals o simb\u00f2liques.<\/p>\n<p>A trav\u00e9s d\u2019una \u00e0mplia varietat d\u2019exposicions, ens embarquem en un viatge fascinant i ple de descobriments. Les exposicions exhibien camins de vida, reals i imaginats, marcats per experi\u00e8ncies personals i col\u00b7lectives que reflecteixen traject\u00f2ries emocionals, desafiaments i metes que les persones trobem en el nostre recorregut vital. A trav\u00e9s de narratives visuals potents, s\u2019obre un di\u00e0leg entre l\u2019observador i les imatges, que ens transporta a universos \u00fanics i ens permet connectar amb les hist\u00f2ries que hi ha darrere de cada cam\u00ed representat.<\/p>\n<p>El tema \u201cCamins\u201d ens recorda que tots estem en constant moviment i evoluci\u00f3, navegant per una xarxa complexa de possibilitats i eleccions. \u00c9s una invitaci\u00f3 a explorar, aprendre i cr\u00e9ixer.<\/p>\n<p>Es van poder veure 23 exposicions. L\u2019homenatjat d\u2019aquesta edici\u00f3 va ser el reconegut <strong>Ramon Masats<\/strong>.<\/p>\n<p>[\/et_pb_text][et_pb_accordion open_toggle_background_color=&#8221;#FFFFFF&#8221; closed_toggle_text_color=&#8221;#000000&#8243; closed_toggle_background_color=&#8221;#FFFFFF&#8221; toggle_icon=&#8221;&#x4c;||divi||400&#8243; icon_color=&#8221;#000000&#8243; use_icon_font_size=&#8221;on&#8221; icon_font_size=&#8221;30px&#8221; icon_color_last_edited=&#8221;off|desktop&#8221; module_class=&#8221;t&#8221; _builder_version=&#8221;4.27.2&#8243; _module_preset=&#8221;default&#8221; toggle_font=&#8221;|600|||||||&#8221; closed_toggle_text_align=&#8221;left&#8221; body_font_size=&#8221;16px&#8221; custom_margin=&#8221;0px||0px||false|false&#8221; custom_padding=&#8221;0px||0px||false|false&#8221; border_width_all=&#8221;0px&#8221; locked=&#8221;off&#8221; global_colors_info=&#8221;{}&#8221;][et_pb_accordion_item title=&#8221;Exposicions i activitats&#8221; open=&#8221;on&#8221; _builder_version=&#8221;4.27.2&#8243; _module_preset=&#8221;default&#8221; custom_margin=&#8221;0px|||0px|false|false&#8221; custom_padding=&#8221;0px|||0px|false|false&#8221; border_width_bottom=&#8221;1px&#8221; border_color_bottom=&#8221;#000000&#8243; global_colors_info=&#8221;{}&#8221;]<\/p>\n<p>&nbsp;<\/p>\n<p><span style=\"color: #000000;\"><strong>Ram\u00f3n Masats<\/strong>, Visit Spain. <strong>Manuel Outumuro<\/strong>, Orography of the Path. <strong>Mike Brodie<\/strong>, A Period Of Juvenile Prosperity. <strong>Barbara Bosworth<\/strong>, One Star and a Dark Voyage. <strong>Cortis &amp; Sonderegger<\/strong>, Icons. <strong>Eleanor Antin<\/strong>, 100 Boots. <strong>Jim Goldberg<\/strong>, Darrell &amp; Patricia: A Love Story. <strong>Jean-Marc Caimi &amp; Valentina Piccinni<\/strong>, Umana Natura (1r premi Open Call 2023). <strong>John Sanderson<\/strong>, Railroad Landscapes (2n premi Open Call 2023). <strong>Jenni Haili<\/strong>, Songs of Wit and Wisdom (3r premi Open Call 2023). <strong>Luis Vioque<\/strong>, N\u00f3rdica. <strong>Roger Grasas<\/strong>, Ha Aretz. <strong>Jos\u00e9 Luis Carrillo<\/strong>, Los Hijos del Ciervo. <strong>Marina Planas<\/strong> (Casa Planas), Digesti\u00f3n Tur\u00edstica. <strong>Eduardo Almeida<\/strong>, Las Monta\u00f1as: El Camino Interior. <strong>Laura Van Severen &amp; M\u00f2nica Pag\u00e8s<\/strong>, El Camp d&#8217;Elles. <strong>Carma Casul\u00e1<\/strong>, Piel Ib\u00e9rica + TransEuropeas. <strong>Group Exhibition<\/strong>, Revela&#8217;t Residency 2022. <strong>Photo Art Books<\/strong>, Un camino, una historia. <strong>Damian Diaconescu<\/strong>, Transhumance. Art. documentary (16mm film). <strong>JJ Lorenzo<\/strong>, Borderline. <strong>Xiaoxiao Xu<\/strong>, The Way to the Golden Mountain. <strong>Manuel Outumuro<\/strong>, Room Sweet Room.\u00a0<\/span><\/p>\n<p>RESID\u00c8NCIA ARTISTICA<\/p>\n<p><span style=\"color: #000000;\">En aquesta convocat\u00f2ria s\u2019hi van presentar 149 fot\u00f2grafs de 36 pa\u00efsos. Els 8 seleccionats van treballar de forma conjunta a m\u00e9s de participar de les diferents activitats del festival: <strong>Thomas Jenkins<\/strong> (UK), <strong>Andrej Lamut<\/strong> (Slovenia), <strong>Andie Riekstina<\/strong> (Latvia), <strong>Ria Wank<\/strong> (Germany), <strong>Juliana Lee Pinto<\/strong> (Portugal), <strong>Alexandre Folgoso<\/strong> (Spain), <strong>Santiago Martinez<\/strong> (Switzerland) i <strong>Javier Talavera<\/strong> (Spain).<\/span><\/p>\n<p>&nbsp;<\/p>\n<p><strong><span style=\"color: #000000;\">MAIN WEEK<\/span><\/strong><\/p>\n<p>Confer\u00e8ncies<\/p>\n<p><span style=\"color: #000000;\">Els conferenciants d\u2019aquesta edici\u00f3 van ser: Manuel Outumuro, Imma Cort\u00e9s, Chema Conesa, Sonia Masats, Roger Grasas, Enric de Santos, Chechu (Dispara Film), Luis Vioque, Eduardo Almeida, Caimi&amp;Piccinni, Jenni Haili, Arianna Rinaldo, Barbara Bosworth.<\/span><\/p>\n<p>&nbsp;<\/p>\n<p>[\/et_pb_accordion_item][et_pb_accordion_item title=&#8221;Programaci\u00f3&#8221; _builder_version=&#8221;4.27.2&#8243; _module_preset=&#8221;default&#8221; custom_margin=&#8221;0px|||0px|false|false&#8221; custom_padding=&#8221;0px|||0px|false|false&#8221; border_width_bottom=&#8221;1px&#8221; border_color_bottom=&#8221;#000000&#8243; global_colors_info=&#8221;{}&#8221; open=&#8221;off&#8221;]En <span style=\"color: #000000;\"><a class=\"link\" style=\"color: #000000;\" href=\"https:\/\/revela-t.cat\/2025\/2023\/wp-content\/uploads\/2023\/05\/oo-revelat-23-programa-A3-web-def.pdf\" target=\"_blank\" rel=\"noopener\">aquest link<\/a><\/span> <span style=\"color: #000000;\">us podeu descarregar el programa de m\u00e0.<\/span>[\/et_pb_accordion_item][et_pb_accordion_item title=&#8221;V\u00eddeo resum&#8221; _builder_version=&#8221;4.27.2&#8243; _module_preset=&#8221;default&#8221; custom_margin=&#8221;0px|||0px|false|false&#8221; custom_padding=&#8221;0px|||0px|false|false&#8221; border_width_bottom=&#8221;1px&#8221; border_color_bottom=&#8221;#000000&#8243; global_colors_info=&#8221;{}&#8221; open=&#8221;off&#8221;]<\/p>\n<p>&nbsp;<\/p>\n<div style=\"width: 1080px;\" class=\"wp-video\"><video class=\"wp-video-shortcode\" id=\"video-28300-1\" width=\"1080\" height=\"608\" preload=\"metadata\" controls=\"controls\"><source type=\"video\/mp4\" src=\"https:\/\/revela-t.cat\/2025\/wp-content\/uploads\/2023\/07\/Aftermovie_Revelat_2023.mp4?_=1\" \/><a href=\"https:\/\/revela-t.cat\/2025\/wp-content\/uploads\/2023\/07\/Aftermovie_Revelat_2023.mp4\">https:\/\/revela-t.cat\/2025\/wp-content\/uploads\/2023\/07\/Aftermovie_Revelat_2023.mp4<\/a><\/video><\/div>\n<p>[\/et_pb_accordion_item][\/et_pb_accordion][\/et_pb_column][et_pb_column type=&#8221;2_5&#8243; _builder_version=&#8221;4.19.5&#8243; _module_preset=&#8221;default&#8221; global_colors_info=&#8221;{}&#8221;][et_pb_image src=&#8221;https:\/\/revela-t.cat\/2025\/wp-content\/uploads\/2024\/11\/Revela-t_Cartel_2023.webp&#8221; title_text=&#8221;Revela-t_Cartel_2023&#8243; force_fullwidth=&#8221;on&#8221; _builder_version=&#8221;4.27.2&#8243; _module_preset=&#8221;default&#8221; global_colors_info=&#8221;{}&#8221;][\/et_pb_image][\/et_pb_column][\/et_pb_row][\/et_pb_section]<\/p>\n","protected":false},"excerpt":{"rendered":"<p>Revela&#8217;t 2023: Camins2024 \/\u00a02023 \/ 2022 \/ 2021 \/ 2020 \/ 2019 \/ 2018 \/ 2017 \/ 2016 \/ 2015 \/ 2014 \/ 2013En aquesta edici\u00f3, les exposicions van estar seleccionades sota el tema Camins, explorant aquest concepte des de diferents \u00f2ptiques i perspectives, convidant-nos a reflexionar sobre les rutes que prenem a la vida, [&hellip;]<\/p>\n","protected":false},"author":8,"featured_media":0,"parent":0,"menu_order":0,"comment_status":"closed","ping_status":"closed","template":"","meta":{"_et_pb_use_builder":"on","_et_pb_old_content":"","_et_gb_content_width":"","om_disable_all_campaigns":false,"footnotes":""},"class_list":["post-28300","page","type-page","status-publish","hentry"],"aioseo_notices":[],"_links":{"self":[{"href":"https:\/\/revela-t.cat\/2025\/wp-json\/wp\/v2\/pages\/28300","targetHints":{"allow":["GET"]}}],"collection":[{"href":"https:\/\/revela-t.cat\/2025\/wp-json\/wp\/v2\/pages"}],"about":[{"href":"https:\/\/revela-t.cat\/2025\/wp-json\/wp\/v2\/types\/page"}],"author":[{"embeddable":true,"href":"https:\/\/revela-t.cat\/2025\/wp-json\/wp\/v2\/users\/8"}],"replies":[{"embeddable":true,"href":"https:\/\/revela-t.cat\/2025\/wp-json\/wp\/v2\/comments?post=28300"}],"version-history":[{"count":0,"href":"https:\/\/revela-t.cat\/2025\/wp-json\/wp\/v2\/pages\/28300\/revisions"}],"wp:attachment":[{"href":"https:\/\/revela-t.cat\/2025\/wp-json\/wp\/v2\/media?parent=28300"}],"curies":[{"name":"wp","href":"https:\/\/api.w.org\/{rel}","templated":true}]}}