{"id":23024,"date":"2024-04-08T11:23:43","date_gmt":"2024-04-08T09:23:43","guid":{"rendered":"https:\/\/revela-t.cat\/2025\/?page_id=23024"},"modified":"2024-04-24T09:14:25","modified_gmt":"2024-04-24T07:14:25","slug":"talleres-2024","status":"publish","type":"page","link":"https:\/\/revela-t.cat\/2025\/talleres-2024\/","title":{"rendered":"Talleres 2024"},"content":{"rendered":"<p>[et_pb_section fb_built=&#8221;1&#8243; admin_label=&#8221;Section&#8221; module_class=&#8221;body-content&#8221; _builder_version=&#8221;4.24.2&#8243; _module_preset=&#8221;default&#8221; width=&#8221;1500px&#8221; max_width=&#8221;100%&#8221; module_alignment=&#8221;center&#8221; custom_margin=&#8221;0px|0px|-5px|0px|false|false&#8221; custom_padding=&#8221;0px|0px|6px|0px|false|false&#8221; locked=&#8221;off&#8221; global_colors_info=&#8221;{}&#8221;][et_pb_row _builder_version=&#8221;4.24.2&#8243; _module_preset=&#8221;_initial&#8221; width=&#8221;100%&#8221; max_width=&#8221;2560px&#8221; min_height=&#8221;94.7px&#8221; custom_margin=&#8221;0px|0px|0px|0px|false|false&#8221; custom_padding=&#8221;0px|0px|0px|0px|false|false&#8221; global_colors_info=&#8221;{}&#8221;][et_pb_column type=&#8221;4_4&#8243; _builder_version=&#8221;4.19.4&#8243; _module_preset=&#8221;default&#8221; global_colors_info=&#8221;{}&#8221;][et_pb_text module_class=&#8221;title&#8221; _builder_version=&#8221;4.24.2&#8243; _module_preset=&#8221;_initial&#8221; text_text_color=&#8221;#000000&#8243; min_height=&#8221;0px&#8221; custom_margin=&#8221;15px||||false|false&#8221; custom_padding=&#8221;||||false|false&#8221; custom_css_main_element=&#8221;@media (max-width: 2000px) {||.body-content {|| width: calc(100vw &#8211; 80px);|| margin: 0 40px 0 40px;||}||}&#8221; border_width_bottom=&#8221;1px&#8221; border_color_bottom=&#8221;#000000&#8243; global_colors_info=&#8221;{}&#8221;]<\/p>\n<h1><span style=\"color: #000000;\"><strong>Talleres fotogr\u00e1ficos<\/strong><\/span><\/h1>\n<p>[\/et_pb_text][\/et_pb_column][\/et_pb_row][\/et_pb_section][et_pb_section fb_built=&#8221;1&#8243; admin_label=&#8221;Section&#8221; module_class=&#8221;body-content&#8221; _builder_version=&#8221;4.20.2&#8243; _module_preset=&#8221;default&#8221; width=&#8221;1500px&#8221; max_width=&#8221;100%&#8221; module_alignment=&#8221;center&#8221; custom_margin=&#8221;0px|0px|-81px|0px|false|false&#8221; custom_padding=&#8221;0px|0px|90px|0px|false|false&#8221; locked=&#8221;off&#8221; global_colors_info=&#8221;{}&#8221;][et_pb_row _builder_version=&#8221;4.24.2&#8243; _module_preset=&#8221;default&#8221; width=&#8221;100%&#8221; max_width=&#8221;2560px&#8221; custom_margin=&#8221;0px|0px|0px|0px|false|false&#8221; custom_padding=&#8221;0px|0px|23px|0px|false|false&#8221; locked=&#8221;off&#8221; global_colors_info=&#8221;{}&#8221;][et_pb_column type=&#8221;4_4&#8243; _builder_version=&#8221;4.19.4&#8243; _module_preset=&#8221;default&#8221; global_colors_info=&#8221;{}&#8221;][et_pb_text module_class=&#8221;title&#8221; _builder_version=&#8221;4.24.2&#8243; _module_preset=&#8221;default&#8221; text_text_color=&#8221;#000000&#8243; custom_margin=&#8221;10px||10px||false|false&#8221; custom_padding=&#8221;||||false|false&#8221; custom_css_main_element=&#8221;@media (max-width: 2000px) {||.body-content {|| width: calc(100vw &#8211; 80px);|| margin: 0 40px 0 40px;||}||}&#8221; border_color_bottom=&#8221;#000000&#8243; global_colors_info=&#8221;{}&#8221;]<\/p>\n<h2><span style=\"font-weight: light;\">18, 20, 21, 22, 23, 24 y 25 de mayo<\/span><\/h2>\n<p>[\/et_pb_text][\/et_pb_column][\/et_pb_row][\/et_pb_section][et_pb_section fb_built=&#8221;1&#8243; admin_label=&#8221;Section&#8221; module_class=&#8221;body-content&#8221; _builder_version=&#8221;4.19.5&#8243; _module_preset=&#8221;default&#8221; width=&#8221;1500px&#8221; max_width=&#8221;100%&#8221; module_alignment=&#8221;center&#8221; min_height=&#8221;512.4px&#8221; custom_margin=&#8221;0px||0px||false|false&#8221; custom_padding=&#8221;0px|0px|2px|0px|false|false&#8221; locked=&#8221;off&#8221; global_colors_info=&#8221;{}&#8221;][et_pb_row column_structure=&#8221;1_3,1_3,1_3&#8243; use_custom_gutter=&#8221;on&#8221; gutter_width=&#8221;1&#8243; make_equal=&#8221;on&#8221; _builder_version=&#8221;4.20.2&#8243; _module_preset=&#8221;default&#8221; width=&#8221;100%&#8221; max_width=&#8221;100%&#8221; custom_margin=&#8221;0px|0px|0px|0px|false|false&#8221; custom_padding=&#8221;0px||0px||false|false&#8221; locked=&#8221;off&#8221; global_colors_info=&#8221;{}&#8221;][et_pb_column type=&#8221;1_3&#8243; _builder_version=&#8221;4.19.4&#8243; _module_preset=&#8221;default&#8221; custom_css_main_element=&#8221;margin-right: 20px !important;&#8221; global_colors_info=&#8221;{}&#8221;][et_pb_image src=&#8221;https:\/\/revela-t.cat\/2025\/wp-content\/uploads\/2024\/04\/placa-Vilassar.jpg&#8221; alt=&#8221;Visionado Revelat 2022 &#8221; title_text=&#8221;placa Vilassar&#8221; url=&#8221;https:\/\/revela-t.cat\/2025\/conferencias\/&#8221; force_fullwidth=&#8221;on&#8221; module_class=&#8221;overlay-img&#8221; _builder_version=&#8221;4.24.2&#8243; _module_preset=&#8221;_initial&#8221; custom_margin=&#8221;||0px||false|false&#8221; custom_padding=&#8221;||0px||false|false&#8221; filter_brightness=&#8221;90%&#8221; filter_opacity=&#8221;80%&#8221; global_colors_info=&#8221;{}&#8221;][\/et_pb_image][et_pb_text module_class=&#8221;text2&#8243; _builder_version=&#8221;4.24.3&#8243; _module_preset=&#8221;default&#8221; custom_margin=&#8221;||0px||false|false&#8221; custom_padding=&#8221;23px||23px||false|false&#8221; global_colors_info=&#8221;{}&#8221;]<\/p>\n<h2><strong>Passejada Fotogr\u00e0fica<\/strong><\/h2>\n<p>Descubriremos lugares de Vilassar con mucho significado de la mano de <strong>Arnau Saborit<\/strong>, y acabaremos el recorrido en la exposici\u00f3n Sala Losdijck. Taller gratuito.<\/p>\n<p>[\/et_pb_text][et_pb_button button_url=&#8221;https:\/\/revela-t.cat\/2025\/passejada-vilassar-de-dalt\/&#8221; button_text=&#8221;Ap\u00fantate&#8221; _builder_version=&#8221;4.25.0&#8243; _module_preset=&#8221;default&#8221; custom_margin=&#8221;||40px||false|false&#8221; hover_enabled=&#8221;0&#8243; global_colors_info=&#8221;{}&#8221; sticky_enabled=&#8221;0&#8243;][\/et_pb_button][\/et_pb_column][et_pb_column type=&#8221;1_3&#8243; _builder_version=&#8221;4.19.4&#8243; _module_preset=&#8221;default&#8221; custom_css_main_element=&#8221;margin-right: 20px !important;&#8221; global_colors_info=&#8221;{}&#8221;][et_pb_image src=&#8221;https:\/\/revela-t.cat\/2025\/wp-content\/uploads\/2024\/03\/Aatkins.jpg&#8221; alt=&#8221;Visionado Revelat 2022 &#8221; title_text=&#8221;Aatkins&#8221; url=&#8221;https:\/\/revela-t.cat\/2025\/inauguracion-y-homenaje\/&#8221; force_fullwidth=&#8221;on&#8221; module_class=&#8221;overlay-img&#8221; _builder_version=&#8221;4.24.3&#8243; _module_preset=&#8221;_initial&#8221; custom_margin=&#8221;||0px||false|false&#8221; custom_padding=&#8221;||||false|false&#8221; filter_brightness=&#8221;90%&#8221; filter_opacity=&#8221;80%&#8221; global_colors_info=&#8221;{}&#8221;][\/et_pb_image][et_pb_text content_tablet=&#8221;&#8221; content_phone=&#8221;<\/p>\n<h2><strong>Taller\/Demo Cianot\u00edpia<\/strong><\/h2>\n<p>Junto a <strong>Anna Fabra<\/strong>, os proponemos un taller gratuito donde cada participante podr\u00e1 experimentar con la luz y diferentes plantas, al estilo de Anna Atkins, la primera mujer en realizar un fotolibro.<\/p>\n<p>&#8221; content_last_edited=&#8221;on|phone&#8221; module_class=&#8221;text2&#8243; _builder_version=&#8221;4.25.0&#8243; _module_preset=&#8221;default&#8221; min_height=&#8221;100.5px&#8221; custom_margin=&#8221;||0px||false|false&#8221; custom_padding=&#8221;23px||23px||false|false&#8221; global_colors_info=&#8221;{}&#8221;]<\/p>\n<h2><strong>Taller\/Demo Cianot\u00edpia<\/strong><\/h2>\n<p>Junto a <strong>Anna Fabra<\/strong>, os proponemos un taller gratuito donde cada participante podr\u00e1 experimentar con la luz y diferentes plantas, al estilo de Anna Atkins, la primera mujer en realizar un fotolibro.<\/p>\n<p>[\/et_pb_text][et_pb_button button_url=&#8221;https:\/\/revela-t.cat\/2025\/taller-cianotipia&#8221; button_text=&#8221;Ap\u00fantate&#8221; _builder_version=&#8221;4.25.0&#8243; _module_preset=&#8221;default&#8221; custom_margin=&#8221;||40px||false|false&#8221; hover_enabled=&#8221;0&#8243; global_colors_info=&#8221;{}&#8221; sticky_enabled=&#8221;0&#8243;][\/et_pb_button][\/et_pb_column][et_pb_column type=&#8221;1_3&#8243; _builder_version=&#8221;4.19.4&#8243; _module_preset=&#8221;default&#8221; global_colors_info=&#8221;{}&#8221;][et_pb_image src=&#8221;https:\/\/revela-t.cat\/2025\/wp-content\/uploads\/2024\/04\/labo2.jpg&#8221; alt=&#8221;Visionado Revelat 2022 &#8221; title_text=&#8221;labo2&#8243; url=&#8221;https:\/\/revela-t.cat\/2025\/2023\/actividades-publico-familiar\/&#8221; force_fullwidth=&#8221;on&#8221; module_class=&#8221;overlay-img&#8221; _builder_version=&#8221;4.24.2&#8243; _module_preset=&#8221;_initial&#8221; custom_margin=&#8221;||0px||false|false&#8221; custom_padding=&#8221;||||false|false&#8221; filter_brightness=&#8221;90%&#8221; filter_opacity=&#8221;80%&#8221; global_colors_info=&#8221;{}&#8221;][\/et_pb_image][et_pb_text module_class=&#8221;text2&#8243; _builder_version=&#8221;4.24.3&#8243; _module_preset=&#8221;_initial&#8221; custom_margin=&#8221;||0px||false|false&#8221; custom_padding=&#8221;23px||23px||false|false&#8221; locked=&#8221;off&#8221; global_colors_info=&#8221;{}&#8221;]<\/p>\n<h2><strong>Introducci\u00f3n al labo (I y II)<\/strong><\/h2>\n<div>Dos talleres, en distintos d\u00edas, de dos jornadas cada uno. El primero a trav\u00e9s del retrato con <strong>Salvador Alsina<\/strong> y el segundo en el paisaje, de la mano de <strong>Santos Montes.<\/strong> Taller gratuito, material aparte.<\/div>\n<div>\u00a0<\/div>\n<p>[\/et_pb_text][et_pb_button button_url=&#8221;https:\/\/revela-t.cat\/2025\/talleres-intro-laboratorio\/&#8221; button_text=&#8221;Ap\u00fantate&#8221; _builder_version=&#8221;4.25.0&#8243; _module_preset=&#8221;default&#8221; custom_margin=&#8221;||40px||false|false&#8221; hover_enabled=&#8221;0&#8243; global_colors_info=&#8221;{}&#8221; sticky_enabled=&#8221;0&#8243;][\/et_pb_button][\/et_pb_column][\/et_pb_row][\/et_pb_section][et_pb_section fb_built=&#8221;1&#8243; admin_label=&#8221;Section&#8221; module_class=&#8221;body-content&#8221; _builder_version=&#8221;4.19.5&#8243; _module_preset=&#8221;default&#8221; width=&#8221;1500px&#8221; max_width=&#8221;100%&#8221; module_alignment=&#8221;center&#8221; custom_margin=&#8221;0px||0px||false|false&#8221; custom_padding=&#8221;0px|0px|45px|0px|false|false&#8221; locked=&#8221;off&#8221; global_colors_info=&#8221;{}&#8221;][et_pb_row column_structure=&#8221;1_3,1_3,1_3&#8243; use_custom_gutter=&#8221;on&#8221; gutter_width=&#8221;1&#8243; make_equal=&#8221;on&#8221; _builder_version=&#8221;4.19.5&#8243; _module_preset=&#8221;_initial&#8221; width=&#8221;100%&#8221; max_width=&#8221;100%&#8221; min_height=&#8221;151.7px&#8221; custom_margin=&#8221;0px|0px|0px|0px|false|false&#8221; custom_padding=&#8221;0px||0px||false|false&#8221; locked=&#8221;off&#8221; global_colors_info=&#8221;{}&#8221;][et_pb_column type=&#8221;1_3&#8243; _builder_version=&#8221;4.19.4&#8243; _module_preset=&#8221;default&#8221; custom_css_main_element=&#8221;margin-right: 20px !important;&#8221; global_colors_info=&#8221;{}&#8221;][et_pb_image src=&#8221;https:\/\/revela-t.cat\/2025\/wp-content\/uploads\/2024\/03\/can-grapes2.jpg&#8221; alt=&#8221;Visionado Revelat 2022 &#8221; title_text=&#8221;can grapes2&#8243; url=&#8221;https:\/\/revela-t.cat\/2025\/2023\/photowalk-con-jota-barros\/&#8221; force_fullwidth=&#8221;on&#8221; module_class=&#8221;overlay-img&#8221; _builder_version=&#8221;4.24.2&#8243; _module_preset=&#8221;_initial&#8221; custom_margin=&#8221;||0px||false|false&#8221; custom_padding=&#8221;||||false|false&#8221; filter_brightness=&#8221;90%&#8221; filter_opacity=&#8221;80%&#8221; global_colors_info=&#8221;{}&#8221;][\/et_pb_image][et_pb_text module_class=&#8221;text2&#8243; _builder_version=&#8221;4.24.3&#8243; _module_preset=&#8221;_initial&#8221; custom_margin=&#8221;||0px||false|false&#8221; custom_padding=&#8221;23px||23px||false|false&#8221; global_colors_info=&#8221;{}&#8221;]<\/p>\n<h2><strong>Fiesta o drama<\/strong><\/h2>\n<p>Trabajaremos con el <strong>colectivo can Grapes<\/strong> sobre el formato Fanzine como una herramienta m\u00e1s de creaci\u00f3n, en la narraci\u00f3n hecha con im\u00e1genes, la creaci\u00f3n colectiva y la edici\u00f3n del formato impreso<\/p>\n<p>[\/et_pb_text][et_pb_button button_url=&#8221;https:\/\/revela-t.cat\/2025\/taller-fiesta-o-drama\/&#8221; button_text=&#8221;Ap\u00fantate&#8221; _builder_version=&#8221;4.25.0&#8243; _module_preset=&#8221;default&#8221; custom_margin=&#8221;||40px||false|false&#8221; hover_enabled=&#8221;0&#8243; global_colors_info=&#8221;{}&#8221; sticky_enabled=&#8221;0&#8243;][\/et_pb_button][\/et_pb_column][et_pb_column type=&#8221;1_3&#8243; _builder_version=&#8221;4.19.4&#8243; _module_preset=&#8221;default&#8221; custom_css_main_element=&#8221;margin-right: 20px !important;&#8221; global_colors_info=&#8221;{}&#8221;][et_pb_image src=&#8221;https:\/\/revela-t.cat\/2025\/wp-content\/uploads\/2024\/04\/Mindfulness.jpg&#8221; title_text=&#8221;Mindfulness&#8221; url=&#8221;https:\/\/revela-t.cat\/2025\/market-fotografico\/&#8221; force_fullwidth=&#8221;on&#8221; module_class=&#8221;overlay-img&#8221; _builder_version=&#8221;4.24.2&#8243; _module_preset=&#8221;default&#8221; custom_margin=&#8221;||0px||false|false&#8221; custom_padding=&#8221;||||false|false&#8221; filter_brightness=&#8221;90%&#8221; filter_opacity=&#8221;80%&#8221; global_colors_info=&#8221;{}&#8221;][\/et_pb_image][et_pb_text module_class=&#8221;text2&#8243; _builder_version=&#8221;4.24.3&#8243; _module_preset=&#8221;default&#8221; custom_margin=&#8221;||0px||false|false&#8221; custom_padding=&#8221;23px||23px||false|false&#8221; global_colors_info=&#8221;{}&#8221;]<\/p>\n<h2><strong>Fotograf\u00eda y Mindfulness<\/strong><\/h2>\n<p>Nuestra atenci\u00f3n es un recurso escaso debido a las constantes distracciones. La fotograf\u00eda es una herramienta poderosa que exige plena concentraci\u00f3n. Un taller con <strong>Nacho Rivera<\/strong><\/p>\n<p>[\/et_pb_text][et_pb_button button_url=&#8221;https:\/\/revela-t.cat\/2025\/taller-con-nacho-rivera\/&#8221; button_text=&#8221;Ap\u00fantate&#8221; _builder_version=&#8221;4.25.0&#8243; _module_preset=&#8221;default&#8221; custom_margin=&#8221;||45px||false|false&#8221; hover_enabled=&#8221;0&#8243; global_colors_info=&#8221;{}&#8221; sticky_enabled=&#8221;0&#8243;][\/et_pb_button][\/et_pb_column][et_pb_column type=&#8221;1_3&#8243; _builder_version=&#8221;4.19.4&#8243; _module_preset=&#8221;default&#8221; global_colors_info=&#8221;{}&#8221;][et_pb_image src=&#8221;https:\/\/revela-t.cat\/2025\/wp-content\/uploads\/2024\/04\/lithprinting.jpg&#8221; alt=&#8221;Visionado Revelat 2022 &#8221; title_text=&#8221;lithprinting&#8221; url=&#8221;https:\/\/revela-t.cat\/2025\/2023\/actividades-publico-familiar\/&#8221; force_fullwidth=&#8221;on&#8221; module_class=&#8221;overlay-img&#8221; _builder_version=&#8221;4.24.2&#8243; _module_preset=&#8221;_initial&#8221; custom_margin=&#8221;||0px||false|false&#8221; custom_padding=&#8221;||||false|false&#8221; filter_brightness=&#8221;90%&#8221; filter_opacity=&#8221;80%&#8221; global_colors_info=&#8221;{}&#8221;][\/et_pb_image][et_pb_text module_class=&#8221;text2&#8243; _builder_version=&#8221;4.24.3&#8243; _module_preset=&#8221;_initial&#8221; custom_margin=&#8221;||0px||false|false&#8221; custom_padding=&#8221;23px||23px||false|false&#8221; global_colors_info=&#8221;{}&#8221;]<\/p>\n<h2><strong>Lithprinting<\/strong><\/h2>\n<p>Un taller en ingl\u00e9s, con <strong>Oliver Pera<\/strong>, donde explorar\u00e1s el mundo de la impresi\u00f3n litogr\u00e1fica, con varios tipos de papel y revelador y factores que afectan al contraste y color de tus impresiones.<\/p>\n<p>[\/et_pb_text][et_pb_button button_url=&#8221;https:\/\/revela-t.cat\/2025\/taller-lithprinting-con-oliver-pera\/&#8221; button_text=&#8221;Ap\u00fantate&#8221; _builder_version=&#8221;4.25.0&#8243; _module_preset=&#8221;default&#8221; custom_margin=&#8221;||45px||false|false&#8221; hover_enabled=&#8221;0&#8243; locked=&#8221;off&#8221; global_colors_info=&#8221;{}&#8221; sticky_enabled=&#8221;0&#8243;][\/et_pb_button][\/et_pb_column][\/et_pb_row][et_pb_row column_structure=&#8221;1_3,1_3,1_3&#8243; use_custom_gutter=&#8221;on&#8221; gutter_width=&#8221;1&#8243; make_equal=&#8221;on&#8221; _builder_version=&#8221;4.19.5&#8243; _module_preset=&#8221;default&#8221; width=&#8221;100%&#8221; max_width=&#8221;100%&#8221; custom_margin=&#8221;0px|0px|0px|0px|false|false&#8221; custom_padding=&#8221;0px||0px||false|false&#8221; locked=&#8221;off&#8221; global_colors_info=&#8221;{}&#8221;][et_pb_column type=&#8221;1_3&#8243; _builder_version=&#8221;4.19.4&#8243; _module_preset=&#8221;default&#8221; custom_css_main_element=&#8221;margin-right: 20px !important;&#8221; global_colors_info=&#8221;{}&#8221;][et_pb_image src=&#8221;https:\/\/revela-t.cat\/2025\/wp-content\/uploads\/2024\/04\/taller-momene.jpg&#8221; alt=&#8221;Visionado Revelat 2022&#8243; title_text=&#8221;taller momen\u0303e&#8221; url=&#8221;https:\/\/revela-t.cat\/2025\/sesion-de-visionado-de-portafolios&#8221; force_fullwidth=&#8221;on&#8221; module_class=&#8221;overlay-img&#8221; _builder_version=&#8221;4.24.2&#8243; _module_preset=&#8221;default&#8221; custom_margin=&#8221;||0px||false|false&#8221; custom_padding=&#8221;||||false|false&#8221; filter_brightness=&#8221;90%&#8221; filter_opacity=&#8221;80%&#8221; global_colors_info=&#8221;{}&#8221;][\/et_pb_image][et_pb_text module_class=&#8221;text2&#8243; _builder_version=&#8221;4.24.3&#8243; _module_preset=&#8221;default&#8221; custom_margin=&#8221;||0px||false|false&#8221; custom_padding=&#8221;23px||23px||false|false&#8221; global_colors_info=&#8221;{}&#8221;]<\/p>\n<h2><strong>El retrato y otras fotograf\u00edas<\/strong><\/h2>\n<p>Un taller con <strong>Eduardo Mome\u00f1e<\/strong>, para explorar el proceso de elaboraci\u00f3n de retratos de estudio, nuestro espacio de creaci\u00f3n fotogr\u00e1fica, enfoc\u00e1ndose en construir im\u00e1genes significativas.<\/p>\n<p>[\/et_pb_text][et_pb_button button_url=&#8221;https:\/\/revela-t.cat\/2025\/taller-eduardo-momene\/&#8221; button_text=&#8221;Ap\u00fantate&#8221; _builder_version=&#8221;4.25.0&#8243; _module_preset=&#8221;default&#8221; custom_margin=&#8221;||45px||false|false&#8221; hover_enabled=&#8221;0&#8243; global_colors_info=&#8221;{}&#8221; sticky_enabled=&#8221;0&#8243;][\/et_pb_button][\/et_pb_column][et_pb_column type=&#8221;1_3&#8243; _builder_version=&#8221;4.19.4&#8243; _module_preset=&#8221;default&#8221; custom_css_main_element=&#8221;margin-right: 20px !important;&#8221; global_colors_info=&#8221;{}&#8221;][et_pb_image src=&#8221;https:\/\/revela-t.cat\/2025\/wp-content\/uploads\/2024\/04\/CO-Workshop.jpg&#8221; alt=&#8221;Visionado Revelat 2022 &#8221; title_text=&#8221;CO-Workshop&#8221; url=&#8221;https:\/\/revela-t.cat\/2025\/paella-popular\/&#8221; force_fullwidth=&#8221;on&#8221; module_class=&#8221;overlay-img&#8221; _builder_version=&#8221;4.24.2&#8243; _module_preset=&#8221;default&#8221; custom_margin=&#8221;||0px||false|false&#8221; custom_padding=&#8221;||||false|false&#8221; filter_brightness=&#8221;90%&#8221; filter_opacity=&#8221;80%&#8221; locked=&#8221;off&#8221; global_colors_info=&#8221;{}&#8221;][\/et_pb_image][et_pb_text module_class=&#8221;text2&#8243; _builder_version=&#8221;4.24.3&#8243; _module_preset=&#8221;default&#8221; custom_margin=&#8221;||0px||false|false&#8221; custom_padding=&#8221;23px||23px||false|false&#8221; locked=&#8221;off&#8221; global_colors_info=&#8221;{}&#8221;]<\/p>\n<h2><strong>C.O. Fascination<\/strong><\/h2>\n<p>Un taller en ingl\u00e9s, con <strong>ChristianO Weigang<\/strong> sobre el proceso de obtenci\u00f3n de im\u00e1genes con Camera Obscura, la base de todo el proceso fotogr\u00e1fico anal\u00f3gico.<\/p>\n<p>[\/et_pb_text][et_pb_button button_url=&#8221;https:\/\/revela-t.cat\/2025\/taller-co-fascination\/&#8221; button_text=&#8221;Ap\u00fantate&#8221; _builder_version=&#8221;4.25.0&#8243; _module_preset=&#8221;default&#8221; custom_margin=&#8221;||40px||false|false&#8221; hover_enabled=&#8221;0&#8243; locked=&#8221;off&#8221; global_colors_info=&#8221;{}&#8221; sticky_enabled=&#8221;0&#8243;][\/et_pb_button][\/et_pb_column][et_pb_column type=&#8221;1_3&#8243; _builder_version=&#8221;4.19.4&#8243; _module_preset=&#8221;default&#8221; global_colors_info=&#8221;{}&#8221;][et_pb_image src=&#8221;https:\/\/revela-t.cat\/2025\/wp-content\/uploads\/2024\/04\/taller-esdtela.jpg&#8221; alt=&#8221;Camiseta Revela&#8217;T 2023 Edicion Limitada2&#8243; title_text=&#8221;taller esdtela&#8221; url=&#8221;https:\/\/revela-t.cat\/2025\/merchandising-esp\/&#8221; force_fullwidth=&#8221;on&#8221; module_class=&#8221;overlay-img&#8221; _builder_version=&#8221;4.24.2&#8243; _module_preset=&#8221;default&#8221; custom_margin=&#8221;||0px||false|false&#8221; custom_padding=&#8221;||||false|false&#8221; filter_brightness=&#8221;90%&#8221; filter_opacity=&#8221;80%&#8221; locked=&#8221;off&#8221; global_colors_info=&#8221;{}&#8221;][\/et_pb_image][et_pb_text module_class=&#8221;text2&#8243; _builder_version=&#8221;4.24.3&#8243; _module_preset=&#8221;default&#8221; custom_margin=&#8221;||0px||false|false&#8221; custom_padding=&#8221;23px||23px||false|false&#8221; global_colors_info=&#8221;{}&#8221;]<\/p>\n<h2><strong>Sobre el retrato<\/strong><\/h2>\n<p>El retrato es uno de los g\u00e9neros m\u00e1s complejos de la fotograf\u00eda, el manejo de la luz, la composici\u00f3n y el cara a cara con qui\u00e9n vamos a fotografiar. Con <strong>Estela de Castro<\/strong><\/p>\n<p>[\/et_pb_text][et_pb_button button_url=&#8221;https:\/\/revela-t.cat\/2025\/taller-sobre-el-retrato&#8221; button_text=&#8221;Ap\u00fantate&#8221; _builder_version=&#8221;4.25.0&#8243; _module_preset=&#8221;default&#8221; custom_margin=&#8221;||40px||false|false&#8221; hover_enabled=&#8221;0&#8243; locked=&#8221;off&#8221; global_colors_info=&#8221;{}&#8221; sticky_enabled=&#8221;0&#8243;][\/et_pb_button][\/et_pb_column][\/et_pb_row][\/et_pb_section][et_pb_section fb_built=&#8221;1&#8243; admin_label=&#8221;Section&#8221; module_class=&#8221;body-content&#8221; _builder_version=&#8221;4.19.5&#8243; _module_preset=&#8221;default&#8221; width=&#8221;1500px&#8221; max_width=&#8221;100%&#8221; module_alignment=&#8221;center&#8221; custom_margin=&#8221;0px||0px|0px|false|false&#8221; custom_padding=&#8221;0px|0px|180px|0px|false|false&#8221; locked=&#8221;off&#8221; global_colors_info=&#8221;{}&#8221;][et_pb_row _builder_version=&#8221;4.19.5&#8243; _module_preset=&#8221;_initial&#8221; width=&#8221;900px&#8221; max_width=&#8221;100%&#8221; custom_margin=&#8221;0px||0px|0px|false|false&#8221; custom_padding=&#8221;0px||0px|0px|false|false&#8221; global_colors_info=&#8221;{}&#8221;][et_pb_column type=&#8221;4_4&#8243; _builder_version=&#8221;4.19.4&#8243; _module_preset=&#8221;default&#8221; global_colors_info=&#8221;{}&#8221;][et_pb_text module_class=&#8221;text&#8221; _builder_version=&#8221;4.19.5&#8243; _module_preset=&#8221;_initial&#8221; width=&#8221;100%&#8221; max_width=&#8221;100%&#8221; custom_margin=&#8221;|0px||0px|false|false&#8221; custom_padding=&#8221;|0px||0px|false|false&#8221; global_colors_info=&#8221;{}&#8221;]\u00bfTienes m\u00e1s preguntas? Cont\u00e1ctanos en <a class=\"link\" href=\"mailto:espaifotografic@gmail.com\">espaifotografic@gmail.com<\/a> [\/et_pb_text][\/et_pb_column][\/et_pb_row][\/et_pb_section]<\/p>\n","protected":false},"excerpt":{"rendered":"<p>Talleres fotogr\u00e1ficos 18, 20, 21, 22, 23, 24 y 25 de mayo Passejada Fotogr\u00e0fica Descubriremos lugares de Vilassar con mucho significado de la mano de Arnau Saborit, y acabaremos el recorrido en la exposici\u00f3n Sala Losdijck. Taller gratuito.Taller\/Demo Cianot\u00edpia Junto a Anna Fabra, os proponemos un taller gratuito donde cada participante podr\u00e1 experimentar con la [&hellip;]<\/p>\n","protected":false},"author":8,"featured_media":0,"parent":0,"menu_order":0,"comment_status":"closed","ping_status":"closed","template":"","meta":{"_et_pb_use_builder":"on","_et_pb_old_content":"[metaslider id=15187]","_et_gb_content_width":"","om_disable_all_campaigns":false,"footnotes":""},"class_list":["post-23024","page","type-page","status-publish","hentry"],"aioseo_notices":[],"_links":{"self":[{"href":"https:\/\/revela-t.cat\/2025\/wp-json\/wp\/v2\/pages\/23024","targetHints":{"allow":["GET"]}}],"collection":[{"href":"https:\/\/revela-t.cat\/2025\/wp-json\/wp\/v2\/pages"}],"about":[{"href":"https:\/\/revela-t.cat\/2025\/wp-json\/wp\/v2\/types\/page"}],"author":[{"embeddable":true,"href":"https:\/\/revela-t.cat\/2025\/wp-json\/wp\/v2\/users\/8"}],"replies":[{"embeddable":true,"href":"https:\/\/revela-t.cat\/2025\/wp-json\/wp\/v2\/comments?post=23024"}],"version-history":[{"count":0,"href":"https:\/\/revela-t.cat\/2025\/wp-json\/wp\/v2\/pages\/23024\/revisions"}],"wp:attachment":[{"href":"https:\/\/revela-t.cat\/2025\/wp-json\/wp\/v2\/media?parent=23024"}],"curies":[{"name":"wp","href":"https:\/\/api.w.org\/{rel}","templated":true}]}}