{"id":211,"date":"2022-12-14T10:51:56","date_gmt":"2022-12-14T09:51:56","guid":{"rendered":"https:\/\/revela-t.cat\/2025\/?page_id=211"},"modified":"2024-11-07T09:39:25","modified_gmt":"2024-11-07T08:39:25","slug":"e2020","status":"publish","type":"page","link":"https:\/\/revela-t.cat\/2025\/e2020\/","title":{"rendered":"2020"},"content":{"rendered":"<p>[et_pb_section fb_built=&#8221;1&#8243; module_class=&#8221;body-content&#8221; _builder_version=&#8221;4.19.5&#8243; _module_preset=&#8221;default&#8221; width=&#8221;1500px&#8221; max_width=&#8221;100%&#8221; module_alignment=&#8221;center&#8221; custom_margin=&#8221;||0px||false|false&#8221; custom_padding=&#8221;48px||34px||false|false&#8221; locked=&#8221;off&#8221; global_colors_info=&#8221;{}&#8221;][et_pb_row _builder_version=&#8221;4.19.5&#8243; _module_preset=&#8221;default&#8221; width=&#8221;100%&#8221; max_width=&#8221;2560px&#8221; custom_margin=&#8221;0px|0px|0px|0px|false|false&#8221; custom_padding=&#8221;0px|0px|0px|0px|false|false&#8221; global_colors_info=&#8221;{}&#8221;][et_pb_column type=&#8221;4_4&#8243; _builder_version=&#8221;4.19.4&#8243; _module_preset=&#8221;default&#8221; global_colors_info=&#8221;{}&#8221;][et_pb_text module_class=&#8221;title&#8221; _builder_version=&#8221;4.20.2&#8243; _module_preset=&#8221;default&#8221; text_text_color=&#8221;#000000&#8243; custom_margin=&#8221;||||false|false&#8221; custom_padding=&#8221;||10px||false|false&#8221; custom_css_main_element=&#8221;@media (max-width: 2000px) {||.body-content {||  width: calc(100vw &#8211; 80px);||  margin: 0 40px 0 40px;||}||}&#8221; border_width_bottom=&#8221;1px&#8221; border_color_bottom=&#8221;#000000&#8243; global_colors_info=&#8221;{}&#8221;]<\/p>\n<h1><span style=\"color: #000000;\"><strong>Revela&#8217;t 2020: Humanity, a portrait of the present<\/strong><\/span><\/h1>\n<p>[\/et_pb_text][\/et_pb_column][\/et_pb_row][\/et_pb_section][et_pb_section fb_built=&#8221;1&#8243; module_class=&#8221;body-content&#8221; _builder_version=&#8221;4.19.5&#8243; _module_preset=&#8221;default&#8221; width=&#8221;1500px&#8221; max_width=&#8221;100%&#8221; module_alignment=&#8221;center&#8221; custom_margin=&#8221;0px|0px|0px||false|false&#8221; custom_padding=&#8221;0px|0px|180px|0px|false|false&#8221; locked=&#8221;off&#8221; global_colors_info=&#8221;{}&#8221;][et_pb_row use_custom_gutter=&#8221;on&#8221; gutter_width=&#8221;1&#8243; _builder_version=&#8221;4.19.5&#8243; _module_preset=&#8221;default&#8221; width=&#8221;900px&#8221; max_width=&#8221;100%&#8221; module_alignment=&#8221;left&#8221; custom_margin=&#8221;0px||0px|0px|false|false&#8221; custom_padding=&#8221;0px||45px|0px|false|false&#8221; locked=&#8221;off&#8221; global_colors_info=&#8221;{}&#8221;][et_pb_column type=&#8221;4_4&#8243; _builder_version=&#8221;4.19.4&#8243; _module_preset=&#8221;default&#8221; global_colors_info=&#8221;{}&#8221;][et_pb_text module_class=&#8221;text&#8221; _builder_version=&#8221;4.27.2&#8243; _module_preset=&#8221;default&#8221; width=&#8221;100%&#8221; max_width=&#8221;100%&#8221; custom_margin=&#8221;||-2px|0px|false|false&#8221; custom_padding=&#8221;|||0px|false|false&#8221; hover_enabled=&#8221;0&#8243; global_colors_info=&#8221;{}&#8221; sticky_enabled=&#8221;0&#8243;]<\/p>\n<p><span style=\"color: #808080;\"><a style=\"color: #808080;\" href=\"https:\/\/revela-t.cat\/2025\/2024\/\" target=\"_blank\" rel=\"noopener\">2024<\/a> \/ <a style=\"color: #808080;\" href=\"https:\/\/revela-t.cat\/2025\/e2023\/\" target=\"_blank\" rel=\"noopener\">2023<\/a> \/ <a style=\"color: #808080;\" href=\"https:\/\/revela-t.cat\/2025\/e2022\" target=\"_blank\" rel=\"noopener\">2022<\/a> \/ <a style=\"color: #808080;\" href=\"https:\/\/revela-t.cat\/2025\/e2021\/\" target=\"_blank\" rel=\"noopener\">2021<\/a> \/ <strong>2020 <\/strong>\/ <a style=\"color: #808080;\" href=\"https:\/\/revela-t.cat\/2025\/e2019\" target=\"_blank\" rel=\"noopener\">2019<\/a> \/\u00a0<a style=\"color: #808080;\" href=\"https:\/\/revela-t.cat\/2025\/e2018\" target=\"_blank\" rel=\"noopener\">2018<\/a> \/\u00a0<a style=\"color: #808080;\" href=\"https:\/\/revela-t.cat\/2025\/e2017\" target=\"_blank\" rel=\"noopener\">2017<\/a> \/\u00a0<a style=\"color: #808080;\" href=\"https:\/\/revela-t.cat\/2025\/e2016\" target=\"_blank\" rel=\"noopener\">2016<\/a> \/\u00a0<a style=\"color: #808080;\" href=\"https:\/\/revela-t.cat\/2025\/e2015\" target=\"_blank\" rel=\"noopener\">2015<\/a> \/\u00a0<a style=\"color: #808080;\" href=\"https:\/\/revela-t.cat\/2025\/e2014\" target=\"_blank\" rel=\"noopener\">2014<\/a> \/ <a style=\"color: #808080;\" href=\"https:\/\/revela-t.cat\/2025\/e2013\" target=\"_blank\" rel=\"noopener\">2013<\/a><\/span><\/p>\n<p>[\/et_pb_text][\/et_pb_column][\/et_pb_row][et_pb_row column_structure=&#8221;3_5,2_5&#8243; use_custom_gutter=&#8221;on&#8221; gutter_width=&#8221;2&#8243; _builder_version=&#8221;4.19.5&#8243; _module_preset=&#8221;default&#8221; width=&#8221;100%&#8221; max_width=&#8221;100%&#8221; module_alignment=&#8221;left&#8221; custom_padding=&#8221;0px||0px|||&#8221; global_colors_info=&#8221;{}&#8221;][et_pb_column type=&#8221;3_5&#8243; _builder_version=&#8221;4.19.5&#8243; _module_preset=&#8221;default&#8221; global_colors_info=&#8221;{}&#8221;][et_pb_text module_class=&#8221;text&#8221; _builder_version=&#8221;4.20.2&#8243; _module_preset=&#8221;default&#8221; width=&#8221;900px&#8221; max_width=&#8221;100%&#8221; module_alignment=&#8221;left&#8221; custom_margin=&#8221;|||0px|false|false&#8221; custom_padding=&#8221;||45px|0px|false|false&#8221; custom_css_main_element=&#8221;margin-right: 20px;&#8221; global_colors_info=&#8221;{}&#8221;]<\/p>\n<p><span>Coincidiendo con el 65.\u00ba cumplea\u00f1os de la exposici\u00f3n\u00a0<\/span><strong>The\u00a0Family\u00a0Of<\/strong><span><strong> Man<\/strong>, comisariada por <\/span><span>Edward\u00a0<\/span><span>Steichen<\/span><span>, hemos tomado esta ic\u00f3nica exposici\u00f3n como leitmotiv de la edici\u00f3n 2020 del Revela&#8217;t.<\/span><\/p>\n<p><span>The<\/span><span>\u00a0<\/span><span>Family<\/span><span>\u00a0<\/span><span>Of<\/span><span> Man se enmarca en los <strong>a\u00f1os 50<\/strong>, una d\u00e9cada especialmente convulsa en que <\/span><span>se producen fen\u00f3menos sociopol\u00edticos de gran envergadura.\u00a0<\/span><span>Paralelamente<\/span><span>, se consolida <\/span><span>la llamada <strong>Fotograf\u00eda Humanista<\/strong> que toma como eje vertebrador la persona, enalteciendo y <\/span><span>poniendo en valor sus calidades y valores, su esp\u00edritu y dignidad.<\/span><\/p>\n<p><span>Edward\u00a0<\/span><span>Steichen<\/span><span> y su asistente Wayne Miller (del departamento de fotograf\u00eda del <\/span><span>MOMA)<\/span><span> asumieron el reto de crear una exposici\u00f3n mostrando un retrato de la humanidad <\/span><span>en aquel momento. Es considerada como la mayor empresa fotogr\u00e1fica nunca realizada y <\/span><span>actualmente todav\u00eda es visitable en el castillo de <\/span><span>Clearvaux<\/span><span>\u00a0en Luxemburgo.<\/span><\/p>\n<p><span>Desde el\u00a0<\/span><span>Revela\u2019t<\/span><span>\u00a0nos propusimos re-visitarla bajo el nombre\u00a0<\/span><span>Portrait<\/span><span>\u00a0<\/span><span>of<\/span><span>\u00a0<\/span><span>Humanity<\/span><span>, <\/span><span>acerc\u00e1ndonos al mismo esp\u00edritu globalizador, a la vez que ofreciendo una visi\u00f3n contempor\u00e1nea.<\/span><\/p>\n<p>[\/et_pb_text][et_pb_accordion open_toggle_background_color=&#8221;#FFFFFF&#8221; closed_toggle_text_color=&#8221;#000000&#8243; closed_toggle_background_color=&#8221;#FFFFFF&#8221; toggle_icon=&#8221;&#x4c;||divi||400&#8243; icon_color=&#8221;#000000&#8243; use_icon_font_size=&#8221;on&#8221; icon_font_size=&#8221;30px&#8221; icon_color_last_edited=&#8221;off|desktop&#8221; module_class=&#8221;t&#8221; _builder_version=&#8221;4.20.2&#8243; _module_preset=&#8221;default&#8221; toggle_font=&#8221;|600|||||||&#8221; closed_toggle_text_align=&#8221;left&#8221; body_font_size=&#8221;16px&#8221; custom_margin=&#8221;0px||0px||false|false&#8221; custom_padding=&#8221;0px||0px||false|false&#8221; border_width_all=&#8221;0px&#8221; locked=&#8221;off&#8221; global_colors_info=&#8221;{}&#8221;][et_pb_accordion_item title=&#8221;Exposiciones&#8221; open=&#8221;on&#8221; _builder_version=&#8221;4.20.2&#8243; _module_preset=&#8221;default&#8221; custom_margin=&#8221;0px|||0px|false|false&#8221; custom_padding=&#8221;0px|||0px|false|false&#8221; border_width_bottom=&#8221;1px&#8221; border_color_bottom=&#8221;#000000&#8243; global_colors_info=&#8221;{}&#8221;]<\/p>\n<p><span style=\"color: #000000;\"><b><strong><\/strong><\/b><\/span><\/p>\n<p><span style=\"color: #000000;\">Como destacadas podr\u00edamos denominar, en el \u00e1mbito internacional: Sweet Nothings de la inglesa <strong>Vanessa Winship<\/strong>,\u00a0Grays\u00a0the\u00a0mountain\u00a0sends\u00a0del americano <strong>Bryan\u00a0<\/strong><strong>Shutmaat<\/strong>, Esencia del <\/span><span style=\"color: #000000;\">cubano\u00a0<strong>Raul\u00a0Ca\u00f1ibano<\/strong>\u00a0o\u00a0Fovea\u00a0de la canadiense<strong> Sarah\u00a0<\/strong><strong>Seen\u00e9<\/strong>. Entre los espa\u00f1oles destacar\u00edamos la exposici\u00f3n Solovki de <strong>Juanma Castro Prieto i Rafel\u00a0<\/strong><strong>Trapiello<\/strong>, Madrid en Plata de <strong>Lu\u00eds\u00a0<\/strong><strong>Bayl\u00f3n<\/strong>\u00a0y\u00a0Espace1\u00a0de <strong>Jos\u00e9 Ram\u00f3n Bas<\/strong>. Y como representantes catalanes la de <strong>Txema\u00a0<\/strong><strong>Salvans<\/strong>\u00a0y la de <strong>Adriana L\u00f3pez Sanfeliu<\/strong>. En 2020 hicimos diferentes exposiciones exteriores, Gigantes de <strong>Toni\u00a0<\/strong><strong>Privat<\/strong>\u00a0y la Escudilla de\u00a0<strong>Teo<\/strong><strong>\u00a0V\u00e1zquez<\/strong>. Tuvimos 4 exposiciones colectivas: La de <strong>Leica Users Group<\/strong>, The Family of a Man; la de la <strong>IEFC<\/strong> con las fotograf\u00edas de 3 alumnos y comisariada por Joan Teixidor y la del trabajo de los residentes a la <strong>Residencia de Creaci\u00f3n y Experimentaci\u00f3n 2019.<\/strong><\/span><\/p>\n<p><span style=\"color: #000000;\">Exposiciones OFF:<\/span><\/p>\n<p><span style=\"color: #000000;\">10 exposiciones en Barcelona, y tambi\u00e9n expusimos en el Hospitalet de Llobregat, Torroella de Montgri, C\u00e1diz, Eibar y Pamplona. Tambi\u00e9n tuvimos dos grandes exposiciones producidas por nosotros. En la Plaza Santa Anna de la capital de comarca Matar\u00f3 y tambi\u00e9n al Puerto mar\u00edtimo de Premi\u00e0 de Mar.<\/span><\/p>\n<p>[\/et_pb_accordion_item][et_pb_accordion_item title=&#8221;Programaci\u00f3n&#8221; _builder_version=&#8221;4.20.2&#8243; _module_preset=&#8221;default&#8221; custom_margin=&#8221;0px|||0px|false|false&#8221; custom_padding=&#8221;0px|||0px|false|false&#8221; border_width_bottom=&#8221;1px&#8221; border_color_bottom=&#8221;#000000&#8243; global_colors_info=&#8221;{}&#8221; open=&#8221;off&#8221;]<\/p>\n<p><span style=\"color: #000000;\"><\/span><\/p>\n<p><span style=\"color: #000000;\">En <strong><a target=\"_blank\" rel=\"noopener\" class=\"link\" href=\"https:\/\/revela-t.cat\/2025\/wp-content\/uploads\/2022\/11\/Programa-Revelat-2020-cast-1.pdf\" style=\"color: #000000;\">este v\u00ednculo<\/a> <\/strong>os pod\u00e9is descargar el programa de mano.<\/span><\/p>\n<p>[\/et_pb_accordion_item][et_pb_accordion_item title=&#8221;V\u00eddeo resumen&#8221; _builder_version=&#8221;4.20.2&#8243; _module_preset=&#8221;default&#8221; custom_margin=&#8221;0px|||0px|false|false&#8221; custom_padding=&#8221;0px|||0px|false|false&#8221; border_width_bottom=&#8221;1px&#8221; border_color_bottom=&#8221;#000000&#8243; global_colors_info=&#8221;{}&#8221; open=&#8221;off&#8221;]<\/p>\n<p>&nbsp;<\/p>\n<div style=\"width: 1080px;\" class=\"wp-video\"><video class=\"wp-video-shortcode\" id=\"video-211-1\" width=\"1080\" height=\"608\" preload=\"metadata\" controls=\"controls\"><source type=\"video\/mp4\" src=\"https:\/\/revela-t.cat\/2025\/wp-content\/uploads\/2022\/11\/Resum-RevelaT-2020.mp4?_=1\" \/><a href=\"https:\/\/revela-t.cat\/2025\/wp-content\/uploads\/2022\/11\/Resum-RevelaT-2020.mp4\">https:\/\/revela-t.cat\/2025\/wp-content\/uploads\/2022\/11\/Resum-RevelaT-2020.mp4<\/a><\/video><\/div>\n<p>[\/et_pb_accordion_item][\/et_pb_accordion][\/et_pb_column][et_pb_column type=&#8221;2_5&#8243; _builder_version=&#8221;4.19.5&#8243; _module_preset=&#8221;default&#8221; global_colors_info=&#8221;{}&#8221;][et_pb_image src=&#8221;https:\/\/revela-t.cat\/2025\/wp-content\/uploads\/2022\/11\/Poster-A3-2020B-pdf.jpg&#8221; title_text=&#8221;Poster A3 2020B&#8221; force_fullwidth=&#8221;on&#8221; _builder_version=&#8221;4.19.0&#8243; _module_preset=&#8221;default&#8221; locked=&#8221;off&#8221; global_colors_info=&#8221;{}&#8221;][\/et_pb_image][\/et_pb_column][\/et_pb_row][\/et_pb_section]<\/p>\n","protected":false},"excerpt":{"rendered":"<p>Revela&#8217;t 2020: Humanity, a portrait of the present2024 \/ 2023 \/ 2022 \/ 2021 \/ 2020 \/ 2019 \/\u00a02018 \/\u00a02017 \/\u00a02016 \/\u00a02015 \/\u00a02014 \/ 2013Coincidiendo con el 65.\u00ba cumplea\u00f1os de la exposici\u00f3n\u00a0The\u00a0Family\u00a0Of Man, comisariada por Edward\u00a0Steichen, hemos tomado esta ic\u00f3nica exposici\u00f3n como leitmotiv de la edici\u00f3n 2020 del Revela&#8217;t. The\u00a0Family\u00a0Of Man se enmarca en los [&hellip;]<\/p>\n","protected":false},"author":3,"featured_media":0,"parent":0,"menu_order":0,"comment_status":"closed","ping_status":"closed","template":"","meta":{"_et_pb_use_builder":"on","_et_pb_old_content":"","_et_gb_content_width":"","om_disable_all_campaigns":false,"footnotes":""},"class_list":["post-211","page","type-page","status-publish","hentry"],"aioseo_notices":[],"_links":{"self":[{"href":"https:\/\/revela-t.cat\/2025\/wp-json\/wp\/v2\/pages\/211","targetHints":{"allow":["GET"]}}],"collection":[{"href":"https:\/\/revela-t.cat\/2025\/wp-json\/wp\/v2\/pages"}],"about":[{"href":"https:\/\/revela-t.cat\/2025\/wp-json\/wp\/v2\/types\/page"}],"author":[{"embeddable":true,"href":"https:\/\/revela-t.cat\/2025\/wp-json\/wp\/v2\/users\/3"}],"replies":[{"embeddable":true,"href":"https:\/\/revela-t.cat\/2025\/wp-json\/wp\/v2\/comments?post=211"}],"version-history":[{"count":0,"href":"https:\/\/revela-t.cat\/2025\/wp-json\/wp\/v2\/pages\/211\/revisions"}],"wp:attachment":[{"href":"https:\/\/revela-t.cat\/2025\/wp-json\/wp\/v2\/media?parent=211"}],"curies":[{"name":"wp","href":"https:\/\/api.w.org\/{rel}","templated":true}]}}