{"id":203,"date":"2022-11-21T12:03:29","date_gmt":"2022-11-21T11:03:29","guid":{"rendered":"https:\/\/revela-t.cat\/2025\/?page_id=203"},"modified":"2024-11-07T09:55:46","modified_gmt":"2024-11-07T08:55:46","slug":"e2022","status":"publish","type":"page","link":"https:\/\/revela-t.cat\/2025\/e2022\/","title":{"rendered":"2022"},"content":{"rendered":"<p>[et_pb_section fb_built=&#8221;1&#8243; module_class=&#8221;body-content&#8221; _builder_version=&#8221;4.19.5&#8243; _module_preset=&#8221;default&#8221; width=&#8221;1500px&#8221; max_width=&#8221;100%&#8221; module_alignment=&#8221;center&#8221; custom_margin=&#8221;||0px||false|false&#8221; custom_padding=&#8221;48px||34px||false|false&#8221; locked=&#8221;off&#8221; global_colors_info=&#8221;{}&#8221;][et_pb_row _builder_version=&#8221;4.19.5&#8243; _module_preset=&#8221;default&#8221; width=&#8221;100%&#8221; max_width=&#8221;2560px&#8221; custom_margin=&#8221;0px|0px|0px|0px|false|false&#8221; custom_padding=&#8221;0px|0px|0px|0px|false|false&#8221; global_colors_info=&#8221;{}&#8221;][et_pb_column type=&#8221;4_4&#8243; _builder_version=&#8221;4.19.4&#8243; _module_preset=&#8221;default&#8221; global_colors_info=&#8221;{}&#8221;][et_pb_text module_class=&#8221;title&#8221; _builder_version=&#8221;4.20.2&#8243; _module_preset=&#8221;default&#8221; text_text_color=&#8221;#000000&#8243; custom_margin=&#8221;||||false|false&#8221; custom_padding=&#8221;||10px||false|false&#8221; custom_css_main_element=&#8221;@media (max-width: 2000px) {||.body-content {||  width: calc(100vw &#8211; 80px);||  margin: 0 40px 0 40px;||}||}&#8221; border_width_bottom=&#8221;1px&#8221; border_color_bottom=&#8221;#000000&#8243; global_colors_info=&#8221;{}&#8221;]<\/p>\n<h1><span style=\"color: #000000;\"><strong>Revela&#8217;t 2022: Tempus Fugit<\/strong><\/span><\/h1>\n<p>[\/et_pb_text][\/et_pb_column][\/et_pb_row][\/et_pb_section][et_pb_section fb_built=&#8221;1&#8243; module_class=&#8221;body-content&#8221; _builder_version=&#8221;4.19.5&#8243; _module_preset=&#8221;default&#8221; width=&#8221;1500px&#8221; max_width=&#8221;100%&#8221; module_alignment=&#8221;center&#8221; custom_margin=&#8221;0px|0px|0px||false|false&#8221; custom_padding=&#8221;0px|0px|180px|0px|false|false&#8221; locked=&#8221;off&#8221; global_colors_info=&#8221;{}&#8221;][et_pb_row use_custom_gutter=&#8221;on&#8221; gutter_width=&#8221;1&#8243; _builder_version=&#8221;4.19.5&#8243; _module_preset=&#8221;default&#8221; width=&#8221;900px&#8221; max_width=&#8221;100%&#8221; module_alignment=&#8221;left&#8221; custom_margin=&#8221;0px||0px|0px|false|false&#8221; custom_padding=&#8221;0px||45px|0px|false|false&#8221; locked=&#8221;off&#8221; global_colors_info=&#8221;{}&#8221;][et_pb_column type=&#8221;4_4&#8243; _builder_version=&#8221;4.19.4&#8243; _module_preset=&#8221;default&#8221; global_colors_info=&#8221;{}&#8221;][et_pb_text module_class=&#8221;text&#8221; _builder_version=&#8221;4.27.2&#8243; _module_preset=&#8221;default&#8221; width=&#8221;100%&#8221; max_width=&#8221;100%&#8221; custom_margin=&#8221;||-2px|0px|false|false&#8221; custom_padding=&#8221;|||0px|false|false&#8221; hover_enabled=&#8221;0&#8243; global_colors_info=&#8221;{}&#8221; sticky_enabled=&#8221;0&#8243;]<\/p>\n<p><span style=\"color: #808080;\"><a style=\"color: #808080;\" href=\"https:\/\/revela-t.cat\/2025\/2024\/\" target=\"_blank\" rel=\"noopener\">2024<\/a> \/ <a style=\"color: #808080;\" href=\"https:\/\/revela-t.cat\/2025\/e2023\/\" target=\"_blank\" rel=\"noopener\">2023<\/a> \/ <strong>2022<\/strong> \/ <a style=\"color: #808080;\" href=\"https:\/\/revela-t.cat\/2025\/e2021\/\" target=\"_blank\" rel=\"noopener\">2021<\/a> \/\u00a0<a style=\"color: #808080;\" href=\"https:\/\/revela-t.cat\/2025\/e2020\/\" target=\"_blank\" rel=\"noopener\">2020<\/a> \/\u00a0<a style=\"color: #808080;\" href=\"https:\/\/revela-t.cat\/2025\/e2019\/\" target=\"_blank\" rel=\"noopener\">2019<\/a> \/\u00a0<a style=\"color: #808080;\" href=\"https:\/\/revela-t.cat\/2025\/e2018\" target=\"_blank\" rel=\"noopener\">2018<\/a> \/\u00a0<a style=\"color: #808080;\" href=\"https:\/\/revela-t.cat\/2025\/e2017\" target=\"_blank\" rel=\"noopener\">2017<\/a> \/\u00a0<a style=\"color: #808080;\" href=\"https:\/\/revela-t.cat\/2025\/e2016\" target=\"_blank\" rel=\"noopener\">2016<\/a> \/<a style=\"color: #808080;\" href=\"https:\/\/revela-t.cat\/2025\/e2015\" target=\"_blank\" rel=\"noopener\">\u00a02015<\/a> \/\u00a0<a style=\"color: #808080;\" href=\"https:\/\/revela-t.cat\/2025\/e2014\" target=\"_blank\" rel=\"noopener\">2014<\/a> \/ <a style=\"color: #808080;\" href=\"https:\/\/revela-t.cat\/2025\/e2013\" target=\"_blank\" rel=\"noopener\">2013<\/a><\/span><\/p>\n<p>[\/et_pb_text][\/et_pb_column][\/et_pb_row][et_pb_row column_structure=&#8221;3_5,2_5&#8243; use_custom_gutter=&#8221;on&#8221; gutter_width=&#8221;2&#8243; _builder_version=&#8221;4.19.5&#8243; _module_preset=&#8221;default&#8221; width=&#8221;100%&#8221; max_width=&#8221;100%&#8221; module_alignment=&#8221;left&#8221; custom_padding=&#8221;0px||0px|||&#8221; global_colors_info=&#8221;{}&#8221;][et_pb_column type=&#8221;3_5&#8243; _builder_version=&#8221;4.19.5&#8243; _module_preset=&#8221;default&#8221; global_colors_info=&#8221;{}&#8221;][et_pb_text module_class=&#8221;text&#8221; _builder_version=&#8221;4.20.2&#8243; _module_preset=&#8221;default&#8221; width=&#8221;900px&#8221; max_width=&#8221;100%&#8221; module_alignment=&#8221;left&#8221; custom_margin=&#8221;|||0px|false|false&#8221; custom_padding=&#8221;||45px|0px|false|false&#8221; custom_css_main_element=&#8221;margin-right: 20px;&#8221; global_colors_info=&#8221;{}&#8221;]<\/p>\n<p>En el a\u00f1o 2022, la tem\u00e1tica del Revela&#8217;t fue <strong>Tempus Fugit.<\/strong>\u00a0 Con motivo de nuestro d\u00e9cimo aniversario nos damos cuenta de lo r\u00e1pido que ha pasado el tiempo. Como siempre hemos contado con un amplio programa de exposiciones, charlas, debates, demostraciones, talleres, puestos de exhibici\u00f3n y venta; contaremos con figuras relevantes a nivel nacional e internacional\u2026<\/p>\n<p>Revela\u2019t ha reunido en esta d\u00e9cima edici\u00f3n a los so\u00f1adores, los inconformistas, los intr\u00e9pidos, los incansables, los que no tienen miedo de probar y explorar caminos diferentes a los habituales.<\/p>\n<p>Se pudieron ver 66 exposiciones, de las cuales 36 se pudieron visitar del 9 de setiembre al 2 de octubre en Vilassar de Dalt. El homenajeado de esta edici\u00f3n fue el reconocido <strong>Joan Fontcuberta<\/strong>.<\/p>\n<p>[\/et_pb_text][et_pb_accordion open_toggle_background_color=&#8221;#FFFFFF&#8221; closed_toggle_text_color=&#8221;#000000&#8243; closed_toggle_background_color=&#8221;#FFFFFF&#8221; toggle_icon=&#8221;&#x4c;||divi||400&#8243; icon_color=&#8221;#000000&#8243; use_icon_font_size=&#8221;on&#8221; icon_font_size=&#8221;30px&#8221; icon_color_last_edited=&#8221;off|desktop&#8221; module_class=&#8221;t&#8221; _builder_version=&#8221;4.20.2&#8243; _module_preset=&#8221;default&#8221; toggle_font=&#8221;|600|||||||&#8221; closed_toggle_text_align=&#8221;left&#8221; body_font_size=&#8221;16px&#8221; custom_margin=&#8221;0px||0px||false|false&#8221; custom_padding=&#8221;0px||0px||false|false&#8221; border_width_all=&#8221;0px&#8221; locked=&#8221;off&#8221; global_colors_info=&#8221;{}&#8221;][et_pb_accordion_item title=&#8221;Exposiciones&#8221; open=&#8221;on&#8221; _builder_version=&#8221;4.20.2&#8243; _module_preset=&#8221;default&#8221; custom_margin=&#8221;0px|||0px|false|false&#8221; custom_padding=&#8221;0px|||0px|false|false&#8221; border_width_bottom=&#8221;1px&#8221; border_color_bottom=&#8221;#000000&#8243; global_colors_info=&#8221;{}&#8221;]<\/p>\n<p><span style=\"color: #000000;\"><b><strong><\/strong><\/b><\/span><\/p>\n<p><span style=\"color: #000000;\"><strong>A Bao a Qu<\/strong>\u00a0Estimats esp\u00e8cimens. Impressions bot\u00e0niques en cianot\u00edpia.<strong>\u00a0Alessandra Sanguinetti<\/strong>\u00a0Las aventuras de Guille y Belinda.\u00a0<strong>Alexey Titarenko<\/strong>\u00a0City of shadows &amp; Nomenklatura of Signs.\u00a0<strong>Antonio Martin (MICHAEL)<\/strong>\u00a0Al borde del aeropuerto.\u00a0<strong>Atsushi Momoi<\/strong>\u00a0Tales.\u00a0<strong>Barbara Traver<\/strong>\u00a0Publish or perish.\u00a0<strong>Beberly Estay Estay<\/strong>\u00a0Bajo todos los cielos.\u00a0<strong>Cristina Fontsar\u00e9<\/strong>\u00a0A Crack in The Mirror \/ Una Grieta en el Espejo.\u00a0<strong>Daniel Fleitas<\/strong>\u00a0C\u00famulo.\u00a0<strong>Deanna Dikeman<\/strong>\u00a0Leaving and Waving.\u00a0<strong>Diego L\u00f3pez Calvin<\/strong>\u00a0Solarigrafia.\u00a0<strong>Elise Corten<\/strong>\u00a0Warmer than the sun.\u00a0<strong>Elise y Jacques<\/strong>\u00a0Le commun des mortels.\u00a0<strong>Exposici\u00f3n Colectiva revelatxharpo<\/strong>\u00a0La nueva mirada anal\u00f3gica.\u00a0<strong>Frank Machalowski<\/strong>\u00a0Ghosts of\u2026\u00a0<strong>Jun Shiraoka (Henry Bellan-Huchery)\u00a0<\/strong>\u00bfCette lumi\u00e8re, peut-elle tout un monde nous rendre?\u00a0<strong>IEFC<\/strong>\u00a0Tempo arg\u00e8ntic.\u00a0<strong>Institut Inmaculada &amp; Lux Darkroom\u00a0<\/strong>Terra, mar i cel.\u00a0<strong>Jose Maria Diaz Maroto<\/strong>\u00a0Calma y sosiego.\u00a0<strong>Joan Fontcuberta<\/strong>\u00a0Cuando despert\u00f3 el dinosaurio a\u00fan segu\u00eda all\u00ed.\u00a0<strong>Joaquin Paredes<\/strong>\u00a0Ambrotos.\u00a0<strong>JM Magano\u00a0<\/strong>Mucho por ver.\u00a0<strong>Juan de la Cruz Meg\u00edas<\/strong>\u00a0Vivan los novios.\u00a0<strong>Luis Gonz\u00e1lez Palma<\/strong>\u00a0Constelaciones de lo intangible.\u00a0<strong>Manabu Yamanaka<\/strong>\u00a0Gyahtei: Resigned to Death.\u00a0<strong>Mark Formanek<\/strong>\u00a0Standard Time.\u00a0<strong>Munemasa Takahashi<\/strong>\u00a0Spinning a Yarn.\u00a0<strong>Natalia Kepesz<\/strong>\u00a0Niewybuch.\u00a0<strong>Nieves Mingueza<\/strong>\u00a0One in three women \/ Caso 31-81.\u00a0<strong>Paola de Grenet<\/strong>\u00a0Barely Legal.\u00a0<strong>Pep Minguez<\/strong>\u00a0Eterns.\u00a0<strong>Rafa Badia<\/strong>\u00a0A\u00f1os en plata.\u00a0<strong>Rodrigo Flechoso<\/strong>\u00a0Gallegos del R\u00edo.\u00a0<strong>Tomoko Nagakawa<\/strong>\u00a0I come from the path behind you\/ Cadence.\u00a0<strong>Xavier G\u00f3mez Isart\u00a0<\/strong>Retratos de papel y plata.\u00a0<\/span><\/p>\n<p><span style=\"color: #000000;\"><\/span><\/p>\n<p><strong><span style=\"color: #000000;\">R\u2019T CIRCUIT:\u00a0<\/span><\/strong><\/p>\n<p><span style=\"color: #000000;\">BCN:\u00a0<strong>Inga Kn\u00f6like,\u00a0<\/strong>Erms, 1993-1994 en la Galeria Juan Naranjo.\u00a0<strong>Joan Ram\u00f3n Machado<\/strong>, Transe\u00fantes en Valid Foto Gallery.\u00a0<strong>Joaquim Pla Janini,\u00a0<\/strong>BROMOLIS. FOTOGRAFIA PICTORIALISTA en el Museu mar\u00edtim de Barcelona.\u00a0<strong>Manu Jaime,\u00a0<\/strong>Gemela Reversible en Imagin Caf\u00e9.\u00a0<strong>Maribel Mata + Jaume Buxeda,\u00a0<\/strong>L\u2019esvaiment i el rastre Converses amb la mort en la Galeria II Mondo.\u00a0<strong>Marisol Mendez,\u00a0<\/strong>Madres en La B\u00f2bila.\u00a0<strong>Nils Gabrielsson,\u00a0<\/strong>Blanked en el Centre Art\u00edstic Sant Lluc.\u00a0<strong>Richard Avadon,\u00a0<\/strong>Behind the scenes en FotoNostrum.\u00a0<strong>Tony Keeler<\/strong>, KEELERSCOPE en IEFC.\u00a0<strong>Xavier Bas<\/strong>, Molles de pa en Visual Korner.<\/span><\/p>\n<p><span style=\"color: #000000;\">OTRAS CIUDADES:\u00a0<strong>Alfredo Herrezuelo Perez,\u00a0<\/strong>PASADO-PRESENTE-FUTURO en Espacio Tangente, Burgos.\u00a0<strong>Andrea Keynox,\u00a0<\/strong>PAUSA en Espacio Tangente, Burgos.\u00a0<strong>David Castillo,<\/strong>\u00a0COMO BUSCAN LAS OLAS LA ORILLA DEL MAR en Espacio Tangente, Burgos.\u00a0<strong>Faouzi Louadah,\u00a0<\/strong>My art school years en La Capsule, Algeria.\u00a0<strong>Jorge Mir bel,\u00a0<\/strong>Sandstorm en Sales de plata, Madrid.\u00a0<strong>Manuel Sonseca,\u00a0<\/strong>Cartas de Sicilia en la Sala Municipal de Villanueva de la Serena, Badajoz.\u00a0<strong>M\u00f2nica Rosell\u00f3 y Jordi Guillumet<\/strong>, Registres Pendents en Can Marf\u00e0, Matar\u00f3.\u00a0<strong>Natalia Seurin,\u00a0<\/strong>Te amo demasiado en Siniestro, Madrid.\u00a0<strong>Ra\u00fal Hidalgo,\u00a0<\/strong>La Casa de la portera en Amics fotografia Torroella (Museu Mediterr\u00e0nia), Girona.\u00a0\u00a0<strong>Ricardo Guix\u00e0 Frut\u00f3s i Anna Couderc,\u00a0<\/strong>V\u00e1nitas en el Ajuntamiento de Premi\u00e0 de Mar, Premi\u00e0 de Mar.\u00a0<strong>Sergio Ibannez,\u00a0<\/strong>HUELLA en Espacio Tangente, Burgos.<\/span><\/p>\n<p>&nbsp;<\/p>\n<p>[\/et_pb_accordion_item][et_pb_accordion_item title=&#8221;Programaci\u00f3n&#8221; _builder_version=&#8221;4.20.2&#8243; _module_preset=&#8221;default&#8221; custom_margin=&#8221;0px|||0px|false|false&#8221; custom_padding=&#8221;0px|||0px|false|false&#8221; border_width_bottom=&#8221;1px&#8221; border_color_bottom=&#8221;#000000&#8243; global_colors_info=&#8221;{}&#8221; open=&#8221;off&#8221;]En <span style=\"color: #000000;\"><a target=\"_blank\" rel=\"noopener\" class=\"link\" href=\"https:\/\/revela-t.cat\/2025\/wp-content\/uploads\/2022\/11\/PROGRAMA-DE-MANO-ESP-.pdf\" style=\"color: #000000;\">este v\u00ednculo<\/a><\/span> <span style=\"color: #000000;\">os pod\u00e9is descargar el programa de mano.<\/span>[\/et_pb_accordion_item][et_pb_accordion_item title=&#8221;V\u00eddeo resumen&#8221; _builder_version=&#8221;4.20.2&#8243; _module_preset=&#8221;default&#8221; custom_margin=&#8221;0px|||0px|false|false&#8221; custom_padding=&#8221;0px|||0px|false|false&#8221; border_width_bottom=&#8221;1px&#8221; border_color_bottom=&#8221;#000000&#8243; global_colors_info=&#8221;{}&#8221; open=&#8221;off&#8221;]<\/p>\n<p>&nbsp;<\/p>\n<div style=\"width: 1080px;\" class=\"wp-video\"><video class=\"wp-video-shortcode\" id=\"video-203-1\" width=\"1080\" height=\"608\" preload=\"metadata\" controls=\"controls\"><source type=\"video\/mp4\" src=\"https:\/\/revela-t.cat\/2025\/wp-content\/uploads\/2022\/11\/Revelat2022_Versio3_Aftermovie_DCMediaProjects.mp4?_=1\" \/><a href=\"https:\/\/revela-t.cat\/2025\/wp-content\/uploads\/2022\/11\/Revelat2022_Versio3_Aftermovie_DCMediaProjects.mp4\">https:\/\/revela-t.cat\/2025\/wp-content\/uploads\/2022\/11\/Revelat2022_Versio3_Aftermovie_DCMediaProjects.mp4<\/a><\/video><\/div>\n<p>[\/et_pb_accordion_item][\/et_pb_accordion][\/et_pb_column][et_pb_column type=&#8221;2_5&#8243; _builder_version=&#8221;4.19.5&#8243; _module_preset=&#8221;default&#8221; global_colors_info=&#8221;{}&#8221;][et_pb_image src=&#8221;https:\/\/revela-t.cat\/2025\/wp-content\/uploads\/2022\/11\/AAFF_SM_Posters_Tipografico_Revelat_page-0001.jpg&#8221; title_text=&#8221;AAFF_SM_Posters_Tipografico_Revelat_page-0001&#8243; force_fullwidth=&#8221;on&#8221; _builder_version=&#8221;4.19.0&#8243; _module_preset=&#8221;default&#8221; global_colors_info=&#8221;{}&#8221;][\/et_pb_image][\/et_pb_column][\/et_pb_row][\/et_pb_section]<\/p>\n","protected":false},"excerpt":{"rendered":"<p>Revela&#8217;t 2022: Tempus Fugit2024 \/ 2023 \/ 2022 \/ 2021 \/\u00a02020 \/\u00a02019 \/\u00a02018 \/\u00a02017 \/\u00a02016 \/\u00a02015 \/\u00a02014 \/ 2013En el a\u00f1o 2022, la tem\u00e1tica del Revela&#8217;t fue Tempus Fugit.\u00a0 Con motivo de nuestro d\u00e9cimo aniversario nos damos cuenta de lo r\u00e1pido que ha pasado el tiempo. Como siempre hemos contado con un amplio programa de [&hellip;]<\/p>\n","protected":false},"author":3,"featured_media":0,"parent":0,"menu_order":0,"comment_status":"closed","ping_status":"closed","template":"","meta":{"_et_pb_use_builder":"on","_et_pb_old_content":"","_et_gb_content_width":"","om_disable_all_campaigns":false,"footnotes":""},"class_list":["post-203","page","type-page","status-publish","hentry"],"aioseo_notices":[],"_links":{"self":[{"href":"https:\/\/revela-t.cat\/2025\/wp-json\/wp\/v2\/pages\/203","targetHints":{"allow":["GET"]}}],"collection":[{"href":"https:\/\/revela-t.cat\/2025\/wp-json\/wp\/v2\/pages"}],"about":[{"href":"https:\/\/revela-t.cat\/2025\/wp-json\/wp\/v2\/types\/page"}],"author":[{"embeddable":true,"href":"https:\/\/revela-t.cat\/2025\/wp-json\/wp\/v2\/users\/3"}],"replies":[{"embeddable":true,"href":"https:\/\/revela-t.cat\/2025\/wp-json\/wp\/v2\/comments?post=203"}],"version-history":[{"count":0,"href":"https:\/\/revela-t.cat\/2025\/wp-json\/wp\/v2\/pages\/203\/revisions"}],"wp:attachment":[{"href":"https:\/\/revela-t.cat\/2025\/wp-json\/wp\/v2\/media?parent=203"}],"curies":[{"name":"wp","href":"https:\/\/api.w.org\/{rel}","templated":true}]}}