{"id":17972,"date":"2024-01-10T15:44:16","date_gmt":"2024-01-10T14:44:16","guid":{"rendered":"https:\/\/revela-t.cat\/2025\/?page_id=17972"},"modified":"2025-04-14T18:24:54","modified_gmt":"2025-04-14T16:24:54","slug":"voluntariat_2025","status":"publish","type":"page","link":"https:\/\/revela-t.cat\/2025\/ca\/voluntariat_2025\/","title":{"rendered":"Voluntariat 2025"},"content":{"rendered":"<p>[et_pb_section fb_built=&#8221;1&#8243; module_class=&#8221;body-content&#8221; _builder_version=&#8221;4.27.4&#8243; _module_preset=&#8221;default&#8221; width=&#8221;1500px&#8221; max_width=&#8221;100%&#8221; module_alignment=&#8221;center&#8221; custom_margin=&#8221;0px|0px|0px|0px|false|false&#8221; custom_padding=&#8221;0px|0px|0px|0px|false|false&#8221; locked=&#8221;off&#8221; global_colors_info=&#8221;{}&#8221;][et_pb_row column_structure=&#8221;2_5,3_5&#8243; _builder_version=&#8221;4.27.4&#8243; _module_preset=&#8221;default&#8221; width=&#8221;100%&#8221; max_width=&#8221;2560px&#8221; custom_margin=&#8221;0px|0px|0px|0px|false|false&#8221; custom_padding=&#8221;0px|0px|0px|0px|false|false&#8221; global_colors_info=&#8221;{}&#8221;][et_pb_column type=&#8221;2_5&#8243; _builder_version=&#8221;4.19.4&#8243; _module_preset=&#8221;default&#8221; global_colors_info=&#8221;{}&#8221;][et_pb_text module_class=&#8221;title&#8221; _builder_version=&#8221;4.23.4&#8243; _module_preset=&#8221;default&#8221; text_text_color=&#8221;#000000&#8243; custom_padding=&#8221;||10px||false|false&#8221; custom_css_main_element=&#8221;@media (max-width: 2000px) {||.body-content {||  width: calc(100vw &#8211; 80px);||  margin: 0 40px 0 40px;||}||}&#8221; border_width_bottom=&#8221;1px&#8221; border_color_bottom=&#8221;#000000&#8243; global_colors_info=&#8221;{}&#8221;]<\/p>\n<h1><span style=\"color: #000000;\"><strong>Voluntariat<br \/><\/strong><\/span><\/h1>\n<p>[\/et_pb_text][et_pb_text module_class=&#8221;title&#8221; _builder_version=&#8221;4.23.4&#8243; _module_preset=&#8221;default&#8221; text_text_color=&#8221;#000000&#8243; custom_padding=&#8221;||||false|false&#8221; custom_css_main_element=&#8221;@media (max-width: 2000px) {||.body-content {||  width: calc(100vw &#8211; 80px);||  margin: 0 40px 0 40px;||}||}&#8221; border_width_bottom=&#8221;1px&#8221; border_color_bottom=&#8221;#000000&#8243; global_colors_info=&#8221;{}&#8221;]<\/p>\n<h2><span style=\"color: #000000;\"><strong>Uneix-te al nostre equip!<\/strong><\/span><\/h2>\n<p>[\/et_pb_text][et_pb_text module_class=&#8221;text&#8221; _builder_version=&#8221;4.27.4&#8243; _module_preset=&#8221;default&#8221; width=&#8221;100%&#8221; max_width=&#8221;100%&#8221; module_alignment=&#8221;left&#8221; custom_margin=&#8221;0px|||0px|false|false&#8221; custom_padding=&#8221;|||0px|false|false&#8221; global_colors_info=&#8221;{}&#8221;]<\/p>\n<p>El festival Revela&#8217;t \u00e9s un vibrant punt de trobada per aquells entusiastes de la fotografia, oferint una plataforma distintiva per connectar amb persones igualment apassionades per aquest art.<\/p>\n<p>Depenent de les teves prefer\u00e8ncies i disponibilitat, pots prendre diferents rols abans i durant el festival. \u00c9s una oportunitat, no nom\u00e9s per a submergir-te, sin\u00f3 tamb\u00e9 per aprendre, descobrir i gaudir de cada moment.<\/p>\n<p>Desitges unir-te i formar part d&#8217;aquesta gran celebraci\u00f3 de la fotografia? Uneix-te a la comunitat! Vine i viu-ho en persona!<\/p>\n<p>[\/et_pb_text][\/et_pb_column][et_pb_column type=&#8221;3_5&#8243; _builder_version=&#8221;4.19.4&#8243; _module_preset=&#8221;default&#8221; global_colors_info=&#8221;{}&#8221;][et_pb_slider show_image_video_mobile=&#8221;on&#8221; _builder_version=&#8221;4.27.4&#8243; _module_preset=&#8221;default&#8221; transform_translate_linked=&#8221;off&#8221; width=&#8221;100%&#8221; module_alignment=&#8221;left&#8221; height=&#8221;100%&#8221; max_height=&#8221;667px&#8221; custom_margin=&#8221;-45px||0px||false|false&#8221; custom_padding=&#8221;||0px||false|false&#8221; auto=&#8221;on&#8221; auto_speed=&#8221;5000&#8243; global_colors_info=&#8221;{}&#8221;][et_pb_slide image=&#8221;https:\/\/revela-t.cat\/2025\/wp-content\/uploads\/2025\/01\/Voluntaris2024-1_1_11zon.webp&#8221; _builder_version=&#8221;4.27.4&#8243; _module_preset=&#8221;default&#8221; global_colors_info=&#8221;{}&#8221; sticky_transition=&#8221;on&#8221;][\/et_pb_slide][et_pb_slide image=&#8221;https:\/\/revela-t.cat\/2025\/wp-content\/uploads\/2025\/01\/voluntaris2024-2_2_11zon.webp&#8221; _builder_version=&#8221;4.27.4&#8243; _module_preset=&#8221;default&#8221; global_colors_info=&#8221;{}&#8221; sticky_transition=&#8221;on&#8221;][\/et_pb_slide][et_pb_slide image=&#8221;https:\/\/revela-t.cat\/2025\/wp-content\/uploads\/2025\/01\/voluntaris2024-3_3_11zon.webp&#8221; _builder_version=&#8221;4.27.4&#8243; _module_preset=&#8221;default&#8221; global_colors_info=&#8221;{}&#8221; sticky_transition=&#8221;on&#8221;][\/et_pb_slide][et_pb_slide image=&#8221;https:\/\/revela-t.cat\/2025\/wp-content\/uploads\/2025\/01\/voluntaris2024-4_4_11zon.webp&#8221; _builder_version=&#8221;4.27.4&#8243; _module_preset=&#8221;default&#8221; global_colors_info=&#8221;{}&#8221; sticky_transition=&#8221;on&#8221;][\/et_pb_slide][et_pb_slide image=&#8221;https:\/\/revela-t.cat\/2025\/wp-content\/uploads\/2025\/01\/voluntaris2024-5_5_11zon.webp&#8221; _builder_version=&#8221;4.27.4&#8243; _module_preset=&#8221;default&#8221; global_colors_info=&#8221;{}&#8221; sticky_transition=&#8221;on&#8221;][\/et_pb_slide][\/et_pb_slider][\/et_pb_column][\/et_pb_row][et_pb_row _builder_version=&#8221;4.23.4&#8243; _module_preset=&#8221;default&#8221; width=&#8221;100%&#8221; max_width=&#8221;1500px&#8221; min_height=&#8221;123.7px&#8221; custom_margin=&#8221;-75px||||false|false&#8221; custom_padding=&#8221;||0px|||&#8221; global_colors_info=&#8221;{}&#8221;][et_pb_column type=&#8221;4_4&#8243; _builder_version=&#8221;4.23.4&#8243; _module_preset=&#8221;default&#8221; global_colors_info=&#8221;{}&#8221;][et_pb_text module_class=&#8221;title&#8221; _builder_version=&#8221;4.23.4&#8243; _module_preset=&#8221;default&#8221; text_text_color=&#8221;#000000&#8243; width=&#8221;96%&#8221; module_alignment=&#8221;left&#8221; custom_margin=&#8221;30px||||false|false&#8221; custom_padding=&#8221;||||false|false&#8221; custom_css_main_element=&#8221;@media (max-width: 2000px) {||.body-content {||  width: calc(100vw &#8211; 80px);||  margin: 0 40px 0 40px;||}||}&#8221; border_width_bottom=&#8221;1px&#8221; border_color_bottom=&#8221;#000000&#8243; global_colors_info=&#8221;{}&#8221;]<\/p>\n<h2><span style=\"color: #000000;\"><strong>Qu\u00e8 t&#8217;agradaria fer?<\/strong><\/span><\/h2>\n<p>[\/et_pb_text][et_pb_text module_class=&#8221;text&#8221; _builder_version=&#8221;4.27.4&#8243; _module_preset=&#8221;default&#8221; width=&#8221;100%&#8221; max_width=&#8221;100%&#8221; module_alignment=&#8221;left&#8221; custom_margin=&#8221;0px|||0px|false|false&#8221; custom_padding=&#8221;|||0px|false|false&#8221; global_colors_info=&#8221;{}&#8221;]<\/p>\n<p>Busquem voluntaris\/es per:<\/p>\n<ul>\n<li>Col\u00b7laborar amb la producci\u00f3 pr\u00e8via i\/o posterior al festival<\/li>\n<li>Assistir en tasques de muntatge i desmuntatge d&#8217;exposicions, col\u00b7laborant estretament amb molts dels artistes<\/li>\n<li>Supervisar sales, oferir informaci\u00f3 i brindar assist\u00e8ncia general<\/li>\n<li>Participar activament en tallers, mercats i activitats recreatives. Recolzar en \u00e0rees com les barres de bar o cuina, entre d&#8217;altres<\/li>\n<\/ul>\n<p>Si ets resident proper a Vilassar de Dalt, tamb\u00e9 tens l&#8217;opci\u00f3 de convertir-te en fam\u00edlia amfitriona, acollint a altres voluntaris o visitants!<\/p>\n<p>[\/et_pb_text][et_pb_text _builder_version=&#8221;4.23.4&#8243; _module_preset=&#8221;default&#8221; min_height=&#8221;20px&#8221; global_colors_info=&#8221;{}&#8221;][\/et_pb_text][\/et_pb_column][\/et_pb_row][et_pb_row _builder_version=&#8221;4.23.4&#8243; _module_preset=&#8221;default&#8221; width=&#8221;100%&#8221; max_width=&#8221;100%&#8221; custom_margin=&#8221;0px|0px|0px|0px|false|false&#8221; custom_padding=&#8221;0px|0px|0px|0px|false|false&#8221; global_colors_info=&#8221;{}&#8221;][et_pb_column type=&#8221;4_4&#8243; _builder_version=&#8221;4.19.5&#8243; _module_preset=&#8221;default&#8221; global_colors_info=&#8221;{}&#8221;][et_pb_text module_class=&#8221;title&#8221; _builder_version=&#8221;4.23.4&#8243; _module_preset=&#8221;default&#8221; text_text_color=&#8221;#000000&#8243; width=&#8221;96%&#8221; module_alignment=&#8221;left&#8221; custom_padding=&#8221;||||false|false&#8221; custom_css_main_element=&#8221;@media (max-width: 2000px) {||.body-content {||  width: calc(100vw &#8211; 80px);||  margin: 0 40px 0 40px;||}||}&#8221; border_width_bottom=&#8221;1px&#8221; border_color_bottom=&#8221;#000000&#8243; global_colors_info=&#8221;{}&#8221;]<\/p>\n<h2><span style=\"color: #000000;\"><strong>Qu\u00e8 t&#8217;oferim?<\/strong><\/span><\/h2>\n<p>[\/et_pb_text][\/et_pb_column][\/et_pb_row][et_pb_row column_structure=&#8221;3_5,2_5&#8243; _builder_version=&#8221;4.23.2&#8243; _module_preset=&#8221;default&#8221; width=&#8221;100%&#8221; max_width=&#8221;1500px&#8221; global_colors_info=&#8221;{}&#8221;][et_pb_column type=&#8221;3_5&#8243; _builder_version=&#8221;4.23.2&#8243; _module_preset=&#8221;default&#8221; global_colors_info=&#8221;{}&#8221;][et_pb_text module_class=&#8221;text&#8221; _builder_version=&#8221;4.27.4&#8243; _module_preset=&#8221;default&#8221; width=&#8221;100%&#8221; max_width=&#8221;100%&#8221; module_alignment=&#8221;left&#8221; custom_margin=&#8221;0px|||0px|false|false&#8221; custom_padding=&#8221;|||0px|false|false&#8221; global_colors_info=&#8221;{}&#8221;]<\/p>\n<p>El Kit Revela&#8217;t inclou:<\/p>\n<ul>\n<li>Acreditaci\u00f3 amb acc\u00e9s a totes les exposicions i activitats per a tots els dies del festival.<\/li>\n<li>Samarreta de l&#8217;edici\u00f3 actual<\/li>\n<li>Tote bag<\/li>\n<li>Esmorzars i dinars necessaris<\/li>\n<li>Visita guiada exclusiva per a l&#8217;equip de voluntaris<\/li>\n<li>Vermut i festa d&#8217;inauguraci\u00f3<\/li>\n<li>Festa de cloenda del festival<\/li>\n<\/ul>\n<p>[\/et_pb_text][\/et_pb_column][et_pb_column type=&#8221;2_5&#8243; _builder_version=&#8221;4.23.2&#8243; _module_preset=&#8221;default&#8221; global_colors_info=&#8221;{}&#8221;][et_pb_code module_class=&#8221;fit-content&#8221; _builder_version=&#8221;4.27.4&#8243; _module_preset=&#8221;default&#8221; width=&#8221;99%&#8221; module_alignment=&#8221;center&#8221; custom_margin=&#8221;0px|||0px|false|false&#8221; custom_padding=&#8221;100px|||0px|false|false&#8221; link_option_url=&#8221;https:\/\/forms.gle\/8pdh2xxM7J5gPoWM6&#8243; link_option_url_new_window=&#8221;on&#8221; custom_css_main_element=&#8221;||.button {||    height: 40px;||    background-color: white;||    border: 1px solid black;||    padding: 0 20px 0 20px;||    color: black;||    font-size: 18px;||    font-weight: 400;||}||||.button:hover {||    background-color: black;||    color: white;||    cursor: pointer;||}&#8221; global_colors_info=&#8221;{}&#8221;]<a href=\"https:\/\/forms.gle\/cRvK4rNpB5pZMmgF7\"target=\"_blank\"><button class=\"button\"><!-- [et_pb_line_break_holder] -->  Apunta&#8217;t aqui com a voluntari\/\u00e0ria<\/button><\/a>[\/et_pb_code][\/et_pb_column][\/et_pb_row][\/et_pb_section][et_pb_section fb_built=&#8221;1&#8243; module_class=&#8221;body-content&#8221; _builder_version=&#8221;4.19.5&#8243; _module_preset=&#8221;default&#8221; width=&#8221;1500px&#8221; max_width=&#8221;100%&#8221; module_alignment=&#8221;center&#8221; custom_margin=&#8221;0px||0px|0px|false|false&#8221; custom_padding=&#8221;0px|0px|180px|0px|false|false&#8221; locked=&#8221;off&#8221; global_colors_info=&#8221;{}&#8221;][et_pb_row _builder_version=&#8221;4.19.5&#8243; _module_preset=&#8221;default&#8221; width=&#8221;900px&#8221; max_width=&#8221;100%&#8221; custom_margin=&#8221;0px||0px|0px|false|false&#8221; custom_padding=&#8221;0px||0px|0px|false|false&#8221; global_colors_info=&#8221;{}&#8221;][et_pb_column type=&#8221;4_4&#8243; _builder_version=&#8221;4.19.4&#8243; _module_preset=&#8221;default&#8221; global_colors_info=&#8221;{}&#8221;][et_pb_text module_class=&#8221;text&#8221; _builder_version=&#8221;4.27.4&#8243; _module_preset=&#8221;default&#8221; width=&#8221;100%&#8221; max_width=&#8221;100%&#8221; custom_margin=&#8221;|0px||0px|false|false&#8221; custom_padding=&#8221;|0px||0px|false|false&#8221; global_colors_info=&#8221;{}&#8221;]<\/p>\n<p>Tens algun dubte? Contacta amb nosaltres <a class=\"link\" href=\"mailto:voluntarisrevelat@gmail.com\">voluntarisrevelat@gmail.com<\/a><\/p>\n<p>[\/et_pb_text][\/et_pb_column][\/et_pb_row][\/et_pb_section]<\/p>\n","protected":false},"excerpt":{"rendered":"<p>VoluntariatUneix-te al nostre equip!El festival Revela&#8217;t \u00e9s un vibrant punt de trobada per aquells entusiastes de la fotografia, oferint una plataforma distintiva per connectar amb persones igualment apassionades per aquest art. Depenent de les teves prefer\u00e8ncies i disponibilitat, pots prendre diferents rols abans i durant el festival. \u00c9s una oportunitat, no nom\u00e9s per a submergir-te, [&hellip;]<\/p>\n","protected":false},"author":8,"featured_media":0,"parent":0,"menu_order":0,"comment_status":"closed","ping_status":"closed","template":"","meta":{"_et_pb_use_builder":"on","_et_pb_old_content":"","_et_gb_content_width":"","om_disable_all_campaigns":false,"footnotes":""},"class_list":["post-17972","page","type-page","status-publish","hentry"],"aioseo_notices":[],"_links":{"self":[{"href":"https:\/\/revela-t.cat\/2025\/wp-json\/wp\/v2\/pages\/17972","targetHints":{"allow":["GET"]}}],"collection":[{"href":"https:\/\/revela-t.cat\/2025\/wp-json\/wp\/v2\/pages"}],"about":[{"href":"https:\/\/revela-t.cat\/2025\/wp-json\/wp\/v2\/types\/page"}],"author":[{"embeddable":true,"href":"https:\/\/revela-t.cat\/2025\/wp-json\/wp\/v2\/users\/8"}],"replies":[{"embeddable":true,"href":"https:\/\/revela-t.cat\/2025\/wp-json\/wp\/v2\/comments?post=17972"}],"version-history":[{"count":0,"href":"https:\/\/revela-t.cat\/2025\/wp-json\/wp\/v2\/pages\/17972\/revisions"}],"wp:attachment":[{"href":"https:\/\/revela-t.cat\/2025\/wp-json\/wp\/v2\/media?parent=17972"}],"curies":[{"name":"wp","href":"https:\/\/api.w.org\/{rel}","templated":true}]}}