{"id":17890,"date":"2025-03-18T10:29:33","date_gmt":"2025-03-18T09:29:33","guid":{"rendered":"https:\/\/revela-t.cat\/2025\/?page_id=17890"},"modified":"2025-04-14T18:21:44","modified_gmt":"2025-04-14T16:21:44","slug":"nosaltres_2025","status":"publish","type":"page","link":"https:\/\/revela-t.cat\/2025\/ca\/nosaltres_2025\/","title":{"rendered":"Nosaltres 2025"},"content":{"rendered":"<p>[et_pb_section fb_built=&#8221;1&#8243; module_class=&#8221;body-content&#8221; _builder_version=&#8221;4.27.4&#8243; _module_preset=&#8221;default&#8221; width=&#8221;1500px&#8221; max_width=&#8221;100%&#8221; module_alignment=&#8221;center&#8221; custom_margin=&#8221;0px|0px|0px|0px|false|false&#8221; custom_padding=&#8221;0px|0px|0px|0px|false|false&#8221; locked=&#8221;off&#8221; global_colors_info=&#8221;{}&#8221;][et_pb_row _builder_version=&#8221;4.27.4&#8243; _module_preset=&#8221;default&#8221; width=&#8221;100%&#8221; max_width=&#8221;2560px&#8221; custom_margin=&#8221;0px|0px|0px|0px|false|false&#8221; custom_padding=&#8221;0px|0px|0px|0px|false|false&#8221; collapsed=&#8221;off&#8221; global_colors_info=&#8221;{}&#8221;][et_pb_column type=&#8221;4_4&#8243; _builder_version=&#8221;4.19.4&#8243; _module_preset=&#8221;default&#8221; global_colors_info=&#8221;{}&#8221;][et_pb_text module_class=&#8221;title&#8221; _builder_version=&#8221;4.27.2&#8243; _module_preset=&#8221;default&#8221; text_text_color=&#8221;#000000&#8243; custom_padding=&#8221;||10px||false|false&#8221; custom_css_main_element=&#8221;@media (max-width: 2000px) {||.body-content {|| width: calc(100vw &#8211; 80px);|| margin: 0 40px 0 40px;||}||}&#8221; border_width_bottom=&#8221;1px&#8221; border_color_bottom=&#8221;#000000&#8243; global_colors_info=&#8221;{}&#8221;]<\/p>\n<h1><span style=\"color: #000000;\"><strong>Revela&#8217;t 2025<br \/>\n<\/strong><\/span><\/h1>\n<p>[\/et_pb_text][\/et_pb_column][\/et_pb_row][et_pb_row column_structure=&#8221;1_2,1_2&#8243; _builder_version=&#8221;4.27.4&#8243; _module_preset=&#8221;default&#8221; width=&#8221;100%&#8221; max_width=&#8221;2560px&#8221; custom_margin=&#8221;0px|0px|0px|0px|false|false&#8221; custom_padding=&#8221;0px|0px|0px|0px|false|false&#8221; collapsed=&#8221;off&#8221; global_colors_info=&#8221;{}&#8221;][et_pb_column type=&#8221;1_2&#8243; _builder_version=&#8221;4.19.4&#8243; _module_preset=&#8221;default&#8221; global_colors_info=&#8221;{}&#8221;][et_pb_text _builder_version=&#8221;4.27.4&#8243; _module_preset=&#8221;default&#8221; custom_margin=&#8221;40px||||false|false&#8221; global_colors_info=&#8221;{}&#8221;]<\/p>\n<h3 class=\"p1\"><span style=\"font-size: large;\"><strong>Organitza<\/strong><\/span><\/h3>\n<p class=\"p1\"><span style=\"font-size: large;\"><span style=\"color: #000000;\">Associaci\u00f3 Fotogr\u00e0fica Espaifoto<\/span><b><br \/><\/b><\/span><\/p>\n<h3 class=\"p1\"><span style=\"font-size: large;\"><strong>Direcci\u00f3<\/strong><\/span><\/h3>\n<p class=\"p1\"><span style=\"font-size: large;\"><span style=\"color: #000000;\">Pep M\u00ednguez<\/span><b><br \/><\/b><\/span><\/p>\n<h3 class=\"p1\"><span style=\"font-size: large;\"><strong>Coordinaci\u00f3 <\/strong><\/span><span style=\"font-size: large;\"><strong>i Protocol<\/strong><\/span><\/h3>\n<p class=\"p1\"><span style=\"font-size: large; color: #000000;\">Laura Aparicio, Ana Sof\u00eda Farrera i Gl\u00f2ria Peruga<\/span><\/p>\n<h3 class=\"p1\"><span style=\"font-size: large;\"><strong>Coordinadora fotollibres<\/strong><\/span><\/h3>\n<p class=\"p1\"><span style=\"font-size: large; color: #000000;\">Mireia Alises<\/span><\/p>\n<h3 class=\"p1\"><span style=\"font-size: large;\"><strong>Coordinador Visionat<\/strong><\/span><\/h3>\n<p class=\"p1\"><span style=\"font-size: large; color: #000000;\">Marc \u00c0vila<\/span><\/p>\n<h3 class=\"p1\"><span style=\"font-size: large;\"><strong>Producci\u00f3<\/strong><\/span><\/h3>\n<p class=\"p1\"><span style=\"font-size: large; color: #000000;\">Ainoa Guilera, M\u00aa Jos\u00e9 G. Ares i Salvador Alsina<\/span><\/p>\n<h3 class=\"p1\"><span style=\"font-size: large;\"><strong>Voluntariat<\/strong><\/span><\/h3>\n<p class=\"p1\"><span style=\"font-size: large; color: #000000;\">Aina L\u00fctken<\/span><\/p>\n<h3 class=\"p1\"><span style=\"font-size: large;\"><strong>Disseny i imatge<\/strong><\/span><\/h3>\n<p class=\"p1\"><span style=\"font-size: large; color: #000000;\">Estudio Feij\u00f3o<\/span><\/p>\n<h3 class=\"p1\"><span style=\"font-size: large;\"><strong>Web<br \/><\/strong><\/span><\/h3>\n<p class=\"p1\"><span style=\"font-size: large; color: #000000;\">\u00d2scar Ciutat<br \/><\/span><\/p>\n<h3 class=\"p1\"><span style=\"font-size: large;\"><strong>Xarxes socials<\/strong><\/span><\/h3>\n<p class=\"p1\"><span style=\"font-size: large; color: #000000;\">Ana Sof\u00eda Farrera i Alfonso Fornes &amp; co<\/span><\/p>\n<h3><span style=\"font-size: large;\"><strong>Premsa<\/strong><\/span><\/h3>\n<p class=\"p1\"><span style=\"font-size: large; color: #000000;\">C\u00f2smica<\/span><\/p>\n<h3 class=\"p1\"><span style=\"font-size: large;\"><strong>Projectes Educatius i Activitats Formatives<\/strong><\/span><\/h3>\n<p class=\"p1\"><span style=\"font-size: large; color: #000000;\">Salvador Alsina, Juan L. Ronco i Sergi P\u00e9rez<br \/><\/span><\/p>\n<h3 class=\"p1\"><span style=\"font-size: large;\"><strong>Fotografia i v\u00eddeo<br \/><\/strong><\/span><\/h3>\n<p class=\"p1\"><span style=\"font-size: large; color: #000000;\">Pep Prats i Pere Lloveras<\/span><\/p>\n<h3 class=\"p1\"><span style=\"font-size: large;\"><strong>Estudiants en pr\u00e0ctiques<\/strong><\/span><\/h3>\n<p class=\"p1\"><span style=\"font-size: large; color: #000000;\">Najoi El Hmidi, \u00c0lex Villacampa, Andrea Ruano i Mar Espin<\/span><\/p>\n<h3 class=\"p1\"><span style=\"font-size: large;\"><strong>Visites guiades<\/strong><\/span><\/h3>\n<p><span style=\"font-size: large; color: #000000;\">Berta Mogdasy i Maria Vil\u00e0<\/span><\/p>\n<p>&nbsp;<\/p>\n<p>[\/et_pb_text][\/et_pb_column][et_pb_column type=&#8221;1_2&#8243; _builder_version=&#8221;4.19.4&#8243; _module_preset=&#8221;default&#8221; global_colors_info=&#8221;{}&#8221;][et_pb_gallery gallery_ids=&#8221;28127,28125,28120,28131,28130,28129,28128,28123,28126,28121,28132,28122,28133,28135,28134,28136,28138&#8243; fullwidth=&#8221;on&#8221; _builder_version=&#8221;4.27.4&#8243; _module_preset=&#8221;default&#8221; width=&#8221;900px&#8221; max_width=&#8221;100%&#8221; module_alignment=&#8221;left&#8221; custom_margin=&#8221;50px||||false|false&#8221; custom_padding=&#8221;||70px||false|false&#8221; auto=&#8221;on&#8221; auto_speed=&#8221;6000&#8243; custom_css_main_element=&#8221;height: fit-content !important;&#8221; locked=&#8221;off&#8221; global_colors_info=&#8221;{}&#8221;][\/et_pb_gallery][et_pb_text _builder_version=&#8221;4.27.4&#8243; _module_preset=&#8221;default&#8221; transform_translate=&#8221;0px|-100px&#8221; transform_translate_linked=&#8221;off&#8221; width=&#8221;100%&#8221; custom_margin=&#8221;70px||||false|false&#8221; global_colors_info=&#8221;{}&#8221;]<\/p>\n<p>&nbsp;<\/p>\n<p><span style=\"color: #0a0a0a; font-size: large;\">Tot va comen\u00e7ar l\u2019any 2013 com una trobada d\u2019aficionats a la fotografia anal\u00f2gica. Davant l\u2019\u00e8xit de la convocat\u00f2ria, els mateixos assistents ens van animar a continuar. Aix\u00ed, ens vam adonar que \u00e9rem el <\/span><strong style=\"color: #0a0a0a; font-size: large;\">primer festival del m\u00f3n dedicat exclusivament a la fotografia anal\u00f2gica<\/strong><span style=\"color: #0a0a0a; font-size: large;\">, convertint-nos en un referent per a iniciatives d\u2019altres pa\u00efsos. Des de llavors, ja hem celebrat dotze edicions!<\/span><\/p>\n<p><span style=\"font-size: large; color: #0a0a0a;\">El nostre objectiu \u00e9s ser un punt de trobada per al pensament i la creaci\u00f3 al voltant de la fotografia anal\u00f2gica, per\u00f2 m\u00e9s enll\u00e0 dels processos t\u00e8cnics, ens centrem en les hist\u00f2ries que expliquen les imatges i en la profunditat que hi ha darrere de cada projecte. Per aix\u00f2, cada edici\u00f3 escollim un tema central que inspira les exposicions.\u00a0 <\/span><span style=\"font-size: large; color: #0a0a0a;\">A l\u2019edici\u00f3 de 2025, el tema \u00e9s <strong>\u201cHe vist coses que no creur\u00edeu\u2026\u201d<\/strong>, una frase extreta de l\u2019ic\u00f2nic mon\u00f2leg final de la pel\u00b7l\u00edcula Blade Runner i estem segurs que hi veureu coses extraordin\u00e0ries.<\/span><\/p>\n<p><span style=\"font-size: large; color: #0a0a0a;\">Des de la primera edici\u00f3, comptem amb la complicitat de reconeguts fot\u00f2grafs d\u2019arreu del m\u00f3n, fet que ens ha perm\u00e8s presentar exposicions de gran qualitat. Aquests projectes, juntament amb els seleccionats de la convocat\u00f2ria oberta, conformen la programaci\u00f3 d&#8217;exposicions. En l\u2019edici\u00f3 de 2025, vam rebre 655 propostes de 62 pa\u00efsos diferents, un clar indicador del nivell d\u2019internacionalitzaci\u00f3 que hem assolit. I 196 propostes pel Visionat de Portafolis.<\/span><\/p>\n<p><span style=\"font-size: large; color: #0a0a0a;\">Aquest cam\u00ed no hauria estat possible sense el suport de diverses institucions i entitats, tant p\u00fabliques com privades, aix\u00ed com la col\u00b7laboraci\u00f3 essencial de la nostra comunitat d\u2019amics del Revela\u2019t, de mecenes i del nostre valu\u00f3s equip de voluntariat.<\/span><\/p>\n<p><span style=\"font-size: large; color: #0a0a0a;\">A m\u00e9s de les exposicions, oferim un ampli ventall d\u2019activitats per als amants de la fotografia i l\u2019art: confer\u00e8ncies, tallers, projeccions, mercats i molt m\u00e9s. Cada edici\u00f3 \u00e9s una oportunitat per connectar amb altres apassionats i formar part d\u2019una comunitat diversa i acollidora.<\/span><\/p>\n<p><span style=\"font-size: large; color: #0a0a0a;\">El festival \u00e9s l\u2019excusa perfecta per gaudir junts de la nostra passi\u00f3 compartida per la fotografia anal\u00f2gica. <strong>T\u2019esperem al Revela\u2019t 2025!<\/strong><\/span><\/p>\n<p>[\/et_pb_text][\/et_pb_column][\/et_pb_row][et_pb_row _builder_version=&#8221;4.27.4&#8243; _module_preset=&#8221;default&#8221; width=&#8221;100%&#8221; max_width=&#8221;100%&#8221; module_alignment=&#8221;left&#8221; custom_margin=&#8221;0px||||false|false&#8221; global_colors_info=&#8221;{}&#8221;][et_pb_column type=&#8221;4_4&#8243; _builder_version=&#8221;4.23.1&#8243; _module_preset=&#8221;default&#8221; global_colors_info=&#8221;{}&#8221;][et_pb_text _builder_version=&#8221;4.27.4&#8243; _module_preset=&#8221;default&#8221; header_font_size=&#8221;74px&#8221; transform_translate_linked=&#8221;off&#8221; transform_origin=&#8221;117%|50%&#8221; width=&#8221;100%&#8221; max_width=&#8221;100%&#8221; module_alignment=&#8221;center&#8221; custom_margin=&#8221;0px||||false|false&#8221; global_colors_info=&#8221;{}&#8221;]<\/p>\n<h3 class=\"p1\"><span style=\"font-size: large;\"><strong>Amics\/gues Revela&#8217;t<br \/><\/strong><\/span><\/h3>\n<p><span style=\"font-size: large; color: #000000;\">Beatriz Agullo, C\u00e8lia Arnau, Jacques Barbier, Ana Belen Barreales Elias, Jaume Bonet, Helena Borjesson, Rafael Borrego Giraldez, Pablo Braulio, David Caballero, Nuria Cabrera Sancho, Josep Casacuberta, Egl\u00e9 Casagrande, Angel Codina Font, Mateo Combariza, Clara Cuss\u00f3 Ruiz, Cristina Drafta, Daniel Esta\u00f1ol Torres, Llu\u00eds Estopi\u00f1an, Dimas F\u00e0bregas, Gianluigi Fraiese, Carlos Gili, Alba Gonz\u00e1lez, Jose Guindos, Mikel Guirado, Alfredo Herrezuelo, Ramon Juvany, Daria Ksenofontova, Didac Lluent, Justin Long, Juan Jose Lopez Jimenez, Francesco Marongiu, Rebeca Martinez, Rebeca Martinez, Eulalia Mart\u00ednez, Soledad Martinez Joher, Vicen\u00e7 Mata, Jose Maria Mercader Torreiro, Lola Montserrat, Ilaria Murabito, Elina Nilsson, Xavi Padros, Laura Pages Forne, Albert Palaudaries, Angel Palomar, Ramon Panosa Serrats, Pep Perez, St\u00e9phanie Probst, Ruben Reinares Saenz, Nuria Andua Rodenas, Joana Rosa Comas, Vicens Rovira, Israel Sabater, Guillermo Salazar Solans, Jordi Salewski, Andreu Santos-Olmo Sorli, Mar\u00e7al Santos-Olmo Sorli, Pablo Sanchez Fernandez, Axel Serrat, Francesc Soldevila, Joan Sorolla, Xavier Torruella, Tanja Upravitelev, Josep Vall y Cesar Vercher.<\/span><\/p>\n<p>&nbsp;<\/p>\n<h3 class=\"p1\"><span style=\"font-size: large;\"><strong>Voluntaris edici\u00f3 2024<br \/><\/strong><\/span><\/h3>\n<p><span style=\"font-size: large; color: #000000;\">M\u00aa Angels Abell\u00e1n, Montse Abell\u00e1n, Vicky Acosta, Adri\u00e1n, Laura Albornoz, Isabel Amor\u00f3s, Debora Andres, M\u00aa Antonia, Elena Aragon\u00e9s, Sabrina \u00c1vila, Manuel Benito, \u00c0ngels Bl\u00e0zquez, Paula Bueso, Carolina Cancelo, Laura Caraballo, Ana Carreres, Roos Chen, Gabriel Chuan, Marta Chueca, Daniel Comas, Mateo Combariza, Anna Cort\u00e9s, Diego Cu\u00e9llar, Karin Dilge, Pilar Dolon, Aleix Duny\u00f3, Luc\u00eda D\u00edaz, Samir Gallego, Nerea Gast\u00f3n, Giada Giannoccaro, Henar Gimeno, J\u00falia Gim\u00e9nez, N\u00faria Gim\u00e9nez, Nacho Giralt, Elisenda Guedea, Nuria Guill\u00e9n, David Hern\u00e1ndez, Anne Hindennach, Montserrat Hosta, \u00cdzan, Julen Iztueta, Ashlly Javillonar, Gianella Jiron, S\u00edlvia Jordan, Arwa Kayyali, Cristian Kemmer, Giulio Lazzarini, Andrea Lema, Merc\u00e8 Marquet, Salvador Marti, Ena Mart\u00ednez, Silvia Mart\u00ednez, Evelyn Mesa, Alex Mestre, Mateo Miranda, Ariana Monzon, M\u00e0rius Ortiz, Elodie Pagador, Valentina Pav\u00f3n, Lidia Peret, Ana Pinto, Jos\u00e9 Pirt, Rosa Maria Prats, Clara Ferrer P\u00e9rez, Londy Ramazzini, Marina Romero, Bego\u00f1a Ruiz, Marta Sabater, Arnau Saborit, Llu\u00eds Sabri\u00e0, Toni Sala, Encarna S\u00e1nchez, Aina Sangr\u00e0, Aitor Silla, Mariana Simonelli, Luc\u00eda Soto, Celia Teso, Joan Trujillo, Brunna Urbano, Enrica Valdes, Clara V\u00e1zquez, Ester Vila, Alba Vilarrubla, Mayra Villaverde, Patricia V\u00edlchez, Maite Zabalza, Antonella Zucchero.<\/span><\/p>\n<p>[\/et_pb_text][\/et_pb_column][\/et_pb_row][\/et_pb_section][et_pb_section fb_built=&#8221;1&#8243; _builder_version=&#8221;4.23.1&#8243; _module_preset=&#8221;default&#8221; width=&#8221;1500px&#8221; max_width=&#8221;95%&#8221; module_alignment=&#8221;center&#8221; custom_margin=&#8221;-50px||||false|false&#8221; global_colors_info=&#8221;{}&#8221;][et_pb_row _builder_version=&#8221;4.23.1&#8243; _module_preset=&#8221;default&#8221; width=&#8221;100%&#8221; max_width=&#8221;1500px&#8221; module_alignment=&#8221;center&#8221; global_colors_info=&#8221;{}&#8221;][et_pb_column type=&#8221;4_4&#8243; _builder_version=&#8221;4.23.1&#8243; _module_preset=&#8221;default&#8221; global_colors_info=&#8221;{}&#8221;][et_pb_text _builder_version=&#8221;4.27.4&#8243; _module_preset=&#8221;default&#8221; global_colors_info=&#8221;{}&#8221;]<\/p>\n<h2><strong>Patrocinadors<\/strong><\/h2>\n<p>[\/et_pb_text][et_pb_divider _builder_version=&#8221;4.23.1&#8243; _module_preset=&#8221;default&#8221; custom_margin=&#8221;-30px||||false|false&#8221; filter_brightness=&#8221;0%&#8221; global_colors_info=&#8221;{}&#8221;][\/et_pb_divider][et_pb_text _builder_version=&#8221;4.27.4&#8243; _module_preset=&#8221;default&#8221; custom_margin=&#8221;-45px||||false|false&#8221; locked=&#8221;off&#8221; global_colors_info=&#8221;{}&#8221;]<\/p>\n<p>&nbsp;<\/p>\n<p><span style=\"font-size: large; color: #0a0a0a;\"><strong>Amb el suport de\u2026<\/strong><br \/>Departament de Cultura de la Generalitat de Catalunya, Ajuntament de Vilassar de Dalt, Diputaci\u00f3 de Barcelona, Sorli, Sorli Emocions, Fujifilm i Comas &amp; Partners,<\/span><\/p>\n<p>&nbsp;<\/p>\n<p><span style=\"font-size: large; color: #0a0a0a;\"><strong>Amb la col\u00b7laboraci\u00f3 de\u2026<\/strong><br \/>EGM, Kitoli, Shooters Film Lab, VM Foto, Visual Korner, Arterri, GAD, Emesa, Impressionart, Yelo so i llum, Estrella Damm, Pint-Nova, Roger\u2019s, Vilapack, Emesa, Corma, Festival Floral.<\/span><\/p>\n<p><span style=\"font-size: large; color: #0a0a0a;\"><br \/><strong>Entitats\u00a0 col\u00b7laboradores\u2026<\/strong><br \/>Acci\u00f3n Cultural Espa\u00f1ola, Casa \u00c0sia, Vilassar turisme, Museu Arxiu de Vilassar de Dalt, La Massa Centre de Cultura, TRESC, Carnet JOVE, Foto Cinema Matar\u00f3. <\/span><\/p>\n<p>[\/et_pb_text][\/et_pb_column][\/et_pb_row][\/et_pb_section][et_pb_section fb_built=&#8221;1&#8243; module_class=&#8221;body-content&#8221; _builder_version=&#8221;4.23.1&#8243; _module_preset=&#8221;default&#8221; positioning=&#8221;none&#8221; width=&#8221;1500px&#8221; max_width=&#8221;100%&#8221; module_alignment=&#8221;center&#8221; custom_margin=&#8221;0px||0px|0px|false|false&#8221; custom_padding=&#8221;0px|0px|180px|0px|false|false&#8221; locked=&#8221;off&#8221; global_colors_info=&#8221;{}&#8221;][et_pb_row _builder_version=&#8221;4.19.5&#8243; _module_preset=&#8221;default&#8221; width=&#8221;900px&#8221; max_width=&#8221;100%&#8221; custom_margin=&#8221;0px||0px|0px|false|false&#8221; custom_padding=&#8221;0px||0px|0px|false|false&#8221; global_colors_info=&#8221;{}&#8221;][et_pb_column type=&#8221;4_4&#8243; _builder_version=&#8221;4.19.4&#8243; _module_preset=&#8221;default&#8221; global_colors_info=&#8221;{}&#8221;][et_pb_text module_class=&#8221;text&#8221; _builder_version=&#8221;4.27.4&#8243; _module_preset=&#8221;default&#8221; width=&#8221;100%&#8221; max_width=&#8221;100%&#8221; custom_margin=&#8221;75px|0px|-20px|0px|false|false&#8221; custom_padding=&#8221;|0px||0px|false|false&#8221; global_colors_info=&#8221;{}&#8221;]<\/p>\n<p>Tens algun dubte? Contacta amb nosaltres <a class=\"link\" href=\"mailto:espaifotografic@gmail.com\">espaifotografic@gmail.com<\/a><\/p>\n<p>[\/et_pb_text][\/et_pb_column][\/et_pb_row][\/et_pb_section]<\/p>\n","protected":false},"excerpt":{"rendered":"<p>Revela&#8217;t 2025 Organitza Associaci\u00f3 Fotogr\u00e0fica Espaifoto Direcci\u00f3 Pep M\u00ednguez Coordinaci\u00f3 i Protocol Laura Aparicio, Ana Sof\u00eda Farrera i Gl\u00f2ria Peruga Coordinadora fotollibres Mireia Alises Coordinador Visionat Marc \u00c0vila Producci\u00f3 Ainoa Guilera, M\u00aa Jos\u00e9 G. Ares i Salvador Alsina Voluntariat Aina L\u00fctken Disseny i imatge Estudio Feij\u00f3o Web \u00d2scar Ciutat Xarxes socials Ana Sof\u00eda Farrera i [&hellip;]<\/p>\n","protected":false},"author":8,"featured_media":0,"parent":0,"menu_order":0,"comment_status":"closed","ping_status":"closed","template":"","meta":{"_et_pb_use_builder":"on","_et_pb_old_content":"","_et_gb_content_width":"","om_disable_all_campaigns":false,"footnotes":""},"class_list":["post-17890","page","type-page","status-publish","hentry"],"aioseo_notices":[],"_links":{"self":[{"href":"https:\/\/revela-t.cat\/2025\/wp-json\/wp\/v2\/pages\/17890","targetHints":{"allow":["GET"]}}],"collection":[{"href":"https:\/\/revela-t.cat\/2025\/wp-json\/wp\/v2\/pages"}],"about":[{"href":"https:\/\/revela-t.cat\/2025\/wp-json\/wp\/v2\/types\/page"}],"author":[{"embeddable":true,"href":"https:\/\/revela-t.cat\/2025\/wp-json\/wp\/v2\/users\/8"}],"replies":[{"embeddable":true,"href":"https:\/\/revela-t.cat\/2025\/wp-json\/wp\/v2\/comments?post=17890"}],"version-history":[{"count":0,"href":"https:\/\/revela-t.cat\/2025\/wp-json\/wp\/v2\/pages\/17890\/revisions"}],"wp:attachment":[{"href":"https:\/\/revela-t.cat\/2025\/wp-json\/wp\/v2\/media?parent=17890"}],"curies":[{"name":"wp","href":"https:\/\/api.w.org\/{rel}","templated":true}]}}