{"id":12746,"date":"2025-04-03T10:46:10","date_gmt":"2025-04-03T08:46:10","guid":{"rendered":"https:\/\/revela-t.cat\/2025\/?page_id=12746"},"modified":"2025-03-17T12:06:18","modified_gmt":"2025-03-17T11:06:18","slug":"condicions_cancelacio","status":"publish","type":"page","link":"https:\/\/revela-t.cat\/2025\/ca\/condicions_cancelacio\/","title":{"rendered":"Condicions de cancel\u00b7laci\u00f3"},"content":{"rendered":"<p>[et_pb_section fb_built=&#8221;1&#8243; module_class=&#8221;body-content&#8221; _builder_version=&#8221;4.20.2&#8243; _module_preset=&#8221;default&#8221; width=&#8221;1500px&#8221; max_width=&#8221;100%&#8221; module_alignment=&#8221;center&#8221; custom_margin=&#8221;||0px||false|false&#8221; custom_padding=&#8221;48px||34px||false|false&#8221; locked=&#8221;off&#8221; global_colors_info=&#8221;{}&#8221;][et_pb_row _builder_version=&#8221;4.20.2&#8243; _module_preset=&#8221;default&#8221; width=&#8221;100%&#8221; max_width=&#8221;2560px&#8221; custom_margin=&#8221;0px|0px|0px|0px|false|false&#8221; custom_padding=&#8221;0px|0px|0px|0px|false|false&#8221; global_colors_info=&#8221;{}&#8221;][et_pb_column type=&#8221;4_4&#8243; _builder_version=&#8221;4.19.4&#8243; _module_preset=&#8221;default&#8221; global_colors_info=&#8221;{}&#8221;][et_pb_text module_class=&#8221;title&#8221; _builder_version=&#8221;4.20.2&#8243; _module_preset=&#8221;default&#8221; text_text_color=&#8221;#000000&#8243; custom_padding=&#8221;||10px||false|false&#8221; custom_css_main_element=&#8221;@media (max-width: 2000px) {||.body-content {||  width: calc(100vw &#8211; 80px);||  margin: 0 40px 0 40px;||}||}&#8221; border_width_bottom=&#8221;1px&#8221; border_color_bottom=&#8221;#000000&#8243; global_colors_info=&#8221;{}&#8221;]<\/p>\n<h1><span style=\"color: #000000;\"><strong>Condicions de cancel\u00b7laci\u00f3<br \/><\/strong><\/span><\/h1>\n<p>[\/et_pb_text][\/et_pb_column][\/et_pb_row][\/et_pb_section][et_pb_section fb_built=&#8221;1&#8243; admin_label=&#8221;Section&#8221; module_class=&#8221;body-content&#8221; _builder_version=&#8221;4.20.2&#8243; _module_preset=&#8221;default&#8221; width=&#8221;1500px&#8221; max_width=&#8221;100%&#8221; module_alignment=&#8221;center&#8221; custom_margin=&#8221;0px|0px|180px|0px|false|false&#8221; custom_padding=&#8221;0px|0px|0px|0px|false|false&#8221; locked=&#8221;off&#8221; global_colors_info=&#8221;{}&#8221;][et_pb_row use_custom_gutter=&#8221;on&#8221; gutter_width=&#8221;1&#8243; _builder_version=&#8221;4.27.4&#8243; _module_preset=&#8221;default&#8221; width=&#8221;1500px&#8221; max_width=&#8221;100%&#8221; module_alignment=&#8221;left&#8221; min_height=&#8221;auto&#8221; custom_margin=&#8221;0px||0px|0px|false|false&#8221; custom_padding=&#8221;0px||0px|0px|false|false&#8221; global_colors_info=&#8221;{}&#8221;][et_pb_column type=&#8221;4_4&#8243; _builder_version=&#8221;4.19.4&#8243; _module_preset=&#8221;default&#8221; global_colors_info=&#8221;{}&#8221;][et_pb_text module_class=&#8221;text&#8221; _builder_version=&#8221;4.27.4&#8243; _module_preset=&#8221;default&#8221; width=&#8221;100%&#8221; max_width=&#8221;100%&#8221; custom_margin=&#8221;0px||0px|0px|false|false&#8221; custom_padding=&#8221;0px||0px|0px|false|false&#8221; global_colors_info=&#8221;{}&#8221;]<\/p>\n<ul>\n<li><span class=\"font-151547\">Comptem amb la teva assist\u00e8ncia als nostres tallers o altres activitats del festival Revela&#8217;t. Si per qualsevol ra\u00f3 necessites fer una cancel\u00b7laci\u00f3, et preguem que ens ho notifiquis per <a class=\"link\" href=\"mailto:espaifotografic@gmail.com\"><strong>correu electr\u00f2nic<\/strong> <\/a>com a m\u00ednim <strong>15 dies<\/strong> abans de l\u2019inici de l\u2019activitat. En aquest cas et reemborsarem el pagament.<\/span><\/li>\n<li><span class=\"font-151547\">Si la notificaci\u00f3 de la cancel\u00b7laci\u00f3 es fa amb menys de <strong>15 dies<\/strong> d\u2019antelaci\u00f3 respecte a la data d\u2019inici de l\u2019activitat, haurem de retenir la meitat del pagament.<\/span><\/li>\n<li><span class=\"font-151547\">No es reemborsar\u00e0 cap inscripci\u00f3 o reserva els <strong>7 dies<\/strong> previs a l\u2019inici de l\u2019activitat.<\/span><\/li>\n<li><span class=\"font-151547\">El Festival Revela\u2019t podr\u00e0 cancel\u00b7lar una activitat que no compleixi els requisits m\u00ednims de registre. En cas que una activitat hagi de ser cancel\u00b7lada, reemborsarem la quantitat abonada completament.<\/span><\/li>\n<li><span class=\"font-151547\">Si es cancel\u00b7la una activitat, no ens fem responsables del reemborsament de les despeses de viatge no reemborsables. Si us plau, comprova la situaci\u00f3 de l\u2019activitat abans d\u2019organitzar el teu viatge.<\/span><\/li>\n<li>Desgraciadament, <strong>no pot haver-hi excepcions<\/strong> en la nostra pol\u00edtica de cancel\u00b7laci\u00f3.<\/li>\n<\/ul>\n<p>[\/et_pb_text][\/et_pb_column][\/et_pb_row][\/et_pb_section]<\/p>\n","protected":false},"excerpt":{"rendered":"<p>Condicions de cancel\u00b7laci\u00f3 Comptem amb la teva assist\u00e8ncia als nostres tallers o altres activitats del festival Revela&#8217;t. Si per qualsevol ra\u00f3 necessites fer una cancel\u00b7laci\u00f3, et preguem que ens ho notifiquis per correu electr\u00f2nic com a m\u00ednim 15 dies abans de l\u2019inici de l\u2019activitat. En aquest cas et reemborsarem el pagament. Si la notificaci\u00f3 de [&hellip;]<\/p>\n","protected":false},"author":3,"featured_media":0,"parent":0,"menu_order":0,"comment_status":"closed","ping_status":"closed","template":"","meta":{"_et_pb_use_builder":"on","_et_pb_old_content":"","_et_gb_content_width":"","om_disable_all_campaigns":false,"footnotes":""},"class_list":["post-12746","page","type-page","status-publish","hentry"],"aioseo_notices":[],"_links":{"self":[{"href":"https:\/\/revela-t.cat\/2025\/wp-json\/wp\/v2\/pages\/12746","targetHints":{"allow":["GET"]}}],"collection":[{"href":"https:\/\/revela-t.cat\/2025\/wp-json\/wp\/v2\/pages"}],"about":[{"href":"https:\/\/revela-t.cat\/2025\/wp-json\/wp\/v2\/types\/page"}],"author":[{"embeddable":true,"href":"https:\/\/revela-t.cat\/2025\/wp-json\/wp\/v2\/users\/3"}],"replies":[{"embeddable":true,"href":"https:\/\/revela-t.cat\/2025\/wp-json\/wp\/v2\/comments?post=12746"}],"version-history":[{"count":0,"href":"https:\/\/revela-t.cat\/2025\/wp-json\/wp\/v2\/pages\/12746\/revisions"}],"wp:attachment":[{"href":"https:\/\/revela-t.cat\/2025\/wp-json\/wp\/v2\/media?parent=12746"}],"curies":[{"name":"wp","href":"https:\/\/api.w.org\/{rel}","templated":true}]}}