{"id":12707,"date":"2025-04-03T10:46:10","date_gmt":"2025-04-03T08:46:10","guid":{"rendered":"https:\/\/revela-t.cat\/2025\/?page_id=12707"},"modified":"2025-03-17T12:17:18","modified_gmt":"2025-03-17T11:17:18","slug":"condiciones_cancelacion","status":"publish","type":"page","link":"https:\/\/revela-t.cat\/2025\/condiciones_cancelacion\/","title":{"rendered":"Condiciones de cancelaci\u00f3n"},"content":{"rendered":"<p>[et_pb_section fb_built=&#8221;1&#8243; module_class=&#8221;body-content&#8221; _builder_version=&#8221;4.20.2&#8243; _module_preset=&#8221;default&#8221; width=&#8221;1500px&#8221; max_width=&#8221;100%&#8221; module_alignment=&#8221;center&#8221; custom_margin=&#8221;||0px||false|false&#8221; custom_padding=&#8221;48px||34px||false|false&#8221; locked=&#8221;off&#8221; global_colors_info=&#8221;{}&#8221;][et_pb_row _builder_version=&#8221;4.20.2&#8243; _module_preset=&#8221;default&#8221; width=&#8221;100%&#8221; max_width=&#8221;2560px&#8221; custom_margin=&#8221;0px|0px|0px|0px|false|false&#8221; custom_padding=&#8221;0px|0px|0px|0px|false|false&#8221; global_colors_info=&#8221;{}&#8221;][et_pb_column type=&#8221;4_4&#8243; _builder_version=&#8221;4.19.4&#8243; _module_preset=&#8221;default&#8221; global_colors_info=&#8221;{}&#8221;][et_pb_text module_class=&#8221;title&#8221; _builder_version=&#8221;4.27.4&#8243; _module_preset=&#8221;default&#8221; text_text_color=&#8221;#000000&#8243; custom_padding=&#8221;||10px||false|false&#8221; hover_enabled=&#8221;0&#8243; custom_css_main_element=&#8221;@media (max-width: 2000px) {||.body-content {||  width: calc(100vw &#8211; 80px);||  margin: 0 40px 0 40px;||}||}&#8221; border_width_bottom=&#8221;1px&#8221; border_color_bottom=&#8221;#000000&#8243; global_colors_info=&#8221;{}&#8221; sticky_enabled=&#8221;0&#8243;]<\/p>\n<h1><span style=\"color: #000000;\"><strong>Condiciones de cancelaci\u00f3n\u00a0<br \/><\/strong><\/span><\/h1>\n<p>&nbsp;<\/p>\n<p>[\/et_pb_text][\/et_pb_column][\/et_pb_row][\/et_pb_section][et_pb_section fb_built=&#8221;1&#8243; admin_label=&#8221;Section&#8221; module_class=&#8221;body-content&#8221; _builder_version=&#8221;4.20.2&#8243; _module_preset=&#8221;default&#8221; width=&#8221;1500px&#8221; max_width=&#8221;100%&#8221; module_alignment=&#8221;center&#8221; custom_margin=&#8221;0px|0px|180px|0px|false|false&#8221; custom_padding=&#8221;0px|0px|0px|0px|false|false&#8221; global_colors_info=&#8221;{}&#8221;][et_pb_row use_custom_gutter=&#8221;on&#8221; gutter_width=&#8221;1&#8243; _builder_version=&#8221;4.27.4&#8243; _module_preset=&#8221;default&#8221; width=&#8221;100%&#8221; max_width=&#8221;100%&#8221; module_alignment=&#8221;left&#8221; min_height=&#8221;auto&#8221; custom_margin=&#8221;0px||0px|0px|false|false&#8221; custom_padding=&#8221;0px||0px|0px|false|false&#8221; global_colors_info=&#8221;{}&#8221;][et_pb_column type=&#8221;4_4&#8243; _builder_version=&#8221;4.19.4&#8243; _module_preset=&#8221;default&#8221; global_colors_info=&#8221;{}&#8221;][et_pb_text module_class=&#8221;text&#8221; _builder_version=&#8221;4.27.4&#8243; _module_preset=&#8221;default&#8221; width=&#8221;100%&#8221; max_width=&#8221;100%&#8221; custom_margin=&#8221;0px||0px|0px|false|false&#8221; custom_padding=&#8221;0px||0px|0px|false|false&#8221; locked=&#8221;off&#8221; global_colors_info=&#8221;{}&#8221;]<\/p>\n<ul>\n<li>Contamos con tu asistencia a nuestros talleres u otras actividades del festival Revela\u2019t. Si por cualquier motivo necesitas cancelar tu participaci\u00f3n, te pedimos que nos lo notifiques por <a href=\"mailto:espaifotografic@gmail.com\"><strong>correo electr\u00f3nico<\/strong><\/a> al menos <strong>15 d\u00edas <\/strong>antes del inicio de la actividad. En este caso, te reembolsaremos el pago.<\/li>\n<li class=\"p1\">Si la cancelaci\u00f3n se notifica con menos de <strong>15 d\u00edas <\/strong>de antelaci\u00f3n, deberemos retener la mitad del pago.<\/li>\n<li class=\"p1\">No se reembolsar\u00e1 ninguna inscripci\u00f3n o reserva en los <strong>7 d\u00edas <\/strong>previos al inicio de la actividad.<\/li>\n<li class=\"p1\">El Festival Revela\u2019t podr\u00e1 cancelar una actividad que no cumpla con los requisitos m\u00ednimos de inscripci\u00f3n. En caso de cancelaci\u00f3n, reembolsaremos el importe abonado en su totalidad.<\/li>\n<li class=\"p1\">Si una actividad es cancelada, no nos hacemos responsables del reembolso de gastos de viaje no reembolsables. Te recomendamos verificar la situaci\u00f3n de la actividad antes de organizar tu viaje.<\/li>\n<li class=\"p1\">Lamentablemente, <strong>no podemos hacer excepciones<\/strong> en nuestra pol\u00edtica de cancelaci\u00f3n.<\/li>\n<\/ul>\n<p>[\/et_pb_text][\/et_pb_column][\/et_pb_row][\/et_pb_section]<\/p>\n","protected":false},"excerpt":{"rendered":"<p>Condiciones de cancelaci\u00f3n\u00a0 &nbsp; Contamos con tu asistencia a nuestros talleres u otras actividades del festival Revela\u2019t. Si por cualquier motivo necesitas cancelar tu participaci\u00f3n, te pedimos que nos lo notifiques por correo electr\u00f3nico al menos 15 d\u00edas antes del inicio de la actividad. En este caso, te reembolsaremos el pago. Si la cancelaci\u00f3n se [&hellip;]<\/p>\n","protected":false},"author":3,"featured_media":0,"parent":0,"menu_order":0,"comment_status":"closed","ping_status":"closed","template":"","meta":{"_et_pb_use_builder":"on","_et_pb_old_content":"","_et_gb_content_width":"","om_disable_all_campaigns":false,"footnotes":""},"class_list":["post-12707","page","type-page","status-publish","hentry"],"aioseo_notices":[],"_links":{"self":[{"href":"https:\/\/revela-t.cat\/2025\/wp-json\/wp\/v2\/pages\/12707","targetHints":{"allow":["GET"]}}],"collection":[{"href":"https:\/\/revela-t.cat\/2025\/wp-json\/wp\/v2\/pages"}],"about":[{"href":"https:\/\/revela-t.cat\/2025\/wp-json\/wp\/v2\/types\/page"}],"author":[{"embeddable":true,"href":"https:\/\/revela-t.cat\/2025\/wp-json\/wp\/v2\/users\/3"}],"replies":[{"embeddable":true,"href":"https:\/\/revela-t.cat\/2025\/wp-json\/wp\/v2\/comments?post=12707"}],"version-history":[{"count":0,"href":"https:\/\/revela-t.cat\/2025\/wp-json\/wp\/v2\/pages\/12707\/revisions"}],"wp:attachment":[{"href":"https:\/\/revela-t.cat\/2025\/wp-json\/wp\/v2\/media?parent=12707"}],"curies":[{"name":"wp","href":"https:\/\/api.w.org\/{rel}","templated":true}]}}