{"id":1190,"date":"2022-11-21T13:58:12","date_gmt":"2022-11-21T12:58:12","guid":{"rendered":"https:\/\/revela-t.cat\/2025\/?page_id=1190"},"modified":"2024-11-07T10:19:46","modified_gmt":"2024-11-07T09:19:46","slug":"2017-cat","status":"publish","type":"page","link":"https:\/\/revela-t.cat\/2025\/ca\/2017-cat\/","title":{"rendered":"CAT &#8211; 2017"},"content":{"rendered":"<p>[et_pb_section fb_built=&#8221;1&#8243; module_class=&#8221;body-content&#8221; _builder_version=&#8221;4.19.5&#8243; _module_preset=&#8221;default&#8221; width=&#8221;1500px&#8221; max_width=&#8221;100%&#8221; module_alignment=&#8221;center&#8221; custom_margin=&#8221;||0px||false|false&#8221; custom_padding=&#8221;48px||34px||false|false&#8221; locked=&#8221;off&#8221; global_colors_info=&#8221;{}&#8221;][et_pb_row _builder_version=&#8221;4.19.5&#8243; _module_preset=&#8221;default&#8221; width=&#8221;100%&#8221; max_width=&#8221;2560px&#8221; custom_margin=&#8221;0px|0px|0px|0px|false|false&#8221; custom_padding=&#8221;0px|0px|0px|0px|false|false&#8221; global_colors_info=&#8221;{}&#8221;][et_pb_column type=&#8221;4_4&#8243; _builder_version=&#8221;4.19.4&#8243; _module_preset=&#8221;default&#8221; global_colors_info=&#8221;{}&#8221;][et_pb_text module_class=&#8221;title&#8221; _builder_version=&#8221;4.20.2&#8243; _module_preset=&#8221;default&#8221; text_text_color=&#8221;#000000&#8243; custom_margin=&#8221;||||false|false&#8221; custom_padding=&#8221;||10px||false|false&#8221; custom_css_main_element=&#8221;@media (max-width: 2000px) {||.body-content {||  width: calc(100vw &#8211; 80px);||  margin: 0 40px 0 40px;||}||}&#8221; border_width_bottom=&#8221;1px&#8221; border_color_bottom=&#8221;#000000&#8243; global_colors_info=&#8221;{}&#8221;]<\/p>\n<h1><span style=\"color: #000000;\"><strong>Revela&#8217;t 2017: Hidden<\/strong><\/span><\/h1>\n<p>[\/et_pb_text][\/et_pb_column][\/et_pb_row][\/et_pb_section][et_pb_section fb_built=&#8221;1&#8243; module_class=&#8221;body-content&#8221; _builder_version=&#8221;4.19.5&#8243; _module_preset=&#8221;default&#8221; width=&#8221;1500px&#8221; max_width=&#8221;100%&#8221; module_alignment=&#8221;center&#8221; custom_margin=&#8221;0px|0px|0px||false|false&#8221; custom_padding=&#8221;0px|0px|180px|0px|false|false&#8221; locked=&#8221;off&#8221; global_colors_info=&#8221;{}&#8221;][et_pb_row use_custom_gutter=&#8221;on&#8221; gutter_width=&#8221;1&#8243; _builder_version=&#8221;4.19.5&#8243; _module_preset=&#8221;default&#8221; width=&#8221;900px&#8221; max_width=&#8221;100%&#8221; module_alignment=&#8221;left&#8221; custom_margin=&#8221;0px||0px|0px|false|false&#8221; custom_padding=&#8221;0px||45px|0px|false|false&#8221; locked=&#8221;off&#8221; global_colors_info=&#8221;{}&#8221;][et_pb_column type=&#8221;4_4&#8243; _builder_version=&#8221;4.19.4&#8243; _module_preset=&#8221;default&#8221; global_colors_info=&#8221;{}&#8221;][et_pb_text module_class=&#8221;text&#8221; _builder_version=&#8221;4.27.2&#8243; _module_preset=&#8221;default&#8221; width=&#8221;100%&#8221; max_width=&#8221;100%&#8221; custom_margin=&#8221;||-2px|0px|false|false&#8221; custom_padding=&#8221;|||0px|false|false&#8221; hover_enabled=&#8221;0&#8243; global_colors_info=&#8221;{}&#8221; sticky_enabled=&#8221;0&#8243;]<\/p>\n<p><span style=\"color: #808080;\"><a style=\"color: #808080;\" href=\"https:\/\/revela-t.cat\/2025\/2024\/ca\/\" target=\"_blank\" rel=\"noopener\">2024<\/a> \/\u00a0<a style=\"color: #808080;\" href=\"https:\/\/revela-t.cat\/2025\/ca\/2023-cat\/\" target=\"_blank\" rel=\"noopener\">2023<\/a> \/ <a style=\"color: #808080;\" href=\"https:\/\/revela-t.cat\/2025\/ca\/2022-cat\/\" target=\"_blank\" rel=\"noopener\">2022<\/a> \/ <a style=\"color: #808080;\" href=\"https:\/\/revela-t.cat\/2025\/ca\/2021-cat\/\" target=\"_blank\" rel=\"noopener\">2021<\/a> \/ <a style=\"color: #808080;\" href=\"https:\/\/revela-t.cat\/2025\/ca\/2020-cat\/\" target=\"_blank\" rel=\"noopener\">2020<\/a> \/ <a style=\"color: #808080;\" href=\"https:\/\/revela-t.cat\/2025\/ca\/2019-cat\/\" target=\"_blank\" rel=\"noopener\">2019<\/a> \/ <a style=\"color: #808080;\" href=\"https:\/\/revela-t.cat\/2025\/ca\/2018-cat\/\" target=\"_blank\" rel=\"noopener\">2018<\/a> \/ <strong>2017<\/strong> \/ <a style=\"color: #808080;\" href=\"https:\/\/revela-t.cat\/2025\/ca\/2016-cat\/\" target=\"_blank\" rel=\"noopener\">2016<\/a> \/ <a style=\"color: #808080;\" href=\"https:\/\/revela-t.cat\/2025\/ca\/2015-cat\/\" target=\"_blank\" rel=\"noopener\">2015<\/a> \/ <a style=\"color: #808080;\" href=\"https:\/\/revela-t.cat\/2025\/ca\/2014-cat\/\" target=\"_blank\" rel=\"noopener\">2014<\/a> \/ <a style=\"color: #808080;\" href=\"https:\/\/revela-t.cat\/2025\/ca\/2013-cat\/\" target=\"_blank\" rel=\"noopener\">2013<\/a><\/span><\/p>\n<p>[\/et_pb_text][\/et_pb_column][\/et_pb_row][et_pb_row column_structure=&#8221;3_5,2_5&#8243; use_custom_gutter=&#8221;on&#8221; gutter_width=&#8221;2&#8243; _builder_version=&#8221;4.19.5&#8243; _module_preset=&#8221;default&#8221; width=&#8221;100%&#8221; max_width=&#8221;100%&#8221; module_alignment=&#8221;left&#8221; custom_padding=&#8221;0px||0px|||&#8221; global_colors_info=&#8221;{}&#8221;][et_pb_column type=&#8221;3_5&#8243; _builder_version=&#8221;4.19.5&#8243; _module_preset=&#8221;default&#8221; global_colors_info=&#8221;{}&#8221;][et_pb_text module_class=&#8221;text&#8221; _builder_version=&#8221;4.20.2&#8243; _module_preset=&#8221;default&#8221; width=&#8221;900px&#8221; max_width=&#8221;100%&#8221; module_alignment=&#8221;left&#8221; custom_margin=&#8221;|||0px|false|false&#8221; custom_padding=&#8221;||45px|0px|false|false&#8221; custom_css_main_element=&#8221;margin-right: 20px;&#8221; global_colors_info=&#8221;{}&#8221;]<\/p>\n<p><span class=\"font-555555\">Per a la imatge d\u2019aquesta edici\u00f3 seleccionem aquesta fotografia d\u2019en<strong>\u00a0Jordi Gual<\/strong>, una nena d\u2019esquenes que lligava molt b\u00e9 amb el lema proposat,<span>\u00a0<\/span><strong>Hidden<\/strong>, sobre el que giraven totes les exposicions.,<\/span><\/p>\n<p><span class=\"font-555555\">Hidden<span>\u00a0<\/span>(amagat, ocult) el que no es veu a primera vista<span class=\"\">, el que ens \u00e9s molt lluny\u00e0 en dist\u00e0ncia o en el sentiment, el que no es vol veure, el que \u00e9s o ha estat tab\u00fa, el que est\u00e0 encobert, dissimulat, secret\u2026 Busquem paradisos perduts, llenguatges secrets, \u00e0ngels que s\u00f3n dimonis i dimonis que es fan passar per \u00e0ngels, el costat salvatge d\u2019all\u00f2 m\u00e9s innocent\u2026<\/span><\/span><\/p>\n<p><span class=\"font-555555\">En aquesta ocasi\u00f3 la Distinci\u00f3 de Plata\u00a0va ser per<span>\u00a0<\/span><strong>Eduardo Mome\u00f1e<\/strong>.<\/span><\/p>\n<p><span class=\"font-555555\">Es van poder veure tres exposicions de dues galeries de Barcelona,<span>\u00a0<\/span><strong>Valid Foto BCN<\/strong><span>\u00a0<\/span>y<span>\u00a0<\/span><strong>Fifty Dots<\/strong>, el que va ser el germen de qu\u00e8 a l\u2019any seg\u00fcent anomenem Revela\u2019t OFF.<\/span><\/p>\n<p>[\/et_pb_text][et_pb_accordion open_toggle_background_color=&#8221;#FFFFFF&#8221; closed_toggle_text_color=&#8221;#000000&#8243; closed_toggle_background_color=&#8221;#FFFFFF&#8221; toggle_icon=&#8221;&#x4c;||divi||400&#8243; icon_color=&#8221;#000000&#8243; use_icon_font_size=&#8221;on&#8221; icon_font_size=&#8221;30px&#8221; icon_color_last_edited=&#8221;off|desktop&#8221; module_class=&#8221;t&#8221; _builder_version=&#8221;4.20.2&#8243; _module_preset=&#8221;default&#8221; toggle_font=&#8221;|600|||||||&#8221; closed_toggle_text_align=&#8221;left&#8221; body_font_size=&#8221;16px&#8221; custom_margin=&#8221;0px||0px||false|false&#8221; custom_padding=&#8221;0px||0px||false|false&#8221; border_width_all=&#8221;0px&#8221; locked=&#8221;off&#8221; global_colors_info=&#8221;{}&#8221;][et_pb_accordion_item title=&#8221;Exposicions&#8221; open=&#8221;on&#8221; _builder_version=&#8221;4.20.2&#8243; _module_preset=&#8221;default&#8221; custom_margin=&#8221;0px|||0px|false|false&#8221; custom_padding=&#8221;0px|||0px|false|false&#8221; border_width_bottom=&#8221;1px&#8221; border_color_bottom=&#8221;#000000&#8243; global_colors_info=&#8221;{}&#8221;]<\/p>\n<p><span style=\"color: #000000;\"><strong><\/strong><\/span><\/p>\n<p><span style=\"color: #000000;\"><strong>Albarr\u00e1n &amp; Cabrera,<\/strong>This is you.\u00a0<strong>Manel Armengol,<\/strong>\u00a0Herbarium.\u00a0<strong>Laurie Baggett,<\/strong>\u00a0Stenoscopes.\u00a0<strong>Diego Ballestrasse,<\/strong>\u00a0La cuarta pared.\u00a0<strong>Cristobal Benavente,<\/strong>\u00a0Blanco Roto.\u00a0<strong>Martin Brandau,<\/strong>\u00a0VISA ME.\u00a0<strong>Pepe Buitrago&amp; &amp; Narcis Rovira,<\/strong>\u00a0Reflexiones.\u00a0<strong>Lorena Capdevila,<\/strong>\u00a0Galer\u00eda imaginaria.\u00a0<strong>Maite Caram\u00e9s,<\/strong>\u00a0Tour est possible.<strong>\u00a0Daniel Casares,<\/strong>\u00a0Papel de Plata.<strong>\u00a0Estela de Castro,<\/strong>\u00a0Zoocosis.\u00a0<strong>Milagros Caturla \/ Tom Sponheim,<\/strong>\u00a0Las fotos perdidas de BCN.\u00a0<strong>Enrique Escandell,\u00a0<\/strong>Tres Perros y San Crist\u00f3bal.\u00a0<strong>Jordi Esteva,<\/strong>\u00a0Socotra, la isla de los genios.\u00a0<strong>Franz Falckenhaus,\u00a0<\/strong>\u00a0But who or wat.\u00a0<strong>Alfonso Fornes,<\/strong>\u00a0Paisajes emocionales.\u00a0<strong>Dani G. Sarabia,<\/strong>\u00a0M\u00e1s all\u00e1 del bosque.\u00a0<strong>Juan G. Forn\u00e9s,<\/strong>\u00a0Retrato geneal\u00f3gico compuesto.<strong>\u00a0Gilbert Garcin,<\/strong>\u00a0Mr. G.\u00a0<strong>\u00c0lvaro G\u00f3mez-Pidal,<\/strong>\u00a0A Limbo for the youth.\u00a0<strong>Xavier G\u00f3mez,<\/strong>\u00a0Un d\u00eda en el Revela-T.\u00a0<strong>Taichi Gondaria,<\/strong>\u00a0Selectes Work.<strong>\u00a0Peter de Graff,<\/strong>\u00a0Half way to low tide\u00a0<strong>Amaia Hodge,<\/strong>\u00a0Historias incompletas.<strong>\u00a0Giulia Iacolutti,<\/strong>\u00a0Jannah.\u00a0<strong>Markus Kaesler &amp; Jes\u00fas Joglar,<\/strong>\u00a0Retratos del textil.\u00a0<strong>Tomasz Kowalczyk<\/strong>, Zdjet.\u00a0<strong>Josep M\u00aa de Llobert,<\/strong>\u00a0 Blank.\u00a0<strong>Steve Lovegrove,\u00a0<\/strong>\u00a0Hidden Within.\u00a0<strong>Eduardo Mome\u00f1e,<\/strong>\u00a0Las fotografias de Burton Norton.<strong>\u00a0Santos Montes,\u00a0<\/strong>\u00a0Las olas no preguntan.\u00a0<strong>Alfonso Moral,<\/strong>\u00a0Cero.\u00a0<strong>Montse Morcate,<\/strong>\u00a0F_MIL_ALB_M.\u00a0<strong>N\u00faria Oreja,<\/strong>\u00a0 La piel del agua.\u00a0<strong>Jorge Otero,<\/strong>\u00a0Escenograf\u00edas indefinidas.<strong>\u00a0Max Pam &amp; Bernard Plossu,<\/strong>\u00a0Pam\/Plossu.<strong>\u00a0Mus\u00e9u del Pueblu d\u2019Asturies<\/strong>, Fotograf\u00eda Post Mortem.\u00a0<strong>Jesse Oaks,<\/strong>\u00a0Tomorrow yes?\u00a0<strong>Kazuma Obara,<\/strong>\u00a030.\u00a0<strong>Juanan Requena,<\/strong>\u00a0Al borde de toda emoci\u00f3n.\u00a0<strong>Eduardo Ripoll,<\/strong>\u00a0 Paradiso.\u00a0<strong>Alberto Ros,<\/strong>\u00a0Hidden humanity.\u00a0<strong>Camilo Sabogal,<\/strong>\u00a0El lado oscuro de la luz.\u00a0<strong>Tagomago Collectors Project,<\/strong>\u00a0We are back.\u00a0<strong>Munemasa Takahashi,\u00a0<\/strong>\u00a0Losat &amp; Found.\u00a0<strong>Various artists,\u00a0<\/strong>\u00a0Artistic Exchange Project.\u00a0<strong>Wara Vargas,<\/strong>\u00a0La vida de los \u00e1ngeles.\u00a0<strong>Pierre van de Vliert,<\/strong>\u00a0Ipsety.\u00a0<strong>Manabu Yanamaka,<\/strong>\u00a0Gyahtei.<\/span><\/p>\n<p>[\/et_pb_accordion_item][et_pb_accordion_item title=&#8221;Programaci\u00f3&#8221; _builder_version=&#8221;4.20.2&#8243; _module_preset=&#8221;default&#8221; custom_margin=&#8221;0px|||0px|false|false&#8221; custom_padding=&#8221;0px|||0px|false|false&#8221; border_width_bottom=&#8221;1px&#8221; border_color_bottom=&#8221;#000000&#8243; global_colors_info=&#8221;{}&#8221; open=&#8221;off&#8221;]<span>En <a class=\"link\" href=\"https:\/\/revela-t.cat\/2025\/wp-content\/uploads\/2022\/11\/programa-revela\u00b4t_AAFF.pdf\">aquest enlla\u00e7<\/a> pots descarregar el programa de m\u00e0 en tres idiomes.<\/span>[\/et_pb_accordion_item][et_pb_accordion_item title=&#8221;Video resum&#8221; _builder_version=&#8221;4.20.2&#8243; _module_preset=&#8221;default&#8221; custom_margin=&#8221;0px|||0px|false|false&#8221; custom_padding=&#8221;0px|||0px|false|false&#8221; border_width_bottom=&#8221;1px&#8221; border_color_bottom=&#8221;#000000&#8243; global_colors_info=&#8221;{}&#8221; open=&#8221;off&#8221;]<\/p>\n<p>&nbsp;<\/p>\n<div style=\"width: 1080px;\" class=\"wp-video\"><video class=\"wp-video-shortcode\" id=\"video-1190-1\" width=\"1080\" height=\"608\" preload=\"metadata\" controls=\"controls\"><source type=\"video\/mp4\" src=\"https:\/\/revela-t.cat\/2025\/wp-content\/uploads\/2022\/11\/RevelaT17-Resum-v7.mp4?_=1\" \/><a href=\"https:\/\/revela-t.cat\/2025\/wp-content\/uploads\/2022\/11\/RevelaT17-Resum-v7.mp4\">https:\/\/revela-t.cat\/2025\/wp-content\/uploads\/2022\/11\/RevelaT17-Resum-v7.mp4<\/a><\/video><\/div>\n<p>[\/et_pb_accordion_item][\/et_pb_accordion][\/et_pb_column][et_pb_column type=&#8221;2_5&#8243; _builder_version=&#8221;4.19.5&#8243; _module_preset=&#8221;default&#8221; global_colors_info=&#8221;{}&#8221;][et_pb_image src=&#8221;https:\/\/revela-t.cat\/2025\/wp-content\/uploads\/2022\/11\/2017.png&#8221; title_text=&#8221;2017&#8243; force_fullwidth=&#8221;on&#8221; _builder_version=&#8221;4.20.2&#8243; _module_preset=&#8221;default&#8221; locked=&#8221;off&#8221; global_colors_info=&#8221;{}&#8221;][\/et_pb_image][\/et_pb_column][\/et_pb_row][\/et_pb_section]<\/p>\n","protected":false},"excerpt":{"rendered":"<p>Revela&#8217;t 2017: Hidden2024 \/\u00a02023 \/ 2022 \/ 2021 \/ 2020 \/ 2019 \/ 2018 \/ 2017 \/ 2016 \/ 2015 \/ 2014 \/ 2013Per a la imatge d\u2019aquesta edici\u00f3 seleccionem aquesta fotografia d\u2019en\u00a0Jordi Gual, una nena d\u2019esquenes que lligava molt b\u00e9 amb el lema proposat,\u00a0Hidden, sobre el que giraven totes les exposicions., Hidden\u00a0(amagat, ocult) el [&hellip;]<\/p>\n","protected":false},"author":3,"featured_media":0,"parent":0,"menu_order":0,"comment_status":"closed","ping_status":"closed","template":"","meta":{"_et_pb_use_builder":"on","_et_pb_old_content":"","_et_gb_content_width":"","om_disable_all_campaigns":false,"footnotes":""},"class_list":["post-1190","page","type-page","status-publish","hentry"],"aioseo_notices":[],"_links":{"self":[{"href":"https:\/\/revela-t.cat\/2025\/wp-json\/wp\/v2\/pages\/1190","targetHints":{"allow":["GET"]}}],"collection":[{"href":"https:\/\/revela-t.cat\/2025\/wp-json\/wp\/v2\/pages"}],"about":[{"href":"https:\/\/revela-t.cat\/2025\/wp-json\/wp\/v2\/types\/page"}],"author":[{"embeddable":true,"href":"https:\/\/revela-t.cat\/2025\/wp-json\/wp\/v2\/users\/3"}],"replies":[{"embeddable":true,"href":"https:\/\/revela-t.cat\/2025\/wp-json\/wp\/v2\/comments?post=1190"}],"version-history":[{"count":0,"href":"https:\/\/revela-t.cat\/2025\/wp-json\/wp\/v2\/pages\/1190\/revisions"}],"wp:attachment":[{"href":"https:\/\/revela-t.cat\/2025\/wp-json\/wp\/v2\/media?parent=1190"}],"curies":[{"name":"wp","href":"https:\/\/api.w.org\/{rel}","templated":true}]}}