{"id":1166,"date":"2022-11-22T10:34:08","date_gmt":"2022-11-22T09:34:08","guid":{"rendered":"https:\/\/revela-t.cat\/2025\/?page_id=1166"},"modified":"2024-11-07T10:18:09","modified_gmt":"2024-11-07T09:18:09","slug":"2015-cat","status":"publish","type":"page","link":"https:\/\/revela-t.cat\/2025\/ca\/2015-cat\/","title":{"rendered":"CAT &#8211; 2015"},"content":{"rendered":"<p>[et_pb_section fb_built=&#8221;1&#8243; module_class=&#8221;body-content&#8221; _builder_version=&#8221;4.19.5&#8243; _module_preset=&#8221;default&#8221; width=&#8221;1500px&#8221; max_width=&#8221;100%&#8221; module_alignment=&#8221;center&#8221; custom_margin=&#8221;||0px||false|false&#8221; custom_padding=&#8221;48px||34px||false|false&#8221; locked=&#8221;off&#8221; global_colors_info=&#8221;{}&#8221;][et_pb_row _builder_version=&#8221;4.19.5&#8243; _module_preset=&#8221;default&#8221; width=&#8221;100%&#8221; max_width=&#8221;2560px&#8221; custom_margin=&#8221;0px|0px|0px|0px|false|false&#8221; custom_padding=&#8221;0px|0px|0px|0px|false|false&#8221; global_colors_info=&#8221;{}&#8221;][et_pb_column type=&#8221;4_4&#8243; _builder_version=&#8221;4.19.4&#8243; _module_preset=&#8221;default&#8221; global_colors_info=&#8221;{}&#8221;][et_pb_text module_class=&#8221;title&#8221; _builder_version=&#8221;4.20.2&#8243; _module_preset=&#8221;default&#8221; text_text_color=&#8221;#000000&#8243; custom_margin=&#8221;||||false|false&#8221; custom_padding=&#8221;||10px||false|false&#8221; custom_css_main_element=&#8221;@media (max-width: 2000px) {||.body-content {||  width: calc(100vw &#8211; 80px);||  margin: 0 40px 0 40px;||}||}&#8221; border_width_bottom=&#8221;1px&#8221; border_color_bottom=&#8221;#000000&#8243; global_colors_info=&#8221;{}&#8221;]<\/p>\n<h1><span style=\"color: #000000;\"><strong>Revela&#8217;t 2015: A la tercera va la ven\u00e7uda<\/strong><\/span><\/h1>\n<p>[\/et_pb_text][\/et_pb_column][\/et_pb_row][\/et_pb_section][et_pb_section fb_built=&#8221;1&#8243; module_class=&#8221;body-content&#8221; _builder_version=&#8221;4.19.5&#8243; _module_preset=&#8221;default&#8221; width=&#8221;1500px&#8221; max_width=&#8221;100%&#8221; module_alignment=&#8221;center&#8221; custom_margin=&#8221;0px|0px|0px||false|false&#8221; custom_padding=&#8221;0px|0px|180px|0px|false|false&#8221; locked=&#8221;off&#8221; global_colors_info=&#8221;{}&#8221;][et_pb_row use_custom_gutter=&#8221;on&#8221; gutter_width=&#8221;1&#8243; _builder_version=&#8221;4.19.5&#8243; _module_preset=&#8221;default&#8221; width=&#8221;900px&#8221; max_width=&#8221;100%&#8221; module_alignment=&#8221;left&#8221; custom_margin=&#8221;0px||0px|0px|false|false&#8221; custom_padding=&#8221;0px||45px|0px|false|false&#8221; locked=&#8221;off&#8221; global_colors_info=&#8221;{}&#8221;][et_pb_column type=&#8221;4_4&#8243; _builder_version=&#8221;4.19.4&#8243; _module_preset=&#8221;default&#8221; global_colors_info=&#8221;{}&#8221;][et_pb_text module_class=&#8221;text&#8221; _builder_version=&#8221;4.27.2&#8243; _module_preset=&#8221;default&#8221; width=&#8221;100%&#8221; max_width=&#8221;100%&#8221; custom_margin=&#8221;||-2px|0px|false|false&#8221; custom_padding=&#8221;|||0px|false|false&#8221; global_colors_info=&#8221;{}&#8221;]<\/p>\n<p><span style=\"color: #808080;\"><a style=\"color: #808080;\" href=\"https:\/\/revela-t.cat\/2025\/2024\/ca\/\" target=\"_blank\" rel=\"noopener\">2024<\/a> \/\u00a0<a style=\"color: #808080;\" href=\"https:\/\/revela-t.cat\/2025\/ca\/2023-cat\/\" target=\"_blank\" rel=\"noopener\">2023<\/a> \/ <a style=\"color: #808080;\" href=\"https:\/\/revela-t.cat\/2025\/ca\/2022-cat\/\" target=\"_blank\" rel=\"noopener\">2022<\/a> \/ <a style=\"color: #808080;\" href=\"https:\/\/revela-t.cat\/2025\/ca\/2021-cat\/\" target=\"_blank\" rel=\"noopener\">2021<\/a> \/ <a style=\"color: #808080;\" href=\"https:\/\/revela-t.cat\/2025\/ca\/2020-cat\/\" target=\"_blank\" rel=\"noopener\">2020<\/a> \/ <a style=\"color: #808080;\" href=\"https:\/\/revela-t.cat\/2025\/ca\/2019-cat\/\" target=\"_blank\" rel=\"noopener\">2019<\/a> \/ <a style=\"color: #808080;\" href=\"https:\/\/revela-t.cat\/2025\/ca\/2018-cat\/\" target=\"_blank\" rel=\"noopener\">2018<\/a> \/ <a style=\"color: #808080;\" href=\"https:\/\/revela-t.cat\/2025\/ca\/2017-cat\/\" target=\"_blank\" rel=\"noopener\">2017<\/a> \/ <a style=\"color: #808080;\" href=\"https:\/\/revela-t.cat\/2025\/ca\/2016-cat\/\" target=\"_blank\" rel=\"noopener\">2016<\/a> \/ <strong>2015<\/strong> \/ <a style=\"color: #808080;\" href=\"https:\/\/revela-t.cat\/2025\/ca\/2014-cat\/\" target=\"_blank\" rel=\"noopener\">2014<\/a> \/ <a style=\"color: #808080;\" href=\"https:\/\/revela-t.cat\/2025\/ca\/2013-cat\/\" target=\"_blank\" rel=\"noopener\">2013<\/a><\/span><\/p>\n<p>[\/et_pb_text][\/et_pb_column][\/et_pb_row][et_pb_row column_structure=&#8221;3_5,2_5&#8243; use_custom_gutter=&#8221;on&#8221; gutter_width=&#8221;2&#8243; _builder_version=&#8221;4.19.5&#8243; _module_preset=&#8221;default&#8221; width=&#8221;100%&#8221; max_width=&#8221;100%&#8221; module_alignment=&#8221;left&#8221; custom_padding=&#8221;0px||0px|||&#8221; global_colors_info=&#8221;{}&#8221;][et_pb_column type=&#8221;3_5&#8243; _builder_version=&#8221;4.19.5&#8243; _module_preset=&#8221;default&#8221; global_colors_info=&#8221;{}&#8221;][et_pb_text module_class=&#8221;text&#8221; _builder_version=&#8221;4.20.2&#8243; _module_preset=&#8221;default&#8221; width=&#8221;900px&#8221; max_width=&#8221;100%&#8221; module_alignment=&#8221;left&#8221; custom_margin=&#8221;|||0px|false|false&#8221; custom_padding=&#8221;||45px|0px|false|false&#8221; custom_css_main_element=&#8221;margin-right: 20px;&#8221; global_colors_info=&#8221;{}&#8221;]<\/p>\n<p><span class=\"font-896658 font-762333 font-377884 font-555555\"><strong>Let\u2018s be Positive,<span>\u00a0<\/span><\/strong>una frase que exemplificava el nostre optimisme, i amb una primera i segona tan fant\u00e0stiques, per a aquesta tercera edici\u00f3 hav\u00edem de superar-nos. I aix\u00ed ho vam fer.\u00a0<\/span><\/p>\n<p><span class=\"font-762333 font-377884 font-555555\">Vam organitzar 50 exposicions i per si fos poc, unes 50 micro exposicions que es van poder veure en els comer\u00e7os de Vilassar. Una cosa que no oblidarem i que ens van quedar ganes de tornar a repetir!<\/span><\/p>\n<p><span class=\"font-762333 font-377884 font-555555\">Tamb\u00e9 es va introduir com a novetat una secci\u00f3 on aficionats i professionals tinguessin l\u2019ocasi\u00f3 de mostrar i vendre la seva obra, el que anomenem<span>\u00a0<\/span><strong>Market Fotogr\u00e0fic.<\/strong><\/span><\/p>\n<p><span class=\"font-555555\">Tamb\u00e9 introdu\u00efm una altra novetat. La <strong>Distinci\u00f3 de Plata<\/strong>, amb la qual pretenem recon\u00e8ixer i homenatjar a algun\/a dels fot\u00f2grafs\/es als que admirem. En aquesta primera ocasi\u00f3 va ser per Josep Maria Ribas Prous.<\/span><\/p>\n<p><span class=\"font-555555\">La imatge d\u2019aquest any va ser una fotografia del nostre admirat<span>\u00a0<\/span><strong>Quinn Jacobson<\/strong>, que va estar amb nosaltres durant la primera edici\u00f3.<\/span><\/p>\n<p>[\/et_pb_text][et_pb_accordion open_toggle_background_color=&#8221;#FFFFFF&#8221; closed_toggle_text_color=&#8221;#000000&#8243; closed_toggle_background_color=&#8221;#FFFFFF&#8221; toggle_icon=&#8221;&#x4c;||divi||400&#8243; icon_color=&#8221;#000000&#8243; use_icon_font_size=&#8221;on&#8221; icon_font_size=&#8221;30px&#8221; icon_color_last_edited=&#8221;off|desktop&#8221; module_class=&#8221;t&#8221; _builder_version=&#8221;4.20.2&#8243; _module_preset=&#8221;default&#8221; toggle_font=&#8221;|600|||||||&#8221; closed_toggle_text_align=&#8221;left&#8221; body_font_size=&#8221;16px&#8221; custom_margin=&#8221;0px||0px||false|false&#8221; custom_padding=&#8221;0px||0px||false|false&#8221; border_width_all=&#8221;0px&#8221; locked=&#8221;off&#8221; global_colors_info=&#8221;{}&#8221;][et_pb_accordion_item title=&#8221;Exposicions&#8221; open=&#8221;on&#8221; _builder_version=&#8221;4.20.2&#8243; _module_preset=&#8221;default&#8221; custom_margin=&#8221;0px|||0px|false|false&#8221; custom_padding=&#8221;0px|||0px|false|false&#8221; border_width_bottom=&#8221;1px&#8221; border_color_bottom=&#8221;#000000&#8243; global_colors_info=&#8221;{}&#8221;]<\/p>\n<p><span style=\"color: #000000;\"><b><strong><\/strong><\/b><\/span><\/p>\n<p><span style=\"color: #000000;\"><b><strong>Manel Armengol,<\/strong><\/b>\u00a0Terrae.\u00a0<strong>Manel Armengol,<\/strong>\u00a0Viatge en Blau.\u00a0<strong>Soren Berenguer,\u00a0<\/strong>Barcelona Vertical.\u00a0<b><\/b><strong>Joana Biarn\u00e9s,\u00a0<\/strong>Beatles 1965.\u00a0<strong>Javier Broto,\u00a0<\/strong>Tres pies y medio, 1141 m.\u00a0<strong>Joan Buch,\u00a0<\/strong>4\u201dx5\u201d.\u00a0<strong>Andreu Buenafuente,\u00a0<\/strong>New Orleans.\u00a0<strong>Paulo Casal,\u00a0<\/strong>La Ant\u00e0rtida, pinholes del fin del mundo.\u00a0<b><strong>Estela de Castro,\u00a0<\/strong><\/b>Fot\u00f3grafos.\u00a0<b><strong>Expo col.lectiva de Catal\u00e0-Roca,\u00a0<\/strong><\/b>Interfer\u00e8ncies.<b><strong>Peter Eleveld,\u00a0<\/strong><\/b>When Analogue meets Digital.<b><strong>Andrei Farcasanu,\u00a0<\/strong><\/b>Mis propios animales.\u00a0<b><strong>Pere Formiguera,<\/strong><\/b>Amic i companys.\u00a0<strong>Fotograf\u00edas pinhole (91 fot\u00f3grafos),\u00a0<\/strong>Obscura book.\u00a0<strong>Fotolateras,\u00a0<\/strong>Urban Tattoo. La ciudad te habla.\u00a0<strong>Claudia Frontino,\u00a0<\/strong>Realitats paralel\u00b7les en Red Scale.\u00a0<strong>Leire Galarza,\u00a0<\/strong>Sombras ambiguas.\u00a0<strong>Gasteiz Atelier,\u00a0<\/strong>Pol\u00edptico.\u00a0<strong>Zilvinas Glusinskas,\u00a0<\/strong>Photograffiti.\u00a0<strong>Sergio Grispello,\u00a0<\/strong>L\u2019amico Fritz.\u00a0<strong>Jes\u00fas Joglar,\u00a0<\/strong>Vilassar entre solsticios.\u00a0<strong>Zaida Kersten,\u00a0<\/strong>My White Desert.\u00a0<strong>Alek Levasgani,\u00a0<\/strong>Mujeres.\u00a0<strong>Faust\u00ed Lluci\u00e0,\u00a0<\/strong>Intalaci\u00f3n Senderos.\u00a0<strong>London Photography Collective,\u00a0<\/strong>Cianotipia m\u00e1s grande del mundo.\u00a0<strong>Eva Lorente,\u00a0<\/strong>Territoris en Pr\u00fassia.<strong>\u00a0<\/strong>\u00a0<strong>Jos\u00e9 Manuel Madrona,\u00a0<\/strong>Myopia.<strong>Jos\u00e9 Manuel Magano i A.L.Lozano,\u00a0<\/strong>Erotomania.\u00a0<strong>Erin Mahoney,\u00a0<\/strong>Another me.\u00a0<strong>Conchi Martinez,\u00a0<\/strong>Paisajes de mi mem\u00f3ria.\u00a0<strong>Alma Mejias,\u00a0<\/strong>Socarrat.\u00a0<strong>Patricio Michelin,\u00a0<\/strong>Desert Landscapes.\u00a0<strong>Lola Montserrat,\u00a0<\/strong>\u00c0nima 2.o. Insectari.\u00a0<b><strong>Juli\u00e1n Ochoa,<\/strong>\u00a0<\/b>El tercer ojo.\u00a0<strong>Jos\u00e9 Manuel Pedrajas,\u00a0<\/strong>Torre Miranda.\u00a0<strong>Toni Planells,\u00a0<\/strong>Latas de luz y tiempo.\u00a0<strong>Joan Porredon,\u00a0<\/strong>Cardadores de lana.\u00a0<strong>Lluc Queralt,\u00a0<\/strong>Oscil\u00b7lant.\u00a0<strong>Oscar Reina,\u00a0<\/strong>1.63.\u00a0<strong>Kati Riquelme,\u00a0<\/strong>La vejez de Narciso.\u00a0<strong>Nacho Rivera,\u00a0<\/strong>Slaves.\u00a0<strong>Narc\u00eds Rovira y Pepe Buitrago,\u00a0<\/strong>Holografia. La fotograf\u00eda multidimensional.\u00a0<b><strong>Serraclara (Col\u00b7lecci\u00f3 Joan Sala),\u00a0<\/strong><\/b>Una mirada al Cabrils de 1890.\u00a0<strong>Gladis Sevilla,\u00a0<\/strong>Lumens.\u00a0<b><strong>Silverheart,\u00a0<\/strong><\/b>Moda en Colodi\u00f3n.\u00a0<strong>Ana Tornel,\u00a0<\/strong>Sarthe, metamorfosis de un valle.\u00a0<strong>Carles Vent\u00f3s,\u00a0<\/strong>Urban Show.\u00a0<strong>Blanca Vi\u00f1as,\u00a0<\/strong>En tierra de nadie.\u00a0<strong>Maciej Lukasz Zapior,\u00a0<\/strong>Una cita con el tiempo.<\/span><\/p>\n<p>[\/et_pb_accordion_item][et_pb_accordion_item title=&#8221;Programaci\u00f3&#8221; _builder_version=&#8221;4.20.2&#8243; _module_preset=&#8221;default&#8221; custom_margin=&#8221;0px|||0px|false|false&#8221; custom_padding=&#8221;0px|||0px|false|false&#8221; border_width_bottom=&#8221;1px&#8221; border_color_bottom=&#8221;#000000&#8243; global_colors_info=&#8221;{}&#8221; open=&#8221;off&#8221;]<\/p>\n<p>En <a class=\"link\" href=\"https:\/\/revela-t.cat\/2025\/wp-content\/uploads\/2022\/11\/Revelat15-cataleg-ESP4.pdf\">aquest enlla\u00e7<\/a><span> us podeu descarregar el programa de m\u00e0 de l&#8217;edici\u00f3 2015.<\/span><\/p>\n<p>[\/et_pb_accordion_item][et_pb_accordion_item title=&#8221;Video resum&#8221; _builder_version=&#8221;4.20.2&#8243; _module_preset=&#8221;default&#8221; custom_margin=&#8221;0px|||0px|false|false&#8221; custom_padding=&#8221;0px|||0px|false|false&#8221; border_width_bottom=&#8221;1px&#8221; border_color_bottom=&#8221;#000000&#8243; global_colors_info=&#8221;{}&#8221; open=&#8221;off&#8221;]<\/p>\n<p>&nbsp;<\/p>\n<div style=\"width: 1080px;\" class=\"wp-video\"><video class=\"wp-video-shortcode\" id=\"video-1166-1\" width=\"1080\" height=\"608\" preload=\"metadata\" controls=\"controls\"><source type=\"video\/mp4\" src=\"https:\/\/revela-t.cat\/2025\/wp-content\/uploads\/2022\/11\/RevelaT-Festival-2015-HD.mp4?_=1\" \/><a href=\"https:\/\/revela-t.cat\/2025\/wp-content\/uploads\/2022\/11\/RevelaT-Festival-2015-HD.mp4\">https:\/\/revela-t.cat\/2025\/wp-content\/uploads\/2022\/11\/RevelaT-Festival-2015-HD.mp4<\/a><\/video><\/div>\n<p>[\/et_pb_accordion_item][\/et_pb_accordion][\/et_pb_column][et_pb_column type=&#8221;2_5&#8243; _builder_version=&#8221;4.19.5&#8243; _module_preset=&#8221;default&#8221; global_colors_info=&#8221;{}&#8221;][et_pb_image src=&#8221;https:\/\/revela-t.cat\/2025\/wp-content\/uploads\/2022\/11\/2015.png&#8221; title_text=&#8221;2015&#8243; force_fullwidth=&#8221;on&#8221; _builder_version=&#8221;4.20.2&#8243; _module_preset=&#8221;default&#8221; global_colors_info=&#8221;{}&#8221;][\/et_pb_image][\/et_pb_column][\/et_pb_row][\/et_pb_section]<\/p>\n","protected":false},"excerpt":{"rendered":"<p>Revela&#8217;t 2015: A la tercera va la ven\u00e7uda2024 \/\u00a02023 \/ 2022 \/ 2021 \/ 2020 \/ 2019 \/ 2018 \/ 2017 \/ 2016 \/ 2015 \/ 2014 \/ 2013Let\u2018s be Positive,\u00a0una frase que exemplificava el nostre optimisme, i amb una primera i segona tan fant\u00e0stiques, per a aquesta tercera edici\u00f3 hav\u00edem de superar-nos. I aix\u00ed [&hellip;]<\/p>\n","protected":false},"author":3,"featured_media":0,"parent":0,"menu_order":0,"comment_status":"closed","ping_status":"closed","template":"","meta":{"_et_pb_use_builder":"on","_et_pb_old_content":"","_et_gb_content_width":"","om_disable_all_campaigns":false,"footnotes":""},"class_list":["post-1166","page","type-page","status-publish","hentry"],"aioseo_notices":[],"_links":{"self":[{"href":"https:\/\/revela-t.cat\/2025\/wp-json\/wp\/v2\/pages\/1166","targetHints":{"allow":["GET"]}}],"collection":[{"href":"https:\/\/revela-t.cat\/2025\/wp-json\/wp\/v2\/pages"}],"about":[{"href":"https:\/\/revela-t.cat\/2025\/wp-json\/wp\/v2\/types\/page"}],"author":[{"embeddable":true,"href":"https:\/\/revela-t.cat\/2025\/wp-json\/wp\/v2\/users\/3"}],"replies":[{"embeddable":true,"href":"https:\/\/revela-t.cat\/2025\/wp-json\/wp\/v2\/comments?post=1166"}],"version-history":[{"count":0,"href":"https:\/\/revela-t.cat\/2025\/wp-json\/wp\/v2\/pages\/1166\/revisions"}],"wp:attachment":[{"href":"https:\/\/revela-t.cat\/2025\/wp-json\/wp\/v2\/media?parent=1166"}],"curies":[{"name":"wp","href":"https:\/\/api.w.org\/{rel}","templated":true}]}}