{"id":1149,"date":"2022-12-13T11:11:14","date_gmt":"2022-12-13T10:11:14","guid":{"rendered":"https:\/\/revela-t.cat\/2025\/?page_id=1149"},"modified":"2024-11-07T10:16:34","modified_gmt":"2024-11-07T09:16:34","slug":"2013-cat","status":"publish","type":"page","link":"https:\/\/revela-t.cat\/2025\/ca\/2013-cat\/","title":{"rendered":"CAT &#8211; 2013"},"content":{"rendered":"<p>[et_pb_section fb_built=&#8221;1&#8243; module_class=&#8221;body-content&#8221; _builder_version=&#8221;4.19.5&#8243; _module_preset=&#8221;default&#8221; width=&#8221;1500px&#8221; max_width=&#8221;100%&#8221; module_alignment=&#8221;center&#8221; custom_margin=&#8221;||0px||false|false&#8221; custom_padding=&#8221;48px||34px||false|false&#8221; locked=&#8221;off&#8221; global_colors_info=&#8221;{}&#8221;][et_pb_row _builder_version=&#8221;4.19.5&#8243; _module_preset=&#8221;default&#8221; width=&#8221;100%&#8221; max_width=&#8221;2560px&#8221; custom_margin=&#8221;0px|0px|0px|0px|false|false&#8221; custom_padding=&#8221;0px|0px|0px|0px|false|false&#8221; global_colors_info=&#8221;{}&#8221;][et_pb_column type=&#8221;4_4&#8243; _builder_version=&#8221;4.19.4&#8243; _module_preset=&#8221;default&#8221; global_colors_info=&#8221;{}&#8221;][et_pb_text module_class=&#8221;title&#8221; _builder_version=&#8221;4.20.2&#8243; _module_preset=&#8221;default&#8221; text_text_color=&#8221;#000000&#8243; custom_margin=&#8221;||||false|false&#8221; custom_padding=&#8221;||10px||false|false&#8221; custom_css_main_element=&#8221;@media (max-width: 2000px) {||.body-content {||  width: calc(100vw &#8211; 80px);||  margin: 0 40px 0 40px;||}||}&#8221; border_width_bottom=&#8221;1px&#8221; border_color_bottom=&#8221;#000000&#8243; global_colors_info=&#8221;{}&#8221;]<\/p>\n<h1><span style=\"color: #000000;\"><strong>Revela&#8217;t 2013: La primera edici\u00f3<\/strong><\/span><\/h1>\n<p>[\/et_pb_text][\/et_pb_column][\/et_pb_row][\/et_pb_section][et_pb_section fb_built=&#8221;1&#8243; module_class=&#8221;body-content&#8221; _builder_version=&#8221;4.19.5&#8243; _module_preset=&#8221;default&#8221; width=&#8221;1500px&#8221; max_width=&#8221;100%&#8221; module_alignment=&#8221;center&#8221; custom_margin=&#8221;0px|0px|0px||false|false&#8221; custom_padding=&#8221;0px|0px|180px|0px|false|false&#8221; locked=&#8221;off&#8221; global_colors_info=&#8221;{}&#8221;][et_pb_row use_custom_gutter=&#8221;on&#8221; gutter_width=&#8221;1&#8243; _builder_version=&#8221;4.19.5&#8243; _module_preset=&#8221;default&#8221; width=&#8221;900px&#8221; max_width=&#8221;100%&#8221; module_alignment=&#8221;left&#8221; custom_margin=&#8221;0px||0px|0px|false|false&#8221; custom_padding=&#8221;0px||45px|0px|false|false&#8221; global_colors_info=&#8221;{}&#8221;][et_pb_column type=&#8221;4_4&#8243; _builder_version=&#8221;4.19.4&#8243; _module_preset=&#8221;default&#8221; global_colors_info=&#8221;{}&#8221;][et_pb_text module_class=&#8221;text&#8221; _builder_version=&#8221;4.27.2&#8243; _module_preset=&#8221;default&#8221; width=&#8221;100%&#8221; max_width=&#8221;100%&#8221; custom_margin=&#8221;||-2px|0px|false|false&#8221; custom_padding=&#8221;|||0px|false|false&#8221; hover_enabled=&#8221;0&#8243; global_colors_info=&#8221;{}&#8221; sticky_enabled=&#8221;0&#8243;]<\/p>\n<p><span style=\"color: #808080;\"><a style=\"color: #808080;\" href=\"https:\/\/revela-t.cat\/2025\/2024\/ca\/\" target=\"_blank\" rel=\"noopener\">2024<\/a> \/\u00a0<a style=\"color: #808080;\" href=\"https:\/\/revela-t.cat\/2025\/ca\/2023-cat\/\" target=\"_blank\" rel=\"noopener\">2023<\/a> \/ <a style=\"color: #808080;\" href=\"https:\/\/revela-t.cat\/2025\/ca\/2022-cat\/\" target=\"_blank\" rel=\"noopener\">2022<\/a> \/ <a style=\"color: #808080;\" href=\"https:\/\/revela-t.cat\/2025\/ca\/2021-cat\/\" target=\"_blank\" rel=\"noopener\">2021<\/a> \/ <a style=\"color: #808080;\" href=\"https:\/\/revela-t.cat\/2025\/ca\/2020-cat\/\" target=\"_blank\" rel=\"noopener\">2020<\/a> \/ <a style=\"color: #808080;\" href=\"https:\/\/revela-t.cat\/2025\/ca\/2019-cat\/\" target=\"_blank\" rel=\"noopener\">2019<\/a> \/ <a style=\"color: #808080;\" href=\"https:\/\/revela-t.cat\/2025\/ca\/2018-cat\/\" target=\"_blank\" rel=\"noopener\">2018<\/a> \/ <a style=\"color: #808080;\" href=\"https:\/\/revela-t.cat\/2025\/ca\/2017-cat\/\" target=\"_blank\" rel=\"noopener\">2017<\/a> \/ <a style=\"color: #808080;\" href=\"https:\/\/revela-t.cat\/2025\/ca\/2016-cat\/\" target=\"_blank\" rel=\"noopener\">2016<\/a> \/ <a style=\"color: #808080;\" href=\"https:\/\/revela-t.cat\/2025\/ca\/2015-cat\/\" target=\"_blank\" rel=\"noopener\">2015<\/a> \/ <a style=\"color: #808080;\" href=\"https:\/\/revela-t.cat\/2025\/ca\/2014-cat\/\" target=\"_blank\" rel=\"noopener\">2014<\/a>\u00a0\/ <strong>2013<\/strong><\/span><\/p>\n<p>[\/et_pb_text][\/et_pb_column][\/et_pb_row][et_pb_row column_structure=&#8221;3_5,2_5&#8243; use_custom_gutter=&#8221;on&#8221; gutter_width=&#8221;2&#8243; _builder_version=&#8221;4.19.5&#8243; _module_preset=&#8221;default&#8221; width=&#8221;100%&#8221; max_width=&#8221;100%&#8221; module_alignment=&#8221;left&#8221; custom_padding=&#8221;0px||0px|||&#8221; global_colors_info=&#8221;{}&#8221;][et_pb_column type=&#8221;3_5&#8243; _builder_version=&#8221;4.19.5&#8243; _module_preset=&#8221;default&#8221; global_colors_info=&#8221;{}&#8221;][et_pb_text module_class=&#8221;text&#8221; _builder_version=&#8221;4.20.2&#8243; _module_preset=&#8221;default&#8221; width=&#8221;900px&#8221; max_width=&#8221;100%&#8221; module_alignment=&#8221;left&#8221; custom_margin=&#8221;|||0px|false|false&#8221; custom_padding=&#8221;||45px|0px|false|false&#8221; custom_css_main_element=&#8221;margin-right: 20px;&#8221; global_colors_info=&#8221;{}&#8221;]<\/p>\n<div class=\"uncont\">\n<div class=\"uncode_text_column\">\n<div class=\"uncont\">\n<div class=\"uncode_text_column\">\n<p>El festival Revela\u2019t va sorgir en celebrar l\u2019aniversari d\u2019una web, <strong>espaifotografic.cat<\/strong>, que va tenir el seu moment amb el boom de la fotografia digital.<\/p>\n<p>Intentant buscar aquelles sensacions perdudes ens vam proposar fer una trobada on la fotografia anal\u00f2gica fos la protagonista. Com amants de les t\u00e8cniques primog\u00e8nies i en particular del Colodi\u00f3n Humit li vam preguntar a\u00a0<strong>Quinn Jacobson<\/strong>, un dels m\u00e9s reconeguts en aquest moment. La resposta va ser positiva i la nostra sorpresa maj\u00fascula, ja que no ens esper\u00e0vem que a partir d\u2019aquest taller fora a formar-se el que avui \u00e9s el festival.<\/p>\n<p>Al saber de la pres\u00e8ncia de Quinn, un altre gran fot\u00f2graf i amic d\u2019aquest,\u00a0<strong>Josep Maria Ribas Prous<\/strong>, va contactar amb nosaltres i vam tenir una primera exposici\u00f3 que finalment es van convertir en vuit, i que vam arrodonir amb dos tallers, un de fotografia estenopeica amb<strong>\u00a0Ilan Wolf<\/strong>\u00a0i un altre amb el nostre estimat\u00a0<strong>Eduardo Mome\u00f1e i Jos\u00e9 Manuel Navia.<\/strong><\/p>\n<p>Una edici\u00f3 que va durar nom\u00e9s un cap de setmana i que per a nosaltres va suposar una gran experi\u00e8ncia que no va trigar a donar fruits.<\/p>\n<\/div>\n<\/div>\n<\/div>\n<\/div>\n<p>[\/et_pb_text][et_pb_accordion open_toggle_background_color=&#8221;#FFFFFF&#8221; closed_toggle_text_color=&#8221;#000000&#8243; closed_toggle_background_color=&#8221;#FFFFFF&#8221; toggle_icon=&#8221;&#x4c;||divi||400&#8243; icon_color=&#8221;#000000&#8243; use_icon_font_size=&#8221;on&#8221; icon_font_size=&#8221;30px&#8221; icon_color_last_edited=&#8221;off|desktop&#8221; module_class=&#8221;t&#8221; _builder_version=&#8221;4.20.2&#8243; _module_preset=&#8221;default&#8221; toggle_font=&#8221;|600|||||||&#8221; closed_toggle_text_align=&#8221;left&#8221; body_font_size=&#8221;16px&#8221; custom_margin=&#8221;0px||0px||false|false&#8221; custom_padding=&#8221;0px||0px||false|false&#8221; border_width_all=&#8221;0px&#8221; locked=&#8221;off&#8221; global_colors_info=&#8221;{}&#8221;][et_pb_accordion_item title=&#8221;Exposicions&#8221; open=&#8221;on&#8221; _builder_version=&#8221;4.20.2&#8243; _module_preset=&#8221;default&#8221; custom_margin=&#8221;0px|||0px|false|false&#8221; custom_padding=&#8221;0px|||0px|false|false&#8221; border_width_bottom=&#8221;1px&#8221; border_color_bottom=&#8221;#000000&#8243; global_colors_info=&#8221;{}&#8221;]<\/p>\n<p><span style=\"color: #000000;\"><strong><\/strong><\/span><\/p>\n<p><span style=\"color: #000000;\"><strong>Faust\u00ed Lluci\u00e0,<\/strong>\u00a0<em>Bot\u00e1nica urbana.\u00a0<\/em><strong>Hanna Jarzabeck,<\/strong>\u00a0<em>Lesbians &amp; much more.\u00a0<\/em><strong>Miquel \u00c0ngel P\u00e9rez,<\/strong>\u00a0<em>Nudus.\u00a0<\/em><strong>Pablo Lerma,<\/strong>\u00a0<em>Related Time.\u00a0<\/em><strong>Colectiva,<\/strong>\u00a0<em>Hablando en Plata.\u00a0<\/em><strong>Colecci\u00f3n<\/strong>\u00a0<strong>J. M. Ribas Prous<\/strong>\u00a0y\u00a0<strong>Lloren\u00e7 Herrera,\u00a0<\/strong><em>USA tintypes\/ferrotypes western time (circa 1856\/1880).\u00a0<\/em><b>Colecci\u00f3n Ram\u00f3n Rod\u00f3,<\/b>\u00a0<em>Exposici\u00f3n de c\u00e1maras fotogr\u00e1ficas antiguas.\u00a0<\/em><b>Centre Excursionista de Catalunya CEC,<\/b>\u00a0<em>Autocromos, fotografia en color de principios del s. XX.<\/em><\/span><\/p>\n<p>[\/et_pb_accordion_item][et_pb_accordion_item title=&#8221;Programaci\u00f3&#8221; _builder_version=&#8221;4.20.2&#8243; _module_preset=&#8221;default&#8221; custom_margin=&#8221;0px|||0px|false|false&#8221; custom_padding=&#8221;0px|||0px|false|false&#8221; border_width_bottom=&#8221;1px&#8221; border_color_bottom=&#8221;#000000&#8243; global_colors_info=&#8221;{}&#8221; open=&#8221;off&#8221;]<\/p>\n<h3><span style=\"color: #000000; font-size: 16px;\"><\/span><\/h3>\n<h5><span style=\"color: #000000;\"><strong>Divendres 24 de maig<\/strong><\/span><\/h5>\n<ul>\n<li><span style=\"color: #000000;\">19:00h<span>\u2014<\/span>22:00h: <\/span><span style=\"color: #000000;\">Ronda d&#8217;inauguraci\u00f3 de les exposicions<\/span><\/li>\n<\/ul>\n<h5><span style=\"color: #000000;\"><strong><\/strong><\/span><\/h5>\n<h5><span style=\"color: #000000;\"><strong>Dissabte 25 de maig<\/strong><\/span><\/h5>\n<ul>\n<li><span style=\"color: #000000;\">10:00\u201412:00h: <\/span><span style=\"color: #000000;\">Conferencia-demostraci\u00f3 pr\u00e0ctica de fotografia estenopeica amb Ilan Wolff<\/span><\/li>\n<li><span style=\"color: #000000;\">12:00\u201414:00h: <\/span><span style=\"color: #000000;\">Demostraci\u00f3 pr\u00e0ctica de colodi\u00f3n h\u00famedo con Quinn Jacobson<\/span><\/li>\n<li><span style=\"color: #000000;\">10:00\u201413:00h: <\/span><span style=\"color: #000000;\">X edici\u00f3n de Caja Azul: \u00abRitmos anal\u00f3gicos en tiempos digitales\u00ab<\/span><\/li>\n<li><span style=\"color: #000000;\">14:00\u201416:00h: <\/span><span style=\"color: #000000;\">Arroz popular<\/span><\/li>\n<li><span style=\"color: #000000;\">17:00\u201419:30: <\/span><span style=\"color: #000000;\">Mesa redonda \u201cLa Fotograf\u00eda: pasi\u00f3n y expresi\u00f3n\u201d con E. Mome\u00f1e, J.M. Navia, M. Laguillo, conducida por\u00a0 J. Bou<\/span><\/li>\n<li><span style=\"color: #000000;\">17:00\u201419:00h: <\/span><span style=\"color: #000000;\">Conferencia \u00ab1839-1939: Els primers 100 anys de les c\u00e0meres fotogr\u00e0fiques\u00bb por Ramon Rod\u00f3<\/span><\/li>\n<li><span style=\"color: #000000;\">20:00\u20141:00h: <\/span><span style=\"color: #000000;\">Grupos de m\u00fasica, cervezas, charla, bocadillos, fiesta\u2026<\/span><\/li>\n<li><span style=\"color: #000000;\">10:00h\u201418:00:<\/span><span style=\"color: #000000;\">Demostraciones comerciales y de diferentes t\u00e9cnicas a cargo de los colectivos que colaboran en el festival:\u00a0experimentos fotog\u00e8nics, una cianotipia gigante, estampa al carb\u00f3,\u00a0quimigraf\u00edas\u00a0y mucho m\u00e1s.<\/span><\/li>\n<\/ul>\n<h5><span style=\"color: #000000;\"><strong><\/strong><\/span><\/h5>\n<h5><span style=\"color: #000000;\"><strong>Diumenge 26 de maig<\/strong><\/span><\/h5>\n<ul>\n<li><span style=\"color: #000000;\">10:00\u201420:00h: <\/span><span style=\"color: #000000;\">Taller de introducci\u00f3n al colodi\u00f3n h\u00famedo con Quinn Jacobson<\/span><\/li>\n<li><span style=\"color: #000000;\">10:00\u201420:00h: <\/span><span style=\"color: #000000;\">Taller de fotograf\u00eda estenopeica con Ilan Wolff<\/span><\/li>\n<li><span style=\"color: #000000;\">10:00\u201420:00h: <\/span><span style=\"color: #000000;\">Taller \u201cLa Visi\u00f3n Fotogr\u00e1fica, desde la teor\u00eda y la pr\u00e1ctica\u201d con\u00a0E. Mome\u00f1e i J.M. Navia<\/span><\/li>\n<li><span style=\"color: #000000;\">10:00h\u201415:00h: <\/span><span style=\"color: #000000;\">Demostraciones comerciales y de diferentes t\u00e9cnicas a cargo de los colectivos que colaboran en el festival: una\u00a0c\u00e0mera minutera\u00a0que circular\u00e1 por las calles de Vilassar,\u00a0quimigraf\u00edas, gomas bicromatadas y mucho m\u00e1s.<\/span><\/li>\n<li><span style=\"color: #000000;\">14:00h\u201416:00h: <\/span><span style=\"color: #000000;\">Barbacoa popular<\/span><\/li>\n<\/ul>\n<h3><span style=\"color: #000000;\"><\/span><\/h3>\n<h5><span style=\"color: #000000;\"><strong>Martes 28 y mi\u00e9rcoles 29 de mayo<\/strong><\/span><\/h5>\n<ul>\n<li><span style=\"color: #000000;\">10:00\u201420:00h: <\/span><span style=\"color: #000000;\">Curso avanzado de colodi\u00f3n h\u00famedo negativo con Quinn Jacobson<\/span><\/li>\n<\/ul>\n<p>[\/et_pb_accordion_item][et_pb_accordion_item title=&#8221;Video resum&#8221; _builder_version=&#8221;4.20.2&#8243; _module_preset=&#8221;default&#8221; custom_margin=&#8221;0px|||0px|false|false&#8221; custom_padding=&#8221;0px|||0px|false|false&#8221; border_width_bottom=&#8221;1px&#8221; border_color_bottom=&#8221;#000000&#8243; global_colors_info=&#8221;{}&#8221; open=&#8221;off&#8221;]<\/p>\n<p>&nbsp;<\/p>\n<div style=\"width: 1080px;\" class=\"wp-video\"><video class=\"wp-video-shortcode\" id=\"video-1149-1\" width=\"1080\" height=\"608\" preload=\"metadata\" controls=\"controls\"><source type=\"video\/mp4\" src=\"https:\/\/revela-t.cat\/2025\/wp-content\/uploads\/2022\/11\/Festival_Revelat.mp4?_=1\" \/><a href=\"https:\/\/revela-t.cat\/2025\/wp-content\/uploads\/2022\/11\/Festival_Revelat.mp4\">https:\/\/revela-t.cat\/2025\/wp-content\/uploads\/2022\/11\/Festival_Revelat.mp4<\/a><\/video><\/div>\n<p>[\/et_pb_accordion_item][\/et_pb_accordion][\/et_pb_column][et_pb_column type=&#8221;2_5&#8243; _builder_version=&#8221;4.19.5&#8243; _module_preset=&#8221;default&#8221; global_colors_info=&#8221;{}&#8221;][et_pb_image src=&#8221;https:\/\/revela-t.cat\/2025\/wp-content\/uploads\/2022\/11\/2013.png&#8221; title_text=&#8221;2013&#8243; force_fullwidth=&#8221;on&#8221; _builder_version=&#8221;4.19.5&#8243; _module_preset=&#8221;default&#8221; global_colors_info=&#8221;{}&#8221;][\/et_pb_image][\/et_pb_column][\/et_pb_row][\/et_pb_section]<\/p>\n","protected":false},"excerpt":{"rendered":"<p>Revela&#8217;t 2013: La primera edici\u00f32024 \/\u00a02023 \/ 2022 \/ 2021 \/ 2020 \/ 2019 \/ 2018 \/ 2017 \/ 2016 \/ 2015 \/ 2014\u00a0\/ 2013 El festival Revela\u2019t va sorgir en celebrar l\u2019aniversari d\u2019una web, espaifotografic.cat, que va tenir el seu moment amb el boom de la fotografia digital. Intentant buscar aquelles sensacions perdudes ens [&hellip;]<\/p>\n","protected":false},"author":3,"featured_media":0,"parent":0,"menu_order":0,"comment_status":"closed","ping_status":"closed","template":"","meta":{"_et_pb_use_builder":"on","_et_pb_old_content":"","_et_gb_content_width":"","om_disable_all_campaigns":false,"footnotes":""},"class_list":["post-1149","page","type-page","status-publish","hentry"],"aioseo_notices":[],"_links":{"self":[{"href":"https:\/\/revela-t.cat\/2025\/wp-json\/wp\/v2\/pages\/1149","targetHints":{"allow":["GET"]}}],"collection":[{"href":"https:\/\/revela-t.cat\/2025\/wp-json\/wp\/v2\/pages"}],"about":[{"href":"https:\/\/revela-t.cat\/2025\/wp-json\/wp\/v2\/types\/page"}],"author":[{"embeddable":true,"href":"https:\/\/revela-t.cat\/2025\/wp-json\/wp\/v2\/users\/3"}],"replies":[{"embeddable":true,"href":"https:\/\/revela-t.cat\/2025\/wp-json\/wp\/v2\/comments?post=1149"}],"version-history":[{"count":0,"href":"https:\/\/revela-t.cat\/2025\/wp-json\/wp\/v2\/pages\/1149\/revisions"}],"wp:attachment":[{"href":"https:\/\/revela-t.cat\/2025\/wp-json\/wp\/v2\/media?parent=1149"}],"curies":[{"name":"wp","href":"https:\/\/api.w.org\/{rel}","templated":true}]}}