{"id":1019,"date":"2022-11-21T11:23:59","date_gmt":"2022-11-21T10:23:59","guid":{"rendered":"https:\/\/revela-t.cat\/2025\/?page_id=1019"},"modified":"2024-01-03T10:02:45","modified_gmt":"2024-01-03T09:02:45","slug":"2021-fra","status":"publish","type":"page","link":"https:\/\/revela-t.cat\/2025\/2021-fra\/","title":{"rendered":"FRA &#8211; 2021"},"content":{"rendered":"<p>[et_pb_section fb_built=&#8221;1&#8243; module_class=&#8221;body-content&#8221; _builder_version=&#8221;4.19.5&#8243; _module_preset=&#8221;default&#8221; width=&#8221;1500px&#8221; max_width=&#8221;100%&#8221; module_alignment=&#8221;center&#8221; custom_margin=&#8221;||0px||false|false&#8221; custom_padding=&#8221;48px||34px||false|false&#8221; locked=&#8221;off&#8221; global_colors_info=&#8221;{}&#8221;][et_pb_row _builder_version=&#8221;4.19.5&#8243; _module_preset=&#8221;default&#8221; width=&#8221;100%&#8221; max_width=&#8221;2560px&#8221; custom_margin=&#8221;0px|0px|0px|0px|false|false&#8221; custom_padding=&#8221;0px|0px|0px|0px|false|false&#8221; global_colors_info=&#8221;{}&#8221;][et_pb_column type=&#8221;4_4&#8243; _builder_version=&#8221;4.19.4&#8243; _module_preset=&#8221;default&#8221; global_colors_info=&#8221;{}&#8221;][et_pb_text module_class=&#8221;title&#8221; _builder_version=&#8221;4.20.2&#8243; _module_preset=&#8221;default&#8221; text_text_color=&#8221;#000000&#8243; custom_margin=&#8221;||||false|false&#8221; custom_padding=&#8221;||10px||false|false&#8221; custom_css_main_element=&#8221;@media (max-width: 2000px) {||.body-content {||  width: calc(100vw &#8211; 80px);||  margin: 0 40px 0 40px;||}||}&#8221; border_width_bottom=&#8221;1px&#8221; border_color_bottom=&#8221;#000000&#8243; global_colors_info=&#8221;{}&#8221;]<\/p>\n<h1><span style=\"color: #000000;\"><strong>Revela&#8217;t 2021: Univers propres<\/strong><\/span><\/h1>\n<p>[\/et_pb_text][\/et_pb_column][\/et_pb_row][\/et_pb_section][et_pb_section fb_built=&#8221;1&#8243; module_class=&#8221;body-content&#8221; _builder_version=&#8221;4.19.5&#8243; _module_preset=&#8221;default&#8221; width=&#8221;1500px&#8221; max_width=&#8221;100%&#8221; module_alignment=&#8221;center&#8221; custom_margin=&#8221;0px|0px|0px||false|false&#8221; custom_padding=&#8221;0px|0px|180px|0px|false|false&#8221; locked=&#8221;off&#8221; global_colors_info=&#8221;{}&#8221;][et_pb_row use_custom_gutter=&#8221;on&#8221; gutter_width=&#8221;1&#8243; _builder_version=&#8221;4.19.5&#8243; _module_preset=&#8221;default&#8221; width=&#8221;900px&#8221; max_width=&#8221;100%&#8221; module_alignment=&#8221;left&#8221; custom_margin=&#8221;0px||0px|0px|false|false&#8221; custom_padding=&#8221;0px||45px|0px|false|false&#8221; global_colors_info=&#8221;{}&#8221;][et_pb_column type=&#8221;4_4&#8243; _builder_version=&#8221;4.19.4&#8243; _module_preset=&#8221;default&#8221; global_colors_info=&#8221;{}&#8221;][et_pb_text module_class=&#8221;text&#8221; _builder_version=&#8221;4.23.4&#8243; _module_preset=&#8221;default&#8221; width=&#8221;100%&#8221; max_width=&#8221;100%&#8221; custom_margin=&#8221;||-2px|0px|false|false&#8221; custom_padding=&#8221;|||0px|false|false&#8221; hover_enabled=&#8221;0&#8243; locked=&#8221;off&#8221; global_colors_info=&#8221;{}&#8221; sticky_enabled=&#8221;0&#8243;]<\/p>\n<p><span style=\"color: #808080;\"><a href=\"https:\/\/revela-t.cat\/2025\/fr\/accueil-2023\/\" target=\"_blank\" rel=\"noopener\" style=\"color: #808080;\">2023<\/a> \/ <a href=\"https:\/\/revela-t.cat\/2025\/fr\/2022-fra\/\" target=\"_blank\" rel=\"noopener\" style=\"color: #808080;\">2022<\/a> \/\u00a0<strong>2021<\/strong> \/ <a href=\"https:\/\/revela-t.cat\/2025\/fr\/2020-fra\/\" target=\"_blank\" rel=\"noopener\" style=\"color: #808080;\">2020<\/a> \/ <a href=\"https:\/\/revela-t.cat\/2025\/fr\/2019-fra\/\" target=\"_blank\" rel=\"noopener\" style=\"color: #808080;\">2019<\/a> \/ <a href=\"https:\/\/revela-t.cat\/2025\/fr\/2018-fra\/\" target=\"_blank\" rel=\"noopener\" style=\"color: #808080;\">2018<\/a> \/ <a href=\"https:\/\/revela-t.cat\/2025\/fr\/2017-fra\/\" target=\"_blank\" rel=\"noopener\" style=\"color: #808080;\">2017<\/a> \/ <a href=\"https:\/\/revela-t.cat\/2025\/fr\/2016-fra\/\" target=\"_blank\" rel=\"noopener\" style=\"color: #808080;\">2016<\/a> \/ <a href=\"https:\/\/revela-t.cat\/2025\/fr\/2015-fra\/\" target=\"_blank\" rel=\"noopener\" style=\"color: #808080;\">2015<\/a> \/ <a href=\"https:\/\/revela-t.cat\/2025\/fr\/2014-fra\/\" target=\"_blank\" rel=\"noopener\" style=\"color: #808080;\">2014<\/a> \/ <a href=\"https:\/\/revela-t.cat\/2025\/fr\/2013-fra\/\" target=\"_blank\" rel=\"noopener\" style=\"color: #808080;\">2013<\/a><\/span><\/p>\n<p>[\/et_pb_text][\/et_pb_column][\/et_pb_row][et_pb_row column_structure=&#8221;3_5,2_5&#8243; use_custom_gutter=&#8221;on&#8221; gutter_width=&#8221;2&#8243; _builder_version=&#8221;4.19.5&#8243; _module_preset=&#8221;default&#8221; width=&#8221;100%&#8221; max_width=&#8221;100%&#8221; module_alignment=&#8221;left&#8221; custom_padding=&#8221;0px||0px|||&#8221; global_colors_info=&#8221;{}&#8221;][et_pb_column type=&#8221;3_5&#8243; _builder_version=&#8221;4.19.5&#8243; _module_preset=&#8221;default&#8221; global_colors_info=&#8221;{}&#8221;][et_pb_text module_class=&#8221;text&#8221; _builder_version=&#8221;4.20.2&#8243; _module_preset=&#8221;default&#8221; width=&#8221;900px&#8221; max_width=&#8221;100%&#8221; module_alignment=&#8221;left&#8221; custom_margin=&#8221;|||0px|false|false&#8221; custom_padding=&#8221;||45px|0px|false|false&#8221; custom_css_main_element=&#8221;margin-right: 20px;&#8221; global_colors_info=&#8221;{}&#8221;]En 2021, sous le couvert d&#8217;une ann\u00e9e tant particuli\u00e8re, tout \u00e0 chacun a adopt\u00e9 de nouvelles perspectives, redimensionnant les &#8220;petites choses&#8221;. Tortionnant le temps, qui une fois devenu long, a pour certains \u00e9t\u00e9 source de cr\u00e9ativit\u00e9.<\/p>\n<p>Pour 2021, Revela&#8217;t s&#8217;est vu titr\u00e9 <strong>Univers propres<\/strong>,d\u00e9coulant du monde que nous nous sommes cr\u00e9\u00e9, un m\u00e9mo pour ne plus oublier que la culture et l\u2019art sont la nourriture de notre \u00e2me.<\/p>\n<p>Nous avons s\u00e9lectionn\u00e9 pour cette \u00e9dition des \u0153uvres plus personnelles, plus introspectives, plus d\u2019auteur, philias ou phobies, obsessions et tocs, r\u00e9p\u00e9titions qui d\u00e9voilent notre propre univers et deviennent comme une porte vers qui nous sommes.<\/p>\n<p>En 2021, 64 expositions au total ont \u00e9t\u00e9 pr\u00e9sent\u00e9es, dont 38 \u00e0 Vilassar de Dalt. L\u2019hommage a \u00e9t\u00e9 rendu \u00e0 <strong>Isabel Mu\u00f1oz<\/strong>, prix PHotoESpa\u00f1a.[\/et_pb_text][et_pb_accordion open_toggle_background_color=&#8221;#FFFFFF&#8221; closed_toggle_text_color=&#8221;#000000&#8243; closed_toggle_background_color=&#8221;#FFFFFF&#8221; toggle_icon=&#8221;&#x4c;||divi||400&#8243; icon_color=&#8221;#000000&#8243; use_icon_font_size=&#8221;on&#8221; icon_font_size=&#8221;30px&#8221; icon_color_last_edited=&#8221;off|desktop&#8221; module_class=&#8221;t&#8221; _builder_version=&#8221;4.20.2&#8243; _module_preset=&#8221;default&#8221; toggle_font=&#8221;|600|||||||&#8221; closed_toggle_text_align=&#8221;left&#8221; body_font_size=&#8221;16px&#8221; custom_margin=&#8221;0px||0px||false|false&#8221; custom_padding=&#8221;0px||0px||false|false&#8221; border_width_all=&#8221;0px&#8221; locked=&#8221;off&#8221; global_colors_info=&#8221;{}&#8221;][et_pb_accordion_item title=&#8221;Expositions&#8221; open=&#8221;on&#8221; _builder_version=&#8221;4.20.2&#8243; _module_preset=&#8221;default&#8221; custom_margin=&#8221;0px|||0px|false|false&#8221; custom_padding=&#8221;0px|||0px|false|false&#8221; border_width_bottom=&#8221;1px&#8221; border_color_bottom=&#8221;#000000&#8243; global_colors_info=&#8221;{}&#8221;]<\/p>\n<p><strong><\/strong><\/p>\n<p><span style=\"color: #000000;\"><strong>Laura Aubr\u00e9e<\/strong>, Regnum Nautarae.\u00a0<strong>Marc \u00c0vila,<\/strong>\u00a0Homo et Natura.\u00a0<strong>Leonor Benito de la Lastra<\/strong>, Naturaleza no recuperable \/\/ Cuerpo.\u00a0<strong>Susana Blasco<\/strong>,Fugaces.\u00a0<strong>Montse Campins<\/strong>, El ritme dels dies.\u00a0<strong>Mercedes Cosano,<\/strong>\u00a0Emersi\u00f3n.\u00a0<strong>Florence Cuschieri,<\/strong>\u00a0Exodus.\u00a0<strong>Bruno Daureo,<\/strong>\u00a0Apo.\u00a0<strong>Margarito dela Guetto,<\/strong>\u00a0Pieles turbias.\u00a0<strong>Max Donoso,<\/strong>\u00a0Mar negra.\u00a0<strong>Fernando Flores Huecas,<\/strong>Serendipias \/ Jard\u00edn de arena<strong>.<\/strong>\u00a0<strong>Ai Futaki,<\/strong>\u00a0Co \u2013 exist.\u00a0<strong>George Georgiou<\/strong>, American Parade\u00a0<strong>Paco G\u00f3mez,<\/strong>Wattebled\u00a0<strong>Ricardo Guix\u00e0 Frutos<\/strong>, Melothesia.\u00a0<strong>Ralf Jacobs,<\/strong>\u00a0Laser chaos cyanotypes.\u00a0<strong>Miho Kajioka,<\/strong>\u00a0So it goes.\u00a0<strong>Valentina Kalinger,<\/strong>\u00a0Al Oeste est\u00e1 el Sol.\u00a0<strong>Alex Llovet &amp; Josep M\u00aa de Llobet,<\/strong>\u00a0Epistolario.\u00a0<strong>Ver\u00f3nica Losantos,<\/strong>\u00a0Archaia.\u00a0<strong>Eri Makita<\/strong>, Ma\u00f1anas de verano.\u00a0<strong>Santos Montes,<\/strong>\u00a0Mata Hari.\u00a0<strong>Ricardo Montesdeoca,\u00a0<\/strong>\u00c1frica.\u00a0<strong>Isabel Mu\u00f1oz,<\/strong>\u00a0Somos Agua.\u00a0<strong>Sina Niemeyer,<\/strong>Ignoscentia.<strong>\u00a0Sohei Nishino,\u00a0<\/strong>Diorama Map.\u00a0<strong>Laura Pannack,<\/strong>Island Symmetries.\u00a0<strong>Lucia Peluffo,\u00a0<\/strong>Une Tentative d\u2019\u00e9quilibre.<strong>\u00a0Kati Riquelme,\u00a0<\/strong>Casi todo es azul.<strong>\u00a0Aleydis Rispa,\u00a0<\/strong>MINIM<strong>\u00a0Jan Schlegel,<\/strong>Creature of the seven seas.<strong>\u00a0Giorgi Shengelia,\u00a0<\/strong>Transfiguration or 17 On.<strong>\u00a0Irmina Anna Walczak,\u00a0<\/strong>Oasis: In Our Quarantine Yard.<strong>\u00a0Ilan Wolff,\u00a0<\/strong>\u201cCamera Obscura \u201c.<strong>\u00a0La GayaReta,\u00a0<\/strong>Lunaris<\/span><\/p>\n<p><span style=\"color: #000000;\">Collectives: \u00c9l\u00e8ves de l\u2019atelier de Joan Teixidor &amp; Manuel Serra&amp; IEFC, Film Shutter Collective FSC y Magic Club BCN 3D<\/span><\/p>\n<p><span style=\"color: #000000;\"><strong>+ 26 villes<\/strong><\/span><\/p>\n<p><span style=\"color: #000000;\">11 dans diff\u00e9rentes galleries de Barcelone:\u00a0Ra\u00fal Hidalgo Plasencia, Lucie Hodiesne, Jaume Mu\u00f1oz, Llu\u00eds Ripoll, Alisa Sibirskaya, Joan Teixidor, Lluis Tudela, Maria Vernet, Henri Verreet, et Michael Wagener<\/span><\/p>\n<p><span style=\"color: #000000;\">9 expositions \u00e0 Vic;\u00a04 de Manel Esclusa, et d\u2019autres de Tino Soriano, Llu\u00eds Estopi\u00f1an, Pili Concell\u00f3n, Joaqu\u00edn Melero, et une installation sur l\u2019histoire de la photographie \u00e0 a La Farinera de Vic<\/span><\/p>\n<p><span style=\"color: #000000;\">Frank Lassak \u00e0 Matar\u00f3,\u00a0Diane Meyer \u00e0 Premi\u00e0 de Mar,\u00a0Rodrigo Flechoso \u00e0 L\u2019Hospitalet de Llobregat,\u00a0Edra Galzeran \u00e0 Torruella de Montgr\u00ed,\u00a0Gianluca Mastrocinque \u00e0 Cadis,\u00a0Joaqu\u00edn Melero \u00e0 Villanueva de la Serena (Badajoz)<\/span><\/p>\n<p>[\/et_pb_accordion_item][et_pb_accordion_item title=&#8221;Programme&#8221; _builder_version=&#8221;4.20.2&#8243; _module_preset=&#8221;default&#8221; custom_margin=&#8221;0px|||0px|false|false&#8221; custom_padding=&#8221;0px|||0px|false|false&#8221; border_width_bottom=&#8221;1px&#8221; border_color_bottom=&#8221;#000000&#8243; global_colors_info=&#8221;{}&#8221; content__hover_enabled=&#8221;off|desktop&#8221; open=&#8221;off&#8221;]<\/p>\n<p><span style=\"color: #000000;\"><\/span><\/p>\n<p><span style=\"color: #000000;\"><a class=\"link\" href=\"https:\/\/revela-t.cat\/2025\/2021\/wp-content\/uploads\/2021\/08\/Programa-RevelaT_-EN_PRINT_04.pdf\" style=\"color: #000000;\">En\u00a0suivant ce lien\u00a0<\/a>vous pouvez vous t\u00e9l\u00e9charger le programme de 2021.<\/span><\/p>\n<p>[\/et_pb_accordion_item][et_pb_accordion_item title=&#8221;Vid\u00e9o r\u00e9sum\u00e9&#8221; _builder_version=&#8221;4.20.2&#8243; _module_preset=&#8221;default&#8221; custom_margin=&#8221;0px|||0px|false|false&#8221; custom_padding=&#8221;0px|||0px|false|false&#8221; border_width_bottom=&#8221;1px&#8221; border_color_bottom=&#8221;#000000&#8243; global_colors_info=&#8221;{}&#8221; open=&#8221;off&#8221;]<\/p>\n<p>&nbsp;<\/p>\n<div style=\"width: 1080px;\" class=\"wp-video\"><video class=\"wp-video-shortcode\" id=\"video-1019-1\" width=\"1080\" height=\"608\" preload=\"metadata\" controls=\"controls\"><source type=\"video\/mp4\" src=\"https:\/\/revela-t.cat\/2025\/wp-content\/uploads\/2022\/11\/RevelaT_resum21_01.mp4?_=1\" \/><a href=\"https:\/\/revela-t.cat\/2025\/wp-content\/uploads\/2022\/11\/RevelaT_resum21_01.mp4\">https:\/\/revela-t.cat\/2025\/wp-content\/uploads\/2022\/11\/RevelaT_resum21_01.mp4<\/a><\/video><\/div>\n<p>[\/et_pb_accordion_item][\/et_pb_accordion][\/et_pb_column][et_pb_column type=&#8221;2_5&#8243; _builder_version=&#8221;4.19.5&#8243; _module_preset=&#8221;default&#8221; global_colors_info=&#8221;{}&#8221;][et_pb_image src=&#8221;https:\/\/revela-t.cat\/2025\/wp-content\/uploads\/2024\/01\/OPI-RevelaT_CAT_01_IMPRENTA-1-scaled.webp&#8221; title_text=&#8221;OPI-RevelaT_CAT_01_IMPRENTA (1)&#8221; force_fullwidth=&#8221;on&#8221; _builder_version=&#8221;4.23.4&#8243; _module_preset=&#8221;default&#8221; hover_enabled=&#8221;0&#8243; global_colors_info=&#8221;{}&#8221; sticky_enabled=&#8221;0&#8243;][\/et_pb_image][\/et_pb_column][\/et_pb_row][\/et_pb_section]<\/p>\n","protected":false},"excerpt":{"rendered":"<p>Revela&#8217;t 2021: Univers propres2023 \/ 2022 \/\u00a02021 \/ 2020 \/ 2019 \/ 2018 \/ 2017 \/ 2016 \/ 2015 \/ 2014 \/ 2013En 2021, sous le couvert d&#8217;une ann\u00e9e tant particuli\u00e8re, tout \u00e0 chacun a adopt\u00e9 de nouvelles perspectives, redimensionnant les &#8220;petites choses&#8221;. Tortionnant le temps, qui une fois devenu long, a pour certains \u00e9t\u00e9 [&hellip;]<\/p>\n","protected":false},"author":3,"featured_media":0,"parent":0,"menu_order":0,"comment_status":"closed","ping_status":"closed","template":"","meta":{"_et_pb_use_builder":"on","_et_pb_old_content":"","_et_gb_content_width":"","om_disable_all_campaigns":false,"footnotes":""},"class_list":["post-1019","page","type-page","status-publish","hentry"],"aioseo_notices":[],"_links":{"self":[{"href":"https:\/\/revela-t.cat\/2025\/wp-json\/wp\/v2\/pages\/1019","targetHints":{"allow":["GET"]}}],"collection":[{"href":"https:\/\/revela-t.cat\/2025\/wp-json\/wp\/v2\/pages"}],"about":[{"href":"https:\/\/revela-t.cat\/2025\/wp-json\/wp\/v2\/types\/page"}],"author":[{"embeddable":true,"href":"https:\/\/revela-t.cat\/2025\/wp-json\/wp\/v2\/users\/3"}],"replies":[{"embeddable":true,"href":"https:\/\/revela-t.cat\/2025\/wp-json\/wp\/v2\/comments?post=1019"}],"version-history":[{"count":0,"href":"https:\/\/revela-t.cat\/2025\/wp-json\/wp\/v2\/pages\/1019\/revisions"}],"wp:attachment":[{"href":"https:\/\/revela-t.cat\/2025\/wp-json\/wp\/v2\/media?parent=1019"}],"curies":[{"name":"wp","href":"https:\/\/api.w.org\/{rel}","templated":true}]}}